{"id":1057,"date":"2024-02-23T00:49:57","date_gmt":"2024-02-22T23:49:57","guid":{"rendered":"https:\/\/www.3dflex.sk\/web\/?page_id=1057"},"modified":"2024-03-10T11:17:44","modified_gmt":"2024-03-10T10:17:44","slug":"dosky-na-konske-boxy","status":"publish","type":"page","link":"https:\/\/www.3dflex.sk\/web\/index.php\/dosky-na-konske-boxy\/","title":{"rendered":"DOSKY NA KONSK\u00c9 BOXY"},"content":{"rendered":"\n<figure class=\"wp-block-image alignwide size-full\"><img fetchpriority=\"high\" decoding=\"async\" width=\"612\" height=\"240\" src=\"https:\/\/www.3dflex.sk\/web\/wp-content\/uploads\/2024\/03\/Screenshot-from-2024-03-01-10-22-21.png\" alt=\"\" class=\"wp-image-1286\" srcset=\"https:\/\/www.3dflex.sk\/web\/wp-content\/uploads\/2024\/03\/Screenshot-from-2024-03-01-10-22-21.png 612w, https:\/\/www.3dflex.sk\/web\/wp-content\/uploads\/2024\/03\/Screenshot-from-2024-03-01-10-22-21-300x118.png 300w, https:\/\/www.3dflex.sk\/web\/wp-content\/uploads\/2024\/03\/Screenshot-from-2024-03-01-10-22-21-600x235.png 600w\" sizes=\"(max-width: 612px) 100vw, 612px\" \/><\/figure>\n\n\n\n<div class=\"wp-block-media-text alignwide has-media-on-the-right is-stacked-on-mobile\" style=\"grid-template-columns:auto 53%\"><div class=\"wp-block-media-text__content\">\n<p>Povrchy  bez podstielky pre kone boli navrhnut\u00e9 tak, aby minimalizovali za\u0165a\u017eenie k\u013abov zvierat v stajniach, stajniach a v\u00fdbehoch. Elasticita povrchu bola prisp\u00f4soben\u00e1 pr\u00edrodn\u00fdm stepn\u00fdm substr\u00e1tom. Inovat\u00edvna \u0161trukt\u00fara gumen\u00fdch dosiek zni\u017euje prenos vlastn\u00e9ho tepla zvierat smerom k podlahe. Zosilnen\u00e1 povrchov\u00e1 \u0161trukt\u00fara je mimoriadne odoln\u00e1 vo\u010di za\u0165a\u017eeniu.<\/p>\n\n\n\n<p>Povrch z gumen\u00fdch dosiek pre kone je <strong>registrovan\u00fd<\/strong> v <strong>patentovom \u00farade<\/strong> a m\u00e1 <strong>inovat\u00edvny<\/strong> tvar, ktor\u00e9ho vrchn\u00e1 strana m\u00e1 rovn\u00fd povrch s mierne drsnou, proti\u0161mykovou \u0161trukt\u00farou, pri\u010dom spodn\u00e1 \u010das\u0165 m\u00e1 v\u00fdstupky, ktor\u00e9 minimalizuj\u00fa stratu vlastn\u00e9ho tepla zviera\u0165a pri zahrievan\u00ed bet\u00f3nu.<\/p>\n<\/div><figure class=\"wp-block-media-text__media\"><img decoding=\"async\" width=\"427\" height=\"427\" src=\"https:\/\/www.3dflex.sk\/web\/wp-content\/uploads\/2024\/03\/Screenshot-from-2024-03-01-10-17-20.jpg\" alt=\"\" class=\"wp-image-1282 size-full\" srcset=\"https:\/\/www.3dflex.sk\/web\/wp-content\/uploads\/2024\/03\/Screenshot-from-2024-03-01-10-17-20.jpg 427w, https:\/\/www.3dflex.sk\/web\/wp-content\/uploads\/2024\/03\/Screenshot-from-2024-03-01-10-17-20-300x300.jpg 300w, https:\/\/www.3dflex.sk\/web\/wp-content\/uploads\/2024\/03\/Screenshot-from-2024-03-01-10-17-20-150x150.jpg 150w, https:\/\/www.3dflex.sk\/web\/wp-content\/uploads\/2024\/03\/Screenshot-from-2024-03-01-10-17-20-100x100.jpg 100w\" sizes=\"(max-width: 427px) 100vw, 427px\" \/><\/figure><\/div>\n\n\n\n<div class=\"wp-block-media-text alignwide is-stacked-on-mobile is-vertically-aligned-top is-image-fill has-medium-font-size\"><figure class=\"wp-block-media-text__media\" style=\"background-image:url(https:\/\/www.3dflex.sk\/web\/wp-content\/uploads\/2024\/02\/PHOTO-2021-06-13-18-07-35-2.jpg);background-position:50% 50%\"><img decoding=\"async\" width=\"1024\" height=\"666\" src=\"https:\/\/www.3dflex.sk\/web\/wp-content\/uploads\/2024\/02\/PHOTO-2021-06-13-18-07-35-2.jpg\" alt=\"\" class=\"wp-image-1077 size-full\" srcset=\"https:\/\/www.3dflex.sk\/web\/wp-content\/uploads\/2024\/02\/PHOTO-2021-06-13-18-07-35-2.jpg 1024w, https:\/\/www.3dflex.sk\/web\/wp-content\/uploads\/2024\/02\/PHOTO-2021-06-13-18-07-35-2-300x195.jpg 300w, https:\/\/www.3dflex.sk\/web\/wp-content\/uploads\/2024\/02\/PHOTO-2021-06-13-18-07-35-2-768x500.jpg 768w, https:\/\/www.3dflex.sk\/web\/wp-content\/uploads\/2024\/02\/PHOTO-2021-06-13-18-07-35-2-600x390.jpg 600w\" sizes=\"(max-width: 1024px) 100vw, 1024px\" \/><\/figure><div class=\"wp-block-media-text__content\">\n<p><\/p>\n\n\n\n<h2 class=\"wp-block-heading\">Gumov\u00e9 doskov\u00e9 povrchy pre kone<\/h2>\n\n\n\n<p class=\"has-medium-font-size\">Zviera, ktor\u00e9 sa zdr\u017eiava priamo na bet\u00f3ne, poci\u0165uje teplotu a\u017e o 8\u00baC ni\u017e\u0161iu, ako v skuto\u010dnosti je. Tak\u00e9to vysok\u00e9 tepeln\u00e9 straty mus\u00ed telo kompenzova\u0165 zv\u00fd\u0161en\u00fdm mno\u017estvom potravy. V\u010faka tomu, \u017ee je povrch vyroben\u00fd z vysoko stla\u010den\u00fdch vulkanizovan\u00fdch elastom\u00e9rov s ve\u013emi dobr\u00fdmi izola\u010dn\u00fdmi vlastnos\u0165ami, nesp\u00f4sobuje tento povrch ochladzovanie.<br>Zvl\u00e1\u0161tnou v\u00fdhodou tejto verzie gumov\u00fdch dla\u017ed\u00edc je, \u017ee absorbuj\u00fa ve\u013emi m\u00e1lo vlhkosti, tak\u017ee aj vo vlhk\u00fdch podmienkach povrch chr\u00e1ni zviera pred podchladen\u00edm. Zn\u00ed\u017een\u00e1 absorpcia vlhkosti chr\u00e1ni zviera pred podchladen\u00edm.<br>\u0160trukt\u00fara gumen\u00fdch povrchov pre kone m\u00e1 vhodne zvolen\u00fa drsnos\u0165, v\u010faka \u010domu gumen\u00fd povrch z dosiek a kociek zni\u017euje mo\u017enos\u0165 po\u0161myknutia zviera\u0165a a v d\u00f4sledku toho p\u00e1du a poranenia kon\u010dat\u00edn.<br>V stajniach sa odpor\u00fa\u010da udr\u017eiava\u0165 sklon aspo\u0148 1%, zatia\u013e \u010do v budov\u00e1ch pre hospod\u00e1rske zvierat\u00e1, ako samo\u010distiace plochy, sa odpor\u00fa\u010da udr\u017eiava\u0165 ve\u013ek\u00fd uhol sklonu, od 3 do 5% v sp\u00e1nkovej z\u00f3ne a a\u017e 10 % vo zvy\u0161ku..<br>Gumov\u00e9 povrchy pre kone sa vyr\u00e1baj\u00fa v 4 z\u00e1kladn\u00fdch farb\u00e1ch palety SBR<br>\u010dierna, \u010derven\u00e1, \u0161ed\u00e1 a zelen\u00e1.<br>Gumen\u00e9 povrchy pre kone je mo\u017en\u00e9 volite\u013ene vyrobi\u0165 aj v nehor\u013eavej verzii s certifik\u00e1tom Cfl-<br>s1.<\/p>\n<\/div><\/div>\n\n\n\n<figure class=\"wp-block-image alignwide size-full\"><img loading=\"lazy\" decoding=\"async\" width=\"995\" height=\"404\" src=\"https:\/\/www.3dflex.sk\/web\/wp-content\/uploads\/2024\/02\/Screenshot-from-2024-02-23-00-49-46.png\" alt=\"\" class=\"wp-image-1060\" srcset=\"https:\/\/www.3dflex.sk\/web\/wp-content\/uploads\/2024\/02\/Screenshot-from-2024-02-23-00-49-46.png 995w, https:\/\/www.3dflex.sk\/web\/wp-content\/uploads\/2024\/02\/Screenshot-from-2024-02-23-00-49-46-300x122.png 300w, https:\/\/www.3dflex.sk\/web\/wp-content\/uploads\/2024\/02\/Screenshot-from-2024-02-23-00-49-46-768x312.png 768w, https:\/\/www.3dflex.sk\/web\/wp-content\/uploads\/2024\/02\/Screenshot-from-2024-02-23-00-49-46-600x244.png 600w\" sizes=\"(max-width: 995px) 100vw, 995px\" \/><\/figure>\n","protected":false},"excerpt":{"rendered":"<p>Povrchy bez podstielky pre kone boli navrhnut\u00e9 tak, aby minimalizovali za\u0165a\u017eenie k\u013abov zvierat v stajniach, stajniach a v\u00fdbehoch. Elasticita povrchu bola prisp\u00f4soben\u00e1 pr\u00edrodn\u00fdm stepn\u00fdm substr\u00e1tom. Inovat\u00edvna \u0161trukt\u00fara gumen\u00fdch dosiek zni\u017euje prenos vlastn\u00e9ho tepla zvierat smerom k podlahe. Zosilnen\u00e1 povrchov\u00e1 \u0161trukt\u00fara je mimoriadne odoln\u00e1 vo\u010di za\u0165a\u017eeniu. Povrch z gumen\u00fdch dosiek pre kone je registrovan\u00fd v patentovom [&hellip;]<\/p>\n","protected":false},"author":1,"featured_media":0,"parent":0,"menu_order":0,"comment_status":"closed","ping_status":"closed","template":"","meta":{"ngg_post_thumbnail":0,"footnotes":""},"class_list":["post-1057","page","type-page","status-publish","hentry","post"],"_links":{"self":[{"href":"https:\/\/www.3dflex.sk\/web\/index.php\/wp-json\/wp\/v2\/pages\/1057","targetHints":{"allow":["GET"]}}],"collection":[{"href":"https:\/\/www.3dflex.sk\/web\/index.php\/wp-json\/wp\/v2\/pages"}],"about":[{"href":"https:\/\/www.3dflex.sk\/web\/index.php\/wp-json\/wp\/v2\/types\/page"}],"author":[{"embeddable":true,"href":"https:\/\/www.3dflex.sk\/web\/index.php\/wp-json\/wp\/v2\/users\/1"}],"replies":[{"embeddable":true,"href":"https:\/\/www.3dflex.sk\/web\/index.php\/wp-json\/wp\/v2\/comments?post=1057"}],"version-history":[{"count":6,"href":"https:\/\/www.3dflex.sk\/web\/index.php\/wp-json\/wp\/v2\/pages\/1057\/revisions"}],"predecessor-version":[{"id":1289,"href":"https:\/\/www.3dflex.sk\/web\/index.php\/wp-json\/wp\/v2\/pages\/1057\/revisions\/1289"}],"wp:attachment":[{"href":"https:\/\/www.3dflex.sk\/web\/index.php\/wp-json\/wp\/v2\/media?parent=1057"}],"curies":[{"name":"wp","href":"https:\/\/api.w.org\/{rel}","templated":true}]}}