{"id":1169,"date":"2024-02-24T17:59:53","date_gmt":"2024-02-24T16:59:53","guid":{"rendered":"https:\/\/www.3dflex.sk\/web\/?page_id=1169"},"modified":"2024-05-04T16:58:29","modified_gmt":"2024-05-04T14:58:29","slug":"projektovanie-ihrisk","status":"publish","type":"page","link":"https:\/\/www.3dflex.sk\/web\/index.php\/projektovanie-ihrisk\/","title":{"rendered":"Projektovanie ihr\u00edsk"},"content":{"rendered":"<div id=\"pl-1169\" class=\"panel-layout\">\n<div id=\"pg-1169-0\" class=\"panel-grid panel-has-style\" data-style=\"{&quot;background_image_attachment&quot;:false,&quot;background_display&quot;:&quot;tile&quot;,&quot;full_height&quot;:&quot;&quot;,&quot;gutter&quot;:&quot;0px&quot;,&quot;row_stretch&quot;:&quot;full-width-stretch&quot;,&quot;cell_alignment&quot;:&quot;center&quot;,&quot;mobile_cell_margin&quot;:&quot;0px&quot;}\" data-label=\"Split Hero\">\n<div class=\"siteorigin-panels-stretch panel-row-style-full-width panel-row-style panel-row-style-for-1169-0\" data-stretch-type=\"full-width-stretch\">\n<div id=\"pgc-1169-0-0\" class=\"panel-grid-cell\" data-style=\"{&quot;cell_css&quot;:&quot;display: flex\\nalign-items: center&quot;,&quot;padding&quot;:&quot;0% 10% 0% 10%&quot;,&quot;mobile_padding&quot;:&quot;8% 8% 8% 8%&quot;,&quot;background&quot;:&quot;#f9f9f9&quot;,&quot;background_image_attachment&quot;:false,&quot;background_display&quot;:&quot;tile&quot;,&quot;vertical_alignment&quot;:&quot;stretch&quot;}\" data-weight=\"0.5\">\n<div class=\"panel-cell-style panel-cell-style-for-1169-0-0\">\n<div id=\"panel-1169-0-0-0\" class=\"so-panel widget widget_siteorigin-panels-builder panel-first-child panel-last-child\" data-index=\"0\" data-style=\"{&quot;background_image_attachment&quot;:false,&quot;background_display&quot;:&quot;tile&quot;,&quot;background_image_size&quot;:&quot;full&quot;,&quot;background_image_opacity&quot;:&quot;100&quot;,&quot;border_thickness&quot;:&quot;1px&quot;}\">\n<div id=\"pl-w65da1ddc4a71f\" class=\"panel-layout\">\n<div id=\"pg-w65da1ddc4a71f-0\" class=\"panel-grid panel-no-style\" data-style=\"{&quot;full_height&quot;:&quot;&quot;,&quot;cell_alignment&quot;:&quot;flex-start&quot;}\">\n<div id=\"pgc-w65da1ddc4a71f-0-0\" class=\"panel-grid-cell\" data-weight=\"1\">\u00a0<\/div>\n<\/div>\n<\/div>\n<\/div>\n<\/div>\n<\/div>\n<\/div>\n<\/div>\n<div id=\"pg-1169-2\" class=\"panel-grid panel-no-style\" data-style=\"{&quot;background_image_attachment&quot;:false,&quot;background_display&quot;:&quot;tile&quot;,&quot;background_image_size&quot;:&quot;full&quot;,&quot;background_image_opacity&quot;:&quot;100&quot;,&quot;border_thickness&quot;:&quot;1px&quot;,&quot;full_height&quot;:&quot;&quot;,&quot;cell_alignment&quot;:&quot;flex-start&quot;}\">\n<div id=\"pgc-1169-2-0\" class=\"panel-grid-cell panel-grid-cell-mobile-last\" data-weight=\"0.5\">\n<div id=\"panel-1169-2-0-0\" class=\"so-panel widget widget_smartslider3 panel-first-child panel-last-child\" data-index=\"2\" data-style=\"{&quot;background_image_attachment&quot;:false,&quot;background_display&quot;:&quot;tile&quot;,&quot;background_image_size&quot;:&quot;full&quot;,&quot;background_image_opacity&quot;:&quot;100&quot;,&quot;border_thickness&quot;:&quot;1px&quot;}\">\u00a0<\/div>\n<\/div>\n<div id=\"pgc-1169-2-1\" class=\"panel-grid-cell panel-grid-cell-empty\" data-weight=\"0.5\">\u00a0<\/div>\n<\/div>\n<\/div>\n\n\n<div class=\"wp-block-media-text has-media-on-the-right is-stacked-on-mobile\" style=\"grid-template-columns:auto 57%\"><div class=\"wp-block-media-text__content\">\n<h5 class=\"wp-block-heading alignfull has-black-color has-text-color has-link-color has-medium-font-size wp-elements-f7b306e8457ee74e66eadee5733a4c58\">3dFlex V\u00e1m pon\u00faka navrhnutie a projektovanie pod\u013ea Va\u0161ich po\u017eiadaviek a technick\u00fdch parametrov. Poskytneme V\u00e1m kompletn\u00e9 navrhnutie a dokument\u00e1ciu potrebn\u00fa k realiz\u00e1cii V\u00e1\u0161ho projektu, vr\u00e1tane rozpo\u010dtu.<\/h5>\n<\/div><figure class=\"wp-block-media-text__media\"><img fetchpriority=\"high\" decoding=\"async\" width=\"491\" height=\"340\" src=\"https:\/\/www.3dflex.sk\/web\/wp-content\/uploads\/2024\/03\/Screenshot-from-2024-03-01-10-11-00.png\" alt=\"\" class=\"wp-image-1276 size-full\" srcset=\"https:\/\/www.3dflex.sk\/web\/wp-content\/uploads\/2024\/03\/Screenshot-from-2024-03-01-10-11-00.png 491w, https:\/\/www.3dflex.sk\/web\/wp-content\/uploads\/2024\/03\/Screenshot-from-2024-03-01-10-11-00-300x208.png 300w\" sizes=\"(max-width: 491px) 100vw, 491px\" \/><\/figure><\/div>\n\n\n\n<div class=\"wp-block-columns is-layout-flex wp-container-core-columns-is-layout-9d6595d7 wp-block-columns-is-layout-flex\">\n<div class=\"wp-block-column is-vertically-aligned-center is-layout-flow wp-block-column-is-layout-flow\"><div class=\"wp-block-image\">\n<figure class=\"aligncenter size-full is-resized\"><img decoding=\"async\" width=\"339\" height=\"407\" src=\"https:\/\/www.3dflex.sk\/web\/wp-content\/uploads\/2024\/03\/Screenshot-from-2024-03-01-10-12-21.png\" alt=\"\" class=\"wp-image-1278\" style=\"width:337px;height:auto\" srcset=\"https:\/\/www.3dflex.sk\/web\/wp-content\/uploads\/2024\/03\/Screenshot-from-2024-03-01-10-12-21.png 339w, https:\/\/www.3dflex.sk\/web\/wp-content\/uploads\/2024\/03\/Screenshot-from-2024-03-01-10-12-21-250x300.png 250w\" sizes=\"(max-width: 339px) 100vw, 339px\" \/><\/figure>\n<\/div><\/div>\n\n\n\n<div class=\"wp-block-column is-vertically-aligned-stretch is-layout-flow wp-block-column-is-layout-flow\">\n<h2 class=\"wp-block-heading\">Realizovan\u00e9 projekty<\/h2>\n\n\n\n<p class=\"has-black-color has-text-color has-link-color has-medium-font-size wp-elements-0e242f071fef2fd06707c5ad20c238d9\">3dFlex realizuje projekty pre obce, mest\u00e1, \u0161koly, \u0161k\u00f4lky a&nbsp;r\u00f4zne in\u00e9 in\u0161tit\u00facie kde V\u00e1m vieme na mieru naprojektova\u0165 \u0161portovisk\u00e1, detsk\u00e1 ihrisk\u00e1 s r\u00f4znymi modern\u00fdmi prvkami na rozvoj senzomotoriky u det\u00ed . Na prv\u00e9 miesto kladieme bezpe\u010dnos\u0165, estetiku a&nbsp;prec\u00edznos\u0165. Na\u0161e materi\u00e1ly s\u00fa certifikovan\u00e9 pre p\u00e1dy, aby nedo\u0161lo k&nbsp;zraneniu a samozrejmos\u0165ou je aj certifik\u00e1t nehor\u013eavosti pri vybran\u00fdch produktoch.<\/p>\n<\/div>\n<\/div>\n","protected":false},"excerpt":{"rendered":"<p>\u00a0 \u00a0 \u00a0 3dFlex V\u00e1m pon\u00faka navrhnutie a projektovanie pod\u013ea Va\u0161ich po\u017eiadaviek a technick\u00fdch parametrov. Poskytneme V\u00e1m kompletn\u00e9 navrhnutie a dokument\u00e1ciu potrebn\u00fa k realiz\u00e1cii V\u00e1\u0161ho projektu, vr\u00e1tane rozpo\u010dtu. Realizovan\u00e9 projekty 3dFlex realizuje projekty pre obce, mest\u00e1, \u0161koly, \u0161k\u00f4lky a&nbsp;r\u00f4zne in\u00e9 in\u0161tit\u00facie kde V\u00e1m vieme na mieru naprojektova\u0165 \u0161portovisk\u00e1, detsk\u00e1 ihrisk\u00e1 s r\u00f4znymi modern\u00fdmi prvkami na [&hellip;]<\/p>\n","protected":false},"author":1,"featured_media":0,"parent":0,"menu_order":0,"comment_status":"closed","ping_status":"closed","template":"","meta":{"ngg_post_thumbnail":0,"footnotes":""},"class_list":["post-1169","page","type-page","status-publish","hentry","post"],"_links":{"self":[{"href":"https:\/\/www.3dflex.sk\/web\/index.php\/wp-json\/wp\/v2\/pages\/1169","targetHints":{"allow":["GET"]}}],"collection":[{"href":"https:\/\/www.3dflex.sk\/web\/index.php\/wp-json\/wp\/v2\/pages"}],"about":[{"href":"https:\/\/www.3dflex.sk\/web\/index.php\/wp-json\/wp\/v2\/types\/page"}],"author":[{"embeddable":true,"href":"https:\/\/www.3dflex.sk\/web\/index.php\/wp-json\/wp\/v2\/users\/1"}],"replies":[{"embeddable":true,"href":"https:\/\/www.3dflex.sk\/web\/index.php\/wp-json\/wp\/v2\/comments?post=1169"}],"version-history":[{"count":6,"href":"https:\/\/www.3dflex.sk\/web\/index.php\/wp-json\/wp\/v2\/pages\/1169\/revisions"}],"predecessor-version":[{"id":1411,"href":"https:\/\/www.3dflex.sk\/web\/index.php\/wp-json\/wp\/v2\/pages\/1169\/revisions\/1411"}],"wp:attachment":[{"href":"https:\/\/www.3dflex.sk\/web\/index.php\/wp-json\/wp\/v2\/media?parent=1169"}],"curies":[{"name":"wp","href":"https:\/\/api.w.org\/{rel}","templated":true}]}}