{"id":1186,"date":"2024-02-25T18:19:49","date_gmt":"2024-02-25T17:19:49","guid":{"rendered":"https:\/\/www.3dflex.sk\/web\/?page_id=1186"},"modified":"2024-03-10T11:29:36","modified_gmt":"2024-03-10T10:29:36","slug":"nase-sluzby","status":"publish","type":"page","link":"https:\/\/www.3dflex.sk\/web\/index.php\/nase-sluzby\/","title":{"rendered":"Na\u0161e slu\u017eby"},"content":{"rendered":"<div class=\"n2-section-smartslider fitvidsignore  n2_clear\" data-ssid=\"5\" tabindex=\"0\" role=\"region\" aria-label=\"Slider\"><div id=\"n2-ss-5-align\" class=\"n2-ss-align\"><div class=\"n2-padding\"><div id=\"n2-ss-5\" data-creator=\"Smart Slider 3\" data-responsive=\"fullwidth\" class=\"n2-ss-slider n2-ow n2-has-hover n2notransition  \">\n\n\n\n\n\n<div class=\"n2-ss-slider-wrapper-outside\" style=\"grid-template-rows:1fr auto\"><div class=\"n2-ss-slider-wrapper-inside\">\n        <div class=\"n2-ss-slider-1 n2_ss__touch_element n2-ow\">\n            <div class=\"n2-ss-slider-2 n2-ow\">\n                                                <div class=\"n2-ss-slider-3 n2-ow\">\n\n                    <div class=\"n2-ss-slide-backgrounds n2-ow-all\"><div class=\"n2-ss-slide-background\" data-public-id=\"1\" data-mode=\"fill\"><div class=\"n2-ss-slide-background-image\" data-blur=\"0\" data-opacity=\"100\" data-x=\"50\" data-y=\"50\" data-alt=\"\" data-title=\"\"><picture class=\"skip-lazy\" data-skip-lazy=\"1\"><img decoding=\"async\" src=\"\/\/www.3dflex.sk\/web\/wp-content\/uploads\/slider\/cache\/1651ec0ad2f9cc6eb56bf77aea9b1bd4\/certyfikaty-e1504097312303.jpg\" alt=\"\" title=\"\" loading=\"lazy\" class=\"skip-lazy\" data-skip-lazy=\"1\"><\/picture><\/div><div data-color=\"RGBA(255,255,255,0.15)\" style=\"background-color: RGBA(255,255,255,0.15);\" class=\"n2-ss-slide-background-color\" data-overlay=\"1\"><\/div><\/div><div class=\"n2-ss-slide-background\" data-public-id=\"2\" data-mode=\"fill\" aria-hidden=\"true\"><div class=\"n2-ss-slide-background-image\" data-blur=\"0\" data-opacity=\"100\" data-x=\"50\" data-y=\"50\" data-alt=\"\" data-title=\"\"><picture class=\"skip-lazy\" data-skip-lazy=\"1\"><img decoding=\"async\" src=\"\/\/www.3dflex.sk\/web\/wp-content\/uploads\/slider\/cache\/29965176126f100f1c0c145791285bef\/elastyczne-powierzchnie-wylewane.jpg\" alt=\"\" title=\"\" loading=\"lazy\" class=\"skip-lazy\" data-skip-lazy=\"1\"><\/picture><\/div><div data-color=\"RGBA(255,255,255,0.5)\" style=\"background-color: RGBA(255,255,255,0.5);\" class=\"n2-ss-slide-background-color\" data-overlay=\"1\"><\/div><\/div><div class=\"n2-ss-slide-background\" data-public-id=\"3\" data-mode=\"fill\" aria-hidden=\"true\"><div class=\"n2-ss-slide-background-image\" data-blur=\"0\" data-opacity=\"100\" data-x=\"50\" data-y=\"50\" data-alt=\"\" data-title=\"\"><picture class=\"skip-lazy\" data-skip-lazy=\"1\"><img decoding=\"async\" src=\"\/\/www.3dflex.sk\/web\/wp-content\/uploads\/slider\/cache\/f17311e65efb9e8ef120a6a08e93cb17\/Screenshot-from-2024-02-25-18-01-03.jpg\" alt=\"\" title=\"\" loading=\"lazy\" class=\"skip-lazy\" data-skip-lazy=\"1\"><\/picture><\/div><div data-color=\"RGBA(255,255,255,0.5)\" style=\"background-color: RGBA(255,255,255,0.5);\" class=\"n2-ss-slide-background-color\" data-overlay=\"1\"><\/div><\/div><div class=\"n2-ss-slide-background\" data-public-id=\"4\" data-mode=\"fill\" aria-hidden=\"true\"><div class=\"n2-ss-slide-background-image\" data-blur=\"0\" data-opacity=\"100\" data-x=\"50\" data-y=\"50\" data-alt=\"\" data-title=\"\"><picture class=\"skip-lazy\" data-skip-lazy=\"1\"><img decoding=\"async\" src=\"\/\/www.3dflex.sk\/web\/wp-content\/uploads\/slider\/cache\/48b81c58348c9f6a4c5d7ac373b2b284\/Screenshot-from-2024-02-25-18-07-07.jpg\" alt=\"\" title=\"\" loading=\"lazy\" class=\"skip-lazy\" data-skip-lazy=\"1\"><\/picture><\/div><div data-color=\"RGBA(255,255,255,0.5)\" style=\"background-color: RGBA(255,255,255,0.5);\" class=\"n2-ss-slide-background-color\" data-overlay=\"1\"><\/div><\/div><div class=\"n2-ss-slide-background\" data-public-id=\"5\" data-mode=\"fill\" aria-hidden=\"true\"><div class=\"n2-ss-slide-background-image\" data-blur=\"0\" data-opacity=\"100\" data-x=\"50\" data-y=\"50\" data-alt=\"\" data-title=\"\"><picture class=\"skip-lazy\" data-skip-lazy=\"1\"><img decoding=\"async\" src=\"\/\/www.3dflex.sk\/web\/wp-content\/uploads\/slider\/cache\/64513927f30706cf8d5355e286ac2681\/Screenshot-from-2024-02-25-18-12-55.jpg\" alt=\"\" title=\"\" loading=\"lazy\" class=\"skip-lazy\" data-skip-lazy=\"1\"><\/picture><\/div><div data-color=\"RGBA(255,255,255,0.5)\" style=\"background-color: RGBA(255,255,255,0.5);\" class=\"n2-ss-slide-background-color\" data-overlay=\"1\"><\/div><\/div><\/div>                    <div class=\"n2-ss-slider-4 n2-ow\">\n                        <svg xmlns=\"http:\/\/www.w3.org\/2000\/svg\" viewBox=\"0 0 1200 600\" data-related-device=\"desktopPortrait\" class=\"n2-ow n2-ss-preserve-size n2-ss-preserve-size--slider n2-ss-slide-limiter\"><\/svg><div data-first=\"1\" data-slide-duration=\"0\" data-id=\"18\" data-slide-public-id=\"1\" data-title=\"Full 1\" class=\"n2-ss-slide n2-ow  n2-ss-slide-18\"><div role=\"note\" class=\"n2-ss-slide--focus\" tabindex=\"-1\">Full 1<\/div><div class=\"n2-ss-layers-container n2-ss-slide-limiter n2-ow\"><div class=\"n2-ss-layer n2-ow n-uc-fbPC8p65h7bW\" data-sstype=\"slide\" data-pm=\"default\"><div class=\"n2-ss-layer n2-ow n-uc-187d8f1049b03\" data-pm=\"default\" data-sstype=\"content\" data-hasbackground=\"1\"><div class=\"n2-ss-section-main-content n2-ss-layer-with-background n2-ss-layer-content n2-ow n-uc-187d8f1049b03-inner\"><div class=\"n2-ss-layer n2-ow n-uc-2CmBc17E75oi n2-ss-layer--auto\" data-pm=\"normal\" data-sstype=\"layer\"><div id=\"n2-ss-5item1\" class=\"n2-font-4dd4556f9b492bb639321713df087e2f-hover n2-style-b9880470c8178890efa20e7c510bc08a-heading   n2-ss-item-content n2-ss-text n2-ow\" style=\"display:inline-block;white-space:nowrap;\">Na\u0161e slu\u017eby<\/div><\/div><div class=\"n2-ss-layer n2-ow n-uc-kYioCZs0uzPW\" data-pm=\"normal\" data-sstype=\"layer\"><div id=\"n2-ss-5item2\" class=\"n2-font-1debbd2df23a501162b74be03a3fa9b5-hover   n2-ss-item-content n2-ss-text n2-ow\" style=\"display:block;\">Zhotovovanie ihr\u00edsk na po\u017eadovan\u00fa mieru<\/div><\/div><\/div><\/div><\/div><\/div><img decoding=\"async\" loading=\"lazy\" class=\"n2-ss-slide-thumbnail skip-lazy\" data-skip-lazy=\"1\" src=\"https:\/\/www.3dflex.sk\/web\/wp-content\/uploads\/slider\/cache\/e3dacad32725b6947b75c96fa4f10dac\/certyfikaty-e1504097312303.jpg\" alt=\"Full 1\"><\/div><div data-slide-duration=\"0\" data-id=\"19\" data-slide-public-id=\"2\" aria-hidden=\"true\" data-title=\"Full 2\" class=\"n2-ss-slide n2-ow  n2-ss-slide-19\"><div role=\"note\" class=\"n2-ss-slide--focus\" tabindex=\"-1\">Full 2<\/div><div class=\"n2-ss-layers-container n2-ss-slide-limiter n2-ow\"><div class=\"n2-ss-layer n2-ow n-uc-D5X1riTWo6u0\" data-sstype=\"slide\" data-pm=\"default\"><div class=\"n2-ss-layer n2-ow n-uc-1f4f8ad18c1a0\" data-pm=\"default\" data-sstype=\"content\" data-hasbackground=\"0\"><div class=\"n2-ss-section-main-content n2-ss-layer-with-background n2-ss-layer-content n2-ow n-uc-1f4f8ad18c1a0-inner\"><div class=\"n2-ss-layer n2-ow n-uc-7JaoibEfUkkL n2-ss-layer--auto\" data-pm=\"normal\" data-sstype=\"layer\"><div id=\"n2-ss-5item3\" class=\"n2-font-faad9dc1d8e5bb26c6175ffe60aa2324-hover n2-style-b9880470c8178890efa20e7c510bc08a-heading   n2-ss-item-content n2-ss-text n2-ow\" style=\"display:inline-block;white-space:nowrap;\">Na\u0161e SLU\u017dBY<\/div><\/div><div class=\"n2-ss-layer n2-ow n-uc-D03vvwqTejiS\" data-pm=\"normal\" data-sstype=\"layer\"><div id=\"n2-ss-5item4\" class=\"n2-font-1debbd2df23a501162b74be03a3fa9b5-hover   n2-ss-item-content n2-ss-text n2-ow\" style=\"display:block;\">Dovoz materi\u00e1lu a produktov<\/div><\/div><\/div><\/div><\/div><\/div><img decoding=\"async\" loading=\"lazy\" class=\"n2-ss-slide-thumbnail skip-lazy\" data-skip-lazy=\"1\" src=\"https:\/\/www.3dflex.sk\/web\/wp-content\/uploads\/slider\/cache\/68cf24ee91da42561c76b5d06703f872\/elastyczne-powierzchnie-wylewane.jpg\" alt=\"Full 2\"><\/div><div data-slide-duration=\"0\" data-id=\"20\" data-slide-public-id=\"3\" aria-hidden=\"true\" data-title=\"Full 3\" class=\"n2-ss-slide n2-ow  n2-ss-slide-20\"><div role=\"note\" class=\"n2-ss-slide--focus\" tabindex=\"-1\">Full 3<\/div><div class=\"n2-ss-layers-container n2-ss-slide-limiter n2-ow\"><div class=\"n2-ss-layer n2-ow n-uc-AsEjYqcfJj9v\" data-sstype=\"slide\" data-pm=\"default\"><div class=\"n2-ss-layer n2-ow n-uc-16424d978f4b9\" data-pm=\"default\" data-sstype=\"content\" data-hasbackground=\"0\"><div class=\"n2-ss-section-main-content n2-ss-layer-with-background n2-ss-layer-content n2-ow n-uc-16424d978f4b9-inner\"><div class=\"n2-ss-layer n2-ow n-uc-XbdbAqWvTWpJ n2-ss-layer--auto\" data-pm=\"normal\" data-sstype=\"layer\"><div id=\"n2-ss-5item5\" class=\"n2-font-faad9dc1d8e5bb26c6175ffe60aa2324-hover n2-style-b9880470c8178890efa20e7c510bc08a-heading   n2-ss-item-content n2-ss-text n2-ow\" style=\"display:inline-block;white-space:nowrap;\">NA\u0160E SLU\u017dBY<\/div><\/div><div class=\"n2-ss-layer n2-ow n-uc-uxIBM9WIsxBS\" data-pm=\"normal\" data-sstype=\"layer\"><div id=\"n2-ss-5item6\" class=\"n2-font-1debbd2df23a501162b74be03a3fa9b5-hover   n2-ss-item-content n2-ss-text n2-ow\" style=\"display:block;\">Pokl\u00e1dka a mont\u00e1\u017e<\/div><\/div><\/div><\/div><\/div><\/div><img decoding=\"async\" loading=\"lazy\" class=\"n2-ss-slide-thumbnail skip-lazy\" data-skip-lazy=\"1\" src=\"https:\/\/www.3dflex.sk\/web\/wp-content\/uploads\/slider\/cache\/abc817465907fcab65e63579ad4df321\/Screenshot-from-2024-02-25-18-01-03.jpg\" alt=\"Full 3\"><\/div><div data-slide-duration=\"0\" data-id=\"21\" data-slide-public-id=\"4\" aria-hidden=\"true\" data-title=\"Full 4\" class=\"n2-ss-slide n2-ow  n2-ss-slide-21\"><div role=\"note\" class=\"n2-ss-slide--focus\" tabindex=\"-1\">Full 4<\/div><div class=\"n2-ss-layers-container n2-ss-slide-limiter n2-ow\"><div class=\"n2-ss-layer n2-ow n-uc-ZsL6bykWHgXA\" data-sstype=\"slide\" data-pm=\"default\"><div class=\"n2-ss-layer n2-ow n-uc-Hh2siHYDAkKX\" data-pm=\"default\" data-sstype=\"content\" data-hasbackground=\"0\"><div class=\"n2-ss-section-main-content n2-ss-layer-with-background n2-ss-layer-content n2-ow n-uc-Hh2siHYDAkKX-inner\"><div class=\"n2-ss-layer n2-ow n-uc-od4SGe0bZMDJ n2-ss-layer--auto\" data-pm=\"normal\" data-sstype=\"layer\"><div id=\"n2-ss-5item7\" class=\"n2-font-faad9dc1d8e5bb26c6175ffe60aa2324-hover n2-style-b9880470c8178890efa20e7c510bc08a-heading   n2-ss-item-content n2-ss-text n2-ow\" style=\"display:inline-block;white-space:nowrap;\">NA\u0160E SLU\u017dBY<\/div><\/div><div class=\"n2-ss-layer n2-ow n-uc-BKvyZh5peNVs\" data-pm=\"normal\" data-sstype=\"layer\"><div id=\"n2-ss-5item8\" class=\"n2-font-1debbd2df23a501162b74be03a3fa9b5-hover   n2-ss-item-content n2-ss-text n2-ow\" style=\"display:block;\">\u010cistenie a \u00fadr\u017eba <\/div><\/div><\/div><\/div><\/div><\/div><img decoding=\"async\" loading=\"lazy\" class=\"n2-ss-slide-thumbnail skip-lazy\" data-skip-lazy=\"1\" src=\"https:\/\/www.3dflex.sk\/web\/wp-content\/uploads\/slider\/cache\/1603a30b99ae359997828cfbd8333a56\/Screenshot-from-2024-02-25-18-07-07.jpg\" alt=\"Full 4\"><\/div><div data-slide-duration=\"0\" data-id=\"22\" data-slide-public-id=\"5\" aria-hidden=\"true\" data-title=\"Full 5\" class=\"n2-ss-slide n2-ow  n2-ss-slide-22\"><div role=\"note\" class=\"n2-ss-slide--focus\" tabindex=\"-1\">Full 5<\/div><div class=\"n2-ss-layers-container n2-ss-slide-limiter n2-ow\"><div class=\"n2-ss-layer n2-ow n-uc-DyYGOMgSJply\" data-sstype=\"slide\" data-pm=\"default\"><div class=\"n2-ss-layer n2-ow n-uc-EAUVHjWhUWOW\" data-pm=\"default\" data-sstype=\"content\" data-hasbackground=\"0\"><div class=\"n2-ss-section-main-content n2-ss-layer-with-background n2-ss-layer-content n2-ow n-uc-EAUVHjWhUWOW-inner\"><div class=\"n2-ss-layer n2-ow n-uc-XymEWi0Fo1NL n2-ss-layer--auto\" data-pm=\"normal\" data-sstype=\"layer\"><div id=\"n2-ss-5item9\" class=\"n2-font-faad9dc1d8e5bb26c6175ffe60aa2324-hover n2-style-b9880470c8178890efa20e7c510bc08a-heading   n2-ss-item-content n2-ss-text n2-ow\" style=\"display:inline-block;white-space:nowrap;\">NA\u0160E SLU\u017dBY<\/div><\/div><div class=\"n2-ss-layer n2-ow n-uc-5DKlslaIEOG0\" data-pm=\"normal\" data-sstype=\"layer\"><div id=\"n2-ss-5item10\" class=\"n2-font-1debbd2df23a501162b74be03a3fa9b5-hover   n2-ss-item-content n2-ss-text n2-ow\" style=\"display:block;\">Z\u00e1ru\u010dn\u00fd a poz\u00e1ru\u010dn\u00fd servis<\/div><\/div><\/div><\/div><\/div><\/div><img decoding=\"async\" loading=\"lazy\" class=\"n2-ss-slide-thumbnail skip-lazy\" data-skip-lazy=\"1\" src=\"https:\/\/www.3dflex.sk\/web\/wp-content\/uploads\/slider\/cache\/a94a83b10ec251cfcf4d7f0da84949e1\/Screenshot-from-2024-02-25-18-12-55.jpg\" alt=\"Full 5\"><\/div>                    <\/div>\n\n                                    <\/div>\n            <\/div>\n        <\/div>\n        <div class=\"n2-ss-slider-controls n2-ss-slider-controls-absolute-left-center\"><div style=\"--widget-offset:5px;\" class=\"n2-ss-widget nextend-arrow n2-ow-all nextend-arrow-previous  nextend-arrow-animated-fade\" data-hide-mobileportrait=\"1\" id=\"n2-ss-5-arrow-previous\" role=\"button\" aria-label=\"previous arrow\" tabindex=\"0\"><img decoding=\"async\" width=\"32\" height=\"32\" class=\"skip-lazy\" data-skip-lazy=\"1\" src=\"data:image\/svg+xml;base64,PHN2ZyB3aWR0aD0iMzIiIGhlaWdodD0iMzIiIHZpZXdCb3g9IjAgMCAzMiAzMiIgeG1sbnM9Imh0dHA6Ly93d3cudzMub3JnLzIwMDAvc3ZnIj4KICAgIDxwYXRoIGQ9Ik0xMS40MzMgMTUuOTkyTDIyLjY5IDUuNzEyYy4zOTMtLjM5LjM5My0xLjAzIDAtMS40Mi0uMzkzLS4zOS0xLjAzLS4zOS0xLjQyMyAwbC0xMS45OCAxMC45NGMtLjIxLjIxLS4zLjQ5LS4yODUuNzYtLjAxNS4yOC4wNzUuNTYuMjg0Ljc3bDExLjk4IDEwLjk0Yy4zOTMuMzkgMS4wMy4zOSAxLjQyNCAwIC4zOTMtLjQuMzkzLTEuMDMgMC0xLjQybC0xMS4yNTctMTAuMjkiCiAgICAgICAgICBmaWxsPSIjZmZmZmZmIiBvcGFjaXR5PSIwLjgiIGZpbGwtcnVsZT0iZXZlbm9kZCIvPgo8L3N2Zz4=\" alt=\"previous arrow\"><\/div><\/div><div class=\"n2-ss-slider-controls n2-ss-slider-controls-absolute-right-center\"><div style=\"--widget-offset:5px;\" class=\"n2-ss-widget nextend-arrow n2-ow-all nextend-arrow-next  nextend-arrow-animated-fade\" data-hide-mobileportrait=\"1\" id=\"n2-ss-5-arrow-next\" role=\"button\" aria-label=\"next arrow\" tabindex=\"0\"><img decoding=\"async\" width=\"32\" height=\"32\" class=\"skip-lazy\" data-skip-lazy=\"1\" src=\"data:image\/svg+xml;base64,PHN2ZyB3aWR0aD0iMzIiIGhlaWdodD0iMzIiIHZpZXdCb3g9IjAgMCAzMiAzMiIgeG1sbnM9Imh0dHA6Ly93d3cudzMub3JnLzIwMDAvc3ZnIj4KICAgIDxwYXRoIGQ9Ik0xMC43MjIgNC4yOTNjLS4zOTQtLjM5LTEuMDMyLS4zOS0xLjQyNyAwLS4zOTMuMzktLjM5MyAxLjAzIDAgMS40MmwxMS4yODMgMTAuMjgtMTEuMjgzIDEwLjI5Yy0uMzkzLjM5LS4zOTMgMS4wMiAwIDEuNDIuMzk1LjM5IDEuMDMzLjM5IDEuNDI3IDBsMTIuMDA3LTEwLjk0Yy4yMS0uMjEuMy0uNDkuMjg0LS43Ny4wMTQtLjI3LS4wNzYtLjU1LS4yODYtLjc2TDEwLjcyIDQuMjkzeiIKICAgICAgICAgIGZpbGw9IiNmZmZmZmYiIG9wYWNpdHk9IjAuOCIgZmlsbC1ydWxlPSJldmVub2RkIi8+Cjwvc3ZnPg==\" alt=\"next arrow\"><\/div><\/div><div class=\"n2-ss-slider-controls n2-ss-slider-controls-absolute-center-bottom\"><div style=\"--widget-offset:5px;\" class=\"n2-ss-widget n2-ss-control-bullet n2-ow-all n2-ss-control-bullet-horizontal\"><div class=\" nextend-bullet-bar n2-bar-justify-content-center\" role=\"group\" aria-label=\"Choose slide to display.\"><div class=\"n2-bullet n2-style-4ef2b9ef3ac95757a797a679951a67a3-dot \" style=\"visibility:hidden;\"><\/div><\/div><\/div><\/div><\/div><div class=\"n2-ss-slider-controls n2-ss-slider-controls-below\"><div class=\"n2-ss-widget nextend-shadow n2-ow-all\"><img loading=\"lazy\" decoding=\"async\" width=\"1120\" height=\"50\" style=\"display: block; width:100%;max-width:none;\" class=\"nextend-shadow-image skip-lazy\" loading=\"lazy\" data-skip-lazy=\"1\" src=\"https:\/\/www.3dflex.sk\/web\/wp-content\/plugins\/smart-slider-3\/Public\/SmartSlider3\/Widget\/Shadow\/ShadowImage\/Assets\/shadow\/dark.png\" alt=\"Shadow\"><\/div><\/div><\/div><\/div><ss3-loader><\/ss3-loader><\/div><\/div><div class=\"n2_clear\"><\/div><\/div>\n\n\n<p>Pravidelnou kontrolou je kontrola detsk\u00e9ho ihriska so zameran\u00edm najm\u00e4 na nedostatky vyvolan\u00e9 pou\u017e\u00edvan\u00edm zariadenia detsk\u00e9ho ihriska alebo in\u00e9ho pr\u00edslu\u0161enstva detsk\u00e9ho ihriska, nespr\u00e1vnou alebo nedostato\u010dnou \u00fadr\u017ebou, poveternostn\u00fdmi vplyvmi alebo vandalizmom vykon\u00e1van\u00e1 najmenej&nbsp;<strong>raz za 24 mesiacov.<\/strong><\/p>\n\n\n\n<p><strong>Obhliadku detsk\u00e9ho ihriska pri pravidelnej kontrole m\u00f4\u017ee vykon\u00e1va\u0165 len certifikovan\u00e1 osoba s platn\u00fdm certifik\u00e1tom odbornej sp\u00f4sobilosti.<\/strong><\/p>\n","protected":false},"excerpt":{"rendered":"<p>Pravidelnou kontrolou je kontrola detsk\u00e9ho ihriska so zameran\u00edm najm\u00e4 na nedostatky vyvolan\u00e9 pou\u017e\u00edvan\u00edm zariadenia detsk\u00e9ho ihriska alebo in\u00e9ho pr\u00edslu\u0161enstva detsk\u00e9ho ihriska, nespr\u00e1vnou alebo nedostato\u010dnou \u00fadr\u017ebou, poveternostn\u00fdmi vplyvmi alebo vandalizmom vykon\u00e1van\u00e1 najmenej&nbsp;raz za 24 mesiacov. Obhliadku detsk\u00e9ho ihriska pri pravidelnej kontrole m\u00f4\u017ee vykon\u00e1va\u0165 len certifikovan\u00e1 osoba s platn\u00fdm certifik\u00e1tom odbornej sp\u00f4sobilosti.<\/p>\n","protected":false},"author":1,"featured_media":0,"parent":0,"menu_order":0,"comment_status":"closed","ping_status":"closed","template":"","meta":{"ngg_post_thumbnail":0,"footnotes":""},"class_list":["post-1186","page","type-page","status-publish","hentry","post"],"_links":{"self":[{"href":"https:\/\/www.3dflex.sk\/web\/index.php\/wp-json\/wp\/v2\/pages\/1186","targetHints":{"allow":["GET"]}}],"collection":[{"href":"https:\/\/www.3dflex.sk\/web\/index.php\/wp-json\/wp\/v2\/pages"}],"about":[{"href":"https:\/\/www.3dflex.sk\/web\/index.php\/wp-json\/wp\/v2\/types\/page"}],"author":[{"embeddable":true,"href":"https:\/\/www.3dflex.sk\/web\/index.php\/wp-json\/wp\/v2\/users\/1"}],"replies":[{"embeddable":true,"href":"https:\/\/www.3dflex.sk\/web\/index.php\/wp-json\/wp\/v2\/comments?post=1186"}],"version-history":[{"count":1,"href":"https:\/\/www.3dflex.sk\/web\/index.php\/wp-json\/wp\/v2\/pages\/1186\/revisions"}],"predecessor-version":[{"id":1190,"href":"https:\/\/www.3dflex.sk\/web\/index.php\/wp-json\/wp\/v2\/pages\/1186\/revisions\/1190"}],"wp:attachment":[{"href":"https:\/\/www.3dflex.sk\/web\/index.php\/wp-json\/wp\/v2\/media?parent=1186"}],"curies":[{"name":"wp","href":"https:\/\/api.w.org\/{rel}","templated":true}]}}