{"id":1192,"date":"2024-02-26T17:25:44","date_gmt":"2024-02-26T16:25:44","guid":{"rendered":"https:\/\/www.3dflex.sk\/web\/?page_id=1192"},"modified":"2024-05-04T17:04:01","modified_gmt":"2024-05-04T15:04:01","slug":"zhotovovanie-ihrisk-na-mieru","status":"publish","type":"page","link":"https:\/\/www.3dflex.sk\/web\/index.php\/zhotovovanie-ihrisk-na-mieru\/","title":{"rendered":"Zhotovovanie ihr\u00edsk na mieru"},"content":{"rendered":"\n<p><\/p>\n\n\n\n<div class=\"wp-block-media-text alignwide is-stacked-on-mobile is-image-fill\"><figure class=\"wp-block-media-text__media\" style=\"background-image:url(https:\/\/www.3dflex.sk\/web\/wp-content\/uploads\/2024\/03\/Zdjecie-WhatsApp-2023-08-21-o-15.25.18-10.jpg);background-position:62% 63%\"><img fetchpriority=\"high\" decoding=\"async\" width=\"1600\" height=\"720\" src=\"https:\/\/www.3dflex.sk\/web\/wp-content\/uploads\/2024\/03\/Zdjecie-WhatsApp-2023-08-21-o-15.25.18-10.jpg\" alt=\"\" class=\"wp-image-1299 size-full\" srcset=\"https:\/\/www.3dflex.sk\/web\/wp-content\/uploads\/2024\/03\/Zdjecie-WhatsApp-2023-08-21-o-15.25.18-10.jpg 1600w, https:\/\/www.3dflex.sk\/web\/wp-content\/uploads\/2024\/03\/Zdjecie-WhatsApp-2023-08-21-o-15.25.18-10-300x135.jpg 300w, https:\/\/www.3dflex.sk\/web\/wp-content\/uploads\/2024\/03\/Zdjecie-WhatsApp-2023-08-21-o-15.25.18-10-1024x461.jpg 1024w, https:\/\/www.3dflex.sk\/web\/wp-content\/uploads\/2024\/03\/Zdjecie-WhatsApp-2023-08-21-o-15.25.18-10-768x346.jpg 768w, https:\/\/www.3dflex.sk\/web\/wp-content\/uploads\/2024\/03\/Zdjecie-WhatsApp-2023-08-21-o-15.25.18-10-1536x691.jpg 1536w, https:\/\/www.3dflex.sk\/web\/wp-content\/uploads\/2024\/03\/Zdjecie-WhatsApp-2023-08-21-o-15.25.18-10-600x270.jpg 600w\" sizes=\"(max-width: 1600px) 100vw, 1600px\" \/><\/figure><div class=\"wp-block-media-text__content\">\n<p class=\"has-black-color has-text-color has-link-color has-medium-font-size wp-elements-d10b8c245081544607d4de7dde1dc31e\">3dFlex v\u00e1m vie zabezpe\u010di\u0165 kompletn\u00fa realiz\u00e1ciu od obhliadky , navrhnutia a kompletn\u00e9ho zhotovenia s platnou rev\u00edziou. Sme tu, aby sme v\u00e1m poskytli komplexn\u00e9 slu\u017eby od za\u010diatku a\u017e do konca projektu. Sme va\u0161\u00edm spo\u013eahliv\u00fdm partnerom od prv\u00e9ho stretnutia a obhliadky a\u017e po fin\u00e1lnu rev\u00edziu. Na\u0161a sk\u00fasen\u00e1 a odborne kvalifikovan\u00e1 t\u00edmov\u00e1 zlo\u017eka sa postar\u00e1 o ka\u017ed\u00fd detail v\u00e1\u0161ho projektu. S na\u0161imi znalos\u0165ami a kreativitou sme schopn\u00ed navrhn\u00fa\u0165 rie\u0161enia, ktor\u00e9 presahuj\u00fa va\u0161e o\u010dak\u00e1vania. Bez oh\u013eadu na rozsah pr\u00e1ce sa zaru\u010dujeme, \u017ee ka\u017ed\u00fd krok bude realizovan\u00fd s maxim\u00e1lnou starostlivos\u0165ou a prec\u00edznos\u0165ou. Sme hrd\u00ed na na\u0161u schopnos\u0165 poskytn\u00fa\u0165 kompletn\u00fa slu\u017ebu bez kompromisov. Va\u0161a spokojnos\u0165 je pre n\u00e1s prioritou \u010d\u00edslo jeden. Zabezpe\u010d\u00edme, aby ka\u017ed\u00fd aspekt projektu bol vykonan\u00fd s najvy\u0161\u0161ou \u00farov\u0148ou profesionalizmu a d\u00f4kladnosti. Sme presved\u010den\u00ed, \u017ee na\u0161a schopnos\u0165 pon\u00faka\u0165 komplexn\u00e9 slu\u017eby je to, \u010do n\u00e1s odli\u0161uje od ostatn\u00fdch. D\u00f4verujte n\u00e1m s va\u0161\u00edm projektom a uvid\u00edte rozdiel, ak\u00fd m\u00f4\u017eeme prinies\u0165.<\/p>\n<\/div><\/div>\n","protected":false},"excerpt":{"rendered":"<p>3dFlex v\u00e1m vie zabezpe\u010di\u0165 kompletn\u00fa realiz\u00e1ciu od obhliadky , navrhnutia a kompletn\u00e9ho zhotovenia s platnou rev\u00edziou. Sme tu, aby sme v\u00e1m poskytli komplexn\u00e9 slu\u017eby od za\u010diatku a\u017e do konca projektu. Sme va\u0161\u00edm spo\u013eahliv\u00fdm partnerom od prv\u00e9ho stretnutia a obhliadky a\u017e po fin\u00e1lnu rev\u00edziu. Na\u0161a sk\u00fasen\u00e1 a odborne kvalifikovan\u00e1 t\u00edmov\u00e1 zlo\u017eka sa postar\u00e1 o ka\u017ed\u00fd detail [&hellip;]<\/p>\n","protected":false},"author":1,"featured_media":0,"parent":0,"menu_order":0,"comment_status":"closed","ping_status":"closed","template":"","meta":{"ngg_post_thumbnail":0,"footnotes":""},"class_list":["post-1192","page","type-page","status-publish","hentry","post"],"_links":{"self":[{"href":"https:\/\/www.3dflex.sk\/web\/index.php\/wp-json\/wp\/v2\/pages\/1192","targetHints":{"allow":["GET"]}}],"collection":[{"href":"https:\/\/www.3dflex.sk\/web\/index.php\/wp-json\/wp\/v2\/pages"}],"about":[{"href":"https:\/\/www.3dflex.sk\/web\/index.php\/wp-json\/wp\/v2\/types\/page"}],"author":[{"embeddable":true,"href":"https:\/\/www.3dflex.sk\/web\/index.php\/wp-json\/wp\/v2\/users\/1"}],"replies":[{"embeddable":true,"href":"https:\/\/www.3dflex.sk\/web\/index.php\/wp-json\/wp\/v2\/comments?post=1192"}],"version-history":[{"count":6,"href":"https:\/\/www.3dflex.sk\/web\/index.php\/wp-json\/wp\/v2\/pages\/1192\/revisions"}],"predecessor-version":[{"id":1414,"href":"https:\/\/www.3dflex.sk\/web\/index.php\/wp-json\/wp\/v2\/pages\/1192\/revisions\/1414"}],"wp:attachment":[{"href":"https:\/\/www.3dflex.sk\/web\/index.php\/wp-json\/wp\/v2\/media?parent=1192"}],"curies":[{"name":"wp","href":"https:\/\/api.w.org\/{rel}","templated":true}]}}