{"id":1194,"date":"2024-02-26T17:26:34","date_gmt":"2024-02-26T16:26:34","guid":{"rendered":"https:\/\/www.3dflex.sk\/web\/?page_id=1194"},"modified":"2024-05-04T16:46:52","modified_gmt":"2024-05-04T14:46:52","slug":"dovoz-materialu-a-produktov","status":"publish","type":"page","link":"https:\/\/www.3dflex.sk\/web\/index.php\/dovoz-materialu-a-produktov\/","title":{"rendered":"Dovoz materi\u00e1lu a produktov"},"content":{"rendered":"\n<div class=\"wp-block-media-text alignwide has-media-on-the-right is-stacked-on-mobile is-image-fill\"><div class=\"wp-block-media-text__content\">\n<p class=\"has-black-color has-text-color has-link-color has-medium-font-size wp-elements-6080917e31d31e7cbce485eaeb7d3b65\">3dFlex je va\u0161\u00edm spo\u013eahliv\u00fdm partnerom pre dovoz materi\u00e1lov a produktov potrebn\u00fdch na v\u00fdstavbu<br>ihriska a\u00a0in\u00fdch projektov. Sme tu, aby sme v\u00e1m poskytli kompletn\u00fa logistick\u00fa podporu a zabezpe\u010dili bezprobl\u00e9mov\u00fd priebeh dopravy. Nez\u00e1le\u017e\u00ed na tom, \u010di potrebujete doru\u010di\u0165 materi\u00e1ly na staveniskov\u00fa lokalitu alebo na miesto s obmedzen\u00fdm pr\u00edstupom, sme pripraven\u00ed na v\u00fdzvu. N\u00e1\u0161 t\u00edm sa postar\u00e1 o optimaliz\u00e1ciu trasy a dovezie materi\u00e1ly presne tam, kde ich potrebujete. S flexibiln\u00fdmi mo\u017enos\u0165ami vylo\u017eenia a manipul\u00e1cie s tovarom zabezpe\u010d\u00edme, \u017ee doru\u010denie bude efekt\u00edvne a bezpe\u010dn\u00e9. Va\u0161a spokojnos\u0165 s na\u0161imi slu\u017ebami je pre n\u00e1s k\u013e\u00fa\u010dov\u00e1, a preto sa budeme sna\u017ei\u0165 splni\u0165 va\u0161e o\u010dak\u00e1vania v ka\u017edom kroku procesu doru\u010denia. Sme pripraven\u00ed v\u00e1m poskytn\u00fa\u0165 spo\u013eahliv\u00fa a profesion\u00e1lnu logistick\u00fa podporu pre va\u0161e projekty v oblasti v\u00fdstavby ihr\u00edsk.<\/p>\n<\/div><figure class=\"wp-block-media-text__media\" style=\"background-image:url(https:\/\/www.3dflex.sk\/web\/wp-content\/uploads\/2024\/02\/dovoz_materialu.jpg);background-position:74% 59%\"><img fetchpriority=\"high\" decoding=\"async\" width=\"1000\" height=\"720\" src=\"https:\/\/www.3dflex.sk\/web\/wp-content\/uploads\/2024\/02\/dovoz_materialu.jpg\" alt=\"\" class=\"wp-image-1230 size-full\" srcset=\"https:\/\/www.3dflex.sk\/web\/wp-content\/uploads\/2024\/02\/dovoz_materialu.jpg 1000w, https:\/\/www.3dflex.sk\/web\/wp-content\/uploads\/2024\/02\/dovoz_materialu-300x216.jpg 300w, https:\/\/www.3dflex.sk\/web\/wp-content\/uploads\/2024\/02\/dovoz_materialu-768x553.jpg 768w, https:\/\/www.3dflex.sk\/web\/wp-content\/uploads\/2024\/02\/dovoz_materialu-600x432.jpg 600w\" sizes=\"(max-width: 1000px) 100vw, 1000px\" \/><\/figure><\/div>\n","protected":false},"excerpt":{"rendered":"<p>3dFlex je va\u0161\u00edm spo\u013eahliv\u00fdm partnerom pre dovoz materi\u00e1lov a produktov potrebn\u00fdch na v\u00fdstavbuihriska a\u00a0in\u00fdch projektov. Sme tu, aby sme v\u00e1m poskytli kompletn\u00fa logistick\u00fa podporu a zabezpe\u010dili bezprobl\u00e9mov\u00fd priebeh dopravy. Nez\u00e1le\u017e\u00ed na tom, \u010di potrebujete doru\u010di\u0165 materi\u00e1ly na staveniskov\u00fa lokalitu alebo na miesto s obmedzen\u00fdm pr\u00edstupom, sme pripraven\u00ed na v\u00fdzvu. N\u00e1\u0161 t\u00edm sa postar\u00e1 o optimaliz\u00e1ciu [&hellip;]<\/p>\n","protected":false},"author":1,"featured_media":0,"parent":0,"menu_order":0,"comment_status":"closed","ping_status":"closed","template":"","meta":{"ngg_post_thumbnail":0,"footnotes":""},"class_list":["post-1194","page","type-page","status-publish","hentry","post"],"_links":{"self":[{"href":"https:\/\/www.3dflex.sk\/web\/index.php\/wp-json\/wp\/v2\/pages\/1194","targetHints":{"allow":["GET"]}}],"collection":[{"href":"https:\/\/www.3dflex.sk\/web\/index.php\/wp-json\/wp\/v2\/pages"}],"about":[{"href":"https:\/\/www.3dflex.sk\/web\/index.php\/wp-json\/wp\/v2\/types\/page"}],"author":[{"embeddable":true,"href":"https:\/\/www.3dflex.sk\/web\/index.php\/wp-json\/wp\/v2\/users\/1"}],"replies":[{"embeddable":true,"href":"https:\/\/www.3dflex.sk\/web\/index.php\/wp-json\/wp\/v2\/comments?post=1194"}],"version-history":[{"count":6,"href":"https:\/\/www.3dflex.sk\/web\/index.php\/wp-json\/wp\/v2\/pages\/1194\/revisions"}],"predecessor-version":[{"id":1400,"href":"https:\/\/www.3dflex.sk\/web\/index.php\/wp-json\/wp\/v2\/pages\/1194\/revisions\/1400"}],"wp:attachment":[{"href":"https:\/\/www.3dflex.sk\/web\/index.php\/wp-json\/wp\/v2\/media?parent=1194"}],"curies":[{"name":"wp","href":"https:\/\/api.w.org\/{rel}","templated":true}]}}