{"id":1196,"date":"2024-02-26T17:27:23","date_gmt":"2024-02-26T16:27:23","guid":{"rendered":"https:\/\/www.3dflex.sk\/web\/?page_id=1196"},"modified":"2024-05-04T16:49:36","modified_gmt":"2024-05-04T14:49:36","slug":"pokladka-a-montaz","status":"publish","type":"page","link":"https:\/\/www.3dflex.sk\/web\/index.php\/pokladka-a-montaz\/","title":{"rendered":"Pokl\u00e1dka a mont\u00e1\u017e"},"content":{"rendered":"\n<div class=\"wp-block-media-text alignwide is-stacked-on-mobile is-image-fill\"><figure class=\"wp-block-media-text__media\" style=\"background-image:url(https:\/\/www.3dflex.sk\/web\/wp-content\/uploads\/2024\/03\/Zdjecie-WhatsApp-2023-11-03-o-10.12.18_e04aa4ca-766x1024.jpg);background-position:50% 50%\"><img fetchpriority=\"high\" decoding=\"async\" width=\"766\" height=\"1024\" src=\"https:\/\/www.3dflex.sk\/web\/wp-content\/uploads\/2024\/03\/Zdjecie-WhatsApp-2023-11-03-o-10.12.18_e04aa4ca-766x1024.jpg\" alt=\"\" class=\"wp-image-1290 size-full\" srcset=\"https:\/\/www.3dflex.sk\/web\/wp-content\/uploads\/2024\/03\/Zdjecie-WhatsApp-2023-11-03-o-10.12.18_e04aa4ca-766x1024.jpg 766w, https:\/\/www.3dflex.sk\/web\/wp-content\/uploads\/2024\/03\/Zdjecie-WhatsApp-2023-11-03-o-10.12.18_e04aa4ca-224x300.jpg 224w, https:\/\/www.3dflex.sk\/web\/wp-content\/uploads\/2024\/03\/Zdjecie-WhatsApp-2023-11-03-o-10.12.18_e04aa4ca-768x1027.jpg 768w, https:\/\/www.3dflex.sk\/web\/wp-content\/uploads\/2024\/03\/Zdjecie-WhatsApp-2023-11-03-o-10.12.18_e04aa4ca-1149x1536.jpg 1149w, https:\/\/www.3dflex.sk\/web\/wp-content\/uploads\/2024\/03\/Zdjecie-WhatsApp-2023-11-03-o-10.12.18_e04aa4ca-600x802.jpg 600w, https:\/\/www.3dflex.sk\/web\/wp-content\/uploads\/2024\/03\/Zdjecie-WhatsApp-2023-11-03-o-10.12.18_e04aa4ca.jpg 1197w\" sizes=\"(max-width: 766px) 100vw, 766px\" \/><\/figure><div class=\"wp-block-media-text__content\">\n<p class=\"has-black-color has-text-color has-link-color has-medium-font-size wp-elements-7bada4aa8d8e93d40194031cc1fa3f97\">3dFlex je va\u0161\u00edm spo\u013eahliv\u00fdm partnerom pre pokl\u00e1dku a\u00a0mont\u00e1\u017e nielen ihr\u00edsk ale aj\u00a0\u010fal\u0161\u00edch projektov. Poskytujeme komplexn\u00e9 slu\u017eby, ktor\u00e9 zah\u0155\u0148aj\u00fa nielen dodanie produktov, ale aj ich profesion\u00e1lnu in\u0161tal\u00e1ciu priamo na mieste ur\u010denia. Sme tu, aby sme v\u00e1m u\u013eah\u010dili cel\u00fd proces a poskytli v\u00e1m jednoduch\u00fa mo\u017enos\u0165 zabezpe\u010denia kompletn\u00e9ho rie\u0161enia od za\u010diatku do konca. Na\u0161i pracovn\u00edci s\u00fa pripraven\u00ed na presn\u00fa a efekt\u00edvnu in\u0161tal\u00e1ciu va\u0161ich ihr\u00edsk. Po objednan\u00ed produktov sta\u010d\u00ed telefonicky alebo osobne, dohodn\u00fa\u0165 \u010das a miesto, a my sa postar\u00e1me o zvy\u0161ok. S\u00a0na\u0161imi sk\u00fasenos\u0165ami zabezpe\u010d\u00edme, \u017ee va\u0161e ihrisko bude nain\u0161talovan\u00e9 presne pod\u013ea va\u0161ich \u0161pecifik\u00e1ci\u00ed a po\u017eiadaviek. Va\u0161a spokojnos\u0165 je pre n\u00e1s k\u013e\u00fa\u010dov\u00e1, a preto sa budeme sna\u017ei\u0165 zabezpe\u010di\u0165, aby in\u0161tal\u00e1cia prebehla bez probl\u00e9mov a v dohodnutom \u010dase. D\u00f4verujte n\u00e1m s va\u0161imi projektmi a uvid\u00edte vynikaj\u00face v\u00fdsledky, ktor\u00e9 dok\u00e1\u017eeme dosiahnu\u0165. Sme tu, aby sme v\u00e1m poskytli jednoduch\u00e9 a spo\u013eahliv\u00e9 rie\u0161enie pre va\u0161e potreby v oblasti pokl\u00e1dky a mont\u00e1\u017ee ihr\u00edsk a\u00a0in\u00fdch projektov.<\/p>\n<\/div><\/div>\n","protected":false},"excerpt":{"rendered":"<p>3dFlex je va\u0161\u00edm spo\u013eahliv\u00fdm partnerom pre pokl\u00e1dku a\u00a0mont\u00e1\u017e nielen ihr\u00edsk ale aj\u00a0\u010fal\u0161\u00edch projektov. Poskytujeme komplexn\u00e9 slu\u017eby, ktor\u00e9 zah\u0155\u0148aj\u00fa nielen dodanie produktov, ale aj ich profesion\u00e1lnu in\u0161tal\u00e1ciu priamo na mieste ur\u010denia. Sme tu, aby sme v\u00e1m u\u013eah\u010dili cel\u00fd proces a poskytli v\u00e1m jednoduch\u00fa mo\u017enos\u0165 zabezpe\u010denia kompletn\u00e9ho rie\u0161enia od za\u010diatku do konca. Na\u0161i pracovn\u00edci s\u00fa pripraven\u00ed na [&hellip;]<\/p>\n","protected":false},"author":1,"featured_media":0,"parent":0,"menu_order":0,"comment_status":"closed","ping_status":"closed","template":"","meta":{"ngg_post_thumbnail":0,"footnotes":""},"class_list":["post-1196","page","type-page","status-publish","hentry","post"],"_links":{"self":[{"href":"https:\/\/www.3dflex.sk\/web\/index.php\/wp-json\/wp\/v2\/pages\/1196","targetHints":{"allow":["GET"]}}],"collection":[{"href":"https:\/\/www.3dflex.sk\/web\/index.php\/wp-json\/wp\/v2\/pages"}],"about":[{"href":"https:\/\/www.3dflex.sk\/web\/index.php\/wp-json\/wp\/v2\/types\/page"}],"author":[{"embeddable":true,"href":"https:\/\/www.3dflex.sk\/web\/index.php\/wp-json\/wp\/v2\/users\/1"}],"replies":[{"embeddable":true,"href":"https:\/\/www.3dflex.sk\/web\/index.php\/wp-json\/wp\/v2\/comments?post=1196"}],"version-history":[{"count":5,"href":"https:\/\/www.3dflex.sk\/web\/index.php\/wp-json\/wp\/v2\/pages\/1196\/revisions"}],"predecessor-version":[{"id":1402,"href":"https:\/\/www.3dflex.sk\/web\/index.php\/wp-json\/wp\/v2\/pages\/1196\/revisions\/1402"}],"wp:attachment":[{"href":"https:\/\/www.3dflex.sk\/web\/index.php\/wp-json\/wp\/v2\/media?parent=1196"}],"curies":[{"name":"wp","href":"https:\/\/api.w.org\/{rel}","templated":true}]}}