{"id":1198,"date":"2024-02-26T17:28:25","date_gmt":"2024-02-26T16:28:25","guid":{"rendered":"https:\/\/www.3dflex.sk\/web\/?page_id=1198"},"modified":"2024-05-04T16:52:35","modified_gmt":"2024-05-04T14:52:35","slug":"cistenie-a-udrzba","status":"publish","type":"page","link":"https:\/\/www.3dflex.sk\/web\/index.php\/cistenie-a-udrzba\/","title":{"rendered":"\u010cistenie a \u00fadr\u017eba"},"content":{"rendered":"\n<div class=\"wp-block-media-text alignwide has-media-on-the-right is-stacked-on-mobile is-image-fill\"><div class=\"wp-block-media-text__content\">\n<p class=\"has-black-color has-text-color has-link-color has-medium-font-size wp-elements-c86267a2cd22b22a3eacf17b96015a71\">3dFlex je va\u0161\u00edm spo\u013eahliv\u00fdm partnerom v oblasti \u010distenia a \u00fadr\u017eby ihr\u00edsk. Na\u0161\u00edm hlavn\u00fdm cie\u013eom je<br>poskytn\u00fa\u0165 v\u00e1m profesion\u00e1lne slu\u017eby, ktor\u00e9 zabezpe\u010dia dlhodob\u00fa st\u00e1los\u0165 va\u0161ich produktov a pred\u013a\u017eia ich \u017eivotnos\u0165. Sme oddan\u00ed tomu, aby sme va\u0161e ihrisk\u00e1 a\u00a0projekty udr\u017eiavali v najlep\u0161om mo\u017enom stave, aby ste mohli dlhodobo vyu\u017e\u00edva\u0165 ich potenci\u00e1l. Na\u0161a pracovn\u00e1 sila v\u00e1m garantuje \u00fa\u010dinn\u00e9 \u010distenie a \u00fadr\u017ebu s oh\u013eadom na najvy\u0161\u0161ie \u0161tandardy kvality. S\u00a0pou\u017eit\u00edm najlep\u0161\u00edch postupov v odvetv\u00ed sme pripraven\u00ed poskytn\u00fa\u0165 v\u00e1m kompletn\u00e9 rie\u0161enia na mieru, ktor\u00e9 bud\u00fa sp\u013a\u0148a\u0165 va\u0161e potreby.<br>Nez\u00e1le\u017e\u00ed na ve\u013ekosti, sme pripraven\u00ed na prednesen\u00fa \u00falohu. Preberieme va\u0161e po\u017eiadavky a vypracujeme pl\u00e1n \u00fadr\u017eby, ktor\u00fd bude zodpoveda\u0165 va\u0161im potreb\u00e1m. Va\u0161a spokojnos\u0165 je pre n\u00e1s prioritou, a preto sa budeme sna\u017ei\u0165 prekro\u010di\u0165 va\u0161e o\u010dak\u00e1vania v ka\u017edom jednom kroku procesu. S d\u00f4razom na detaily a oddanos\u0165ou kvalite sme va\u0161\u00edm spo\u013eahliv\u00fdm partnerom pre \u010distenie a \u00fadr\u017ebu va\u0161ich projektov.<\/p>\n<\/div><figure class=\"wp-block-media-text__media\" style=\"background-image:url(https:\/\/www.3dflex.sk\/web\/wp-content\/uploads\/2024\/03\/iStock-481552119-1024x682.jpg);background-position:7% 3%\"><img fetchpriority=\"high\" decoding=\"async\" width=\"1024\" height=\"682\" src=\"https:\/\/www.3dflex.sk\/web\/wp-content\/uploads\/2024\/03\/iStock-481552119-1024x682.jpg\" alt=\"\" class=\"wp-image-1307 size-full\" srcset=\"https:\/\/www.3dflex.sk\/web\/wp-content\/uploads\/2024\/03\/iStock-481552119-1024x682.jpg 1024w, https:\/\/www.3dflex.sk\/web\/wp-content\/uploads\/2024\/03\/iStock-481552119-300x200.jpg 300w, https:\/\/www.3dflex.sk\/web\/wp-content\/uploads\/2024\/03\/iStock-481552119-768x512.jpg 768w, https:\/\/www.3dflex.sk\/web\/wp-content\/uploads\/2024\/03\/iStock-481552119-1536x1024.jpg 1536w, https:\/\/www.3dflex.sk\/web\/wp-content\/uploads\/2024\/03\/iStock-481552119-272x182.jpg 272w, https:\/\/www.3dflex.sk\/web\/wp-content\/uploads\/2024\/03\/iStock-481552119-600x400.jpg 600w, https:\/\/www.3dflex.sk\/web\/wp-content\/uploads\/2024\/03\/iStock-481552119.jpg 2000w\" sizes=\"(max-width: 1024px) 100vw, 1024px\" \/><\/figure><\/div>\n","protected":false},"excerpt":{"rendered":"<p>3dFlex je va\u0161\u00edm spo\u013eahliv\u00fdm partnerom v oblasti \u010distenia a \u00fadr\u017eby ihr\u00edsk. Na\u0161\u00edm hlavn\u00fdm cie\u013eom jeposkytn\u00fa\u0165 v\u00e1m profesion\u00e1lne slu\u017eby, ktor\u00e9 zabezpe\u010dia dlhodob\u00fa st\u00e1los\u0165 va\u0161ich produktov a pred\u013a\u017eia ich \u017eivotnos\u0165. Sme oddan\u00ed tomu, aby sme va\u0161e ihrisk\u00e1 a\u00a0projekty udr\u017eiavali v najlep\u0161om mo\u017enom stave, aby ste mohli dlhodobo vyu\u017e\u00edva\u0165 ich potenci\u00e1l. Na\u0161a pracovn\u00e1 sila v\u00e1m garantuje \u00fa\u010dinn\u00e9 \u010distenie [&hellip;]<\/p>\n","protected":false},"author":1,"featured_media":0,"parent":0,"menu_order":0,"comment_status":"closed","ping_status":"closed","template":"","meta":{"ngg_post_thumbnail":0,"footnotes":""},"class_list":["post-1198","page","type-page","status-publish","hentry","post"],"_links":{"self":[{"href":"https:\/\/www.3dflex.sk\/web\/index.php\/wp-json\/wp\/v2\/pages\/1198","targetHints":{"allow":["GET"]}}],"collection":[{"href":"https:\/\/www.3dflex.sk\/web\/index.php\/wp-json\/wp\/v2\/pages"}],"about":[{"href":"https:\/\/www.3dflex.sk\/web\/index.php\/wp-json\/wp\/v2\/types\/page"}],"author":[{"embeddable":true,"href":"https:\/\/www.3dflex.sk\/web\/index.php\/wp-json\/wp\/v2\/users\/1"}],"replies":[{"embeddable":true,"href":"https:\/\/www.3dflex.sk\/web\/index.php\/wp-json\/wp\/v2\/comments?post=1198"}],"version-history":[{"count":5,"href":"https:\/\/www.3dflex.sk\/web\/index.php\/wp-json\/wp\/v2\/pages\/1198\/revisions"}],"predecessor-version":[{"id":1404,"href":"https:\/\/www.3dflex.sk\/web\/index.php\/wp-json\/wp\/v2\/pages\/1198\/revisions\/1404"}],"wp:attachment":[{"href":"https:\/\/www.3dflex.sk\/web\/index.php\/wp-json\/wp\/v2\/media?parent=1198"}],"curies":[{"name":"wp","href":"https:\/\/api.w.org\/{rel}","templated":true}]}}