{"id":1200,"date":"2024-02-26T17:29:42","date_gmt":"2024-02-26T16:29:42","guid":{"rendered":"https:\/\/www.3dflex.sk\/web\/?page_id=1200"},"modified":"2024-05-04T16:56:04","modified_gmt":"2024-05-04T14:56:04","slug":"zarucny-a-pozarucny-servis","status":"publish","type":"page","link":"https:\/\/www.3dflex.sk\/web\/index.php\/zarucny-a-pozarucny-servis\/","title":{"rendered":"Z\u00e1ru\u010dn\u00fd a poz\u00e1ru\u010dn\u00fd servis"},"content":{"rendered":"\n<div class=\"wp-block-media-text alignwide is-stacked-on-mobile is-image-fill\"><figure class=\"wp-block-media-text__media\" style=\"background-image:url(https:\/\/www.3dflex.sk\/web\/wp-content\/uploads\/2024\/03\/unnamed.jpg);background-position:50% 50%\"><img fetchpriority=\"high\" decoding=\"async\" width=\"869\" height=\"871\" src=\"https:\/\/www.3dflex.sk\/web\/wp-content\/uploads\/2024\/03\/unnamed.jpg\" alt=\"\" class=\"wp-image-1309 size-full\" srcset=\"https:\/\/www.3dflex.sk\/web\/wp-content\/uploads\/2024\/03\/unnamed.jpg 869w, https:\/\/www.3dflex.sk\/web\/wp-content\/uploads\/2024\/03\/unnamed-300x300.jpg 300w, https:\/\/www.3dflex.sk\/web\/wp-content\/uploads\/2024\/03\/unnamed-150x150.jpg 150w, https:\/\/www.3dflex.sk\/web\/wp-content\/uploads\/2024\/03\/unnamed-768x770.jpg 768w, https:\/\/www.3dflex.sk\/web\/wp-content\/uploads\/2024\/03\/unnamed-600x601.jpg 600w, https:\/\/www.3dflex.sk\/web\/wp-content\/uploads\/2024\/03\/unnamed-100x100.jpg 100w\" sizes=\"(max-width: 869px) 100vw, 869px\" \/><\/figure><div class=\"wp-block-media-text__content\">\n<p class=\"has-black-color has-text-color has-link-color has-medium-font-size wp-elements-6ed6460bd28d80b03d3fb43b29c9bc45\">3dFlex je va\u0161\u00edm spo\u013eahliv\u00fdm partnerom nielen v procese realiz\u00e1cie projektov, ale aj po ich dokon\u010den\u00ed. Poskytujeme komplexn\u00fd z\u00e1ru\u010dn\u00fd a poz\u00e1ru\u010dn\u00fd servis pre v\u0161etky projekty, ktor\u00e9 sme realizovali. Na\u0161a spolo\u010dnos\u0165 je zaviazan\u00e1 k tomu, aby sme zabezpe\u010dili, \u017ee va\u0161e projekty bud\u00fa v najlep\u0161om stave nielen po\u010das z\u00e1ru\u010dnej doby, ale aj po jej uplynut\u00ed. Sme tu, aby sme v\u00e1m poskytli kompletn\u00fa starostlivos\u0165 a podporu, ktor\u00fa potrebujete na udr\u017eanie va\u0161ich projektov v optim\u00e1lnom stave. S na\u0161\u00edm t\u00edmom a \u0161irokou \u0161k\u00e1lou slu\u017eieb sme pripraven\u00ed rie\u0161i\u0165 ak\u00e9ko\u013evek probl\u00e9my, alebo potreby \u00fadr\u017eby, ktor\u00e9 by sa mohli vyskytn\u00fa\u0165. Nez\u00e1le\u017e\u00ed na tom, ak\u00e9 n\u00e1ro\u010dn\u00e9 alebo jednoduch\u00e9 je V\u00e1\u0161 projekt sme tu, aby sme v\u00e1m poskytli individu\u00e1lnu starostlivos\u0165 a servis, ktor\u00fd bude zodpoveda\u0165 va\u0161im po\u017eiadavk\u00e1m. Va\u0161a<br>spokojnos\u0165 je pre n\u00e1s k\u013e\u00fa\u010dov\u00e1, a preto sa budeme sna\u017ei\u0165 prekro\u010di\u0165 va\u0161e o\u010dak\u00e1vania v ka\u017edom jednom kroku. S d\u00f4razom na kvalitu a z\u00e1kazn\u00edcku orient\u00e1ciu sme v\u00e1\u0161 spo\u013eahliv\u00fd partner pre z\u00e1ru\u010dn\u00fd a poz\u00e1ru\u010dn\u00fd servis.<\/p>\n<\/div><\/div>\n","protected":false},"excerpt":{"rendered":"<p>3dFlex je va\u0161\u00edm spo\u013eahliv\u00fdm partnerom nielen v procese realiz\u00e1cie projektov, ale aj po ich dokon\u010den\u00ed. Poskytujeme komplexn\u00fd z\u00e1ru\u010dn\u00fd a poz\u00e1ru\u010dn\u00fd servis pre v\u0161etky projekty, ktor\u00e9 sme realizovali. Na\u0161a spolo\u010dnos\u0165 je zaviazan\u00e1 k tomu, aby sme zabezpe\u010dili, \u017ee va\u0161e projekty bud\u00fa v najlep\u0161om stave nielen po\u010das z\u00e1ru\u010dnej doby, ale aj po jej uplynut\u00ed. Sme tu, aby [&hellip;]<\/p>\n","protected":false},"author":1,"featured_media":0,"parent":0,"menu_order":0,"comment_status":"closed","ping_status":"closed","template":"","meta":{"ngg_post_thumbnail":0,"footnotes":""},"class_list":["post-1200","page","type-page","status-publish","hentry","post"],"_links":{"self":[{"href":"https:\/\/www.3dflex.sk\/web\/index.php\/wp-json\/wp\/v2\/pages\/1200","targetHints":{"allow":["GET"]}}],"collection":[{"href":"https:\/\/www.3dflex.sk\/web\/index.php\/wp-json\/wp\/v2\/pages"}],"about":[{"href":"https:\/\/www.3dflex.sk\/web\/index.php\/wp-json\/wp\/v2\/types\/page"}],"author":[{"embeddable":true,"href":"https:\/\/www.3dflex.sk\/web\/index.php\/wp-json\/wp\/v2\/users\/1"}],"replies":[{"embeddable":true,"href":"https:\/\/www.3dflex.sk\/web\/index.php\/wp-json\/wp\/v2\/comments?post=1200"}],"version-history":[{"count":6,"href":"https:\/\/www.3dflex.sk\/web\/index.php\/wp-json\/wp\/v2\/pages\/1200\/revisions"}],"predecessor-version":[{"id":1409,"href":"https:\/\/www.3dflex.sk\/web\/index.php\/wp-json\/wp\/v2\/pages\/1200\/revisions\/1409"}],"wp:attachment":[{"href":"https:\/\/www.3dflex.sk\/web\/index.php\/wp-json\/wp\/v2\/media?parent=1200"}],"curies":[{"name":"wp","href":"https:\/\/api.w.org\/{rel}","templated":true}]}}