{"id":1355,"date":"2024-03-10T10:06:28","date_gmt":"2024-03-10T09:06:28","guid":{"rendered":"https:\/\/www.3dflex.sk\/web\/?page_id=1355"},"modified":"2024-03-10T10:26:03","modified_gmt":"2024-03-10T09:26:03","slug":"kontakty","status":"publish","type":"page","link":"https:\/\/www.3dflex.sk\/web\/index.php\/kontakty\/","title":{"rendered":"Kontakty"},"content":{"rendered":"\n<div class=\"wp-block-columns is-layout-flex wp-container-core-columns-is-layout-9d6595d7 wp-block-columns-is-layout-flex\">\n<div class=\"wp-block-column is-layout-flow wp-block-column-is-layout-flow\">\n<h6 class=\"wp-block-heading has-large-font-size\"><strong>Telef\u00f3n<\/strong><\/h6>\n\n\n\n<p>+421940310730<br>+421907346432<br>+421940310730 WhatsApp<\/p>\n<\/div>\n\n\n\n<div class=\"wp-block-column is-layout-flow wp-block-column-is-layout-flow\">\n<h6 class=\"wp-block-heading has-large-font-size\"><strong>Email<\/strong><\/h6>\n\n\n\n<p><a href=\"mailto:3dflexinfo@gmail.com\">3dflexinfo@gmail.com<\/a><\/p>\n<\/div>\n<\/div>\n\n\n\n<div class=\"wp-block-columns is-layout-flex wp-container-core-columns-is-layout-9d6595d7 wp-block-columns-is-layout-flex\">\n<div class=\"wp-block-column is-layout-flow wp-block-column-is-layout-flow\">\n<h6 class=\"wp-block-heading has-large-font-size\"><strong>Adresa<\/strong><\/h6>\n\n\n\n<p>Rev\u00fa\u010dka 236, 050 01 Rev\u00faca<\/p>\n<\/div>\n\n\n\n<div class=\"wp-block-column is-layout-flow wp-block-column-is-layout-flow\">\n<h6 class=\"wp-block-heading has-large-font-size\"><strong>Pracovn\u00e9 hodiny<\/strong><\/h6>\n\n\n\n<p>8:00 hod. &#8211; 14:00 hod.<\/p>\n<\/div>\n<\/div>\n\n\n\n<iframe src=\"https:\/\/www.google.com\/maps\/embed?pb=!1m18!1m12!1m3!1d10531.732930946811!2d20.12013757621809!3d48.70675710124401!2m3!1f0!2f0!3f0!3m2!1i1024!2i768!4f13.1!3m3!1m2!1s0x473fc675dfc4d33d%3A0xa00f7d44d302450!2zMDUwIDAxIFJldsO6Y2EtUmV2w7rEjWth!5e0!3m2!1ssk!2ssk!4v1710062701996!5m2!1ssk!2ssk\" width=\"600\" height=\"450\" style=\"border:0;\" allowfullscreen=\"\" loading=\"lazy\" referrerpolicy=\"no-referrer-when-downgrade\"><\/iframe>\n","protected":false},"excerpt":{"rendered":"<p>Telef\u00f3n +421940310730+421907346432+421940310730 WhatsApp Email 3dflexinfo@gmail.com Adresa Rev\u00fa\u010dka 236, 050 01 Rev\u00faca Pracovn\u00e9 hodiny 8:00 hod. &#8211; 14:00 hod.<\/p>\n","protected":false},"author":1,"featured_media":0,"parent":0,"menu_order":0,"comment_status":"closed","ping_status":"closed","template":"","meta":{"ngg_post_thumbnail":0,"footnotes":""},"class_list":["post-1355","page","type-page","status-publish","hentry","post"],"_links":{"self":[{"href":"https:\/\/www.3dflex.sk\/web\/index.php\/wp-json\/wp\/v2\/pages\/1355","targetHints":{"allow":["GET"]}}],"collection":[{"href":"https:\/\/www.3dflex.sk\/web\/index.php\/wp-json\/wp\/v2\/pages"}],"about":[{"href":"https:\/\/www.3dflex.sk\/web\/index.php\/wp-json\/wp\/v2\/types\/page"}],"author":[{"embeddable":true,"href":"https:\/\/www.3dflex.sk\/web\/index.php\/wp-json\/wp\/v2\/users\/1"}],"replies":[{"embeddable":true,"href":"https:\/\/www.3dflex.sk\/web\/index.php\/wp-json\/wp\/v2\/comments?post=1355"}],"version-history":[{"count":4,"href":"https:\/\/www.3dflex.sk\/web\/index.php\/wp-json\/wp\/v2\/pages\/1355\/revisions"}],"predecessor-version":[{"id":1361,"href":"https:\/\/www.3dflex.sk\/web\/index.php\/wp-json\/wp\/v2\/pages\/1355\/revisions\/1361"}],"wp:attachment":[{"href":"https:\/\/www.3dflex.sk\/web\/index.php\/wp-json\/wp\/v2\/media?parent=1355"}],"curies":[{"name":"wp","href":"https:\/\/api.w.org\/{rel}","templated":true}]}}