{"id":1373,"date":"2024-03-20T18:58:55","date_gmt":"2024-03-20T17:58:55","guid":{"rendered":"https:\/\/www.3dflex.sk\/web\/?page_id=1373"},"modified":"2024-03-20T19:08:06","modified_gmt":"2024-03-20T18:08:06","slug":"revizia-ihrisk","status":"publish","type":"page","link":"https:\/\/www.3dflex.sk\/web\/index.php\/revizia-ihrisk\/","title":{"rendered":"Rev\u00edzia ihr\u00edsk"},"content":{"rendered":"\n<div class=\"wp-block-media-text is-stacked-on-mobile\" style=\"grid-template-columns:39% auto\"><figure class=\"wp-block-media-text__media\"><img fetchpriority=\"high\" decoding=\"async\" width=\"623\" height=\"628\" src=\"https:\/\/www.3dflex.sk\/web\/wp-content\/uploads\/2024\/03\/revizia_ihrisk.jpg\" alt=\"\" class=\"wp-image-1374 size-full\" srcset=\"https:\/\/www.3dflex.sk\/web\/wp-content\/uploads\/2024\/03\/revizia_ihrisk.jpg 623w, https:\/\/www.3dflex.sk\/web\/wp-content\/uploads\/2024\/03\/revizia_ihrisk-298x300.jpg 298w, https:\/\/www.3dflex.sk\/web\/wp-content\/uploads\/2024\/03\/revizia_ihrisk-150x150.jpg 150w, https:\/\/www.3dflex.sk\/web\/wp-content\/uploads\/2024\/03\/revizia_ihrisk-600x605.jpg 600w, https:\/\/www.3dflex.sk\/web\/wp-content\/uploads\/2024\/03\/revizia_ihrisk-100x100.jpg 100w\" sizes=\"(max-width: 623px) 100vw, 623px\" \/><\/figure><div class=\"wp-block-media-text__content\">\n<p class=\"has-medium-font-size\">3dFlex spolupracuje s&nbsp;firmou :<\/p>\n\n\n\n<p class=\"has-medium-font-size\">Mgr. J\u00e1n Fat\u013ea ktor\u00e1 sa zaober\u00e1 in\u0161pek\u010dnou \u010dinnos\u0165ou detsk\u00fdch ihr\u00edsk, multifunk\u010dn\u00fdch ihr\u00edsk, workoutov\u00fdch ihr\u00edsk.<\/p>\n\n\n\n<p class=\"has-medium-font-size\">V\u00a0pr\u00edpade potreby kontaktujte priamo majite\u013ea firmy :<\/p>\n\n\n\n<p class=\"has-medium-font-size\">Mgr. J\u00e1n Fat\u013ea <\/p>\n\n\n\n<p class=\"has-medium-font-size\">tel. \u010d\u00edslo +421905849058 <\/p>\n\n\n\n<p class=\"has-medium-font-size\">email : <a href=\"mailto:fatlajan@gmail.com\" target=\"_blank\" rel=\"noopener\" title=\"\">fatlajan@gmail.com&nbsp;<\/a><\/p>\n<\/div><\/div>\n\n\n\n<p class=\"has-medium-font-size\"><strong>Povinn\u00e1 ka\u017edoro\u010dn\u00e1 odborn\u00e1 prehliadka detsk\u00e9ho ihriska.<\/strong><\/p>\n\n\n\n<p>Na z\u00e1klade Smernice o&nbsp;v\u0161eobecnej bezpe\u010dnosti v\u00fdrobkov (2001\/95\/ES) implementovanej do z\u00e1kona \u010d. 250\/2007 Z. z. o&nbsp;ochrane spotrebite\u013ea a&nbsp; nariadenia vl\u00e1dy \u010d. 404\/2007 Z. z. o&nbsp;v\u0161eobecnej bezpe\u010dnosti v\u00fdrobkov a&nbsp; na z\u00e1klade technick\u00fdch noriem STN EN 16&nbsp;630, STN EN 1177 a&nbsp; STN EN 1176 &#8211; 7 kontroln\u00e1 \u010dinnos\u0165 s&nbsp;plnou zodpovednos\u0165ou prev\u00e1dzkovate\u013ea z&nbsp;roku 2009, Vyhl\u00e1\u0161ky MZ 525 \/ 2007 Z. z a 527\/ 2007 Z. z. o&nbsp;podrobnostiach a&nbsp;po\u017eiadavk\u00e1ch na zariadenie pre det\u00ed a ml\u00e1de\u017e sa vykon\u00e1va pravideln\u00e1 kontrola detsk\u00e9ho ihriska so zameran\u00edm na nedostatky vyu\u017e\u00edvan\u00e9 pou\u017e\u00edvan\u00edm zariadenia detsk\u00e9ho ihriska alebo in\u00e9ho pr\u00edslu\u0161enstva detsk\u00e9ho ihriska, nespr\u00e1vnou alebo nedostato\u010dnou \u00fadr\u017ebou, poveternostn\u00fdmi vplyvmi alebo vandalizmom.<\/p>\n\n\n\n<p class=\"has-medium-font-size\"><\/p>\n\n\n<div class=\"wp-block-image\">\n<figure class=\"aligncenter size-large\"><img decoding=\"async\" width=\"724\" height=\"1024\" src=\"https:\/\/www.3dflex.sk\/web\/wp-content\/uploads\/2024\/03\/Page-1-724x1024.jpg\" alt=\"\" class=\"wp-image-1375\" srcset=\"https:\/\/www.3dflex.sk\/web\/wp-content\/uploads\/2024\/03\/Page-1-724x1024.jpg 724w, https:\/\/www.3dflex.sk\/web\/wp-content\/uploads\/2024\/03\/Page-1-212x300.jpg 212w, https:\/\/www.3dflex.sk\/web\/wp-content\/uploads\/2024\/03\/Page-1-768x1086.jpg 768w, https:\/\/www.3dflex.sk\/web\/wp-content\/uploads\/2024\/03\/Page-1-600x849.jpg 600w, https:\/\/www.3dflex.sk\/web\/wp-content\/uploads\/2024\/03\/Page-1.jpg 794w\" sizes=\"(max-width: 724px) 100vw, 724px\" \/><\/figure>\n<\/div>","protected":false},"excerpt":{"rendered":"<p>3dFlex spolupracuje s&nbsp;firmou : Mgr. J\u00e1n Fat\u013ea ktor\u00e1 sa zaober\u00e1 in\u0161pek\u010dnou \u010dinnos\u0165ou detsk\u00fdch ihr\u00edsk, multifunk\u010dn\u00fdch ihr\u00edsk, workoutov\u00fdch ihr\u00edsk. V\u00a0pr\u00edpade potreby kontaktujte priamo majite\u013ea firmy : Mgr. J\u00e1n Fat\u013ea tel. \u010d\u00edslo +421905849058 email : fatlajan@gmail.com&nbsp; Povinn\u00e1 ka\u017edoro\u010dn\u00e1 odborn\u00e1 prehliadka detsk\u00e9ho ihriska. Na z\u00e1klade Smernice o&nbsp;v\u0161eobecnej bezpe\u010dnosti v\u00fdrobkov (2001\/95\/ES) implementovanej do z\u00e1kona \u010d. 250\/2007 Z. z. o&nbsp;ochrane [&hellip;]<\/p>\n","protected":false},"author":1,"featured_media":0,"parent":0,"menu_order":0,"comment_status":"closed","ping_status":"closed","template":"","meta":{"ngg_post_thumbnail":0,"footnotes":""},"class_list":["post-1373","page","type-page","status-publish","hentry","post"],"_links":{"self":[{"href":"https:\/\/www.3dflex.sk\/web\/index.php\/wp-json\/wp\/v2\/pages\/1373","targetHints":{"allow":["GET"]}}],"collection":[{"href":"https:\/\/www.3dflex.sk\/web\/index.php\/wp-json\/wp\/v2\/pages"}],"about":[{"href":"https:\/\/www.3dflex.sk\/web\/index.php\/wp-json\/wp\/v2\/types\/page"}],"author":[{"embeddable":true,"href":"https:\/\/www.3dflex.sk\/web\/index.php\/wp-json\/wp\/v2\/users\/1"}],"replies":[{"embeddable":true,"href":"https:\/\/www.3dflex.sk\/web\/index.php\/wp-json\/wp\/v2\/comments?post=1373"}],"version-history":[{"count":5,"href":"https:\/\/www.3dflex.sk\/web\/index.php\/wp-json\/wp\/v2\/pages\/1373\/revisions"}],"predecessor-version":[{"id":1382,"href":"https:\/\/www.3dflex.sk\/web\/index.php\/wp-json\/wp\/v2\/pages\/1373\/revisions\/1382"}],"wp:attachment":[{"href":"https:\/\/www.3dflex.sk\/web\/index.php\/wp-json\/wp\/v2\/media?parent=1373"}],"curies":[{"name":"wp","href":"https:\/\/api.w.org\/{rel}","templated":true}]}}