{"id":3,"date":"2024-02-03T12:26:44","date_gmt":"2024-02-03T11:26:44","guid":{"rendered":"https:\/\/www.3dflex.sk\/web\/?page_id=3"},"modified":"2024-02-17T11:01:06","modified_gmt":"2024-02-17T10:01:06","slug":"ochrana-sukromia","status":"publish","type":"page","link":"https:\/\/www.3dflex.sk\/web\/index.php\/ochrana-sukromia\/","title":{"rendered":"Z\u00e1sady ochrany osobn\u00fdch \u00fadajov"},"content":{"rendered":"\n<p>I. Z\u00e1kladn\u00e9 ustanovenia<\/p>\n\n\n\n<ol class=\"wp-block-list\">\n<li>Prev\u00e1dzkovate\u013eom osobn\u00fdch \u00fadajov pod\u013ea \u00a7 5 p\u00edsm. o) z\u00e1kona \u010d. 18\/2018 Z.z. o ochrane<br>osobn\u00fdch \u00fadajov v znen\u00ed neskor\u0161\u00edch predpisov (\u010falej len \u201eZ\u00e1kon\u201c) je Paluza, s.r.o. I\u010cO:<br>48143073 so s\u00eddlom Rev\u00fa\u010dka 198, 050 01 Rev\u00faca<br>(\u010falej len: \u201eprev\u00e1dzkovate\u013e\u201c).<\/li>\n\n\n\n<li>Kontaktn\u00e9 \u00fadaje prev\u00e1dzkovate\u013ea s\u00fa<br>adresa: Rev\u00fa\u010dka 198, 050 01 Rev\u00faca<br>email: info@paluza.sk<br>telef\u00f3n: +421 940 310 730, +421 903 667 212<\/li>\n\n\n\n<li>Osobn\u00fdmi \u00fadajmi sa rozumej\u00fa v\u0161etky inform\u00e1cie o identifikovanej alebo identifikovate\u013enej<br>fyzickej osobe; identifikovate\u013enou fyzickou osobou je fyzick\u00e1 osoba, ktor\u00fa mo\u017eno priamo \u010di<br>nepriamo identifikova\u0165, najm\u00e4 odkazom na ur\u010dit\u00fd identifik\u00e1tor, napr\u00edklad meno, identifika\u010dn\u00e9<br>\u010d\u00edslo, lokaliza\u010dn\u00e9 \u00fadaje, sie\u0165ov\u00fd identifik\u00e1tor alebo odkazom na jeden \u010di viac zvl\u00e1\u0161tnych<br>prvkov fyzickej, fyziologickej, genetickej, psychickej, ekonomickej, kult\u00farnej alebo<br>spolo\u010denskej identity tejto fyzickej osoby.<\/li>\n\n\n\n<li>Prev\u00e1dzkovate\u013e nevymenoval \/ vymenoval zodpovedn\u00fa osobu pre ochranu osobn\u00fdch<br>\u00fadajov. Kontaktn\u00fdmi \u00fadajmi zodpovednej osoby s\u00fa:<br>II. Zdroje a kateg\u00f3rie spracov\u00e1van\u00fdch osobn\u00fdch \u00fadajov<\/li>\n\n\n\n<li>Prev\u00e1dzkovate\u013e spracov\u00e1va osobn\u00e9 \u00fadaje, ktor\u00e9 ste mu poskytol\/la alebo osobn\u00e9 \u00fadaje,<br>ktor\u00e9 prev\u00e1dzkovate\u013e z\u00edskal na z\u00e1klade plnenia Va\u0161ej objedn\u00e1vky.<\/li>\n\n\n\n<li>Prev\u00e1dzkovate\u013e spracov\u00e1va Va\u0161e identifika\u010dn\u00e9 a kontaktn\u00e9 \u00fadaje a \u00fadaje nutn\u00e9 pre plnenie<br>zmluvy.<br>III. Z\u00e1konn\u00fd d\u00f4vod a \u00fa\u010del spracovania osobn\u00fdch \u00fadajov<\/li>\n\n\n\n<li>Z\u00e1konn\u00fdm d\u00f4vodom spracovania osobn\u00fdch \u00fadajov je<br>\uf0b7 plnenie zmluvy medzi Vami a prev\u00e1dzkovate\u013eom pod\u013ea \u00a7 13 ods. 1 p\u00edsm. b) Z\u00e1kona,<br>\uf0b7 opr\u00e1vnen\u00fd z\u00e1ujem prev\u00e1dzkovate\u013ea na poskytovan\u00ed priameho marketingu (najm\u00e4 pre<br>zasielanie obchodn\u00fdch oznamov a newsletterov) pod\u013ea \u00a7 13 ods. 1 p\u00edsm. f) Z\u00e1kona,<br>\uf0b7 V\u00e1\u0161 s\u00fahlas so spracovan\u00edm pre \u00fa\u010dely poskytovania priameho marketingu (najm\u00e4 pre<br>zasielanie obchodn\u00fdch oznamov a newsletterov) pod\u013ea \u00a7 13 ods. 1 p\u00edsm. a) Z\u00e1kona<\/li>\n\n\n\n<li>\u00da\u010delom spracovania osobn\u00fdch \u00fadajov je<br>\uf0b7 vybavenie Va\u0161ej objedn\u00e1vky a v\u00fdkon pr\u00e1v a povinnost\u00ed vypl\u00fdvaj\u00facich zo zmluvn\u00e9ho<br>vz\u0165ahu medzi Vami a prev\u00e1dzkovate\u013eom; pri objedn\u00e1vke s\u00fa vy\u017eadovan\u00e9 osobn\u00e9<br>\u00fadaje, ktor\u00e9 s\u00fa nutn\u00e9 pre \u00faspe\u0161n\u00e9 vybavenie objedn\u00e1vky (meno a adresa, kontakt),<br>poskytnutie osobn\u00fdch \u00fadajov je nutnou po\u017eiadavkou pre uzavretie a plnenie zmluvy,<br>bez poskytnutia osobn\u00fdch \u00fadajov nie je mo\u017en\u00e9 zmluvu uzavrie\u0165 \u010di ju zo strany<br>prev\u00e1dzkovate\u013ea plni\u0165,<br>\uf0b7 zasielanie obchodn\u00fdch oznamov a v\u00fdkon \u010fal\u0161\u00edch marketingov\u00fdch aktiv\u00edt.<\/li>\n\n\n\n<li>Zo strany prev\u00e1dzkovate\u013ea nedoch\u00e1dza \/ doch\u00e1dza k automatick\u00e9mu individu\u00e1lnemu<br>rozhodovaniu v zmysle \u00a7 28 Z\u00e1kona. S tak\u00fdm spracovan\u00edm ste poskytol\/la svoj v\u00fdslovn\u00fd<br>s\u00fahlas.<br>IV. Doba uchov\u00e1vania osobn\u00fdch \u00fadajov<\/li>\n\n\n\n<li>Prev\u00e1dzkovate\u013e uchov\u00e1va osobn\u00e9 \u00fadaje<br>\uf0b7 po dobu nevyhnutn\u00fa k v\u00fdkonu pr\u00e1v a povinnost\u00ed vypl\u00fdvaj\u00facich zo zmluvn\u00e9ho vz\u0165ahu<br>medzi Vami a prev\u00e1dzkovate\u013eom a uplat\u0148ovanie n\u00e1rokov z t\u00fdchto zmluvn\u00fdch vz\u0165ahov<br>(po dobu 15 rokov od ukon\u010den\u00ed zmluvn\u00e9ho vz\u0165ahu).<br>\uf0b7 po dobu, ne\u017e je odvolan\u00fd s\u00fahlas so spracovan\u00edm osobn\u00fdch \u00fadajov pre \u00fa\u010dely<br>marketingu, najdlh\u0161ie<\/li>\n\n\n\n<li>Po uplynut\u00ed doby uchov\u00e1vania osobn\u00fdch \u00fadajov prev\u00e1dzkovate\u013e osobn\u00e9 \u00fadaje vyma\u017ee.<br>V. Pr\u00edjemcovia osobn\u00fdch \u00fadajov (subdod\u00e1vatelia prev\u00e1dzkovate\u013ea)<\/li>\n\n\n\n<li>Pr\u00edjemcovia osobn\u00fdch \u00fadajov s\u00fa osoby<br>\uf0b7 Podie\u013eaj\u00face sa na dod\u00e1van\u00ed tovaru \/ slu\u017eieb \/ realiz\u00e1cii platieb na z\u00e1klade zmluvy,<br>\uf0b7 zais\u0165uj\u00face slu\u017eby prev\u00e1dzkovania e-shopu (Shoptet) a \u010fal\u0161ie slu\u017eby v s\u00favislosti<br>s prev\u00e1dzkovan\u00edm e-shopu,<br>\uf0b7 zais\u0165uj\u00face marketingov\u00e9 slu\u017eby.<\/li>\n\n\n\n<li>Prev\u00e1dzkovate\u013e nem\u00e1 \/ m\u00e1 v \u00famysle odovzda\u0165 osobn\u00e9 \u00fadaje do tretej krajiny (do krajiny<br>mimo EU) alebo medzin\u00e1rodnej organiz\u00e1cii. Pr\u00edjemcovia osobn\u00fdch \u00fadajov v tret\u00edch krajin\u00e1ch<br>s\u00fa poskytovatelia mailingov\u00fdch slu\u017eieb \/ cloudov\u00fdch slu\u017eieb.<br>VI. Va\u0161e pr\u00e1va<\/li>\n\n\n\n<li>Za podmienok stanoven\u00fdch v Z\u00e1kone m\u00e1te<br>\uf0b7 pr\u00e1vo na pr\u00edstup ku svoj\u00edm osobn\u00fdm \u00fadajom pod\u013ea \u00a7 21 Z\u00e1kona,<br>\uf0b7 pr\u00e1vo na opravu osobn\u00fdch \u00fadajov pod\u013ea \u00a7 22 Z\u00e1kona, popr\u00edpade obmedzenie<br>spracovania pod\u013ea \u00a7 24 Z\u00e1kona,<br>\uf0b7 pr\u00e1vo na v\u00fdmaz osobn\u00fdch \u00fadajov pod\u013ea \u00a7 23 Z\u00e1kona,<br>\uf0b7 pr\u00e1vo vznies\u0165 n\u00e1mietku proti spracovaniu pod\u013ea \u00a7 27 Z\u00e1kona,<br>\uf0b7 pr\u00e1vo na prenosite\u013enos\u0165 \u00fadajov pod\u013ea \u00a7 26 Z\u00e1kona,<br>\uf0b7 pr\u00e1vo odvola\u0165 s\u00fahlas so spracovan\u00edm p\u00edsomne alebo elektronicky na adresu alebo<br>email prev\u00e1dzkovate\u013ea uveden\u00fd v \u010dl. III t\u00fdchto podmienok.<\/li>\n\n\n\n<li>\u010ealej m\u00e1te pr\u00e1vo poda\u0165 s\u0165a\u017enos\u0165 u \u00daradu pre ochranu osobn\u00fdch \u00fadajov v pr\u00edpade, \u017ee sa<br>domnievate, \u017ee bolo poru\u0161en\u00e9 Va\u0161e pr\u00e1vo na ochranu osobn\u00fdch \u00fadajov.<br>VII. Podmienky zabezpe\u010den\u00ed osobn\u00fdch \u00fadajov<br>1.Prev\u00e1dzkovate\u013e prehlasuje, \u017ee prijal v\u0161etky vhodn\u00e9 technick\u00e9 a organiza\u010dn\u00e9 opatrenia<br>k zabezpe\u010deniu osobn\u00fdch \u00fadajov.<\/li>\n\n\n\n<li>Prev\u00e1dzkovate\u013e prijal technick\u00e9 opatren\u00ed k zabezpe\u010deniu d\u00e1tov\u00fdch \u00falo\u017e\u00edsk a \u00falo\u017e\u00edsk<br>osobn\u00fdch \u00fadajov v listinnej podobe, najm\u00e4 \u2026<\/li>\n\n\n\n<li>Prev\u00e1dzkovate\u013e prehlasuje, \u017ee k osobn\u00fdm \u00fadajom maj\u00fa pr\u00edstup len n\u00edm poveren\u00e9 osoby.<br>VIII. Z\u00e1vere\u010dn\u00e9 ustanovenia<\/li>\n\n\n\n<li>Odoslan\u00edm objedn\u00e1vky z internetov\u00e9ho objedn\u00e1vkov\u00e9ho formul\u00e1ra potvrdzujete, \u017ee ste<br>obozn\u00e1men\u00fd\/\u00e1 s podmienkami ochrany osobn\u00fdch \u00fadajov a \u017ee ich v celom rozsahu prij\u00edmate.<\/li>\n\n\n\n<li>S t\u00fdmito podmienkami s\u00fahlas\u00edte za\u0161krtnut\u00edm s\u00fahlasu prostredn\u00edctvom internetov\u00e9ho<br>formul\u00e1ra. Za\u0161krtnut\u00edm s\u00fahlasu potvrdzujete, \u017ee ste obozn\u00e1men\u00fd\/obozn\u00e1men\u00e1 s podmienkami<br>ochrany osobn\u00fdch \u00fadajov a \u017ee ich v celom rozsahu prij\u00edmate.<\/li>\n\n\n\n<li>Prev\u00e1dzkovate\u013e je opr\u00e1vnen\u00fd tieto podmienky zmeni\u0165. Nov\u00fa verziu podmienok ochrany<br>osobn\u00fdch \u00fadajov zverejn\u00ed na svojich internetov\u00fdch str\u00e1nkach a z\u00e1rove\u0148 V\u00e1m za\u0161le nov\u00fa<br>verziu t\u00fdchto podmienok na Va\u0161u e-mailov\u00fa adresu, ktor\u00fa ste prev\u00e1dzkovate\u013eovi poskytol\/la.<br>Tieto podmienky nadob\u00fadaj\u00fa \u00fa\u010dinnos\u0165 d\u0148a 11.11.2020.<\/li>\n<\/ol>\n","protected":false},"excerpt":{"rendered":"<p>I. Z\u00e1kladn\u00e9 ustanovenia<\/p>\n","protected":false},"author":1,"featured_media":0,"parent":0,"menu_order":0,"comment_status":"closed","ping_status":"open","template":"","meta":{"ngg_post_thumbnail":0,"footnotes":""},"class_list":["post-3","page","type-page","status-publish","hentry","post"],"_links":{"self":[{"href":"https:\/\/www.3dflex.sk\/web\/index.php\/wp-json\/wp\/v2\/pages\/3","targetHints":{"allow":["GET"]}}],"collection":[{"href":"https:\/\/www.3dflex.sk\/web\/index.php\/wp-json\/wp\/v2\/pages"}],"about":[{"href":"https:\/\/www.3dflex.sk\/web\/index.php\/wp-json\/wp\/v2\/types\/page"}],"author":[{"embeddable":true,"href":"https:\/\/www.3dflex.sk\/web\/index.php\/wp-json\/wp\/v2\/users\/1"}],"replies":[{"embeddable":true,"href":"https:\/\/www.3dflex.sk\/web\/index.php\/wp-json\/wp\/v2\/comments?post=3"}],"version-history":[{"count":1,"href":"https:\/\/www.3dflex.sk\/web\/index.php\/wp-json\/wp\/v2\/pages\/3\/revisions"}],"predecessor-version":[{"id":311,"href":"https:\/\/www.3dflex.sk\/web\/index.php\/wp-json\/wp\/v2\/pages\/3\/revisions\/311"}],"wp:attachment":[{"href":"https:\/\/www.3dflex.sk\/web\/index.php\/wp-json\/wp\/v2\/media?parent=3"}],"curies":[{"name":"wp","href":"https:\/\/api.w.org\/{rel}","templated":true}]}}