{"id":325,"date":"2024-02-17T21:31:26","date_gmt":"2024-02-17T20:31:26","guid":{"rendered":"https:\/\/www.3dflex.sk\/web\/?page_id=325"},"modified":"2024-03-10T11:42:06","modified_gmt":"2024-03-10T10:42:06","slug":"epdm-dosky","status":"publish","type":"page","link":"https:\/\/www.3dflex.sk\/web\/index.php\/elementor-18\/epdm-dosky\/","title":{"rendered":"EPDM Dosky"},"content":{"rendered":"\n<h2 class=\"wp-block-heading\"><strong>EPDM povrchy detsk\u00fdch ihr\u00edsk &#8211; cena polyuret\u00e1nov\u00fdch dosiek<\/strong><\/h2>\n\n\n\n<p>Gumov\u00e9 dla\u017edice detsk\u00fdch ihr\u00edsk EPDM Flexizone zaru\u010duj\u00fa najvy\u0161\u0161\u00ed \u0161tandard bezpe\u010dnosti &#8211; bud\u00fa dobre fungova\u0165 na miestach, kde podklad mus\u00ed sp\u013a\u0148a\u0165 pr\u00edsne bezpe\u010dnostn\u00e9 normy &#8211; m\u00e1me na mysli v\u0161etky vonkaj\u0161ie ihrisk\u00e1. Na\u0161e <strong>EPDM gumov\u00e9 dla\u017edice na ihrisko<\/strong> maj\u00fa dvojvrstvov\u00fa \u0161trukt\u00faru. Ich jadro je vyroben\u00e9 z granul\u00e1tu, zatia\u013e \u010do povrchov\u00fa vrstvu tvor\u00ed vysoko pru\u017en\u00e1 guma. Okrem toho, \u017ee zaru\u010duj\u00fa bezpe\u010dnos\u0165, maj\u00fa ve\u013ek\u00e9 estetick\u00e9 hodnoty, ako je \u0161irok\u00e1 \u0161k\u00e1la intenz\u00edvnych farieb \u2013 \u010do je d\u00f4le\u017eit\u00e9 pri povzbudzovan\u00ed det\u00ed k hre. V\u010faka na\u0161im povrchom s\u00fa ihrisk\u00e1 radostn\u00e9, farebn\u00e9 a o\u010daruj\u00face.<\/p>\n\n\n\n<p><strong>Gumov\u00e9 dla\u017edice na detsk\u00e9 ihrisko<\/strong><\/p>\n\n\n\n<p>A \u010do viac &#8211; tieto farby nebledn\u00fa, vyzna\u010duj\u00fa sa nadpriemernou odolnos\u0165ou vo\u010di \u0161kodliv\u00fdm UV l\u00fa\u010dom a n\u00e1ro\u010dn\u00fdm poveternostn\u00fdm podmienkam, s\u00fa odoln\u00e9 vo\u010di mrazu a po da\u017edi ve\u013emi r\u00fdchlo schn\u00fa.<\/p>\n\n\n<div data-block-name=\"woocommerce\/product-category\" data-categories=\"[41]\" data-rows=\"4\" class=\"wc-block-grid wp-block-product-category wp-block-woocommerce-product-category wc-block-product-category has-3-columns has-multiple-rows\"><ul class=\"wc-block-grid__products\"><li class=\"wc-block-grid__product\">\n\t\t\t\t<a href=\"https:\/\/www.3dflex.sk\/web\/index.php\/produkt\/gumova-doska-epdm-110-mm\/\" class=\"wc-block-grid__product-link\">\n\t\t\t\t\t\n\t\t\t\t\t<div class=\"wc-block-grid__product-image\"><img fetchpriority=\"high\" decoding=\"async\" width=\"300\" height=\"300\" src=\"https:\/\/www.3dflex.sk\/web\/wp-content\/uploads\/2024\/02\/plyta-gumowa-epdm-110mm-300x300.jpg\" class=\"attachment-woocommerce_thumbnail size-woocommerce_thumbnail\" alt=\"Gumov\u00e1 doska  EPDM 110 mm\" srcset=\"https:\/\/www.3dflex.sk\/web\/wp-content\/uploads\/2024\/02\/plyta-gumowa-epdm-110mm-300x300.jpg 300w, https:\/\/www.3dflex.sk\/web\/wp-content\/uploads\/2024\/02\/plyta-gumowa-epdm-110mm-150x150.jpg 150w, https:\/\/www.3dflex.sk\/web\/wp-content\/uploads\/2024\/02\/plyta-gumowa-epdm-110mm-768x768.jpg 768w, https:\/\/www.3dflex.sk\/web\/wp-content\/uploads\/2024\/02\/plyta-gumowa-epdm-110mm-600x600.jpg 600w, https:\/\/www.3dflex.sk\/web\/wp-content\/uploads\/2024\/02\/plyta-gumowa-epdm-110mm-100x100.jpg 100w, https:\/\/www.3dflex.sk\/web\/wp-content\/uploads\/2024\/02\/plyta-gumowa-epdm-110mm.jpg 1000w\" sizes=\"(max-width: 300px) 100vw, 300px\" \/><\/div>\n\t\t\t\t\t<div class=\"wc-block-grid__product-title\">Gumov\u00e1 doska  EPDM 110 mm<\/div>\n\t\t\t\t<\/a>\n\t\t\t\t<div class=\"wc-block-grid__product-price price\"><\/div>\n\t\t\t\t\n\t\t\t\t<div class=\"wp-block-button wc-block-grid__product-add-to-cart\"><a href=\"https:\/\/www.3dflex.sk\/web\/index.php\/produkt\/gumova-doska-epdm-110-mm\/\" aria-label=\"V\u00fdber nastaven\u00ed pre &ldquo;Gumov\u00e1 doska  EPDM 110 mm&rdquo;\" data-quantity=\"1\" data-product_id=\"443\" data-product_sku=\"\" data-price=\"0\" rel=\"nofollow\" class=\"wp-block-button__link  add_to_cart_button\">Viac info<\/a><\/div>\n\t\t\t<\/li><li class=\"wc-block-grid__product\">\n\t\t\t\t<a href=\"https:\/\/www.3dflex.sk\/web\/index.php\/produkt\/gumova-doska-epdm-90-mm\/\" class=\"wc-block-grid__product-link\">\n\t\t\t\t\t\n\t\t\t\t\t<div class=\"wc-block-grid__product-image\"><img decoding=\"async\" width=\"300\" height=\"300\" src=\"https:\/\/www.3dflex.sk\/web\/wp-content\/uploads\/2024\/02\/plyta-gumowa-epdm-90mm-300x300.jpg\" class=\"attachment-woocommerce_thumbnail size-woocommerce_thumbnail\" alt=\"Gumov\u00e1 doska  EPDM 90 mm\" srcset=\"https:\/\/www.3dflex.sk\/web\/wp-content\/uploads\/2024\/02\/plyta-gumowa-epdm-90mm-300x300.jpg 300w, https:\/\/www.3dflex.sk\/web\/wp-content\/uploads\/2024\/02\/plyta-gumowa-epdm-90mm-150x150.jpg 150w, https:\/\/www.3dflex.sk\/web\/wp-content\/uploads\/2024\/02\/plyta-gumowa-epdm-90mm-768x768.jpg 768w, https:\/\/www.3dflex.sk\/web\/wp-content\/uploads\/2024\/02\/plyta-gumowa-epdm-90mm-600x600.jpg 600w, https:\/\/www.3dflex.sk\/web\/wp-content\/uploads\/2024\/02\/plyta-gumowa-epdm-90mm-100x100.jpg 100w, https:\/\/www.3dflex.sk\/web\/wp-content\/uploads\/2024\/02\/plyta-gumowa-epdm-90mm.jpg 1000w\" sizes=\"(max-width: 300px) 100vw, 300px\" \/><\/div>\n\t\t\t\t\t<div class=\"wc-block-grid__product-title\">Gumov\u00e1 doska  EPDM 90 mm<\/div>\n\t\t\t\t<\/a>\n\t\t\t\t<div class=\"wc-block-grid__product-price price\"><\/div>\n\t\t\t\t\n\t\t\t\t<div class=\"wp-block-button wc-block-grid__product-add-to-cart\"><a href=\"https:\/\/www.3dflex.sk\/web\/index.php\/produkt\/gumova-doska-epdm-90-mm\/\" aria-label=\"V\u00fdber nastaven\u00ed pre &ldquo;Gumov\u00e1 doska  EPDM 90 mm&rdquo;\" data-quantity=\"1\" data-product_id=\"436\" data-product_sku=\"\" data-price=\"0\" rel=\"nofollow\" class=\"wp-block-button__link  add_to_cart_button\">Viac info<\/a><\/div>\n\t\t\t<\/li><li class=\"wc-block-grid__product\">\n\t\t\t\t<a href=\"https:\/\/www.3dflex.sk\/web\/index.php\/produkt\/gumova-doska-epdm-75-mm\/\" class=\"wc-block-grid__product-link\">\n\t\t\t\t\t\n\t\t\t\t\t<div class=\"wc-block-grid__product-image\"><img decoding=\"async\" width=\"300\" height=\"300\" src=\"https:\/\/www.3dflex.sk\/web\/wp-content\/uploads\/2024\/02\/plyta-gumowa-epdm-70mm--300x300.jpg\" class=\"attachment-woocommerce_thumbnail size-woocommerce_thumbnail\" alt=\"Gumov\u00e1 doska  EPDM 75 mm\" srcset=\"https:\/\/www.3dflex.sk\/web\/wp-content\/uploads\/2024\/02\/plyta-gumowa-epdm-70mm--300x300.jpg 300w, https:\/\/www.3dflex.sk\/web\/wp-content\/uploads\/2024\/02\/plyta-gumowa-epdm-70mm--150x150.jpg 150w, https:\/\/www.3dflex.sk\/web\/wp-content\/uploads\/2024\/02\/plyta-gumowa-epdm-70mm--768x768.jpg 768w, https:\/\/www.3dflex.sk\/web\/wp-content\/uploads\/2024\/02\/plyta-gumowa-epdm-70mm--600x600.jpg 600w, https:\/\/www.3dflex.sk\/web\/wp-content\/uploads\/2024\/02\/plyta-gumowa-epdm-70mm--100x100.jpg 100w, https:\/\/www.3dflex.sk\/web\/wp-content\/uploads\/2024\/02\/plyta-gumowa-epdm-70mm-.jpg 1000w\" sizes=\"(max-width: 300px) 100vw, 300px\" \/><\/div>\n\t\t\t\t\t<div class=\"wc-block-grid__product-title\">Gumov\u00e1 doska  EPDM 75 mm<\/div>\n\t\t\t\t<\/a>\n\t\t\t\t<div class=\"wc-block-grid__product-price price\"><\/div>\n\t\t\t\t\n\t\t\t\t<div class=\"wp-block-button wc-block-grid__product-add-to-cart\"><a href=\"https:\/\/www.3dflex.sk\/web\/index.php\/produkt\/gumova-doska-epdm-75-mm\/\" aria-label=\"V\u00fdber nastaven\u00ed pre &ldquo;Gumov\u00e1 doska  EPDM 75 mm&rdquo;\" data-quantity=\"1\" data-product_id=\"429\" data-product_sku=\"\" data-price=\"0\" rel=\"nofollow\" class=\"wp-block-button__link  add_to_cart_button\">Viac info<\/a><\/div>\n\t\t\t<\/li><li class=\"wc-block-grid__product\">\n\t\t\t\t<a href=\"https:\/\/www.3dflex.sk\/web\/index.php\/produkt\/gumova-doska-epdm-70-mm\/\" class=\"wc-block-grid__product-link\">\n\t\t\t\t\t\n\t\t\t\t\t<div class=\"wc-block-grid__product-image\"><img loading=\"lazy\" decoding=\"async\" width=\"300\" height=\"300\" src=\"https:\/\/www.3dflex.sk\/web\/wp-content\/uploads\/2024\/02\/plyta-gumowa-epdm-70mm-1-1-300x300.jpg\" class=\"attachment-woocommerce_thumbnail size-woocommerce_thumbnail\" alt=\"Gumov\u00e1 doska  EPDM 70 mm\" srcset=\"https:\/\/www.3dflex.sk\/web\/wp-content\/uploads\/2024\/02\/plyta-gumowa-epdm-70mm-1-1-300x300.jpg 300w, https:\/\/www.3dflex.sk\/web\/wp-content\/uploads\/2024\/02\/plyta-gumowa-epdm-70mm-1-1-150x150.jpg 150w, https:\/\/www.3dflex.sk\/web\/wp-content\/uploads\/2024\/02\/plyta-gumowa-epdm-70mm-1-1-768x768.jpg 768w, https:\/\/www.3dflex.sk\/web\/wp-content\/uploads\/2024\/02\/plyta-gumowa-epdm-70mm-1-1-600x600.jpg 600w, https:\/\/www.3dflex.sk\/web\/wp-content\/uploads\/2024\/02\/plyta-gumowa-epdm-70mm-1-1-100x100.jpg 100w, https:\/\/www.3dflex.sk\/web\/wp-content\/uploads\/2024\/02\/plyta-gumowa-epdm-70mm-1-1.jpg 1000w\" sizes=\"(max-width: 300px) 100vw, 300px\" \/><\/div>\n\t\t\t\t\t<div class=\"wc-block-grid__product-title\">Gumov\u00e1 doska  EPDM 70 mm<\/div>\n\t\t\t\t<\/a>\n\t\t\t\t<div class=\"wc-block-grid__product-price price\"><\/div>\n\t\t\t\t\n\t\t\t\t<div class=\"wp-block-button wc-block-grid__product-add-to-cart\"><a href=\"https:\/\/www.3dflex.sk\/web\/index.php\/produkt\/gumova-doska-epdm-70-mm\/\" aria-label=\"V\u00fdber nastaven\u00ed pre &ldquo;Gumov\u00e1 doska  EPDM 70 mm&rdquo;\" data-quantity=\"1\" data-product_id=\"421\" data-product_sku=\"gumova-doska-epdm-70-mm\" data-price=\"0\" rel=\"nofollow\" class=\"wp-block-button__link  add_to_cart_button\">Viac info<\/a><\/div>\n\t\t\t<\/li><li class=\"wc-block-grid__product\">\n\t\t\t\t<a href=\"https:\/\/www.3dflex.sk\/web\/index.php\/produkt\/gumova-doska-epdm-50-mm\/\" class=\"wc-block-grid__product-link\">\n\t\t\t\t\t\n\t\t\t\t\t<div class=\"wc-block-grid__product-image\"><img loading=\"lazy\" decoding=\"async\" width=\"300\" height=\"300\" src=\"https:\/\/www.3dflex.sk\/web\/wp-content\/uploads\/2024\/02\/plyta-gumowa-epdm-50mm-300x300.jpg\" class=\"attachment-woocommerce_thumbnail size-woocommerce_thumbnail\" alt=\"Gumov\u00e1 doska  EPDM 50 mm\" srcset=\"https:\/\/www.3dflex.sk\/web\/wp-content\/uploads\/2024\/02\/plyta-gumowa-epdm-50mm-300x300.jpg 300w, https:\/\/www.3dflex.sk\/web\/wp-content\/uploads\/2024\/02\/plyta-gumowa-epdm-50mm-150x150.jpg 150w, https:\/\/www.3dflex.sk\/web\/wp-content\/uploads\/2024\/02\/plyta-gumowa-epdm-50mm-768x768.jpg 768w, https:\/\/www.3dflex.sk\/web\/wp-content\/uploads\/2024\/02\/plyta-gumowa-epdm-50mm-600x600.jpg 600w, https:\/\/www.3dflex.sk\/web\/wp-content\/uploads\/2024\/02\/plyta-gumowa-epdm-50mm-100x100.jpg 100w, https:\/\/www.3dflex.sk\/web\/wp-content\/uploads\/2024\/02\/plyta-gumowa-epdm-50mm.jpg 1000w\" sizes=\"(max-width: 300px) 100vw, 300px\" \/><\/div>\n\t\t\t\t\t<div class=\"wc-block-grid__product-title\">Gumov\u00e1 doska  EPDM 50 mm<\/div>\n\t\t\t\t<\/a>\n\t\t\t\t<div class=\"wc-block-grid__product-price price\"><\/div>\n\t\t\t\t\n\t\t\t\t<div class=\"wp-block-button wc-block-grid__product-add-to-cart\"><a href=\"https:\/\/www.3dflex.sk\/web\/index.php\/produkt\/gumova-doska-epdm-50-mm\/\" aria-label=\"V\u00fdber nastaven\u00ed pre &ldquo;Gumov\u00e1 doska  EPDM 50 mm&rdquo;\" data-quantity=\"1\" data-product_id=\"414\" data-product_sku=\"\" data-price=\"0\" rel=\"nofollow\" class=\"wp-block-button__link  add_to_cart_button\">Viac info<\/a><\/div>\n\t\t\t<\/li><li class=\"wc-block-grid__product\">\n\t\t\t\t<a href=\"https:\/\/www.3dflex.sk\/web\/index.php\/produkt\/gumova-doska-epdm-45-mm\/\" class=\"wc-block-grid__product-link\">\n\t\t\t\t\t\n\t\t\t\t\t<div class=\"wc-block-grid__product-image\"><img loading=\"lazy\" decoding=\"async\" width=\"300\" height=\"300\" src=\"https:\/\/www.3dflex.sk\/web\/wp-content\/uploads\/2024\/02\/plyta-gumowa-epdm-45mm-300x300.jpg\" class=\"attachment-woocommerce_thumbnail size-woocommerce_thumbnail\" alt=\"Gumov\u00e1 doska EPDM 45 mm\" srcset=\"https:\/\/www.3dflex.sk\/web\/wp-content\/uploads\/2024\/02\/plyta-gumowa-epdm-45mm-300x300.jpg 300w, https:\/\/www.3dflex.sk\/web\/wp-content\/uploads\/2024\/02\/plyta-gumowa-epdm-45mm-150x150.jpg 150w, https:\/\/www.3dflex.sk\/web\/wp-content\/uploads\/2024\/02\/plyta-gumowa-epdm-45mm-768x768.jpg 768w, https:\/\/www.3dflex.sk\/web\/wp-content\/uploads\/2024\/02\/plyta-gumowa-epdm-45mm-600x600.jpg 600w, https:\/\/www.3dflex.sk\/web\/wp-content\/uploads\/2024\/02\/plyta-gumowa-epdm-45mm-100x100.jpg 100w, https:\/\/www.3dflex.sk\/web\/wp-content\/uploads\/2024\/02\/plyta-gumowa-epdm-45mm.jpg 1000w\" sizes=\"(max-width: 300px) 100vw, 300px\" \/><\/div>\n\t\t\t\t\t<div class=\"wc-block-grid__product-title\">Gumov\u00e1 doska EPDM 45 mm<\/div>\n\t\t\t\t<\/a>\n\t\t\t\t<div class=\"wc-block-grid__product-price price\"><\/div>\n\t\t\t\t\n\t\t\t\t<div class=\"wp-block-button wc-block-grid__product-add-to-cart\"><a href=\"https:\/\/www.3dflex.sk\/web\/index.php\/produkt\/gumova-doska-epdm-45-mm\/\" aria-label=\"V\u00fdber nastaven\u00ed pre &ldquo;Gumov\u00e1 doska EPDM 45 mm&rdquo;\" data-quantity=\"1\" data-product_id=\"397\" data-product_sku=\"\" data-price=\"0\" rel=\"nofollow\" class=\"wp-block-button__link  add_to_cart_button\">Viac info<\/a><\/div>\n\t\t\t<\/li><\/ul><\/div>","protected":false},"excerpt":{"rendered":"<p>EPDM povrchy detsk\u00fdch ihr\u00edsk &#8211; cena polyuret\u00e1nov\u00fdch dosiek Gumov\u00e9 dla\u017edice detsk\u00fdch ihr\u00edsk EPDM Flexizone zaru\u010duj\u00fa najvy\u0161\u0161\u00ed \u0161tandard bezpe\u010dnosti &#8211; bud\u00fa dobre fungova\u0165 na miestach, kde podklad mus\u00ed sp\u013a\u0148a\u0165 pr\u00edsne bezpe\u010dnostn\u00e9 normy &#8211; m\u00e1me na mysli v\u0161etky vonkaj\u0161ie ihrisk\u00e1. Na\u0161e EPDM gumov\u00e9 dla\u017edice na ihrisko maj\u00fa dvojvrstvov\u00fa \u0161trukt\u00faru. Ich jadro je vyroben\u00e9 z granul\u00e1tu, zatia\u013e \u010do [&hellip;]<\/p>\n","protected":false},"author":1,"featured_media":0,"parent":18,"menu_order":3,"comment_status":"closed","ping_status":"closed","template":"","meta":{"ngg_post_thumbnail":0,"footnotes":""},"class_list":["post-325","page","type-page","status-publish","hentry","post"],"_links":{"self":[{"href":"https:\/\/www.3dflex.sk\/web\/index.php\/wp-json\/wp\/v2\/pages\/325","targetHints":{"allow":["GET"]}}],"collection":[{"href":"https:\/\/www.3dflex.sk\/web\/index.php\/wp-json\/wp\/v2\/pages"}],"about":[{"href":"https:\/\/www.3dflex.sk\/web\/index.php\/wp-json\/wp\/v2\/types\/page"}],"author":[{"embeddable":true,"href":"https:\/\/www.3dflex.sk\/web\/index.php\/wp-json\/wp\/v2\/users\/1"}],"replies":[{"embeddable":true,"href":"https:\/\/www.3dflex.sk\/web\/index.php\/wp-json\/wp\/v2\/comments?post=325"}],"version-history":[{"count":2,"href":"https:\/\/www.3dflex.sk\/web\/index.php\/wp-json\/wp\/v2\/pages\/325\/revisions"}],"predecessor-version":[{"id":472,"href":"https:\/\/www.3dflex.sk\/web\/index.php\/wp-json\/wp\/v2\/pages\/325\/revisions\/472"}],"up":[{"embeddable":true,"href":"https:\/\/www.3dflex.sk\/web\/index.php\/wp-json\/wp\/v2\/pages\/18"}],"wp:attachment":[{"href":"https:\/\/www.3dflex.sk\/web\/index.php\/wp-json\/wp\/v2\/media?parent=325"}],"curies":[{"name":"wp","href":"https:\/\/api.w.org\/{rel}","templated":true}]}}