{"id":327,"date":"2024-02-17T21:32:49","date_gmt":"2024-02-17T20:32:49","guid":{"rendered":"https:\/\/www.3dflex.sk\/web\/?page_id=327"},"modified":"2024-02-18T12:34:44","modified_gmt":"2024-02-18T11:34:44","slug":"hypertroficke-rohoze","status":"publish","type":"page","link":"https:\/\/www.3dflex.sk\/web\/index.php\/elementor-18\/hypertroficke-rohoze\/","title":{"rendered":"Hypertrofick\u00e9 roho\u017ee"},"content":{"rendered":"\n<p>To je na\u0161a hypertrofick\u00e1 podlo\u017eka Flexizone, ktor\u00e1 je vyroben\u00e1 z gumov\u00e9ho granul\u00e1tu a je ur\u010den\u00e1 ako bezpe\u010dn\u00fd povrch pre v\u0161etko vybavenie na ihrisku, v rekrea\u010dn\u00fdch oblastiach a vo vonkaj\u0161\u00edch telocvi\u010dniach. Zv\u00fd\u0161en\u00fd obsah kau\u010dukov\u00fdch gran\u00fal v podlo\u017eke na prerastanie v\u00fdrazne ovplyv\u0148uje jej \u017eivotnos\u0165, preto sa vyzna\u010duje vysokou \u017eivotnos\u0165ou, oderuvzdornos\u0165ou a bezpe\u010dnos\u0165ou pou\u017e\u00edvania a z\u00e1rove\u0148 je jedn\u00fdm z najhospod\u00e1rnej\u0161\u00edch rie\u0161en\u00ed dostupn\u00fdch na trhu.<\/p>\n\n\n\n<p>HRUB\u00c9 ROHO\u017dE FLEXIZONE sa vyzna\u010duj\u00fa okrem in\u00e9ho vysok\u00fdmi tlmiacimi vlastnos\u0165ami &#8211; tlmia n\u00e1razy a hluk, zaru\u010duj\u00fa pohodlie, \u017eivotnos\u0165 a proti\u0161mykovos\u0165.<\/p>\n\n\n\n<p>Garantujeme v\u00e1m, \u017ee ide o ide\u00e1lne rie\u0161enie \u2013 bezpe\u010dn\u00e9 a z\u00e1rove\u0148 ekonomick\u00e9 \u2013 ako v \u010dase invest\u00edcie, tak aj nesk\u00f4r \u2013 po\u010das pou\u017e\u00edvania. In\u0161tal\u00e1cia roho\u017e\u00ed je ve\u013emi jednoduch\u00e1. Preto s\u00fa pre v\u00e1s perfektn\u00fdm rie\u0161en\u00edm hypertrofick\u00e9 roho\u017ee<\/p>\n\n\n<div data-block-name=\"woocommerce\/product-category\" data-categories=\"[42]\" class=\"wc-block-grid wp-block-product-category wp-block-woocommerce-product-category wc-block-product-category has-3-columns has-multiple-rows\"><ul class=\"wc-block-grid__products\"><li class=\"wc-block-grid__product\">\n\t\t\t\t<a href=\"https:\/\/www.3dflex.sk\/web\/index.php\/produkt\/hypertroficka-podlozka-na-ihrisko-23-mm\/\" class=\"wc-block-grid__product-link\">\n\t\t\t\t\t\n\t\t\t\t\t<div class=\"wc-block-grid__product-image\"><img fetchpriority=\"high\" decoding=\"async\" width=\"300\" height=\"300\" src=\"https:\/\/www.3dflex.sk\/web\/wp-content\/uploads\/2024\/02\/mata-przerostowa-na-plac-zabaw-23mm-300x300.jpg\" class=\"attachment-woocommerce_thumbnail size-woocommerce_thumbnail\" alt=\"Hypertrofick\u00e1 podlo\u017eka na ihrisko 22 mm\" srcset=\"https:\/\/www.3dflex.sk\/web\/wp-content\/uploads\/2024\/02\/mata-przerostowa-na-plac-zabaw-23mm-300x300.jpg 300w, https:\/\/www.3dflex.sk\/web\/wp-content\/uploads\/2024\/02\/mata-przerostowa-na-plac-zabaw-23mm-150x150.jpg 150w, https:\/\/www.3dflex.sk\/web\/wp-content\/uploads\/2024\/02\/mata-przerostowa-na-plac-zabaw-23mm-768x768.jpg 768w, https:\/\/www.3dflex.sk\/web\/wp-content\/uploads\/2024\/02\/mata-przerostowa-na-plac-zabaw-23mm-600x600.jpg 600w, https:\/\/www.3dflex.sk\/web\/wp-content\/uploads\/2024\/02\/mata-przerostowa-na-plac-zabaw-23mm-100x100.jpg 100w, https:\/\/www.3dflex.sk\/web\/wp-content\/uploads\/2024\/02\/mata-przerostowa-na-plac-zabaw-23mm.jpg 1000w\" sizes=\"(max-width: 300px) 100vw, 300px\" \/><\/div>\n\t\t\t\t\t<div class=\"wc-block-grid__product-title\">Hypertrofick\u00e1 podlo\u017eka na ihrisko 22 mm<\/div>\n\t\t\t\t<\/a>\n\t\t\t\t<div class=\"wc-block-grid__product-price price\"><span class=\"woocommerce-Price-amount amount\">33,00&nbsp;<span class=\"woocommerce-Price-currencySymbol\">&euro;<\/span><\/span> <small class=\"woocommerce-price-suffix\">bez DPH<\/small><\/div>\n\t\t\t\t\n\t\t\t\t<div class=\"wp-block-button wc-block-grid__product-add-to-cart\"><a href=\"\/web\/index.php\/wp-json\/wp\/v2\/pages\/327?add-to-cart=491\" aria-label=\"Prida\u0165 do ko\u0161\u00edka: \u201eHypertrofick\u00e1 podlo\u017eka na ihrisko 22 mm\u201c\" data-quantity=\"1\" data-product_id=\"491\" data-product_sku=\"491\" data-price=\"33\" rel=\"nofollow\" class=\"wp-block-button__link  add_to_cart_button ajax_add_to_cart\">Prida\u0165 do ko\u0161\u00edka<\/a><\/div>\n\t\t\t<\/li><\/ul><\/div>","protected":false},"excerpt":{"rendered":"<p>To je na\u0161a hypertrofick\u00e1 podlo\u017eka Flexizone, ktor\u00e1 je vyroben\u00e1 z gumov\u00e9ho granul\u00e1tu a je ur\u010den\u00e1 ako bezpe\u010dn\u00fd povrch pre v\u0161etko vybavenie na ihrisku, v rekrea\u010dn\u00fdch oblastiach a vo vonkaj\u0161\u00edch telocvi\u010dniach. Zv\u00fd\u0161en\u00fd obsah kau\u010dukov\u00fdch gran\u00fal v podlo\u017eke na prerastanie v\u00fdrazne ovplyv\u0148uje jej \u017eivotnos\u0165, preto sa vyzna\u010duje vysokou \u017eivotnos\u0165ou, oderuvzdornos\u0165ou a bezpe\u010dnos\u0165ou pou\u017e\u00edvania a z\u00e1rove\u0148 je jedn\u00fdm [&hellip;]<\/p>\n","protected":false},"author":1,"featured_media":0,"parent":18,"menu_order":4,"comment_status":"closed","ping_status":"closed","template":"","meta":{"ngg_post_thumbnail":0,"footnotes":""},"class_list":["post-327","page","type-page","status-publish","hentry","post"],"_links":{"self":[{"href":"https:\/\/www.3dflex.sk\/web\/index.php\/wp-json\/wp\/v2\/pages\/327","targetHints":{"allow":["GET"]}}],"collection":[{"href":"https:\/\/www.3dflex.sk\/web\/index.php\/wp-json\/wp\/v2\/pages"}],"about":[{"href":"https:\/\/www.3dflex.sk\/web\/index.php\/wp-json\/wp\/v2\/types\/page"}],"author":[{"embeddable":true,"href":"https:\/\/www.3dflex.sk\/web\/index.php\/wp-json\/wp\/v2\/users\/1"}],"replies":[{"embeddable":true,"href":"https:\/\/www.3dflex.sk\/web\/index.php\/wp-json\/wp\/v2\/comments?post=327"}],"version-history":[{"count":2,"href":"https:\/\/www.3dflex.sk\/web\/index.php\/wp-json\/wp\/v2\/pages\/327\/revisions"}],"predecessor-version":[{"id":494,"href":"https:\/\/www.3dflex.sk\/web\/index.php\/wp-json\/wp\/v2\/pages\/327\/revisions\/494"}],"up":[{"embeddable":true,"href":"https:\/\/www.3dflex.sk\/web\/index.php\/wp-json\/wp\/v2\/pages\/18"}],"wp:attachment":[{"href":"https:\/\/www.3dflex.sk\/web\/index.php\/wp-json\/wp\/v2\/media?parent=327"}],"curies":[{"name":"wp","href":"https:\/\/api.w.org\/{rel}","templated":true}]}}