{"id":580,"date":"2024-02-18T20:35:25","date_gmt":"2024-02-18T19:35:25","guid":{"rendered":"https:\/\/www.3dflex.sk\/web\/?page_id=580"},"modified":"2024-03-10T11:55:03","modified_gmt":"2024-03-10T10:55:03","slug":"gumova-dlazba-na-terasy","status":"publish","type":"page","link":"https:\/\/www.3dflex.sk\/web\/index.php\/gumova-dlazba-na-terasy\/","title":{"rendered":"Gumov\u00e1 dla\u017eba na terasy"},"content":{"rendered":"\n<figure class=\"wp-block-image size-large\"><img fetchpriority=\"high\" decoding=\"async\" width=\"1024\" height=\"280\" src=\"https:\/\/www.3dflex.sk\/web\/wp-content\/uploads\/2024\/02\/plyty-balkonowe-1024x280.jpg\" alt=\"\" class=\"wp-image-748\" srcset=\"https:\/\/www.3dflex.sk\/web\/wp-content\/uploads\/2024\/02\/plyty-balkonowe-1024x280.jpg 1024w, https:\/\/www.3dflex.sk\/web\/wp-content\/uploads\/2024\/02\/plyty-balkonowe-300x82.jpg 300w, https:\/\/www.3dflex.sk\/web\/wp-content\/uploads\/2024\/02\/plyty-balkonowe-768x210.jpg 768w, https:\/\/www.3dflex.sk\/web\/wp-content\/uploads\/2024\/02\/plyty-balkonowe-600x164.jpg 600w, https:\/\/www.3dflex.sk\/web\/wp-content\/uploads\/2024\/02\/plyty-balkonowe.jpg 1170w\" sizes=\"(max-width: 1024px) 100vw, 1024px\" \/><\/figure>\n\n\n\n<h2 class=\"wp-block-heading\">Gumov\u00e9 roho\u017ee na terasu<\/h2>\n\n\n\n<p>Balk\u00f3ny, terasy, kto by ich nemiloval? Pre mnoh\u00fdch z n\u00e1s je balk\u00f3n \u010fal\u0161\u00edm priestorom. Dnes chceme, aby z balk\u00f3na bola miniz\u00e1hradka, kde m\u00f4\u017eeme poz\u00fdva\u0165 priate\u013eov, tr\u00e1vi\u0165 ve\u010dery alebo organizova\u0165 grilova\u010dku, sta\u010d\u00ed len spr\u00e1vny v\u00fdber a usporiadanie plochy, aby sme sa c\u00edtili pohodlne a bezpe\u010dne. \u010co je d\u00f4le\u017eit\u00e9:<\/p>\n\n\n\n<p>Odolnos\u0165 vo\u010di poveternostn\u00fdm vplyvom, zais\u0165uje dlhodob\u00e9 pou\u017e\u00edvanie. Balk\u00f3nov\u00e9 dosky DECKzone sa vyzna\u010duj\u00fa vysokou mrazuvzdornos\u0165ou a vodopriepustnos\u0165ou<\/p>\n\n\n\n<p>Balk\u00f3nov\u00e9 dosky sa v\u010faka svojim izola\u010dn\u00fdm a proti\u0161mykov\u00fdm vlastnostiam pou\u017e\u00edvaj\u00fa ako hracie plochy pre deti, ktor\u00e9 ich chr\u00e1nia pred podchladen\u00edm a p\u00e1dmi.<\/p>\n\n\n\n<p>Usporiadanie grilu sa stalo bezpe\u010dn\u00fdm v\u010faka vyvinutej verzii spoma\u013euj\u00facej horenie. Balk\u00f3nov\u00e9 dosky DECKZONE NEHOR\u013dAV\u00c9 maj\u00fa samozh\u00e1\u0161acie vlastnosti.<\/p>\n\n\n\n<p>Terasu si m\u00f4\u017eeme zariadi\u0165 aj ako chceme umiestnen\u00edm z\u00e1hradn\u00e9ho n\u00e1bytku alebo mal\u00fdch ihr\u00edsk.Gumov\u00e9 terasov\u00e9 roho\u017ee maj\u00fa vysok\u00e9 fyzik\u00e1lne a mechanick\u00e9 vlastnosti a nemus\u00edme sa ob\u00e1va\u0165 ich trvalej deform\u00e1cie.<\/p>\n\n\n<div data-block-name=\"woocommerce\/product-category\" data-categories=\"[52,51]\" class=\"wc-block-grid wp-block-product-category wp-block-woocommerce-product-category wc-block-product-category has-3-columns has-multiple-rows\"><ul class=\"wc-block-grid__products\"><li class=\"wc-block-grid__product\">\n\t\t\t\t<a href=\"https:\/\/www.3dflex.sk\/web\/index.php\/produkt\/sbr-gumova-platna-na-terasu-40-mm\/\" class=\"wc-block-grid__product-link\">\n\t\t\t\t\t\n\t\t\t\t\t<div class=\"wc-block-grid__product-image\"><img decoding=\"async\" width=\"300\" height=\"300\" src=\"https:\/\/www.3dflex.sk\/web\/wp-content\/uploads\/2024\/02\/plyta-gumowa-sbr-na-taras-30mm-300x300.jpg\" class=\"attachment-woocommerce_thumbnail size-woocommerce_thumbnail\" alt=\"SBR gumov\u00e1 plat\u0148a na terasu 40 mm\" srcset=\"https:\/\/www.3dflex.sk\/web\/wp-content\/uploads\/2024\/02\/plyta-gumowa-sbr-na-taras-30mm-300x300.jpg 300w, https:\/\/www.3dflex.sk\/web\/wp-content\/uploads\/2024\/02\/plyta-gumowa-sbr-na-taras-30mm-150x150.jpg 150w, https:\/\/www.3dflex.sk\/web\/wp-content\/uploads\/2024\/02\/plyta-gumowa-sbr-na-taras-30mm-768x768.jpg 768w, https:\/\/www.3dflex.sk\/web\/wp-content\/uploads\/2024\/02\/plyta-gumowa-sbr-na-taras-30mm-600x600.jpg 600w, https:\/\/www.3dflex.sk\/web\/wp-content\/uploads\/2024\/02\/plyta-gumowa-sbr-na-taras-30mm-100x100.jpg 100w, https:\/\/www.3dflex.sk\/web\/wp-content\/uploads\/2024\/02\/plyta-gumowa-sbr-na-taras-30mm.jpg 1000w\" sizes=\"(max-width: 300px) 100vw, 300px\" \/><\/div>\n\t\t\t\t\t<div class=\"wc-block-grid__product-title\">SBR gumov\u00e1 plat\u0148a na terasu 40 mm<\/div>\n\t\t\t\t<\/a>\n\t\t\t\t<div class=\"wc-block-grid__product-price price\"><\/div>\n\t\t\t\t\n\t\t\t\t<div class=\"wp-block-button wc-block-grid__product-add-to-cart\"><a href=\"https:\/\/www.3dflex.sk\/web\/index.php\/produkt\/sbr-gumova-platna-na-terasu-40-mm\/\" aria-label=\"V\u00fdber nastaven\u00ed pre &ldquo;SBR gumov\u00e1 plat\u0148a na terasu 40 mm&rdquo;\" data-quantity=\"1\" data-product_id=\"690\" data-product_sku=\"690\" data-price=\"0\" rel=\"nofollow\" class=\"wp-block-button__link  add_to_cart_button\">Viac info<\/a><\/div>\n\t\t\t<\/li><li class=\"wc-block-grid__product\">\n\t\t\t\t<a href=\"https:\/\/www.3dflex.sk\/web\/index.php\/produkt\/sbr-gumova-platna-na-terasu-30-mm\/\" class=\"wc-block-grid__product-link\">\n\t\t\t\t\t\n\t\t\t\t\t<div class=\"wc-block-grid__product-image\"><img decoding=\"async\" width=\"300\" height=\"300\" src=\"https:\/\/www.3dflex.sk\/web\/wp-content\/uploads\/2024\/02\/plyta-gumowa-sbr-na-taras-30mm-cervena-300x300.jpg\" class=\"attachment-woocommerce_thumbnail size-woocommerce_thumbnail\" alt=\"SBR gumov\u00e1 plat\u0148a na terasu 30 mm\" srcset=\"https:\/\/www.3dflex.sk\/web\/wp-content\/uploads\/2024\/02\/plyta-gumowa-sbr-na-taras-30mm-cervena-300x300.jpg 300w, https:\/\/www.3dflex.sk\/web\/wp-content\/uploads\/2024\/02\/plyta-gumowa-sbr-na-taras-30mm-cervena-150x150.jpg 150w, https:\/\/www.3dflex.sk\/web\/wp-content\/uploads\/2024\/02\/plyta-gumowa-sbr-na-taras-30mm-cervena-768x768.jpg 768w, https:\/\/www.3dflex.sk\/web\/wp-content\/uploads\/2024\/02\/plyta-gumowa-sbr-na-taras-30mm-cervena-600x600.jpg 600w, https:\/\/www.3dflex.sk\/web\/wp-content\/uploads\/2024\/02\/plyta-gumowa-sbr-na-taras-30mm-cervena-100x100.jpg 100w, https:\/\/www.3dflex.sk\/web\/wp-content\/uploads\/2024\/02\/plyta-gumowa-sbr-na-taras-30mm-cervena.jpg 1000w\" sizes=\"(max-width: 300px) 100vw, 300px\" \/><\/div>\n\t\t\t\t\t<div class=\"wc-block-grid__product-title\">SBR gumov\u00e1 plat\u0148a na terasu 30 mm<\/div>\n\t\t\t\t<\/a>\n\t\t\t\t<div class=\"wc-block-grid__product-price price\"><span class=\"woocommerce-Price-amount amount\" aria-hidden=\"true\">9,00&nbsp;<span class=\"woocommerce-Price-currencySymbol\">&euro;<\/span><\/span> <span aria-hidden=\"true\">&ndash;<\/span> <span class=\"woocommerce-Price-amount amount\" aria-hidden=\"true\">11,00&nbsp;<span class=\"woocommerce-Price-currencySymbol\">&euro;<\/span><\/span><span class=\"screen-reader-text\">Price range: 9,00&nbsp;&euro; through 11,00&nbsp;&euro;<\/span> <small class=\"woocommerce-price-suffix\">bez DPH<\/small><\/div>\n\t\t\t\t\n\t\t\t\t<div class=\"wp-block-button wc-block-grid__product-add-to-cart\"><a href=\"https:\/\/www.3dflex.sk\/web\/index.php\/produkt\/sbr-gumova-platna-na-terasu-30-mm\/\" aria-label=\"V\u00fdber nastaven\u00ed pre &ldquo;SBR gumov\u00e1 plat\u0148a na terasu 30 mm&rdquo;\" data-quantity=\"1\" data-product_id=\"679\" data-product_sku=\"679\" data-price=\"9\" rel=\"nofollow\" class=\"wp-block-button__link  add_to_cart_button\">V\u00fdber mo\u017enost\u00ed<\/a><\/div>\n\t\t\t<\/li><li class=\"wc-block-grid__product\">\n\t\t\t\t<a href=\"https:\/\/www.3dflex.sk\/web\/index.php\/produkt\/gumovy-terasovy-tanier-sbr-20-mm\/\" class=\"wc-block-grid__product-link\">\n\t\t\t\t\t\n\t\t\t\t\t<div class=\"wc-block-grid__product-image\"><img loading=\"lazy\" decoding=\"async\" width=\"300\" height=\"300\" src=\"https:\/\/www.3dflex.sk\/web\/wp-content\/uploads\/2024\/02\/plyta-gumowa-sbr-na-balkon-20mm-zelena-300x300.jpg\" class=\"attachment-woocommerce_thumbnail size-woocommerce_thumbnail\" alt=\"Gumov\u00fd terasov\u00fd tanier SBR 20 mm\" srcset=\"https:\/\/www.3dflex.sk\/web\/wp-content\/uploads\/2024\/02\/plyta-gumowa-sbr-na-balkon-20mm-zelena-300x300.jpg 300w, https:\/\/www.3dflex.sk\/web\/wp-content\/uploads\/2024\/02\/plyta-gumowa-sbr-na-balkon-20mm-zelena-150x150.jpg 150w, https:\/\/www.3dflex.sk\/web\/wp-content\/uploads\/2024\/02\/plyta-gumowa-sbr-na-balkon-20mm-zelena-768x768.jpg 768w, https:\/\/www.3dflex.sk\/web\/wp-content\/uploads\/2024\/02\/plyta-gumowa-sbr-na-balkon-20mm-zelena-600x600.jpg 600w, https:\/\/www.3dflex.sk\/web\/wp-content\/uploads\/2024\/02\/plyta-gumowa-sbr-na-balkon-20mm-zelena-100x100.jpg 100w, https:\/\/www.3dflex.sk\/web\/wp-content\/uploads\/2024\/02\/plyta-gumowa-sbr-na-balkon-20mm-zelena.jpg 1000w\" sizes=\"(max-width: 300px) 100vw, 300px\" \/><\/div>\n\t\t\t\t\t<div class=\"wc-block-grid__product-title\">Gumov\u00fd terasov\u00fd tanier SBR 20 mm<\/div>\n\t\t\t\t<\/a>\n\t\t\t\t<div class=\"wc-block-grid__product-price price\"><span class=\"woocommerce-Price-amount amount\" aria-hidden=\"true\">8,00&nbsp;<span class=\"woocommerce-Price-currencySymbol\">&euro;<\/span><\/span> <span aria-hidden=\"true\">&ndash;<\/span> <span class=\"woocommerce-Price-amount amount\" aria-hidden=\"true\">10,00&nbsp;<span class=\"woocommerce-Price-currencySymbol\">&euro;<\/span><\/span><span class=\"screen-reader-text\">Price range: 8,00&nbsp;&euro; through 10,00&nbsp;&euro;<\/span> <small class=\"woocommerce-price-suffix\">bez DPH<\/small><\/div>\n\t\t\t\t\n\t\t\t\t<div class=\"wp-block-button wc-block-grid__product-add-to-cart\"><a href=\"https:\/\/www.3dflex.sk\/web\/index.php\/produkt\/gumovy-terasovy-tanier-sbr-20-mm\/\" aria-label=\"V\u00fdber nastaven\u00ed pre &ldquo;Gumov\u00fd terasov\u00fd tanier SBR 20 mm&rdquo;\" data-quantity=\"1\" data-product_id=\"670\" data-product_sku=\"670\" data-price=\"8\" rel=\"nofollow\" class=\"wp-block-button__link  add_to_cart_button\">V\u00fdber mo\u017enost\u00ed<\/a><\/div>\n\t\t\t<\/li><li class=\"wc-block-grid__product\">\n\t\t\t\t<a href=\"https:\/\/www.3dflex.sk\/web\/index.php\/produkt\/sbr-gumova-platna-na-balkon-20-mm\/\" class=\"wc-block-grid__product-link\">\n\t\t\t\t\t\n\t\t\t\t\t<div class=\"wc-block-grid__product-image\"><img loading=\"lazy\" decoding=\"async\" width=\"300\" height=\"300\" src=\"https:\/\/www.3dflex.sk\/web\/wp-content\/uploads\/2024\/02\/plyta-gumowa-sbr-na-balkon-20mm-300x300.jpg\" class=\"attachment-woocommerce_thumbnail size-woocommerce_thumbnail\" alt=\"SBR gumov\u00e1 plat\u0148a na balk\u00f3n 20 mm\" srcset=\"https:\/\/www.3dflex.sk\/web\/wp-content\/uploads\/2024\/02\/plyta-gumowa-sbr-na-balkon-20mm-300x300.jpg 300w, https:\/\/www.3dflex.sk\/web\/wp-content\/uploads\/2024\/02\/plyta-gumowa-sbr-na-balkon-20mm-150x150.jpg 150w, https:\/\/www.3dflex.sk\/web\/wp-content\/uploads\/2024\/02\/plyta-gumowa-sbr-na-balkon-20mm-768x768.jpg 768w, https:\/\/www.3dflex.sk\/web\/wp-content\/uploads\/2024\/02\/plyta-gumowa-sbr-na-balkon-20mm-600x600.jpg 600w, https:\/\/www.3dflex.sk\/web\/wp-content\/uploads\/2024\/02\/plyta-gumowa-sbr-na-balkon-20mm-100x100.jpg 100w, https:\/\/www.3dflex.sk\/web\/wp-content\/uploads\/2024\/02\/plyta-gumowa-sbr-na-balkon-20mm.jpg 1000w\" sizes=\"(max-width: 300px) 100vw, 300px\" \/><\/div>\n\t\t\t\t\t<div class=\"wc-block-grid__product-title\">SBR gumov\u00e1 plat\u0148a na balk\u00f3n 20 mm<\/div>\n\t\t\t\t<\/a>\n\t\t\t\t<div class=\"wc-block-grid__product-price price\"><\/div>\n\t\t\t\t\n\t\t\t\t<div class=\"wp-block-button wc-block-grid__product-add-to-cart\"><a href=\"https:\/\/www.3dflex.sk\/web\/index.php\/produkt\/sbr-gumova-platna-na-balkon-20-mm\/\" aria-label=\"V\u00fdber nastaven\u00ed pre &ldquo;SBR gumov\u00e1 plat\u0148a na balk\u00f3n 20 mm&rdquo;\" data-quantity=\"1\" data-product_id=\"659\" data-product_sku=\"659\" data-price=\"0\" rel=\"nofollow\" class=\"wp-block-button__link  add_to_cart_button\">Viac info<\/a><\/div>\n\t\t\t<\/li><\/ul><\/div>\n\n\n<h1 class=\"wp-block-heading\">MRAZU ODOLN\u00c9 GUMOV\u00c9 DOSKY A ROHO\u017dE NA TERASU\/BALK\u00d3N \u2013 DECKZONE<\/h1>\n\n\n\n<p>Aby sme vyhoveli rast\u00facemu dopytu po odoln\u00fdch povrchoch pre terasy a balk\u00f3ny, vyvinuli sme \u0161peci\u00e1lnu s\u00e9riu zah\u0155\u0148aj\u00facu gumov\u00e9 dla\u017edice SBR&nbsp;&nbsp;<strong>DECKZONE<\/strong>&nbsp;a gumen\u00e9 roho\u017ee . Obe tieto rie\u0161enia sa vyzna\u010duj\u00fa&nbsp;&nbsp;<strong>mrazuvzdornos\u0165ou, vodopriepustnos\u0165ou a proti\u0161mykov\u00fdmi vlastnos\u0165ami.<\/strong>&nbsp;&nbsp;Verzia&nbsp;&nbsp;<strong>DECKZONE&nbsp;<\/strong>&nbsp;<strong>NONFLAMMABLE&nbsp;<\/strong>&nbsp;m\u00e1 vlastnosti spoma\u013euj\u00face horenie a samozh\u00e1\u0161avos\u0165. S\u00e9ria je dostupn\u00e1 vo forme \u0161tvorcov\u00fdch gumen\u00fdch dosiek s rozmermi 500x500mm a ako terasov\u00e9 roho\u017ee 1000x1000mm.<\/p>\n\n\n\n<p><strong>Gumov\u00e9 dosky na balk\u00f3ny a terasy<\/strong>&nbsp;DECKZONE maj\u00fa vo svojom priereze variabiln\u00fa \u0161trukt\u00faru materi\u00e1lu, v\u010faka \u010domu sa spodn\u00e1 \u010das\u0165 dosiek v kontakte so zemou (bet\u00f3nov\u00e1 podlaha, EPDM membr\u00e1na, stre\u0161n\u00e1 lepenka) vyzna\u010duje zv\u00fd\u0161en\u00fdmi stabiliza\u010dn\u00fdmi vlastnos\u0165ami, pri\u010dom horn\u00e1 dilata\u010dn\u00e1 vrstva m\u00e1 lep\u0161ie proti\u0161mykov\u00e9 vlastnosti. Takto vytvoren\u00e1 podlo\u017eka aj gumov\u00e1 terasov\u00e1 doska s\u00fa vysoko odoln\u00e9 vo\u010di za\u0165a\u017eeniu a mechanick\u00e9mu po\u0161kodeniu. V\u010faka ich fyzik\u00e1lno-mechanick\u00fdm vlastnostiam m\u00f4\u017eete na povrch dla\u017ed\u00edc s\u00e9rie DECKZONE umiestni\u0165 z\u00e1hradn\u00fd n\u00e1bytok bez ob\u00e1v z trvalej deform\u00e1cie pri zachovan\u00ed komfortu pou\u017e\u00edvania.<\/p>\n\n\n\n<p>Pre miesta, kde bud\u00fa umiestnen\u00e9 grily a krby, bola vyvinut\u00e1 verzia DECKZONE NONFLAMMABLE spoma\u013euj\u00faca horenie so samozh\u00e1\u0161ac\u00edmi vlastnos\u0165ami a najvy\u0161\u0161ou triedou po\u017eiarnej odolnosti. Dobr\u00e9 izola\u010dn\u00e9 vlastnosti s\u00e9rie DECKZONE (&nbsp;<strong>roho\u017ee aj gumen\u00e9 dosky na terasu<\/strong>&nbsp;) umo\u017e\u0148uj\u00fa ich pou\u017eitie aj v detsk\u00fdch k\u00fatikoch, kde s\u00fa deti chr\u00e1nen\u00e9 pred podchladen\u00edm.<\/p>\n\n\n\n<figure class=\"wp-block-image size-large\"><img loading=\"lazy\" decoding=\"async\" width=\"1024\" height=\"512\" src=\"https:\/\/www.3dflex.sk\/web\/wp-content\/uploads\/2024\/02\/Screenshot-from-2024-02-21-20-09-45-1024x512.jpg\" alt=\"\" class=\"wp-image-1028\" srcset=\"https:\/\/www.3dflex.sk\/web\/wp-content\/uploads\/2024\/02\/Screenshot-from-2024-02-21-20-09-45-1024x512.jpg 1024w, https:\/\/www.3dflex.sk\/web\/wp-content\/uploads\/2024\/02\/Screenshot-from-2024-02-21-20-09-45-300x150.jpg 300w, https:\/\/www.3dflex.sk\/web\/wp-content\/uploads\/2024\/02\/Screenshot-from-2024-02-21-20-09-45-768x384.jpg 768w, https:\/\/www.3dflex.sk\/web\/wp-content\/uploads\/2024\/02\/Screenshot-from-2024-02-21-20-09-45-960x480.jpg 960w, https:\/\/www.3dflex.sk\/web\/wp-content\/uploads\/2024\/02\/Screenshot-from-2024-02-21-20-09-45-600x300.jpg 600w, https:\/\/www.3dflex.sk\/web\/wp-content\/uploads\/2024\/02\/Screenshot-from-2024-02-21-20-09-45.jpg 1101w\" sizes=\"(max-width: 1024px) 100vw, 1024px\" \/><\/figure>\n\n\n\n<figure class=\"wp-block-image size-large\"><img loading=\"lazy\" decoding=\"async\" width=\"1024\" height=\"559\" src=\"https:\/\/www.3dflex.sk\/web\/wp-content\/uploads\/2024\/02\/Screenshot-from-2024-02-21-20-10-20-1024x559.png\" alt=\"\" class=\"wp-image-1029\" srcset=\"https:\/\/www.3dflex.sk\/web\/wp-content\/uploads\/2024\/02\/Screenshot-from-2024-02-21-20-10-20-1024x559.png 1024w, https:\/\/www.3dflex.sk\/web\/wp-content\/uploads\/2024\/02\/Screenshot-from-2024-02-21-20-10-20-300x164.png 300w, https:\/\/www.3dflex.sk\/web\/wp-content\/uploads\/2024\/02\/Screenshot-from-2024-02-21-20-10-20-768x420.png 768w, https:\/\/www.3dflex.sk\/web\/wp-content\/uploads\/2024\/02\/Screenshot-from-2024-02-21-20-10-20-600x328.png 600w, https:\/\/www.3dflex.sk\/web\/wp-content\/uploads\/2024\/02\/Screenshot-from-2024-02-21-20-10-20.png 1122w\" sizes=\"(max-width: 1024px) 100vw, 1024px\" \/><\/figure>\n\n\n\n<figure class=\"wp-block-image size-large\"><img loading=\"lazy\" decoding=\"async\" width=\"1024\" height=\"613\" src=\"https:\/\/www.3dflex.sk\/web\/wp-content\/uploads\/2024\/02\/Screenshot-from-2024-02-21-20-11-04-1024x613.jpg\" alt=\"\" class=\"wp-image-1030\" srcset=\"https:\/\/www.3dflex.sk\/web\/wp-content\/uploads\/2024\/02\/Screenshot-from-2024-02-21-20-11-04-1024x613.jpg 1024w, https:\/\/www.3dflex.sk\/web\/wp-content\/uploads\/2024\/02\/Screenshot-from-2024-02-21-20-11-04-300x180.jpg 300w, https:\/\/www.3dflex.sk\/web\/wp-content\/uploads\/2024\/02\/Screenshot-from-2024-02-21-20-11-04-768x460.jpg 768w, https:\/\/www.3dflex.sk\/web\/wp-content\/uploads\/2024\/02\/Screenshot-from-2024-02-21-20-11-04-600x359.jpg 600w, https:\/\/www.3dflex.sk\/web\/wp-content\/uploads\/2024\/02\/Screenshot-from-2024-02-21-20-11-04.jpg 1108w\" sizes=\"(max-width: 1024px) 100vw, 1024px\" \/><\/figure>\n\n\n\n<figure class=\"wp-block-image size-large\"><img loading=\"lazy\" decoding=\"async\" width=\"1024\" height=\"493\" src=\"https:\/\/www.3dflex.sk\/web\/wp-content\/uploads\/2024\/02\/Screenshot-from-2024-02-21-20-11-44-1024x493.jpg\" alt=\"\" class=\"wp-image-1031\" srcset=\"https:\/\/www.3dflex.sk\/web\/wp-content\/uploads\/2024\/02\/Screenshot-from-2024-02-21-20-11-44-1024x493.jpg 1024w, https:\/\/www.3dflex.sk\/web\/wp-content\/uploads\/2024\/02\/Screenshot-from-2024-02-21-20-11-44-300x144.jpg 300w, https:\/\/www.3dflex.sk\/web\/wp-content\/uploads\/2024\/02\/Screenshot-from-2024-02-21-20-11-44-768x370.jpg 768w, https:\/\/www.3dflex.sk\/web\/wp-content\/uploads\/2024\/02\/Screenshot-from-2024-02-21-20-11-44-600x289.jpg 600w, https:\/\/www.3dflex.sk\/web\/wp-content\/uploads\/2024\/02\/Screenshot-from-2024-02-21-20-11-44.jpg 1057w\" sizes=\"(max-width: 1024px) 100vw, 1024px\" \/><\/figure>\n\n\n\n<figure class=\"wp-block-image size-large\"><img loading=\"lazy\" decoding=\"async\" width=\"1024\" height=\"316\" src=\"https:\/\/www.3dflex.sk\/web\/wp-content\/uploads\/2024\/02\/Screenshot-from-2024-02-21-20-12-13-1024x316.png\" alt=\"\" class=\"wp-image-1032\" srcset=\"https:\/\/www.3dflex.sk\/web\/wp-content\/uploads\/2024\/02\/Screenshot-from-2024-02-21-20-12-13-1024x316.png 1024w, https:\/\/www.3dflex.sk\/web\/wp-content\/uploads\/2024\/02\/Screenshot-from-2024-02-21-20-12-13-300x93.png 300w, https:\/\/www.3dflex.sk\/web\/wp-content\/uploads\/2024\/02\/Screenshot-from-2024-02-21-20-12-13-768x237.png 768w, https:\/\/www.3dflex.sk\/web\/wp-content\/uploads\/2024\/02\/Screenshot-from-2024-02-21-20-12-13-600x185.png 600w, https:\/\/www.3dflex.sk\/web\/wp-content\/uploads\/2024\/02\/Screenshot-from-2024-02-21-20-12-13.png 1092w\" sizes=\"(max-width: 1024px) 100vw, 1024px\" \/><\/figure>\n","protected":false},"excerpt":{"rendered":"<p>Gumov\u00e9 roho\u017ee na terasu Balk\u00f3ny, terasy, kto by ich nemiloval? Pre mnoh\u00fdch z n\u00e1s je balk\u00f3n \u010fal\u0161\u00edm priestorom. Dnes chceme, aby z balk\u00f3na bola miniz\u00e1hradka, kde m\u00f4\u017eeme poz\u00fdva\u0165 priate\u013eov, tr\u00e1vi\u0165 ve\u010dery alebo organizova\u0165 grilova\u010dku, sta\u010d\u00ed len spr\u00e1vny v\u00fdber a usporiadanie plochy, aby sme sa c\u00edtili pohodlne a bezpe\u010dne. \u010co je d\u00f4le\u017eit\u00e9: Odolnos\u0165 vo\u010di poveternostn\u00fdm vplyvom, [&hellip;]<\/p>\n","protected":false},"author":1,"featured_media":0,"parent":0,"menu_order":0,"comment_status":"closed","ping_status":"closed","template":"","meta":{"ngg_post_thumbnail":0,"footnotes":""},"class_list":["post-580","page","type-page","status-publish","hentry","post"],"_links":{"self":[{"href":"https:\/\/www.3dflex.sk\/web\/index.php\/wp-json\/wp\/v2\/pages\/580","targetHints":{"allow":["GET"]}}],"collection":[{"href":"https:\/\/www.3dflex.sk\/web\/index.php\/wp-json\/wp\/v2\/pages"}],"about":[{"href":"https:\/\/www.3dflex.sk\/web\/index.php\/wp-json\/wp\/v2\/types\/page"}],"author":[{"embeddable":true,"href":"https:\/\/www.3dflex.sk\/web\/index.php\/wp-json\/wp\/v2\/users\/1"}],"replies":[{"embeddable":true,"href":"https:\/\/www.3dflex.sk\/web\/index.php\/wp-json\/wp\/v2\/comments?post=580"}],"version-history":[{"count":4,"href":"https:\/\/www.3dflex.sk\/web\/index.php\/wp-json\/wp\/v2\/pages\/580\/revisions"}],"predecessor-version":[{"id":1047,"href":"https:\/\/www.3dflex.sk\/web\/index.php\/wp-json\/wp\/v2\/pages\/580\/revisions\/1047"}],"wp:attachment":[{"href":"https:\/\/www.3dflex.sk\/web\/index.php\/wp-json\/wp\/v2\/media?parent=580"}],"curies":[{"name":"wp","href":"https:\/\/api.w.org\/{rel}","templated":true}]}}