{"id":586,"date":"2024-02-18T20:41:39","date_gmt":"2024-02-18T19:41:39","guid":{"rendered":"https:\/\/www.3dflex.sk\/web\/?page_id=586"},"modified":"2024-03-10T11:27:01","modified_gmt":"2024-03-10T10:27:01","slug":"prichytene-gumove-platne","status":"publish","type":"page","link":"https:\/\/www.3dflex.sk\/web\/index.php\/gumova-dlazba-na-terasy\/prichytene-gumove-platne\/","title":{"rendered":"Prichyten\u00e9 gumov\u00e9 platne"},"content":{"rendered":"\n<h2 class=\"wp-block-heading\">Tartanov\u00e1 podlo\u017eka<\/h2>\n\n\n\n<p><strong>Polyuret\u00e1nov\u00e9 dosky&nbsp;<\/strong>&nbsp;pou\u017e\u00edvame v najmodernej\u0161\u00edch prev\u00e1dzkach, s\u00fa ide\u00e1lne na miesta ako s\u00fa z\u00e1hradn\u00e9 terasy, balk\u00f3ny, verandy, terasy, lod\u017eie a pod. V\u010faka tomu v\u00e1m m\u00f4\u017eu sl\u00fa\u017ei\u0165 po cel\u00fd rok bez oh\u013eadu na po\u010dasie.<\/p>\n\n\n\n<h3 class=\"wp-block-heading\">Tartanov\u00e1 podlo\u017eka &#8211; v\u00fdhody<\/h3>\n\n\n\n<p>Medzi ich k\u013e\u00fa\u010dov\u00e9 prednosti patria tepelnoizola\u010dn\u00e9 vlastnosti, v\u010faka ktor\u00fdm na\u0161e\u00a0<strong>polyuret\u00e1nov\u00e9 dosky\u00a0<\/strong>\u00a0izoluj\u00fa proti teplu a chladu. Navy\u0161e ich n\u00e1klady na \u00fadr\u017ebu s\u00fa ve\u013emi jednoduch\u00e9 a n\u00edzke a in\u0161tal\u00e1cia je ve\u013emi jednoduch\u00e1 a r\u00fdchla pomocou spojovac\u00edch kol\u00edkov. V\u010faka svojej univerz\u00e1lnosti maj\u00fa \u0161irok\u00e9 vyu\u017eitie. Polyuret\u00e1nov\u00e9 dosky\u00a0<strong>\u00a0<\/strong>maj\u00fa rozmery: 500&#215;500, hr\u00fabka 30 a 40 mm.<\/p>\n\n\n<div data-block-name=\"woocommerce\/product-category\" data-categories=\"[52]\" class=\"wc-block-grid wp-block-product-category wp-block-woocommerce-product-category wc-block-product-category has-3-columns has-multiple-rows\"><ul class=\"wc-block-grid__products\"><li class=\"wc-block-grid__product\">\n\t\t\t\t<a href=\"https:\/\/www.3dflex.sk\/web\/index.php\/produkt\/sbr-gumova-platna-na-terasu-40-mm\/\" class=\"wc-block-grid__product-link\">\n\t\t\t\t\t\n\t\t\t\t\t<div class=\"wc-block-grid__product-image\"><img fetchpriority=\"high\" decoding=\"async\" width=\"300\" height=\"300\" src=\"https:\/\/www.3dflex.sk\/web\/wp-content\/uploads\/2024\/02\/plyta-gumowa-sbr-na-taras-30mm-300x300.jpg\" class=\"attachment-woocommerce_thumbnail size-woocommerce_thumbnail\" alt=\"SBR gumov\u00e1 plat\u0148a na terasu 40 mm\" srcset=\"https:\/\/www.3dflex.sk\/web\/wp-content\/uploads\/2024\/02\/plyta-gumowa-sbr-na-taras-30mm-300x300.jpg 300w, https:\/\/www.3dflex.sk\/web\/wp-content\/uploads\/2024\/02\/plyta-gumowa-sbr-na-taras-30mm-150x150.jpg 150w, https:\/\/www.3dflex.sk\/web\/wp-content\/uploads\/2024\/02\/plyta-gumowa-sbr-na-taras-30mm-768x768.jpg 768w, https:\/\/www.3dflex.sk\/web\/wp-content\/uploads\/2024\/02\/plyta-gumowa-sbr-na-taras-30mm-600x600.jpg 600w, https:\/\/www.3dflex.sk\/web\/wp-content\/uploads\/2024\/02\/plyta-gumowa-sbr-na-taras-30mm-100x100.jpg 100w, https:\/\/www.3dflex.sk\/web\/wp-content\/uploads\/2024\/02\/plyta-gumowa-sbr-na-taras-30mm.jpg 1000w\" sizes=\"(max-width: 300px) 100vw, 300px\" \/><\/div>\n\t\t\t\t\t<div class=\"wc-block-grid__product-title\">SBR gumov\u00e1 plat\u0148a na terasu 40 mm<\/div>\n\t\t\t\t<\/a>\n\t\t\t\t<div class=\"wc-block-grid__product-price price\"><\/div>\n\t\t\t\t\n\t\t\t\t<div class=\"wp-block-button wc-block-grid__product-add-to-cart\"><a href=\"https:\/\/www.3dflex.sk\/web\/index.php\/produkt\/sbr-gumova-platna-na-terasu-40-mm\/\" aria-label=\"V\u00fdber nastaven\u00ed pre &ldquo;SBR gumov\u00e1 plat\u0148a na terasu 40 mm&rdquo;\" data-quantity=\"1\" data-product_id=\"690\" data-product_sku=\"690\" data-price=\"0\" rel=\"nofollow\" class=\"wp-block-button__link  add_to_cart_button\">Viac info<\/a><\/div>\n\t\t\t<\/li><li class=\"wc-block-grid__product\">\n\t\t\t\t<a href=\"https:\/\/www.3dflex.sk\/web\/index.php\/produkt\/sbr-gumova-platna-na-terasu-30-mm\/\" class=\"wc-block-grid__product-link\">\n\t\t\t\t\t\n\t\t\t\t\t<div class=\"wc-block-grid__product-image\"><img decoding=\"async\" width=\"300\" height=\"300\" src=\"https:\/\/www.3dflex.sk\/web\/wp-content\/uploads\/2024\/02\/plyta-gumowa-sbr-na-taras-30mm-cervena-300x300.jpg\" class=\"attachment-woocommerce_thumbnail size-woocommerce_thumbnail\" alt=\"SBR gumov\u00e1 plat\u0148a na terasu 30 mm\" srcset=\"https:\/\/www.3dflex.sk\/web\/wp-content\/uploads\/2024\/02\/plyta-gumowa-sbr-na-taras-30mm-cervena-300x300.jpg 300w, https:\/\/www.3dflex.sk\/web\/wp-content\/uploads\/2024\/02\/plyta-gumowa-sbr-na-taras-30mm-cervena-150x150.jpg 150w, https:\/\/www.3dflex.sk\/web\/wp-content\/uploads\/2024\/02\/plyta-gumowa-sbr-na-taras-30mm-cervena-768x768.jpg 768w, https:\/\/www.3dflex.sk\/web\/wp-content\/uploads\/2024\/02\/plyta-gumowa-sbr-na-taras-30mm-cervena-600x600.jpg 600w, https:\/\/www.3dflex.sk\/web\/wp-content\/uploads\/2024\/02\/plyta-gumowa-sbr-na-taras-30mm-cervena-100x100.jpg 100w, https:\/\/www.3dflex.sk\/web\/wp-content\/uploads\/2024\/02\/plyta-gumowa-sbr-na-taras-30mm-cervena.jpg 1000w\" sizes=\"(max-width: 300px) 100vw, 300px\" \/><\/div>\n\t\t\t\t\t<div class=\"wc-block-grid__product-title\">SBR gumov\u00e1 plat\u0148a na terasu 30 mm<\/div>\n\t\t\t\t<\/a>\n\t\t\t\t<div class=\"wc-block-grid__product-price price\"><span class=\"woocommerce-Price-amount amount\" aria-hidden=\"true\">9,00&nbsp;<span class=\"woocommerce-Price-currencySymbol\">&euro;<\/span><\/span> <span aria-hidden=\"true\">&ndash;<\/span> <span class=\"woocommerce-Price-amount amount\" aria-hidden=\"true\">11,00&nbsp;<span class=\"woocommerce-Price-currencySymbol\">&euro;<\/span><\/span><span class=\"screen-reader-text\">Price range: 9,00&nbsp;&euro; through 11,00&nbsp;&euro;<\/span> <small class=\"woocommerce-price-suffix\">bez DPH<\/small><\/div>\n\t\t\t\t\n\t\t\t\t<div class=\"wp-block-button wc-block-grid__product-add-to-cart\"><a href=\"https:\/\/www.3dflex.sk\/web\/index.php\/produkt\/sbr-gumova-platna-na-terasu-30-mm\/\" aria-label=\"V\u00fdber nastaven\u00ed pre &ldquo;SBR gumov\u00e1 plat\u0148a na terasu 30 mm&rdquo;\" data-quantity=\"1\" data-product_id=\"679\" data-product_sku=\"679\" data-price=\"9\" rel=\"nofollow\" class=\"wp-block-button__link  add_to_cart_button\">V\u00fdber mo\u017enost\u00ed<\/a><\/div>\n\t\t\t<\/li><\/ul><\/div>","protected":false},"excerpt":{"rendered":"<p>Tartanov\u00e1 podlo\u017eka Polyuret\u00e1nov\u00e9 dosky&nbsp;&nbsp;pou\u017e\u00edvame v najmodernej\u0161\u00edch prev\u00e1dzkach, s\u00fa ide\u00e1lne na miesta ako s\u00fa z\u00e1hradn\u00e9 terasy, balk\u00f3ny, verandy, terasy, lod\u017eie a pod. V\u010faka tomu v\u00e1m m\u00f4\u017eu sl\u00fa\u017ei\u0165 po cel\u00fd rok bez oh\u013eadu na po\u010dasie. Tartanov\u00e1 podlo\u017eka &#8211; v\u00fdhody Medzi ich k\u013e\u00fa\u010dov\u00e9 prednosti patria tepelnoizola\u010dn\u00e9 vlastnosti, v\u010faka ktor\u00fdm na\u0161e\u00a0polyuret\u00e1nov\u00e9 dosky\u00a0\u00a0izoluj\u00fa proti teplu a chladu. Navy\u0161e ich n\u00e1klady [&hellip;]<\/p>\n","protected":false},"author":1,"featured_media":0,"parent":580,"menu_order":2,"comment_status":"closed","ping_status":"closed","template":"","meta":{"ngg_post_thumbnail":0,"footnotes":""},"class_list":["post-586","page","type-page","status-publish","hentry","post"],"_links":{"self":[{"href":"https:\/\/www.3dflex.sk\/web\/index.php\/wp-json\/wp\/v2\/pages\/586","targetHints":{"allow":["GET"]}}],"collection":[{"href":"https:\/\/www.3dflex.sk\/web\/index.php\/wp-json\/wp\/v2\/pages"}],"about":[{"href":"https:\/\/www.3dflex.sk\/web\/index.php\/wp-json\/wp\/v2\/types\/page"}],"author":[{"embeddable":true,"href":"https:\/\/www.3dflex.sk\/web\/index.php\/wp-json\/wp\/v2\/users\/1"}],"replies":[{"embeddable":true,"href":"https:\/\/www.3dflex.sk\/web\/index.php\/wp-json\/wp\/v2\/comments?post=586"}],"version-history":[{"count":2,"href":"https:\/\/www.3dflex.sk\/web\/index.php\/wp-json\/wp\/v2\/pages\/586\/revisions"}],"predecessor-version":[{"id":696,"href":"https:\/\/www.3dflex.sk\/web\/index.php\/wp-json\/wp\/v2\/pages\/586\/revisions\/696"}],"up":[{"embeddable":true,"href":"https:\/\/www.3dflex.sk\/web\/index.php\/wp-json\/wp\/v2\/pages\/580"}],"wp:attachment":[{"href":"https:\/\/www.3dflex.sk\/web\/index.php\/wp-json\/wp\/v2\/media?parent=586"}],"curies":[{"name":"wp","href":"https:\/\/api.w.org\/{rel}","templated":true}]}}