{"id":594,"date":"2024-02-18T21:15:11","date_gmt":"2024-02-18T20:15:11","guid":{"rendered":"https:\/\/www.3dflex.sk\/web\/?page_id=594"},"modified":"2024-03-10T11:33:22","modified_gmt":"2024-03-10T10:33:22","slug":"prichytene-gumove-platne","status":"publish","type":"page","link":"https:\/\/www.3dflex.sk\/web\/index.php\/podlahy-pre-telocvicne\/prichytene-gumove-platne\/","title":{"rendered":"Prichyten\u00e9 gumov\u00e9 platne"},"content":{"rendered":"\n<h2 class=\"wp-block-heading\">Gumov\u00e9 plochy spojen\u00e9 kol\u00edkmi<\/h2>\n\n\n\n<p>\u010capovan\u00e9 gumov\u00e9 platne 500x500mm &#8211; v\u010faka jednotliv\u00fdm dielom sa daj\u00fa \u013eahko pres\u00fava\u0165, preto sa ich oplat\u00ed pou\u017ei\u0165 na miestach, kde m\u00f4\u017ee by\u0165 potrebn\u00e1 v\u00fdmena alebo oprava povrchu. N\u00e1\u0161 povrch m\u00e1 spojovacie kol\u00edky, ktor\u00e9 zais\u0165uj\u00fa odoln\u00e9 a stabiln\u00e9 spojenie dielov do celku. Tento typ podlahy zabezpe\u010duje hygienu v\u010faka svojej vzdu\u0161nosti, ke\u010f\u017ee povrch umo\u017e\u0148uje cirkul\u00e1ciu. T\u00fdm sa zabr\u00e1ni rozvoju plesn\u00ed alebo h\u00fab. S\u00e9ria sa vyzna\u010duje \u0161irokou \u0161k\u00e1lou farieb dosiek.<\/p>\n\n\n<div data-block-name=\"woocommerce\/product-category\" data-categories=\"[56]\" class=\"wc-block-grid wp-block-product-category wp-block-woocommerce-product-category wc-block-product-category has-3-columns has-multiple-rows\"><ul class=\"wc-block-grid__products\"><li class=\"wc-block-grid__product\">\n\t\t\t\t<a href=\"https:\/\/www.3dflex.sk\/web\/index.php\/produkt\/sbr-gumova-doska-pre-telocvicnu-50-mm\/\" class=\"wc-block-grid__product-link\">\n\t\t\t\t\t\n\t\t\t\t\t<div class=\"wc-block-grid__product-image\"><img fetchpriority=\"high\" decoding=\"async\" width=\"300\" height=\"300\" src=\"https:\/\/www.3dflex.sk\/web\/wp-content\/uploads\/2024\/02\/plyta-gumowa-sbr-na-taras-30mm-300x300.jpg\" class=\"attachment-woocommerce_thumbnail size-woocommerce_thumbnail\" alt=\"SBR gumov\u00e1 doska pre telocvi\u010d\u0148u 50 mm\" srcset=\"https:\/\/www.3dflex.sk\/web\/wp-content\/uploads\/2024\/02\/plyta-gumowa-sbr-na-taras-30mm-300x300.jpg 300w, https:\/\/www.3dflex.sk\/web\/wp-content\/uploads\/2024\/02\/plyta-gumowa-sbr-na-taras-30mm-150x150.jpg 150w, https:\/\/www.3dflex.sk\/web\/wp-content\/uploads\/2024\/02\/plyta-gumowa-sbr-na-taras-30mm-768x768.jpg 768w, https:\/\/www.3dflex.sk\/web\/wp-content\/uploads\/2024\/02\/plyta-gumowa-sbr-na-taras-30mm-600x600.jpg 600w, https:\/\/www.3dflex.sk\/web\/wp-content\/uploads\/2024\/02\/plyta-gumowa-sbr-na-taras-30mm-100x100.jpg 100w, https:\/\/www.3dflex.sk\/web\/wp-content\/uploads\/2024\/02\/plyta-gumowa-sbr-na-taras-30mm.jpg 1000w\" sizes=\"(max-width: 300px) 100vw, 300px\" \/><\/div>\n\t\t\t\t\t<div class=\"wc-block-grid__product-title\">SBR gumov\u00e1 doska pre telocvi\u010d\u0148u 50 mm<\/div>\n\t\t\t\t<\/a>\n\t\t\t\t<div class=\"wc-block-grid__product-price price\"><span class=\"woocommerce-Price-amount amount\" aria-hidden=\"true\">12,00&nbsp;<span class=\"woocommerce-Price-currencySymbol\">&euro;<\/span><\/span> <span aria-hidden=\"true\">&ndash;<\/span> <span class=\"woocommerce-Price-amount amount\" aria-hidden=\"true\">15,00&nbsp;<span class=\"woocommerce-Price-currencySymbol\">&euro;<\/span><\/span><span class=\"screen-reader-text\">Price range: 12,00&nbsp;&euro; through 15,00&nbsp;&euro;<\/span> <small class=\"woocommerce-price-suffix\">bez DPH<\/small><\/div>\n\t\t\t\t\n\t\t\t\t<div class=\"wp-block-button wc-block-grid__product-add-to-cart\"><a href=\"https:\/\/www.3dflex.sk\/web\/index.php\/produkt\/sbr-gumova-doska-pre-telocvicnu-50-mm\/\" aria-label=\"V\u00fdber nastaven\u00ed pre &ldquo;SBR gumov\u00e1 doska pre telocvi\u010d\u0148u 50 mm&rdquo;\" data-quantity=\"1\" data-product_id=\"734\" data-product_sku=\"734\" data-price=\"12\" rel=\"nofollow\" class=\"wp-block-button__link  add_to_cart_button\">V\u00fdber mo\u017enost\u00ed<\/a><\/div>\n\t\t\t<\/li><li class=\"wc-block-grid__product\">\n\t\t\t\t<a href=\"https:\/\/www.3dflex.sk\/web\/index.php\/produkt\/sbr-gumova-doska-pre-telocvicnu-30-mm\/\" class=\"wc-block-grid__product-link\">\n\t\t\t\t\t\n\t\t\t\t\t<div class=\"wc-block-grid__product-image\"><img decoding=\"async\" width=\"300\" height=\"300\" src=\"https:\/\/www.3dflex.sk\/web\/wp-content\/uploads\/2024\/02\/plyta-gumowa-sbr-na-taras-30mm-cervena-300x300.jpg\" class=\"attachment-woocommerce_thumbnail size-woocommerce_thumbnail\" alt=\"SBR gumov\u00e1 doska pre telocvi\u010d\u0148u 30 mm\" srcset=\"https:\/\/www.3dflex.sk\/web\/wp-content\/uploads\/2024\/02\/plyta-gumowa-sbr-na-taras-30mm-cervena-300x300.jpg 300w, https:\/\/www.3dflex.sk\/web\/wp-content\/uploads\/2024\/02\/plyta-gumowa-sbr-na-taras-30mm-cervena-150x150.jpg 150w, https:\/\/www.3dflex.sk\/web\/wp-content\/uploads\/2024\/02\/plyta-gumowa-sbr-na-taras-30mm-cervena-768x768.jpg 768w, https:\/\/www.3dflex.sk\/web\/wp-content\/uploads\/2024\/02\/plyta-gumowa-sbr-na-taras-30mm-cervena-600x600.jpg 600w, https:\/\/www.3dflex.sk\/web\/wp-content\/uploads\/2024\/02\/plyta-gumowa-sbr-na-taras-30mm-cervena-100x100.jpg 100w, https:\/\/www.3dflex.sk\/web\/wp-content\/uploads\/2024\/02\/plyta-gumowa-sbr-na-taras-30mm-cervena.jpg 1000w\" sizes=\"(max-width: 300px) 100vw, 300px\" \/><\/div>\n\t\t\t\t\t<div class=\"wc-block-grid__product-title\">SBR gumov\u00e1 doska pre telocvi\u010d\u0148u 30 mm<\/div>\n\t\t\t\t<\/a>\n\t\t\t\t<div class=\"wc-block-grid__product-price price\"><span class=\"woocommerce-Price-amount amount\" aria-hidden=\"true\">9,00&nbsp;<span class=\"woocommerce-Price-currencySymbol\">&euro;<\/span><\/span> <span aria-hidden=\"true\">&ndash;<\/span> <span class=\"woocommerce-Price-amount amount\" aria-hidden=\"true\">12,50&nbsp;<span class=\"woocommerce-Price-currencySymbol\">&euro;<\/span><\/span><span class=\"screen-reader-text\">Price range: 9,00&nbsp;&euro; through 12,50&nbsp;&euro;<\/span> <small class=\"woocommerce-price-suffix\">bez DPH<\/small><\/div>\n\t\t\t\t\n\t\t\t\t<div class=\"wp-block-button wc-block-grid__product-add-to-cart\"><a href=\"https:\/\/www.3dflex.sk\/web\/index.php\/produkt\/sbr-gumova-doska-pre-telocvicnu-30-mm\/\" aria-label=\"V\u00fdber nastaven\u00ed pre &ldquo;SBR gumov\u00e1 doska pre telocvi\u010d\u0148u 30 mm&rdquo;\" data-quantity=\"1\" data-product_id=\"720\" data-product_sku=\"720\" data-price=\"9\" rel=\"nofollow\" class=\"wp-block-button__link  add_to_cart_button\">V\u00fdber mo\u017enost\u00ed<\/a><\/div>\n\t\t\t<\/li><\/ul><\/div>","protected":false},"excerpt":{"rendered":"<p>Gumov\u00e9 plochy spojen\u00e9 kol\u00edkmi \u010capovan\u00e9 gumov\u00e9 platne 500x500mm &#8211; v\u010faka jednotliv\u00fdm dielom sa daj\u00fa \u013eahko pres\u00fava\u0165, preto sa ich oplat\u00ed pou\u017ei\u0165 na miestach, kde m\u00f4\u017ee by\u0165 potrebn\u00e1 v\u00fdmena alebo oprava povrchu. N\u00e1\u0161 povrch m\u00e1 spojovacie kol\u00edky, ktor\u00e9 zais\u0165uj\u00fa odoln\u00e9 a stabiln\u00e9 spojenie dielov do celku. Tento typ podlahy zabezpe\u010duje hygienu v\u010faka svojej vzdu\u0161nosti, ke\u010f\u017ee povrch [&hellip;]<\/p>\n","protected":false},"author":1,"featured_media":0,"parent":590,"menu_order":2,"comment_status":"closed","ping_status":"closed","template":"","meta":{"ngg_post_thumbnail":0,"footnotes":""},"class_list":["post-594","page","type-page","status-publish","hentry","post"],"_links":{"self":[{"href":"https:\/\/www.3dflex.sk\/web\/index.php\/wp-json\/wp\/v2\/pages\/594","targetHints":{"allow":["GET"]}}],"collection":[{"href":"https:\/\/www.3dflex.sk\/web\/index.php\/wp-json\/wp\/v2\/pages"}],"about":[{"href":"https:\/\/www.3dflex.sk\/web\/index.php\/wp-json\/wp\/v2\/types\/page"}],"author":[{"embeddable":true,"href":"https:\/\/www.3dflex.sk\/web\/index.php\/wp-json\/wp\/v2\/users\/1"}],"replies":[{"embeddable":true,"href":"https:\/\/www.3dflex.sk\/web\/index.php\/wp-json\/wp\/v2\/comments?post=594"}],"version-history":[{"count":3,"href":"https:\/\/www.3dflex.sk\/web\/index.php\/wp-json\/wp\/v2\/pages\/594\/revisions"}],"predecessor-version":[{"id":1099,"href":"https:\/\/www.3dflex.sk\/web\/index.php\/wp-json\/wp\/v2\/pages\/594\/revisions\/1099"}],"up":[{"embeddable":true,"href":"https:\/\/www.3dflex.sk\/web\/index.php\/wp-json\/wp\/v2\/pages\/590"}],"wp:attachment":[{"href":"https:\/\/www.3dflex.sk\/web\/index.php\/wp-json\/wp\/v2\/media?parent=594"}],"curies":[{"name":"wp","href":"https:\/\/api.w.org\/{rel}","templated":true}]}}