{"id":597,"date":"2024-02-18T21:17:40","date_gmt":"2024-02-18T20:17:40","guid":{"rendered":"https:\/\/www.3dflex.sk\/web\/?page_id=597"},"modified":"2024-03-10T11:34:12","modified_gmt":"2024-03-10T10:34:12","slug":"puzzle-podlozky","status":"publish","type":"page","link":"https:\/\/www.3dflex.sk\/web\/index.php\/podlahy-pre-telocvicne\/puzzle-podlozky\/","title":{"rendered":"Puzzle podlo\u017eky"},"content":{"rendered":"\n<p>Do seba zapadaj\u00face puzzle dosky 1000x1000mm sa ve\u013emi \u013eahko montuj\u00fa. \u0160trukt\u00fara roho\u017ee umo\u017e\u0148uje ve\u013emi jednoduch\u00e9 \u010distenie, tak\u017ee m\u00e1 ve\u013ek\u00e9 estetick\u00e9 a hygienick\u00e9 hodnoty. Podlo\u017eka je ide\u00e1lna ako do dom\u00e1cich telocvi\u010dn\u00ed, tak do miestnost\u00ed bojov\u00fdch umen\u00ed \u2013 kde je nevyhnutn\u00fd kontakt so zemou. Je mo\u017en\u00e9 vytv\u00e1ra\u0165 aj farebn\u00e9 kombin\u00e1cie a melan\u017ee vzniknut\u00e9 kombin\u00e1ciou s farebn\u00fdmi EPDM granulami.<\/p>\n\n\n<div data-block-name=\"woocommerce\/product-category\" data-categories=\"[57]\" class=\"wc-block-grid wp-block-product-category wp-block-woocommerce-product-category wc-block-product-category has-3-columns has-multiple-rows\"><ul class=\"wc-block-grid__products\"><li class=\"wc-block-grid__product\">\n\t\t\t\t<a href=\"https:\/\/www.3dflex.sk\/web\/index.php\/produkt\/gumova-podlozka-na-puzzle-20-mm\/\" class=\"wc-block-grid__product-link\">\n\t\t\t\t\t\n\t\t\t\t\t<div class=\"wc-block-grid__product-image\"><img fetchpriority=\"high\" decoding=\"async\" width=\"300\" height=\"300\" src=\"https:\/\/www.3dflex.sk\/web\/wp-content\/uploads\/2024\/02\/mata-gumowa-typu-puzzle-15mm-cierna-300x300.jpg\" class=\"attachment-woocommerce_thumbnail size-woocommerce_thumbnail\" alt=\"Gumov\u00e1 podlo\u017eka na puzzle 20 mm\" srcset=\"https:\/\/www.3dflex.sk\/web\/wp-content\/uploads\/2024\/02\/mata-gumowa-typu-puzzle-15mm-cierna-300x300.jpg 300w, https:\/\/www.3dflex.sk\/web\/wp-content\/uploads\/2024\/02\/mata-gumowa-typu-puzzle-15mm-cierna-150x150.jpg 150w, https:\/\/www.3dflex.sk\/web\/wp-content\/uploads\/2024\/02\/mata-gumowa-typu-puzzle-15mm-cierna-768x768.jpg 768w, https:\/\/www.3dflex.sk\/web\/wp-content\/uploads\/2024\/02\/mata-gumowa-typu-puzzle-15mm-cierna-600x600.jpg 600w, https:\/\/www.3dflex.sk\/web\/wp-content\/uploads\/2024\/02\/mata-gumowa-typu-puzzle-15mm-cierna-100x100.jpg 100w, https:\/\/www.3dflex.sk\/web\/wp-content\/uploads\/2024\/02\/mata-gumowa-typu-puzzle-15mm-cierna.jpg 1000w\" sizes=\"(max-width: 300px) 100vw, 300px\" \/><\/div>\n\t\t\t\t\t<div class=\"wc-block-grid__product-title\">Gumov\u00e1 podlo\u017eka na puzzle 20 mm<\/div>\n\t\t\t\t<\/a>\n\t\t\t\t<div class=\"wc-block-grid__product-price price\"><span class=\"woocommerce-Price-amount amount\" aria-hidden=\"true\">29,00&nbsp;<span class=\"woocommerce-Price-currencySymbol\">&euro;<\/span><\/span> <span aria-hidden=\"true\">&ndash;<\/span> <span class=\"woocommerce-Price-amount amount\" aria-hidden=\"true\">36,00&nbsp;<span class=\"woocommerce-Price-currencySymbol\">&euro;<\/span><\/span><span class=\"screen-reader-text\">Price range: 29,00&nbsp;&euro; through 36,00&nbsp;&euro;<\/span> <small class=\"woocommerce-price-suffix\">bez DPH<\/small><\/div>\n\t\t\t\t\n\t\t\t\t<div class=\"wp-block-button wc-block-grid__product-add-to-cart\"><a href=\"https:\/\/www.3dflex.sk\/web\/index.php\/produkt\/gumova-podlozka-na-puzzle-20-mm\/\" aria-label=\"V\u00fdber nastaven\u00ed pre &ldquo;Gumov\u00e1 podlo\u017eka na puzzle 20 mm&rdquo;\" data-quantity=\"1\" data-product_id=\"762\" data-product_sku=\"762\" data-price=\"29\" rel=\"nofollow\" class=\"wp-block-button__link  add_to_cart_button\">V\u00fdber mo\u017enost\u00ed<\/a><\/div>\n\t\t\t<\/li><li class=\"wc-block-grid__product\">\n\t\t\t\t<a href=\"https:\/\/www.3dflex.sk\/web\/index.php\/produkt\/gumova-podlozka-na-puzzle-15-mm\/\" class=\"wc-block-grid__product-link\">\n\t\t\t\t\t\n\t\t\t\t\t<div class=\"wc-block-grid__product-image\"><img decoding=\"async\" width=\"300\" height=\"300\" src=\"https:\/\/www.3dflex.sk\/web\/wp-content\/uploads\/2024\/02\/mata-gumowa-typu-puzzle-15mm-cierna-300x300.jpg\" class=\"attachment-woocommerce_thumbnail size-woocommerce_thumbnail\" alt=\"Gumov\u00e1 podlo\u017eka na puzzle 15 mm\" srcset=\"https:\/\/www.3dflex.sk\/web\/wp-content\/uploads\/2024\/02\/mata-gumowa-typu-puzzle-15mm-cierna-300x300.jpg 300w, https:\/\/www.3dflex.sk\/web\/wp-content\/uploads\/2024\/02\/mata-gumowa-typu-puzzle-15mm-cierna-150x150.jpg 150w, https:\/\/www.3dflex.sk\/web\/wp-content\/uploads\/2024\/02\/mata-gumowa-typu-puzzle-15mm-cierna-768x768.jpg 768w, https:\/\/www.3dflex.sk\/web\/wp-content\/uploads\/2024\/02\/mata-gumowa-typu-puzzle-15mm-cierna-600x600.jpg 600w, https:\/\/www.3dflex.sk\/web\/wp-content\/uploads\/2024\/02\/mata-gumowa-typu-puzzle-15mm-cierna-100x100.jpg 100w, https:\/\/www.3dflex.sk\/web\/wp-content\/uploads\/2024\/02\/mata-gumowa-typu-puzzle-15mm-cierna.jpg 1000w\" sizes=\"(max-width: 300px) 100vw, 300px\" \/><\/div>\n\t\t\t\t\t<div class=\"wc-block-grid__product-title\">Gumov\u00e1 podlo\u017eka na puzzle 15 mm<\/div>\n\t\t\t\t<\/a>\n\t\t\t\t<div class=\"wc-block-grid__product-price price\"><span class=\"woocommerce-Price-amount amount\" aria-hidden=\"true\">25,00&nbsp;<span class=\"woocommerce-Price-currencySymbol\">&euro;<\/span><\/span> <span aria-hidden=\"true\">&ndash;<\/span> <span class=\"woocommerce-Price-amount amount\" aria-hidden=\"true\">32,00&nbsp;<span class=\"woocommerce-Price-currencySymbol\">&euro;<\/span><\/span><span class=\"screen-reader-text\">Price range: 25,00&nbsp;&euro; through 32,00&nbsp;&euro;<\/span> <small class=\"woocommerce-price-suffix\">bez DPH<\/small><\/div>\n\t\t\t\t\n\t\t\t\t<div class=\"wp-block-button wc-block-grid__product-add-to-cart\"><a href=\"https:\/\/www.3dflex.sk\/web\/index.php\/produkt\/gumova-podlozka-na-puzzle-15-mm\/\" aria-label=\"V\u00fdber nastaven\u00ed pre &ldquo;Gumov\u00e1 podlo\u017eka na puzzle 15 mm&rdquo;\" data-quantity=\"1\" data-product_id=\"751\" data-product_sku=\"751\" data-price=\"25\" rel=\"nofollow\" class=\"wp-block-button__link  add_to_cart_button\">V\u00fdber mo\u017enost\u00ed<\/a><\/div>\n\t\t\t<\/li><\/ul><\/div>","protected":false},"excerpt":{"rendered":"<p>Do seba zapadaj\u00face puzzle dosky 1000x1000mm sa ve\u013emi \u013eahko montuj\u00fa. \u0160trukt\u00fara roho\u017ee umo\u017e\u0148uje ve\u013emi jednoduch\u00e9 \u010distenie, tak\u017ee m\u00e1 ve\u013ek\u00e9 estetick\u00e9 a hygienick\u00e9 hodnoty. Podlo\u017eka je ide\u00e1lna ako do dom\u00e1cich telocvi\u010dn\u00ed, tak do miestnost\u00ed bojov\u00fdch umen\u00ed \u2013 kde je nevyhnutn\u00fd kontakt so zemou. Je mo\u017en\u00e9 vytv\u00e1ra\u0165 aj farebn\u00e9 kombin\u00e1cie a melan\u017ee vzniknut\u00e9 kombin\u00e1ciou s farebn\u00fdmi EPDM [&hellip;]<\/p>\n","protected":false},"author":1,"featured_media":0,"parent":590,"menu_order":3,"comment_status":"closed","ping_status":"closed","template":"","meta":{"ngg_post_thumbnail":0,"footnotes":""},"class_list":["post-597","page","type-page","status-publish","hentry","post"],"_links":{"self":[{"href":"https:\/\/www.3dflex.sk\/web\/index.php\/wp-json\/wp\/v2\/pages\/597","targetHints":{"allow":["GET"]}}],"collection":[{"href":"https:\/\/www.3dflex.sk\/web\/index.php\/wp-json\/wp\/v2\/pages"}],"about":[{"href":"https:\/\/www.3dflex.sk\/web\/index.php\/wp-json\/wp\/v2\/types\/page"}],"author":[{"embeddable":true,"href":"https:\/\/www.3dflex.sk\/web\/index.php\/wp-json\/wp\/v2\/users\/1"}],"replies":[{"embeddable":true,"href":"https:\/\/www.3dflex.sk\/web\/index.php\/wp-json\/wp\/v2\/comments?post=597"}],"version-history":[{"count":2,"href":"https:\/\/www.3dflex.sk\/web\/index.php\/wp-json\/wp\/v2\/pages\/597\/revisions"}],"predecessor-version":[{"id":771,"href":"https:\/\/www.3dflex.sk\/web\/index.php\/wp-json\/wp\/v2\/pages\/597\/revisions\/771"}],"up":[{"embeddable":true,"href":"https:\/\/www.3dflex.sk\/web\/index.php\/wp-json\/wp\/v2\/pages\/590"}],"wp:attachment":[{"href":"https:\/\/www.3dflex.sk\/web\/index.php\/wp-json\/wp\/v2\/media?parent=597"}],"curies":[{"name":"wp","href":"https:\/\/api.w.org\/{rel}","templated":true}]}}