{"id":606,"date":"2024-02-19T11:32:18","date_gmt":"2024-02-19T10:32:18","guid":{"rendered":"https:\/\/www.3dflex.sk\/web\/?page_id=606"},"modified":"2024-03-10T11:46:24","modified_gmt":"2024-03-10T10:46:24","slug":"gumove-najazdy","status":"publish","type":"page","link":"https:\/\/www.3dflex.sk\/web\/index.php\/elementor-18\/gumove-najazdy\/","title":{"rendered":"Gumov\u00e9 n\u00e1jazdy"},"content":{"rendered":"\n<h2 class=\"wp-block-heading\">Rampy pre pr\u00edjazdov\u00e9 cesty<\/h2>\n\n\n\n<p>Gumov\u00e9, vystu\u017een\u00e9 a proti\u0161mykov\u00e9 s mo\u017enos\u0165ou ukotvenia na asfalt a bet\u00f3n, rampy pr\u00edjazdovej cesty prich\u00e1dzaj\u00fa v r\u00f4znych v\u00fd\u0161kach od 5 do 10 cm.<\/p>\n\n\n\n<p>M\u00f4\u017eu by\u0165 pou\u017eit\u00e9 ako pr\u00edjazdov\u00e1 cesta k obrubn\u00edku, gar\u00e1\u017ei, schodom, ako aj ako vysokozdvi\u017en\u00e9 rampy do priemyseln\u00fdch h\u00e1l. Vo verzii&nbsp;<em>nehor\u013eav\u00fd<\/em>&nbsp;rampy pr\u00edjazdov\u00fdch ciest m\u00f4\u017eu by\u0165 pou\u017eit\u00e9 pre interi\u00e9ry \u2013 Cfl-s1 alebo Bfl-s1 certifik\u00e1t spoma\u013eovania horenia (volite\u013en\u00e9).<\/p>\n\n\n\n<p>V\u010faka zosilnenej \u0161trukt\u00fare gar\u00e1\u017eovej rampy&nbsp;&nbsp;a obrubn\u00edk mo\u017eno pou\u017ei\u0165 ako rampy pre aut\u00e1, motorky, n\u00e1kladn\u00e9 aut\u00e1, vysokozdvi\u017en\u00e9 voz\u00edky, invalidn\u00e9 voz\u00edky, bicykle at\u010f.<\/p>\n\n\n\n<p>R\u00fdchla mont\u00e1\u017e sa vykon\u00e1va ukotven\u00edm hnacej rampy na stabiln\u00fa a odoln\u00fa p\u00f4du, t. J. Asfalt \/ bet\u00f3n. Rampa m\u00e1 otvory a prvky stabilizuj\u00face kotvy.<\/p>\n\n\n\n<p>Rampa pr\u00edjazdovej cesty m\u00f4\u017ee by\u0165 vo\u013ene rozrezan\u00e1 na po\u017eadovan\u00fd rozmer.<\/p>\n\n\n\n<p><strong>Pre viac inform\u00e1ci\u00ed n\u00e1s pros\u00edm kontaktujte priamo a ur\u010dte cenu<\/strong><\/p>\n\n\n<div data-block-name=\"woocommerce\/product-category\" data-categories=\"[50]\" class=\"wc-block-grid wp-block-product-category wp-block-woocommerce-product-category wc-block-product-category has-3-columns has-multiple-rows\"><ul class=\"wc-block-grid__products\"><li class=\"wc-block-grid__product\">\n\t\t\t\t<a href=\"https:\/\/www.3dflex.sk\/web\/index.php\/produkt\/rampa-gumovy-najazd-80-mm-2\/\" class=\"wc-block-grid__product-link\">\n\t\t\t\t\t\n\t\t\t\t\t<div class=\"wc-block-grid__product-image\"><img fetchpriority=\"high\" decoding=\"async\" width=\"300\" height=\"300\" src=\"https:\/\/www.3dflex.sk\/web\/wp-content\/uploads\/2024\/02\/rampa-najazd-gumowy-60mm-zeleny-300x300.jpg\" class=\"attachment-woocommerce_thumbnail size-woocommerce_thumbnail\" alt=\"Rampa gumov\u00fd n\u00e1jazd 80 mm\" srcset=\"https:\/\/www.3dflex.sk\/web\/wp-content\/uploads\/2024\/02\/rampa-najazd-gumowy-60mm-zeleny-300x300.jpg 300w, https:\/\/www.3dflex.sk\/web\/wp-content\/uploads\/2024\/02\/rampa-najazd-gumowy-60mm-zeleny-150x150.jpg 150w, https:\/\/www.3dflex.sk\/web\/wp-content\/uploads\/2024\/02\/rampa-najazd-gumowy-60mm-zeleny-768x768.jpg 768w, https:\/\/www.3dflex.sk\/web\/wp-content\/uploads\/2024\/02\/rampa-najazd-gumowy-60mm-zeleny-600x600.jpg 600w, https:\/\/www.3dflex.sk\/web\/wp-content\/uploads\/2024\/02\/rampa-najazd-gumowy-60mm-zeleny-100x100.jpg 100w, https:\/\/www.3dflex.sk\/web\/wp-content\/uploads\/2024\/02\/rampa-najazd-gumowy-60mm-zeleny.jpg 1000w\" sizes=\"(max-width: 300px) 100vw, 300px\" \/><\/div>\n\t\t\t\t\t<div class=\"wc-block-grid__product-title\">Rampa gumov\u00fd n\u00e1jazd 80 mm<\/div>\n\t\t\t\t<\/a>\n\t\t\t\t<div class=\"wc-block-grid__product-price price\"><\/div>\n\t\t\t\t\n\t\t\t\t<div class=\"wp-block-button wc-block-grid__product-add-to-cart\"><a href=\"https:\/\/www.3dflex.sk\/web\/index.php\/produkt\/rampa-gumovy-najazd-80-mm-2\/\" aria-label=\"V\u00fdber nastaven\u00ed pre &ldquo;Rampa gumov\u00fd n\u00e1jazd 80 mm&rdquo;\" data-quantity=\"1\" data-product_id=\"644\" data-product_sku=\"\" data-price=\"0\" rel=\"nofollow\" class=\"wp-block-button__link  add_to_cart_button\">Viac info<\/a><\/div>\n\t\t\t<\/li><li class=\"wc-block-grid__product\">\n\t\t\t\t<a href=\"https:\/\/www.3dflex.sk\/web\/index.php\/produkt\/rampa-gumovy-najazd-80-mm\/\" class=\"wc-block-grid__product-link\">\n\t\t\t\t\t\n\t\t\t\t\t<div class=\"wc-block-grid__product-image\"><img decoding=\"async\" width=\"300\" height=\"300\" src=\"https:\/\/www.3dflex.sk\/web\/wp-content\/uploads\/2024\/02\/rampa-najazd-gumowy-60mm-cerveny-300x300.jpg\" class=\"attachment-woocommerce_thumbnail size-woocommerce_thumbnail\" alt=\"Rampa gumov\u00fd n\u00e1jazd SBR 100 mm\" srcset=\"https:\/\/www.3dflex.sk\/web\/wp-content\/uploads\/2024\/02\/rampa-najazd-gumowy-60mm-cerveny-300x300.jpg 300w, https:\/\/www.3dflex.sk\/web\/wp-content\/uploads\/2024\/02\/rampa-najazd-gumowy-60mm-cerveny-150x150.jpg 150w, https:\/\/www.3dflex.sk\/web\/wp-content\/uploads\/2024\/02\/rampa-najazd-gumowy-60mm-cerveny-768x768.jpg 768w, https:\/\/www.3dflex.sk\/web\/wp-content\/uploads\/2024\/02\/rampa-najazd-gumowy-60mm-cerveny-600x600.jpg 600w, https:\/\/www.3dflex.sk\/web\/wp-content\/uploads\/2024\/02\/rampa-najazd-gumowy-60mm-cerveny-100x100.jpg 100w, https:\/\/www.3dflex.sk\/web\/wp-content\/uploads\/2024\/02\/rampa-najazd-gumowy-60mm-cerveny.jpg 1000w\" sizes=\"(max-width: 300px) 100vw, 300px\" \/><\/div>\n\t\t\t\t\t<div class=\"wc-block-grid__product-title\">Rampa gumov\u00fd n\u00e1jazd SBR 100 mm<\/div>\n\t\t\t\t<\/a>\n\t\t\t\t<div class=\"wc-block-grid__product-price price\"><\/div>\n\t\t\t\t\n\t\t\t\t<div class=\"wp-block-button wc-block-grid__product-add-to-cart\"><a href=\"https:\/\/www.3dflex.sk\/web\/index.php\/produkt\/rampa-gumovy-najazd-80-mm\/\" aria-label=\"V\u00fdber nastaven\u00ed pre &ldquo;Rampa gumov\u00fd n\u00e1jazd SBR 100 mm&rdquo;\" data-quantity=\"1\" data-product_id=\"631\" data-product_sku=\"\" data-price=\"0\" rel=\"nofollow\" class=\"wp-block-button__link  add_to_cart_button\">Viac info<\/a><\/div>\n\t\t\t<\/li><li class=\"wc-block-grid__product\">\n\t\t\t\t<a href=\"https:\/\/www.3dflex.sk\/web\/index.php\/produkt\/rampa-gumovy-najazd-60-mm\/\" class=\"wc-block-grid__product-link\">\n\t\t\t\t\t\n\t\t\t\t\t<div class=\"wc-block-grid__product-image\"><img decoding=\"async\" width=\"300\" height=\"300\" src=\"https:\/\/www.3dflex.sk\/web\/wp-content\/uploads\/2024\/02\/rampa-najazd-gumowy-60mm-sivy-300x300.jpg\" class=\"attachment-woocommerce_thumbnail size-woocommerce_thumbnail\" alt=\"Rampa gumov\u00fd n\u00e1jazd 60 mm\" srcset=\"https:\/\/www.3dflex.sk\/web\/wp-content\/uploads\/2024\/02\/rampa-najazd-gumowy-60mm-sivy-300x300.jpg 300w, https:\/\/www.3dflex.sk\/web\/wp-content\/uploads\/2024\/02\/rampa-najazd-gumowy-60mm-sivy-150x150.jpg 150w, https:\/\/www.3dflex.sk\/web\/wp-content\/uploads\/2024\/02\/rampa-najazd-gumowy-60mm-sivy-768x768.jpg 768w, https:\/\/www.3dflex.sk\/web\/wp-content\/uploads\/2024\/02\/rampa-najazd-gumowy-60mm-sivy-600x600.jpg 600w, https:\/\/www.3dflex.sk\/web\/wp-content\/uploads\/2024\/02\/rampa-najazd-gumowy-60mm-sivy-100x100.jpg 100w, https:\/\/www.3dflex.sk\/web\/wp-content\/uploads\/2024\/02\/rampa-najazd-gumowy-60mm-sivy.jpg 1000w\" sizes=\"(max-width: 300px) 100vw, 300px\" \/><\/div>\n\t\t\t\t\t<div class=\"wc-block-grid__product-title\">Rampa gumov\u00fd n\u00e1jazd 60 mm<\/div>\n\t\t\t\t<\/a>\n\t\t\t\t<div class=\"wc-block-grid__product-price price\"><\/div>\n\t\t\t\t\n\t\t\t\t<div class=\"wp-block-button wc-block-grid__product-add-to-cart\"><a href=\"https:\/\/www.3dflex.sk\/web\/index.php\/produkt\/rampa-gumovy-najazd-60-mm\/\" aria-label=\"V\u00fdber nastaven\u00ed pre &ldquo;Rampa gumov\u00fd n\u00e1jazd 60 mm&rdquo;\" data-quantity=\"1\" data-product_id=\"621\" data-product_sku=\"\" data-price=\"0\" rel=\"nofollow\" class=\"wp-block-button__link  add_to_cart_button\">Viac info<\/a><\/div>\n\t\t\t<\/li><li class=\"wc-block-grid__product\">\n\t\t\t\t<a href=\"https:\/\/www.3dflex.sk\/web\/index.php\/produkt\/rampa-gumovy-najazd-50-mm\/\" class=\"wc-block-grid__product-link\">\n\t\t\t\t\t\n\t\t\t\t\t<div class=\"wc-block-grid__product-image\"><img loading=\"lazy\" decoding=\"async\" width=\"300\" height=\"300\" src=\"https:\/\/www.3dflex.sk\/web\/wp-content\/uploads\/2024\/02\/rampa-najazd-gumowy-50mm-300x300.jpg\" class=\"attachment-woocommerce_thumbnail size-woocommerce_thumbnail\" alt=\"Rampa gumov\u00fd n\u00e1jazd 50 mm\" srcset=\"https:\/\/www.3dflex.sk\/web\/wp-content\/uploads\/2024\/02\/rampa-najazd-gumowy-50mm-300x300.jpg 300w, https:\/\/www.3dflex.sk\/web\/wp-content\/uploads\/2024\/02\/rampa-najazd-gumowy-50mm-150x150.jpg 150w, https:\/\/www.3dflex.sk\/web\/wp-content\/uploads\/2024\/02\/rampa-najazd-gumowy-50mm-768x768.jpg 768w, https:\/\/www.3dflex.sk\/web\/wp-content\/uploads\/2024\/02\/rampa-najazd-gumowy-50mm-600x600.jpg 600w, https:\/\/www.3dflex.sk\/web\/wp-content\/uploads\/2024\/02\/rampa-najazd-gumowy-50mm-100x100.jpg 100w, https:\/\/www.3dflex.sk\/web\/wp-content\/uploads\/2024\/02\/rampa-najazd-gumowy-50mm.jpg 1000w\" sizes=\"(max-width: 300px) 100vw, 300px\" \/><\/div>\n\t\t\t\t\t<div class=\"wc-block-grid__product-title\">Rampa gumov\u00fd n\u00e1jazd 50 mm<\/div>\n\t\t\t\t<\/a>\n\t\t\t\t<div class=\"wc-block-grid__product-price price\"><\/div>\n\t\t\t\t\n\t\t\t\t<div class=\"wp-block-button wc-block-grid__product-add-to-cart\"><a href=\"https:\/\/www.3dflex.sk\/web\/index.php\/produkt\/rampa-gumovy-najazd-50-mm\/\" aria-label=\"V\u00fdber nastaven\u00ed pre &ldquo;Rampa gumov\u00fd n\u00e1jazd 50 mm&rdquo;\" data-quantity=\"1\" data-product_id=\"607\" data-product_sku=\"\" data-price=\"0\" rel=\"nofollow\" class=\"wp-block-button__link  add_to_cart_button\">Viac info<\/a><\/div>\n\t\t\t<\/li><\/ul><\/div>","protected":false},"excerpt":{"rendered":"<p>Rampy pre pr\u00edjazdov\u00e9 cesty Gumov\u00e9, vystu\u017een\u00e9 a proti\u0161mykov\u00e9 s mo\u017enos\u0165ou ukotvenia na asfalt a bet\u00f3n, rampy pr\u00edjazdovej cesty prich\u00e1dzaj\u00fa v r\u00f4znych v\u00fd\u0161kach od 5 do 10 cm. M\u00f4\u017eu by\u0165 pou\u017eit\u00e9 ako pr\u00edjazdov\u00e1 cesta k obrubn\u00edku, gar\u00e1\u017ei, schodom, ako aj ako vysokozdvi\u017en\u00e9 rampy do priemyseln\u00fdch h\u00e1l. Vo verzii&nbsp;nehor\u013eav\u00fd&nbsp;rampy pr\u00edjazdov\u00fdch ciest m\u00f4\u017eu by\u0165 pou\u017eit\u00e9 pre interi\u00e9ry \u2013 [&hellip;]<\/p>\n","protected":false},"author":1,"featured_media":0,"parent":18,"menu_order":8,"comment_status":"closed","ping_status":"closed","template":"","meta":{"ngg_post_thumbnail":0,"footnotes":""},"class_list":["post-606","page","type-page","status-publish","hentry","post"],"_links":{"self":[{"href":"https:\/\/www.3dflex.sk\/web\/index.php\/wp-json\/wp\/v2\/pages\/606","targetHints":{"allow":["GET"]}}],"collection":[{"href":"https:\/\/www.3dflex.sk\/web\/index.php\/wp-json\/wp\/v2\/pages"}],"about":[{"href":"https:\/\/www.3dflex.sk\/web\/index.php\/wp-json\/wp\/v2\/types\/page"}],"author":[{"embeddable":true,"href":"https:\/\/www.3dflex.sk\/web\/index.php\/wp-json\/wp\/v2\/users\/1"}],"replies":[{"embeddable":true,"href":"https:\/\/www.3dflex.sk\/web\/index.php\/wp-json\/wp\/v2\/comments?post=606"}],"version-history":[{"count":2,"href":"https:\/\/www.3dflex.sk\/web\/index.php\/wp-json\/wp\/v2\/pages\/606\/revisions"}],"predecessor-version":[{"id":656,"href":"https:\/\/www.3dflex.sk\/web\/index.php\/wp-json\/wp\/v2\/pages\/606\/revisions\/656"}],"up":[{"embeddable":true,"href":"https:\/\/www.3dflex.sk\/web\/index.php\/wp-json\/wp\/v2\/pages\/18"}],"wp:attachment":[{"href":"https:\/\/www.3dflex.sk\/web\/index.php\/wp-json\/wp\/v2\/media?parent=606"}],"curies":[{"name":"wp","href":"https:\/\/api.w.org\/{rel}","templated":true}]}}