{"id":851,"date":"2024-02-20T13:58:06","date_gmt":"2024-02-20T12:58:06","guid":{"rendered":"https:\/\/www.3dflex.sk\/web\/?page_id=851"},"modified":"2024-03-10T11:47:14","modified_gmt":"2024-03-10T10:47:14","slug":"gumova-kocka-behaton","status":"publish","type":"page","link":"https:\/\/www.3dflex.sk\/web\/index.php\/elementor-18\/gumova-kocka-behaton\/","title":{"rendered":"Gumov\u00e1 z\u00e1mkov\u00e1 dla\u017eba"},"content":{"rendered":"\n<p>Gumov\u00e9 kocky  s\u00fa vyroben\u00e9 z najkvalitnej\u0161\u00edch materi\u00e1lov s rozmermi 160 x 200 mm so zosilnenou kon\u0161trukciou. Tieto typy bezpe\u010dn\u00fdch povrchov sa pou\u017e\u00edvaj\u00fa v\u0161ade tam, kde je potrebn\u00fd flexibiln\u00fd substr\u00e1t, ktor\u00fd m\u00e1 antivibra\u010dn\u00fa, prietokov\u00fa a proti\u0161mykov\u00fa funkciu. Je preto nenahradite\u013en\u00e1 v \u0161portov\u00fdch a rekrea\u010dn\u00fdch zariadeniach, napr\u00edklad v rekrea\u010dn\u00fdch oblastiach, na multifunk\u010dn\u00fdch ihrisk\u00e1ch, ako aj v dom\u00e1cej infra\u0161trukt\u00fare, \u010d\u00edm sa vytv\u00e1raj\u00fa funk\u010dn\u00e9 terasy, balk\u00f3ny, pr\u00edjazdov\u00e9 cesty a pr\u00edstupy a \u010fal\u0161ie oblasti okolo domov alebo obytn\u00fdch segmentov. Gumov\u00e1 kocka  m\u00e1 tlmiacu a izola\u010dn\u00fa \u00falohu a jej povrch je polo\u017een\u00fd odoln\u00fd, odol\u00e1 dynamick\u00e9mu za\u0165a\u017eeniu, t. j. Je prisp\u00f4soben\u00fd na pohyb kolesa, a tie\u017e dobre funguje v jazdeck\u00fdch spolkoch a kluboch,ochrana pred nadmern\u00fdm za\u0165a\u017een\u00edm a zabezpe\u010denie bezpe\u010dn\u00fdch stabiln\u00fdch chodieb.<\/p>\n\n\n\n<h2 class=\"wp-block-heading has-medium-font-size\">V\u00ddHODY GUMENN\u00ddCH DLA\u017dOBN\u00ddCH KOCIEK<\/h2>\n\n\n\n<p>Osobitn\u00e9 v\u00fdhody kocky  s\u00fa sp\u00f4soben\u00e9 priazniv\u00fdmi vlastnos\u0165ami materi\u00e1lu, z ktor\u00e9ho sa vyr\u00e1ba, konkr\u00e9tne &#8211; vyr\u00e1ba sa v dvoch odrod\u00e1ch: ako \u010dierny gumov\u00fd povrch SBR alebo povrchovo zafarben\u00fd v nasleduj\u00facich farb\u00e1ch: \u010derven\u00e1, zelen\u00e1, \u0161ed\u00e1 a antracit. Tieto materi\u00e1ly br\u00e1nia rozpadu povrchu a zaru\u010duj\u00fa okrem in\u00e9ho izol\u00e1ciu od tepla a chladu, hluku, vibr\u00e1ci\u00ed, odolnosti vo\u010di poveternostn\u00fdm vplyvom. Gumov\u00e9 kocky BEHATON s\u00fa k dispoz\u00edcii aj vo verzii s hornou vrstvou vyrobenou z farebn\u00fdch gran\u00fal EPDM (farebn\u00e1 paleta RAL \u2013 mo\u017en\u00e1 na dosiahnutie 24 farieb alebo ich zmes\u00ed \u2013 melange) a spodnou vrstvou vyrobenou z \u010diernych gran\u00fal SBR. Obe druhy kociek sa vyr\u00e1baj\u00fa v s\u00falade s eur\u00f3pskou normou PN: EN 1177: 2019. Zaru\u010den\u00e1 ne\u0161kodnos\u0165 v\u00fdrobkov pre zdravie \u013eud\u00ed a zvierat,je potvrden\u00e9 hygienick\u00fdm osved\u010den\u00edm \u0160t\u00e1tneho hygienick\u00e9ho \u00fastavu PZH.<\/p>\n\n\n\n<p>D\u00f4le\u017eit\u00e9 je, \u017ee produkt dosahuje mieru poklesu 1,1 m.<\/p>\n\n\n\n<p><a href=\"https:\/\/sklep.flexizone.pl\/38-gumowa-kostka-behaton-#\"><\/a><\/p>\n\n\n<div data-block-name=\"woocommerce\/product-category\" data-categories=\"[59]\" class=\"wc-block-grid wp-block-product-category wp-block-woocommerce-product-category wc-block-product-category has-3-columns has-multiple-rows\"><ul class=\"wc-block-grid__products\"><li class=\"wc-block-grid__product\">\n\t\t\t\t<a href=\"https:\/\/www.3dflex.sk\/web\/index.php\/produkt\/gumova-kocka-epdm-behaton-7-farieb\/\" class=\"wc-block-grid__product-link\">\n\t\t\t\t\t\n\t\t\t\t\t<div class=\"wc-block-grid__product-image\"><img fetchpriority=\"high\" decoding=\"async\" width=\"300\" height=\"300\" src=\"https:\/\/www.3dflex.sk\/web\/wp-content\/uploads\/2024\/02\/kostka-gumowa-epdm-behaton-24-kolory-cervena-300x300.jpg\" class=\"attachment-woocommerce_thumbnail size-woocommerce_thumbnail\" alt=\"Gumov\u00e1 kocka EPDM (7 FARIEB)\" srcset=\"https:\/\/www.3dflex.sk\/web\/wp-content\/uploads\/2024\/02\/kostka-gumowa-epdm-behaton-24-kolory-cervena-300x300.jpg 300w, https:\/\/www.3dflex.sk\/web\/wp-content\/uploads\/2024\/02\/kostka-gumowa-epdm-behaton-24-kolory-cervena-150x150.jpg 150w, https:\/\/www.3dflex.sk\/web\/wp-content\/uploads\/2024\/02\/kostka-gumowa-epdm-behaton-24-kolory-cervena-768x768.jpg 768w, https:\/\/www.3dflex.sk\/web\/wp-content\/uploads\/2024\/02\/kostka-gumowa-epdm-behaton-24-kolory-cervena-600x600.jpg 600w, https:\/\/www.3dflex.sk\/web\/wp-content\/uploads\/2024\/02\/kostka-gumowa-epdm-behaton-24-kolory-cervena-100x100.jpg 100w, https:\/\/www.3dflex.sk\/web\/wp-content\/uploads\/2024\/02\/kostka-gumowa-epdm-behaton-24-kolory-cervena.jpg 1000w\" sizes=\"(max-width: 300px) 100vw, 300px\" \/><\/div>\n\t\t\t\t\t<div class=\"wc-block-grid__product-title\">Gumov\u00e1 kocka EPDM (7 FARIEB)<\/div>\n\t\t\t\t<\/a>\n\t\t\t\t<div class=\"wc-block-grid__product-price price\"><\/div>\n\t\t\t\t\n\t\t\t\t<div class=\"wp-block-button wc-block-grid__product-add-to-cart\"><a href=\"https:\/\/www.3dflex.sk\/web\/index.php\/produkt\/gumova-kocka-epdm-behaton-7-farieb\/\" aria-label=\"V\u00fdber nastaven\u00ed pre &ldquo;Gumov\u00e1 kocka EPDM (7 FARIEB)&rdquo;\" data-quantity=\"1\" data-product_id=\"835\" data-product_sku=\"835\" data-price=\"0\" rel=\"nofollow\" class=\"wp-block-button__link  add_to_cart_button\">Viac info<\/a><\/div>\n\t\t\t<\/li><li class=\"wc-block-grid__product\">\n\t\t\t\t<a href=\"https:\/\/www.3dflex.sk\/web\/index.php\/produkt\/gumova-kocka-sbr-behaton-4-farby\/\" class=\"wc-block-grid__product-link\">\n\t\t\t\t\t\n\t\t\t\t\t<div class=\"wc-block-grid__product-image\"><img decoding=\"async\" width=\"300\" height=\"300\" src=\"https:\/\/www.3dflex.sk\/web\/wp-content\/uploads\/2024\/02\/kostka-gumowa-sbr-behaton-4-kolory-cierna-300x300.jpg\" class=\"attachment-woocommerce_thumbnail size-woocommerce_thumbnail\" alt=\"Gumov\u00e1 kocka SBR (4 FARBY)\" srcset=\"https:\/\/www.3dflex.sk\/web\/wp-content\/uploads\/2024\/02\/kostka-gumowa-sbr-behaton-4-kolory-cierna-300x300.jpg 300w, https:\/\/www.3dflex.sk\/web\/wp-content\/uploads\/2024\/02\/kostka-gumowa-sbr-behaton-4-kolory-cierna-150x150.jpg 150w, https:\/\/www.3dflex.sk\/web\/wp-content\/uploads\/2024\/02\/kostka-gumowa-sbr-behaton-4-kolory-cierna-768x768.jpg 768w, https:\/\/www.3dflex.sk\/web\/wp-content\/uploads\/2024\/02\/kostka-gumowa-sbr-behaton-4-kolory-cierna-600x600.jpg 600w, https:\/\/www.3dflex.sk\/web\/wp-content\/uploads\/2024\/02\/kostka-gumowa-sbr-behaton-4-kolory-cierna-100x100.jpg 100w, https:\/\/www.3dflex.sk\/web\/wp-content\/uploads\/2024\/02\/kostka-gumowa-sbr-behaton-4-kolory-cierna.jpg 1000w\" sizes=\"(max-width: 300px) 100vw, 300px\" \/><\/div>\n\t\t\t\t\t<div class=\"wc-block-grid__product-title\">Gumov\u00e1 kocka SBR (4 FARBY)<\/div>\n\t\t\t\t<\/a>\n\t\t\t\t<div class=\"wc-block-grid__product-price price\"><\/div>\n\t\t\t\t\n\t\t\t\t<div class=\"wp-block-button wc-block-grid__product-add-to-cart\"><a href=\"https:\/\/www.3dflex.sk\/web\/index.php\/produkt\/gumova-kocka-sbr-behaton-4-farby\/\" aria-label=\"V\u00fdber nastaven\u00ed pre &ldquo;Gumov\u00e1 kocka SBR (4 FARBY)&rdquo;\" data-quantity=\"1\" data-product_id=\"825\" data-product_sku=\"gumova-kocka-sbr-behaton-4-farby\" data-price=\"0\" rel=\"nofollow\" class=\"wp-block-button__link  add_to_cart_button\">Viac info<\/a><\/div>\n\t\t\t<\/li><\/ul><\/div>\n\n\n<h1 class=\"wp-block-heading\">Gumov\u00e9 dla\u017eobn\u00e9 kocky \u2013 flexibiln\u00e1 alternat\u00edva k tradi\u010dnej dla\u017ebe<\/h1>\n\n\n\n<p><strong>Pru\u017en\u00e1 kocka <\/strong> zo syntetick\u00e9ho kau\u010duku\u00a0 m\u00e1 tlmiace a proti\u0161mykov\u00e9 vlastnosti. Pod vplyvom \u0161tandardn\u00e9ho za\u0165a\u017eenia nie je po\u0161koden\u00fd ani trvalo deformovan\u00fd. Je vodopriepustn\u00fd, mrazuvzdorn\u00fd, \u013eahko sa in\u0161taluje a je dostupn\u00fd v \u0161irokej \u0161k\u00e1le farieb. Kocku je mo\u017en\u00e9 vyrobi\u0165 ako z SBR gran\u00fal, tak aj v 2-vrstvovom preveden\u00ed SBR + EPDM. Uli\u010dky a chodn\u00edky z gumenej dla\u017eby s\u00fa \u010doraz be\u017enej\u0161ie v mestsk\u00fdch priestoroch \u2013 v parkoch, z\u00e1hrad\u00e1ch, promen\u00e1dach a n\u00e1mestiach.<\/p>\n\n\n\n<h2 class=\"wp-block-heading\">Pr\u00edjemn\u00e1 prech\u00e1dzka a bezpe\u010dn\u00fd \u0161port<\/h2>\n\n\n\n<p>Pre\u010do sa oplat\u00ed pou\u017e\u00edva\u0165 gumen\u00e9 dla\u017eobn\u00e9 kocky Flexizone?<\/p>\n\n\n\n<ul class=\"wp-block-list\">\n<li>zni\u017euje riziko \u00farazov a poranen\u00ed k\u013abov<\/li>\n\n\n\n<li>odv\u00e1dza vodu z povrchu a z\u00e1rove\u0148 sa \u010dist\u00ed od ne\u010dist\u00f4t a prachu.<\/li>\n\n\n\n<li>je dostupn\u00fd v 24 farb\u00e1ch umo\u017e\u0148uj\u00facich vytv\u00e1ranie viacfarebn\u00fdch kompoz\u00edci\u00ed<\/li>\n\n\n\n<li>Tvar , kompatibiln\u00fd s tradi\u010dn\u00fdmi bet\u00f3nov\u00fdmi kockami, umo\u017e\u0148uje kombinova\u0165 oba materi\u00e1ly<\/li>\n\n\n\n<li>\u013eahko sa sklad\u00e1 a rozklad\u00e1<\/li>\n\n\n\n<li>je vyroben\u00fd z odoln\u00e9ho a odoln\u00e9ho materi\u00e1lu prisp\u00f4soben\u00e9ho \u0161tandardn\u00e9mu dynamick\u00e9mu za\u0165a\u017eeniu<\/li>\n<\/ul>\n\n\n\n<div class=\"wp-block-media-text is-stacked-on-mobile\"><figure class=\"wp-block-media-text__media\"><img decoding=\"async\" width=\"1024\" height=\"576\" src=\"https:\/\/www.3dflex.sk\/web\/wp-content\/uploads\/2024\/03\/gumowa-kostka-behaton-1024x576-2.jpg\" alt=\"\" class=\"wp-image-1339 size-full\" srcset=\"https:\/\/www.3dflex.sk\/web\/wp-content\/uploads\/2024\/03\/gumowa-kostka-behaton-1024x576-2.jpg 1024w, https:\/\/www.3dflex.sk\/web\/wp-content\/uploads\/2024\/03\/gumowa-kostka-behaton-1024x576-2-300x169.jpg 300w, https:\/\/www.3dflex.sk\/web\/wp-content\/uploads\/2024\/03\/gumowa-kostka-behaton-1024x576-2-768x432.jpg 768w, https:\/\/www.3dflex.sk\/web\/wp-content\/uploads\/2024\/03\/gumowa-kostka-behaton-1024x576-2-600x338.jpg 600w\" sizes=\"(max-width: 1024px) 100vw, 1024px\" \/><\/figure><div class=\"wp-block-media-text__content\">\n<p class=\"has-medium-font-size\">4 farby SBR a 24 farieb EPDM \u2013 sila viacfarebn\u00fdch kompoz\u00edci\u00ed na dosah ruky<\/p>\n<\/div><\/div>\n\n\n\n<h2 class=\"wp-block-heading\">Univerz\u00e1lne, estetick\u00e9 a funk\u010dn\u00e9 rie\u0161enie<\/h2>\n\n\n\n<p>Gumen\u00e9 dla\u017eobn\u00e9 kocky Flexizone s\u00fa univerz\u00e1lnym rie\u0161en\u00edm a mo\u017eno ich teda polo\u017ei\u0165 prakticky kdeko\u013evek. V\u010faka svojej tlmiacej, antivibra\u010dnej a proti\u0161mykovej funkcii sa pou\u017e\u00edva na miestach, kde je potrebn\u00e9 dodr\u017ea\u0165 najvy\u0161\u0161ie bezpe\u010dnostn\u00e9 \u0161tandardy a kde estetick\u00e9 hodnoty podkladu zohr\u00e1vaj\u00fa obzvl\u00e1\u0161\u0165 d\u00f4le\u017eit\u00fa \u00falohu.<\/p>\n\n\n\n<div class=\"wp-block-columns is-layout-flex wp-container-core-columns-is-layout-9d6595d7 wp-block-columns-is-layout-flex\">\n<div class=\"wp-block-column is-layout-flow wp-block-column-is-layout-flow\">\n<figure class=\"wp-block-image size-full is-resized\"><img loading=\"lazy\" decoding=\"async\" width=\"512\" height=\"512\" src=\"https:\/\/www.3dflex.sk\/web\/wp-content\/uploads\/2024\/03\/home.png\" alt=\"\" class=\"wp-image-1340\" style=\"width:127px;height:auto\" srcset=\"https:\/\/www.3dflex.sk\/web\/wp-content\/uploads\/2024\/03\/home.png 512w, https:\/\/www.3dflex.sk\/web\/wp-content\/uploads\/2024\/03\/home-300x300.png 300w, https:\/\/www.3dflex.sk\/web\/wp-content\/uploads\/2024\/03\/home-150x150.png 150w, https:\/\/www.3dflex.sk\/web\/wp-content\/uploads\/2024\/03\/home-100x100.png 100w\" sizes=\"(max-width: 512px) 100vw, 512px\" \/><\/figure>\n\n\n\n<p><strong>PRIESTORY V OKOL\u00cd DOMU A FIRMY<\/strong><\/p>\n\n\n\n<p>Gumov\u00e9 dla\u017eobn\u00e9 kocky Flexizone s\u00fa ide\u00e1lne na chodn\u00edky a z\u00e1hradn\u00e9 cesti\u010dky<\/p>\n<\/div>\n\n\n\n<div class=\"wp-block-column is-layout-flow wp-block-column-is-layout-flow\">\n<figure class=\"wp-block-image size-full is-resized\"><img loading=\"lazy\" decoding=\"async\" width=\"512\" height=\"512\" src=\"https:\/\/www.3dflex.sk\/web\/wp-content\/uploads\/2024\/03\/nature.png\" alt=\"\" class=\"wp-image-1341\" style=\"width:127px;height:auto\" srcset=\"https:\/\/www.3dflex.sk\/web\/wp-content\/uploads\/2024\/03\/nature.png 512w, https:\/\/www.3dflex.sk\/web\/wp-content\/uploads\/2024\/03\/nature-300x300.png 300w, https:\/\/www.3dflex.sk\/web\/wp-content\/uploads\/2024\/03\/nature-150x150.png 150w, https:\/\/www.3dflex.sk\/web\/wp-content\/uploads\/2024\/03\/nature-100x100.png 100w\" sizes=\"(max-width: 512px) 100vw, 512px\" \/><\/figure>\n\n\n\n<p><strong>PARKOV\u00c9 CHODY, CHODCI A N\u00c1MESTIA<\/strong><\/p>\n\n\n\n<p>Uli\u010dky lemovan\u00e9 gumenou dla\u017ebou z\u00edskavaj\u00fa na vzh\u013eade, funk\u010dnosti a bezpe\u010dnosti. Povrch p\u00f4sob\u00ed elegantne v mestskom priestore, dod\u00e1va sa v r\u00f4znych farb\u00e1ch a sp\u013a\u0148a najvy\u0161\u0161ie estetick\u00e9 \u0161tandardy.<\/p>\n<\/div>\n<\/div>\n\n\n\n<div class=\"wp-block-columns is-layout-flex wp-container-core-columns-is-layout-9d6595d7 wp-block-columns-is-layout-flex\">\n<div class=\"wp-block-column is-layout-flow wp-block-column-is-layout-flow\">\n<figure class=\"wp-block-image size-full is-resized\"><img loading=\"lazy\" decoding=\"async\" width=\"512\" height=\"512\" src=\"https:\/\/www.3dflex.sk\/web\/wp-content\/uploads\/2024\/03\/basketball-court-1.png\" alt=\"\" class=\"wp-image-1342\" style=\"width:141px;height:auto\" srcset=\"https:\/\/www.3dflex.sk\/web\/wp-content\/uploads\/2024\/03\/basketball-court-1.png 512w, https:\/\/www.3dflex.sk\/web\/wp-content\/uploads\/2024\/03\/basketball-court-1-300x300.png 300w, https:\/\/www.3dflex.sk\/web\/wp-content\/uploads\/2024\/03\/basketball-court-1-150x150.png 150w, https:\/\/www.3dflex.sk\/web\/wp-content\/uploads\/2024\/03\/basketball-court-1-100x100.png 100w\" sizes=\"(max-width: 512px) 100vw, 512px\" \/><\/figure>\n\n\n\n<p><strong>RELAXA\u010cN\u00c9 A REKREA\u010cN\u00c9 Z\u00d3NY<\/strong><\/p>\n\n\n\n<p>Dla\u017eby Flexizone m\u00f4\u017eu dop\u013a\u0148a\u0165 povrchy pivn\u00fdch z\u00e1hrad, ter\u00e1s re\u0161taur\u00e1ci\u00ed, hotelov\u00fdch ter\u00e1s, stajn\u00ed a golfov\u00fdch ihr\u00edsk. Na ka\u017edom z t\u00fdchto miest poskytuj\u00fa dla\u017eby odoln\u00fd, bezpe\u010dn\u00fd a estetick\u00fd z\u00e1klad<\/p>\n<\/div>\n\n\n\n<div class=\"wp-block-column is-layout-flow wp-block-column-is-layout-flow\">\n<figure class=\"wp-block-image size-full is-resized\"><img loading=\"lazy\" decoding=\"async\" width=\"512\" height=\"512\" src=\"https:\/\/www.3dflex.sk\/web\/wp-content\/uploads\/2024\/03\/hospital.png\" alt=\"\" class=\"wp-image-1343\" style=\"width:138px;height:auto\" srcset=\"https:\/\/www.3dflex.sk\/web\/wp-content\/uploads\/2024\/03\/hospital.png 512w, https:\/\/www.3dflex.sk\/web\/wp-content\/uploads\/2024\/03\/hospital-300x300.png 300w, https:\/\/www.3dflex.sk\/web\/wp-content\/uploads\/2024\/03\/hospital-150x150.png 150w, https:\/\/www.3dflex.sk\/web\/wp-content\/uploads\/2024\/03\/hospital-100x100.png 100w\" sizes=\"(max-width: 512px) 100vw, 512px\" \/><\/figure>\n\n\n\n<p><strong>PRIESTORY V OKOL\u00cd NEMOCNICE A DOMOV D\u00d4CHODCOV<\/strong><\/p>\n\n\n\n<p>Miesta, kde sa zdr\u017eiavaj\u00fa chor\u00ed a zdravotne postihnut\u00ed \u013eudia, si vy\u017eaduj\u00fa \u0161pecializovan\u00e9 a bezpe\u010dn\u00e9 povrchy. Obe po\u017eiadavky sp\u013a\u0148aj\u00fa 100% gumen\u00e9 dla\u017eobn\u00e9 kocky<\/p>\n<\/div>\n<\/div>\n\n\n\n<h2 class=\"wp-block-heading\">Dla\u017eobn\u00e9 kocky SBR &#8211; 4 farby<\/h2>\n\n\n\n<figure class=\"wp-block-image size-large\"><img loading=\"lazy\" decoding=\"async\" width=\"1024\" height=\"198\" src=\"https:\/\/www.3dflex.sk\/web\/wp-content\/uploads\/2024\/03\/Firefox_Screenshot_2024-03-09T18-39-07.444Z-1024x198.png\" alt=\"\" class=\"wp-image-1344\" srcset=\"https:\/\/www.3dflex.sk\/web\/wp-content\/uploads\/2024\/03\/Firefox_Screenshot_2024-03-09T18-39-07.444Z-1024x198.png 1024w, https:\/\/www.3dflex.sk\/web\/wp-content\/uploads\/2024\/03\/Firefox_Screenshot_2024-03-09T18-39-07.444Z-300x58.png 300w, https:\/\/www.3dflex.sk\/web\/wp-content\/uploads\/2024\/03\/Firefox_Screenshot_2024-03-09T18-39-07.444Z-768x148.png 768w, https:\/\/www.3dflex.sk\/web\/wp-content\/uploads\/2024\/03\/Firefox_Screenshot_2024-03-09T18-39-07.444Z-600x116.png 600w, https:\/\/www.3dflex.sk\/web\/wp-content\/uploads\/2024\/03\/Firefox_Screenshot_2024-03-09T18-39-07.444Z.png 1113w\" sizes=\"(max-width: 1024px) 100vw, 1024px\" \/><\/figure>\n\n\n\n<h2 class=\"wp-block-heading\">Dla\u017eobn\u00e9 kocky EPDM &#8211; 24 farieb<\/h2>\n\n\n\n<p>7 z\u00e1kladn\u00fdch a ostatn\u00e9 na objedn\u00e1vku<\/p>\n\n\n\n<figure class=\"wp-block-image size-large\"><img loading=\"lazy\" decoding=\"async\" width=\"1024\" height=\"740\" src=\"https:\/\/www.3dflex.sk\/web\/wp-content\/uploads\/2024\/03\/Firefox_Screenshot_2024-03-09T18-42-02.354Z-1024x740.jpg\" alt=\"\" class=\"wp-image-1345\" srcset=\"https:\/\/www.3dflex.sk\/web\/wp-content\/uploads\/2024\/03\/Firefox_Screenshot_2024-03-09T18-42-02.354Z-1024x740.jpg 1024w, https:\/\/www.3dflex.sk\/web\/wp-content\/uploads\/2024\/03\/Firefox_Screenshot_2024-03-09T18-42-02.354Z-300x217.jpg 300w, https:\/\/www.3dflex.sk\/web\/wp-content\/uploads\/2024\/03\/Firefox_Screenshot_2024-03-09T18-42-02.354Z-768x555.jpg 768w, https:\/\/www.3dflex.sk\/web\/wp-content\/uploads\/2024\/03\/Firefox_Screenshot_2024-03-09T18-42-02.354Z-600x433.jpg 600w, https:\/\/www.3dflex.sk\/web\/wp-content\/uploads\/2024\/03\/Firefox_Screenshot_2024-03-09T18-42-02.354Z.jpg 1081w\" sizes=\"(max-width: 1024px) 100vw, 1024px\" \/><\/figure>\n\n\n\n<figure class=\"wp-block-image size-large\"><img loading=\"lazy\" decoding=\"async\" width=\"1024\" height=\"441\" src=\"https:\/\/www.3dflex.sk\/web\/wp-content\/uploads\/2024\/03\/Firefox_Screenshot_2024-03-09T18-42-51.986Z-1024x441.jpg\" alt=\"\" class=\"wp-image-1346\" srcset=\"https:\/\/www.3dflex.sk\/web\/wp-content\/uploads\/2024\/03\/Firefox_Screenshot_2024-03-09T18-42-51.986Z-1024x441.jpg 1024w, https:\/\/www.3dflex.sk\/web\/wp-content\/uploads\/2024\/03\/Firefox_Screenshot_2024-03-09T18-42-51.986Z-300x129.jpg 300w, https:\/\/www.3dflex.sk\/web\/wp-content\/uploads\/2024\/03\/Firefox_Screenshot_2024-03-09T18-42-51.986Z-768x331.jpg 768w, https:\/\/www.3dflex.sk\/web\/wp-content\/uploads\/2024\/03\/Firefox_Screenshot_2024-03-09T18-42-51.986Z-600x259.jpg 600w, https:\/\/www.3dflex.sk\/web\/wp-content\/uploads\/2024\/03\/Firefox_Screenshot_2024-03-09T18-42-51.986Z.jpg 1067w\" sizes=\"(max-width: 1024px) 100vw, 1024px\" \/><\/figure>\n\n\n\n<h2 class=\"wp-block-heading\">In\u0161tal\u00e1cia dla\u017eobn\u00fdch kociek \u010dasto kladen\u00e9 ot\u00e1zky :<\/h2>\n\n\n\n<div class=\"wp-block-columns is-layout-flex wp-container-core-columns-is-layout-9d6595d7 wp-block-columns-is-layout-flex\">\n<div class=\"wp-block-column is-layout-flow wp-block-column-is-layout-flow\">\n<h2 class=\"wp-block-heading\">Ot\u00e1zka :<\/h2>\n\n\n\n<p>Ako pripravi\u0165 podklad pre gumenn\u00e9 dla\u017eobn\u00e9 kocky ?<\/p>\n\n\n\n<p><\/p>\n\n\n\n<p>Ak\u00fdmi spojkami sa sp\u00e1jaj\u00fa gumenn\u00e9 dla\u017eobn\u00e9 kocky ? <\/p>\n<\/div>\n\n\n\n<div class=\"wp-block-column is-layout-flow wp-block-column-is-layout-flow\">\n<h2 class=\"wp-block-heading\">Odpove\u010f :<\/h2>\n\n\n\n<p>Podklad pre gumen\u00e9 kocky je potrebn\u00e9 pripravi\u0165 rovnako ako pre be\u017en\u00e9 bet\u00f3nov\u00e9 kocky, t. j. plochu vyh\u013abi\u0165, vysypa\u0165 zhutnen\u00fdm kame\u0148om (vrstva cca 20-25 cm).<\/p>\n\n\n\n<p>Na\u0161e gumen\u00e9 kocky sa klad\u00fa presne ako bet\u00f3nov\u00e9. Jedin\u00fd rozdiel je v tom, \u017ee nie je dokon\u010den\u00fd kompaktorom. Preto je tak\u00e9 d\u00f4le\u017eit\u00e9, aby spodn\u00e1 kon\u0161trukcia bola rovnomern\u00e1. Najlep\u0161ie je to skontrolova\u0165 pomocou vodov\u00e1hy pred polo\u017een\u00edm dla\u017ed\u00edc &#8211; zariadenie presne uk\u00e1\u017ee rozdiely v \u00farovniach.<\/p>\n<\/div>\n<\/div>\n\n\n\n<p><\/p>\n","protected":false},"excerpt":{"rendered":"<p>Gumov\u00e9 kocky s\u00fa vyroben\u00e9 z najkvalitnej\u0161\u00edch materi\u00e1lov s rozmermi 160 x 200 mm so zosilnenou kon\u0161trukciou. Tieto typy bezpe\u010dn\u00fdch povrchov sa pou\u017e\u00edvaj\u00fa v\u0161ade tam, kde je potrebn\u00fd flexibiln\u00fd substr\u00e1t, ktor\u00fd m\u00e1 antivibra\u010dn\u00fa, prietokov\u00fa a proti\u0161mykov\u00fa funkciu. Je preto nenahradite\u013en\u00e1 v \u0161portov\u00fdch a rekrea\u010dn\u00fdch zariadeniach, napr\u00edklad v rekrea\u010dn\u00fdch oblastiach, na multifunk\u010dn\u00fdch ihrisk\u00e1ch, ako aj v dom\u00e1cej [&hellip;]<\/p>\n","protected":false},"author":1,"featured_media":0,"parent":18,"menu_order":9,"comment_status":"closed","ping_status":"closed","template":"","meta":{"ngg_post_thumbnail":0,"footnotes":""},"class_list":["post-851","page","type-page","status-publish","hentry","post"],"_links":{"self":[{"href":"https:\/\/www.3dflex.sk\/web\/index.php\/wp-json\/wp\/v2\/pages\/851","targetHints":{"allow":["GET"]}}],"collection":[{"href":"https:\/\/www.3dflex.sk\/web\/index.php\/wp-json\/wp\/v2\/pages"}],"about":[{"href":"https:\/\/www.3dflex.sk\/web\/index.php\/wp-json\/wp\/v2\/types\/page"}],"author":[{"embeddable":true,"href":"https:\/\/www.3dflex.sk\/web\/index.php\/wp-json\/wp\/v2\/users\/1"}],"replies":[{"embeddable":true,"href":"https:\/\/www.3dflex.sk\/web\/index.php\/wp-json\/wp\/v2\/comments?post=851"}],"version-history":[{"count":6,"href":"https:\/\/www.3dflex.sk\/web\/index.php\/wp-json\/wp\/v2\/pages\/851\/revisions"}],"predecessor-version":[{"id":1348,"href":"https:\/\/www.3dflex.sk\/web\/index.php\/wp-json\/wp\/v2\/pages\/851\/revisions\/1348"}],"up":[{"embeddable":true,"href":"https:\/\/www.3dflex.sk\/web\/index.php\/wp-json\/wp\/v2\/pages\/18"}],"wp:attachment":[{"href":"https:\/\/www.3dflex.sk\/web\/index.php\/wp-json\/wp\/v2\/media?parent=851"}],"curies":[{"name":"wp","href":"https:\/\/api.w.org\/{rel}","templated":true}]}}