{"id":901,"date":"2024-02-20T18:23:45","date_gmt":"2024-02-20T17:23:45","guid":{"rendered":"https:\/\/www.3dflex.sk\/web\/?page_id=901"},"modified":"2024-03-10T11:48:05","modified_gmt":"2024-03-10T10:48:05","slug":"vonkajsie-hry","status":"publish","type":"page","link":"https:\/\/www.3dflex.sk\/web\/index.php\/elementor-18\/vonkajsie-hry\/","title":{"rendered":"Vonkaj\u0161ie hry"},"content":{"rendered":"<div data-align-buttons=\"true\" data-block-name=\"woocommerce\/product-category\" data-categories=\"[60]\" data-rows=\"5\" data-stock-status=\"[&quot;&quot;,&quot;instock&quot;,&quot;outofstock&quot;,&quot;onbackorder&quot;]\" class=\"wc-block-grid wp-block-product-category wp-block-woocommerce-product-category wc-block-product-category has-3-columns has-multiple-rows has-aligned-buttons\"><ul class=\"wc-block-grid__products\"><li class=\"wc-block-grid__product\">\n\t\t\t\t<a href=\"https:\/\/www.3dflex.sk\/web\/index.php\/produkt\/vonkajsia-hra-cinsky-herny-modul\/\" class=\"wc-block-grid__product-link\">\n\t\t\t\t\t\n\t\t\t\t\t<div class=\"wc-block-grid__product-image\"><img fetchpriority=\"high\" decoding=\"async\" width=\"300\" height=\"300\" src=\"https:\/\/www.3dflex.sk\/web\/wp-content\/uploads\/2024\/02\/plyty-gumowe-na-plac-zabaw-modul-gra-chinczyk-300x300.jpg\" class=\"attachment-woocommerce_thumbnail size-woocommerce_thumbnail\" alt=\"Vonkaj\u0161ia hra - \u010c\u00cdNSKY HERN\u00dd MODUL\" srcset=\"https:\/\/www.3dflex.sk\/web\/wp-content\/uploads\/2024\/02\/plyty-gumowe-na-plac-zabaw-modul-gra-chinczyk-300x300.jpg 300w, https:\/\/www.3dflex.sk\/web\/wp-content\/uploads\/2024\/02\/plyty-gumowe-na-plac-zabaw-modul-gra-chinczyk-150x150.jpg 150w, https:\/\/www.3dflex.sk\/web\/wp-content\/uploads\/2024\/02\/plyty-gumowe-na-plac-zabaw-modul-gra-chinczyk-768x768.jpg 768w, https:\/\/www.3dflex.sk\/web\/wp-content\/uploads\/2024\/02\/plyty-gumowe-na-plac-zabaw-modul-gra-chinczyk-600x600.jpg 600w, https:\/\/www.3dflex.sk\/web\/wp-content\/uploads\/2024\/02\/plyty-gumowe-na-plac-zabaw-modul-gra-chinczyk-100x100.jpg 100w, https:\/\/www.3dflex.sk\/web\/wp-content\/uploads\/2024\/02\/plyty-gumowe-na-plac-zabaw-modul-gra-chinczyk.jpg 1000w\" sizes=\"(max-width: 300px) 100vw, 300px\" \/><\/div>\n\t\t\t\t\t<div class=\"wc-block-grid__product-title\">Vonkaj\u0161ia hra &#8211; \u010c\u00cdNSKY HERN\u00dd MODUL<\/div>\n\t\t\t\t<\/a>\n\t\t\t\t<div class=\"wc-block-grid__product-price price\"><\/div>\n\t\t\t\t\n\t\t\t\t<div class=\"wp-block-button wc-block-grid__product-add-to-cart\"><a href=\"https:\/\/www.3dflex.sk\/web\/index.php\/produkt\/vonkajsia-hra-cinsky-herny-modul\/\" aria-label=\"Zistite viac o &ldquo;Vonkaj\u0161ia hra - \u010c\u00cdNSKY HERN\u00dd MODUL&rdquo;\" data-quantity=\"1\" data-product_id=\"898\" data-product_sku=\"\" data-price=\"0\" rel=\"nofollow\" class=\"wp-block-button__link  add_to_cart_button\">Viac info<\/a><\/div>\n\t\t\t<\/li><li class=\"wc-block-grid__product\">\n\t\t\t\t<a href=\"https:\/\/www.3dflex.sk\/web\/index.php\/produkt\/vonkajsia-hra-modul-sach\/\" class=\"wc-block-grid__product-link\">\n\t\t\t\t\t\n\t\t\t\t\t<div class=\"wc-block-grid__product-image\"><img decoding=\"async\" width=\"300\" height=\"300\" src=\"https:\/\/www.3dflex.sk\/web\/wp-content\/uploads\/2024\/02\/plyty-gumowe-na-plac-zabaw-modul-gra-w-szachy-300x300.jpg\" class=\"attachment-woocommerce_thumbnail size-woocommerce_thumbnail\" alt=\"Vonkaj\u0161ia hra - MODUL \u0160ACH\" srcset=\"https:\/\/www.3dflex.sk\/web\/wp-content\/uploads\/2024\/02\/plyty-gumowe-na-plac-zabaw-modul-gra-w-szachy-300x300.jpg 300w, https:\/\/www.3dflex.sk\/web\/wp-content\/uploads\/2024\/02\/plyty-gumowe-na-plac-zabaw-modul-gra-w-szachy-150x150.jpg 150w, https:\/\/www.3dflex.sk\/web\/wp-content\/uploads\/2024\/02\/plyty-gumowe-na-plac-zabaw-modul-gra-w-szachy-768x768.jpg 768w, https:\/\/www.3dflex.sk\/web\/wp-content\/uploads\/2024\/02\/plyty-gumowe-na-plac-zabaw-modul-gra-w-szachy-600x600.jpg 600w, https:\/\/www.3dflex.sk\/web\/wp-content\/uploads\/2024\/02\/plyty-gumowe-na-plac-zabaw-modul-gra-w-szachy-100x100.jpg 100w, https:\/\/www.3dflex.sk\/web\/wp-content\/uploads\/2024\/02\/plyty-gumowe-na-plac-zabaw-modul-gra-w-szachy.jpg 1000w\" sizes=\"(max-width: 300px) 100vw, 300px\" \/><\/div>\n\t\t\t\t\t<div class=\"wc-block-grid__product-title\">Vonkaj\u0161ia hra &#8211; MODUL \u0160ACH<\/div>\n\t\t\t\t<\/a>\n\t\t\t\t<div class=\"wc-block-grid__product-price price\"><\/div>\n\t\t\t\t\n\t\t\t\t<div class=\"wp-block-button wc-block-grid__product-add-to-cart\"><a href=\"https:\/\/www.3dflex.sk\/web\/index.php\/produkt\/vonkajsia-hra-modul-sach\/\" aria-label=\"Zistite viac o &ldquo;Vonkaj\u0161ia hra - MODUL \u0160ACH&rdquo;\" data-quantity=\"1\" data-product_id=\"895\" data-product_sku=\"\" data-price=\"0\" rel=\"nofollow\" class=\"wp-block-button__link  add_to_cart_button\">Viac info<\/a><\/div>\n\t\t\t<\/li><li class=\"wc-block-grid__product\">\n\t\t\t\t<a href=\"https:\/\/www.3dflex.sk\/web\/index.php\/produkt\/vonkajsia-hra-modul-twister\/\" class=\"wc-block-grid__product-link\">\n\t\t\t\t\t\n\t\t\t\t\t<div class=\"wc-block-grid__product-image\"><img decoding=\"async\" width=\"300\" height=\"300\" src=\"https:\/\/www.3dflex.sk\/web\/wp-content\/uploads\/2024\/02\/plyty-gumowe-na-plac-zabaw-modul-gra-twister-300x300.jpg\" class=\"attachment-woocommerce_thumbnail size-woocommerce_thumbnail\" alt=\"Vonkaj\u0161ia hra - MODUL TWISTER\" srcset=\"https:\/\/www.3dflex.sk\/web\/wp-content\/uploads\/2024\/02\/plyty-gumowe-na-plac-zabaw-modul-gra-twister-300x300.jpg 300w, https:\/\/www.3dflex.sk\/web\/wp-content\/uploads\/2024\/02\/plyty-gumowe-na-plac-zabaw-modul-gra-twister-150x150.jpg 150w, https:\/\/www.3dflex.sk\/web\/wp-content\/uploads\/2024\/02\/plyty-gumowe-na-plac-zabaw-modul-gra-twister-768x768.jpg 768w, https:\/\/www.3dflex.sk\/web\/wp-content\/uploads\/2024\/02\/plyty-gumowe-na-plac-zabaw-modul-gra-twister-600x600.jpg 600w, https:\/\/www.3dflex.sk\/web\/wp-content\/uploads\/2024\/02\/plyty-gumowe-na-plac-zabaw-modul-gra-twister-100x100.jpg 100w, https:\/\/www.3dflex.sk\/web\/wp-content\/uploads\/2024\/02\/plyty-gumowe-na-plac-zabaw-modul-gra-twister.jpg 1000w\" sizes=\"(max-width: 300px) 100vw, 300px\" \/><\/div>\n\t\t\t\t\t<div class=\"wc-block-grid__product-title\">Vonkaj\u0161ia hra &#8211; MODUL TWISTER<\/div>\n\t\t\t\t<\/a>\n\t\t\t\t<div class=\"wc-block-grid__product-price price\"><\/div>\n\t\t\t\t\n\t\t\t\t<div class=\"wp-block-button wc-block-grid__product-add-to-cart\"><a href=\"https:\/\/www.3dflex.sk\/web\/index.php\/produkt\/vonkajsia-hra-modul-twister\/\" aria-label=\"Zistite viac o &ldquo;Vonkaj\u0161ia hra - MODUL TWISTER&rdquo;\" data-quantity=\"1\" data-product_id=\"892\" data-product_sku=\"\" data-price=\"0\" rel=\"nofollow\" class=\"wp-block-button__link  add_to_cart_button\">Viac info<\/a><\/div>\n\t\t\t<\/li><li class=\"wc-block-grid__product\">\n\t\t\t\t<a href=\"https:\/\/www.3dflex.sk\/web\/index.php\/produkt\/vonkajsia-hra-modul-hopsacka\/\" class=\"wc-block-grid__product-link\">\n\t\t\t\t\t\n\t\t\t\t\t<div class=\"wc-block-grid__product-image\"><img loading=\"lazy\" decoding=\"async\" width=\"300\" height=\"300\" src=\"https:\/\/www.3dflex.sk\/web\/wp-content\/uploads\/2024\/02\/plyty-gumowe-na-plac-zabaw-modul-gry-w-klasy-300x300.jpg\" class=\"attachment-woocommerce_thumbnail size-woocommerce_thumbnail\" alt=\"Vonkaj\u0161ia hra - MODUL HOPSA\u010cKA\" srcset=\"https:\/\/www.3dflex.sk\/web\/wp-content\/uploads\/2024\/02\/plyty-gumowe-na-plac-zabaw-modul-gry-w-klasy-300x300.jpg 300w, https:\/\/www.3dflex.sk\/web\/wp-content\/uploads\/2024\/02\/plyty-gumowe-na-plac-zabaw-modul-gry-w-klasy-150x150.jpg 150w, https:\/\/www.3dflex.sk\/web\/wp-content\/uploads\/2024\/02\/plyty-gumowe-na-plac-zabaw-modul-gry-w-klasy-768x768.jpg 768w, https:\/\/www.3dflex.sk\/web\/wp-content\/uploads\/2024\/02\/plyty-gumowe-na-plac-zabaw-modul-gry-w-klasy-600x600.jpg 600w, https:\/\/www.3dflex.sk\/web\/wp-content\/uploads\/2024\/02\/plyty-gumowe-na-plac-zabaw-modul-gry-w-klasy-100x100.jpg 100w, https:\/\/www.3dflex.sk\/web\/wp-content\/uploads\/2024\/02\/plyty-gumowe-na-plac-zabaw-modul-gry-w-klasy.jpg 1000w\" sizes=\"(max-width: 300px) 100vw, 300px\" \/><\/div>\n\t\t\t\t\t<div class=\"wc-block-grid__product-title\">Vonkaj\u0161ia hra &#8211; MODUL HOPSA\u010cKA<\/div>\n\t\t\t\t<\/a>\n\t\t\t\t<div class=\"wc-block-grid__product-price price\"><\/div>\n\t\t\t\t\n\t\t\t\t<div class=\"wp-block-button wc-block-grid__product-add-to-cart\"><a href=\"https:\/\/www.3dflex.sk\/web\/index.php\/produkt\/vonkajsia-hra-modul-hopsacka\/\" aria-label=\"V\u00fdber nastaven\u00ed pre &ldquo;Vonkaj\u0161ia hra - MODUL HOPSA\u010cKA&rdquo;\" data-quantity=\"1\" data-product_id=\"886\" data-product_sku=\"\" data-price=\"0\" rel=\"nofollow\" class=\"wp-block-button__link  add_to_cart_button\">Viac info<\/a><\/div>\n\t\t\t<\/li><li class=\"wc-block-grid__product\">\n\t\t\t\t<a href=\"https:\/\/www.3dflex.sk\/web\/index.php\/produkt\/vonkajsia-hra-abeceda\/\" class=\"wc-block-grid__product-link\">\n\t\t\t\t\t\n\t\t\t\t\t<div class=\"wc-block-grid__product-image\"><img loading=\"lazy\" decoding=\"async\" width=\"300\" height=\"300\" src=\"https:\/\/www.3dflex.sk\/web\/wp-content\/uploads\/2024\/02\/plyty-gumowe-na-plac-zabaw-gra-plenerowa-alfabet-300x300.jpg\" class=\"attachment-woocommerce_thumbnail size-woocommerce_thumbnail\" alt=\"Vonkaj\u0161ia hra - ABECEDA\" srcset=\"https:\/\/www.3dflex.sk\/web\/wp-content\/uploads\/2024\/02\/plyty-gumowe-na-plac-zabaw-gra-plenerowa-alfabet-300x300.jpg 300w, https:\/\/www.3dflex.sk\/web\/wp-content\/uploads\/2024\/02\/plyty-gumowe-na-plac-zabaw-gra-plenerowa-alfabet-150x150.jpg 150w, https:\/\/www.3dflex.sk\/web\/wp-content\/uploads\/2024\/02\/plyty-gumowe-na-plac-zabaw-gra-plenerowa-alfabet-768x768.jpg 768w, https:\/\/www.3dflex.sk\/web\/wp-content\/uploads\/2024\/02\/plyty-gumowe-na-plac-zabaw-gra-plenerowa-alfabet-600x600.jpg 600w, https:\/\/www.3dflex.sk\/web\/wp-content\/uploads\/2024\/02\/plyty-gumowe-na-plac-zabaw-gra-plenerowa-alfabet-100x100.jpg 100w, https:\/\/www.3dflex.sk\/web\/wp-content\/uploads\/2024\/02\/plyty-gumowe-na-plac-zabaw-gra-plenerowa-alfabet.jpg 1000w\" sizes=\"(max-width: 300px) 100vw, 300px\" \/><\/div>\n\t\t\t\t\t<div class=\"wc-block-grid__product-title\">Vonkaj\u0161ia hra &#8211; ABECEDA<\/div>\n\t\t\t\t<\/a>\n\t\t\t\t<div class=\"wc-block-grid__product-price price\"><\/div>\n\t\t\t\t\n\t\t\t\t<div class=\"wp-block-button wc-block-grid__product-add-to-cart\"><a href=\"https:\/\/www.3dflex.sk\/web\/index.php\/produkt\/vonkajsia-hra-abeceda\/\" aria-label=\"V\u00fdber nastaven\u00ed pre &ldquo;Vonkaj\u0161ia hra - ABECEDA&rdquo;\" data-quantity=\"1\" data-product_id=\"878\" data-product_sku=\"\" data-price=\"0\" rel=\"nofollow\" class=\"wp-block-button__link  add_to_cart_button\">Viac info<\/a><\/div>\n\t\t\t<\/li><li class=\"wc-block-grid__product\">\n\t\t\t\t<a href=\"https:\/\/www.3dflex.sk\/web\/index.php\/produkt\/vonkajsia-hra-abeceda-a-triedna-hra-2v1\/\" class=\"wc-block-grid__product-link\">\n\t\t\t\t\t\n\t\t\t\t\t<div class=\"wc-block-grid__product-image\"><img loading=\"lazy\" decoding=\"async\" width=\"300\" height=\"300\" src=\"https:\/\/www.3dflex.sk\/web\/wp-content\/uploads\/2024\/02\/plyty-gumowe-na-plac-zabaw-gra-plenerowa-alfabet-i-gra-w-klasy-2w1-300x300.jpg\" class=\"attachment-woocommerce_thumbnail size-woocommerce_thumbnail\" alt=\"Vonkaj\u0161ia hra - ABECEDA A TRIEDNA HRA 2V1\" srcset=\"https:\/\/www.3dflex.sk\/web\/wp-content\/uploads\/2024\/02\/plyty-gumowe-na-plac-zabaw-gra-plenerowa-alfabet-i-gra-w-klasy-2w1-300x300.jpg 300w, https:\/\/www.3dflex.sk\/web\/wp-content\/uploads\/2024\/02\/plyty-gumowe-na-plac-zabaw-gra-plenerowa-alfabet-i-gra-w-klasy-2w1-150x150.jpg 150w, https:\/\/www.3dflex.sk\/web\/wp-content\/uploads\/2024\/02\/plyty-gumowe-na-plac-zabaw-gra-plenerowa-alfabet-i-gra-w-klasy-2w1-768x768.jpg 768w, https:\/\/www.3dflex.sk\/web\/wp-content\/uploads\/2024\/02\/plyty-gumowe-na-plac-zabaw-gra-plenerowa-alfabet-i-gra-w-klasy-2w1-600x600.jpg 600w, https:\/\/www.3dflex.sk\/web\/wp-content\/uploads\/2024\/02\/plyty-gumowe-na-plac-zabaw-gra-plenerowa-alfabet-i-gra-w-klasy-2w1-100x100.jpg 100w, https:\/\/www.3dflex.sk\/web\/wp-content\/uploads\/2024\/02\/plyty-gumowe-na-plac-zabaw-gra-plenerowa-alfabet-i-gra-w-klasy-2w1.jpg 1000w\" sizes=\"(max-width: 300px) 100vw, 300px\" \/><\/div>\n\t\t\t\t\t<div class=\"wc-block-grid__product-title\">Vonkaj\u0161ia hra &#8211; ABECEDA A TRIEDNA HRA 2V1<\/div>\n\t\t\t\t<\/a>\n\t\t\t\t<div class=\"wc-block-grid__product-price price\"><\/div>\n\t\t\t\t\n\t\t\t\t<div class=\"wp-block-button wc-block-grid__product-add-to-cart\"><a href=\"https:\/\/www.3dflex.sk\/web\/index.php\/produkt\/vonkajsia-hra-abeceda-a-triedna-hra-2v1\/\" aria-label=\"V\u00fdber nastaven\u00ed pre &ldquo;Vonkaj\u0161ia hra - ABECEDA A TRIEDNA HRA 2V1&rdquo;\" data-quantity=\"1\" data-product_id=\"872\" data-product_sku=\"\" data-price=\"0\" rel=\"nofollow\" class=\"wp-block-button__link  add_to_cart_button\">Viac info<\/a><\/div>\n\t\t\t<\/li><li class=\"wc-block-grid__product\">\n\t\t\t\t<a href=\"https:\/\/www.3dflex.sk\/web\/index.php\/produkt\/vonkajsia-hra-piano\/\" class=\"wc-block-grid__product-link\">\n\t\t\t\t\t\n\t\t\t\t\t<div class=\"wc-block-grid__product-image\"><img loading=\"lazy\" decoding=\"async\" width=\"300\" height=\"300\" src=\"https:\/\/www.3dflex.sk\/web\/wp-content\/uploads\/2024\/02\/plyty-gumowe-na-plac-zabaw-gra-plenerowa-pianino-300x300.jpg\" class=\"attachment-woocommerce_thumbnail size-woocommerce_thumbnail\" alt=\"Vonkaj\u0161ia hra - PIANO\" srcset=\"https:\/\/www.3dflex.sk\/web\/wp-content\/uploads\/2024\/02\/plyty-gumowe-na-plac-zabaw-gra-plenerowa-pianino-300x300.jpg 300w, https:\/\/www.3dflex.sk\/web\/wp-content\/uploads\/2024\/02\/plyty-gumowe-na-plac-zabaw-gra-plenerowa-pianino-150x150.jpg 150w, https:\/\/www.3dflex.sk\/web\/wp-content\/uploads\/2024\/02\/plyty-gumowe-na-plac-zabaw-gra-plenerowa-pianino-768x768.jpg 768w, https:\/\/www.3dflex.sk\/web\/wp-content\/uploads\/2024\/02\/plyty-gumowe-na-plac-zabaw-gra-plenerowa-pianino-600x600.jpg 600w, https:\/\/www.3dflex.sk\/web\/wp-content\/uploads\/2024\/02\/plyty-gumowe-na-plac-zabaw-gra-plenerowa-pianino-100x100.jpg 100w, https:\/\/www.3dflex.sk\/web\/wp-content\/uploads\/2024\/02\/plyty-gumowe-na-plac-zabaw-gra-plenerowa-pianino.jpg 1000w\" sizes=\"(max-width: 300px) 100vw, 300px\" \/><\/div>\n\t\t\t\t\t<div class=\"wc-block-grid__product-title\">Vonkaj\u0161ia hra &#8211; PIANO<\/div>\n\t\t\t\t<\/a>\n\t\t\t\t<div class=\"wc-block-grid__product-price price\"><\/div>\n\t\t\t\t\n\t\t\t\t<div class=\"wp-block-button wc-block-grid__product-add-to-cart\"><a href=\"https:\/\/www.3dflex.sk\/web\/index.php\/produkt\/vonkajsia-hra-piano\/\" aria-label=\"V\u00fdber nastaven\u00ed pre &ldquo;Vonkaj\u0161ia hra - PIANO&rdquo;\" data-quantity=\"1\" data-product_id=\"866\" data-product_sku=\"\" data-price=\"0\" rel=\"nofollow\" class=\"wp-block-button__link  add_to_cart_button\">Viac info<\/a><\/div>\n\t\t\t<\/li><li class=\"wc-block-grid__product\">\n\t\t\t\t<a href=\"https:\/\/www.3dflex.sk\/web\/index.php\/produkt\/vonkajsia-hra-zrkadlo\/\" class=\"wc-block-grid__product-link\">\n\t\t\t\t\t\n\t\t\t\t\t<div class=\"wc-block-grid__product-image\"><img loading=\"lazy\" decoding=\"async\" width=\"300\" height=\"300\" src=\"https:\/\/www.3dflex.sk\/web\/wp-content\/uploads\/2024\/02\/plyty-gumowe-na-plac-zabaw-gra-plenerowa-lustro-300x300.jpg\" class=\"attachment-woocommerce_thumbnail size-woocommerce_thumbnail\" alt=\"Vonkaj\u0161ia hra - ZRKADLO\" srcset=\"https:\/\/www.3dflex.sk\/web\/wp-content\/uploads\/2024\/02\/plyty-gumowe-na-plac-zabaw-gra-plenerowa-lustro-300x300.jpg 300w, https:\/\/www.3dflex.sk\/web\/wp-content\/uploads\/2024\/02\/plyty-gumowe-na-plac-zabaw-gra-plenerowa-lustro-150x150.jpg 150w, https:\/\/www.3dflex.sk\/web\/wp-content\/uploads\/2024\/02\/plyty-gumowe-na-plac-zabaw-gra-plenerowa-lustro-768x768.jpg 768w, https:\/\/www.3dflex.sk\/web\/wp-content\/uploads\/2024\/02\/plyty-gumowe-na-plac-zabaw-gra-plenerowa-lustro-600x600.jpg 600w, https:\/\/www.3dflex.sk\/web\/wp-content\/uploads\/2024\/02\/plyty-gumowe-na-plac-zabaw-gra-plenerowa-lustro-100x100.jpg 100w, https:\/\/www.3dflex.sk\/web\/wp-content\/uploads\/2024\/02\/plyty-gumowe-na-plac-zabaw-gra-plenerowa-lustro.jpg 1000w\" sizes=\"(max-width: 300px) 100vw, 300px\" \/><\/div>\n\t\t\t\t\t<div class=\"wc-block-grid__product-title\">Vonkaj\u0161ia hra &#8211; ZRKADLO<\/div>\n\t\t\t\t<\/a>\n\t\t\t\t<div class=\"wc-block-grid__product-price price\"><\/div>\n\t\t\t\t\n\t\t\t\t<div class=\"wp-block-button wc-block-grid__product-add-to-cart\"><a href=\"https:\/\/www.3dflex.sk\/web\/index.php\/produkt\/vonkajsia-hra-zrkadlo\/\" aria-label=\"V\u00fdber nastaven\u00ed pre &ldquo;Vonkaj\u0161ia hra - ZRKADLO&rdquo;\" data-quantity=\"1\" data-product_id=\"860\" data-product_sku=\"\" data-price=\"0\" rel=\"nofollow\" class=\"wp-block-button__link  add_to_cart_button\">Viac info<\/a><\/div>\n\t\t\t<\/li><\/ul><\/div>","protected":false},"excerpt":{"rendered":"","protected":false},"author":1,"featured_media":0,"parent":18,"menu_order":10,"comment_status":"closed","ping_status":"closed","template":"","meta":{"ngg_post_thumbnail":0,"footnotes":""},"class_list":["post-901","page","type-page","status-publish","hentry","post"],"_links":{"self":[{"href":"https:\/\/www.3dflex.sk\/web\/index.php\/wp-json\/wp\/v2\/pages\/901","targetHints":{"allow":["GET"]}}],"collection":[{"href":"https:\/\/www.3dflex.sk\/web\/index.php\/wp-json\/wp\/v2\/pages"}],"about":[{"href":"https:\/\/www.3dflex.sk\/web\/index.php\/wp-json\/wp\/v2\/types\/page"}],"author":[{"embeddable":true,"href":"https:\/\/www.3dflex.sk\/web\/index.php\/wp-json\/wp\/v2\/users\/1"}],"replies":[{"embeddable":true,"href":"https:\/\/www.3dflex.sk\/web\/index.php\/wp-json\/wp\/v2\/comments?post=901"}],"version-history":[{"count":2,"href":"https:\/\/www.3dflex.sk\/web\/index.php\/wp-json\/wp\/v2\/pages\/901\/revisions"}],"predecessor-version":[{"id":903,"href":"https:\/\/www.3dflex.sk\/web\/index.php\/wp-json\/wp\/v2\/pages\/901\/revisions\/903"}],"up":[{"embeddable":true,"href":"https:\/\/www.3dflex.sk\/web\/index.php\/wp-json\/wp\/v2\/pages\/18"}],"wp:attachment":[{"href":"https:\/\/www.3dflex.sk\/web\/index.php\/wp-json\/wp\/v2\/media?parent=901"}],"curies":[{"name":"wp","href":"https:\/\/api.w.org\/{rel}","templated":true}]}}