{"id":974,"date":"2024-02-21T19:03:16","date_gmt":"2024-02-21T18:03:16","guid":{"rendered":"https:\/\/www.3dflex.sk\/web\/?page_id=974"},"modified":"2024-03-10T11:16:20","modified_gmt":"2024-03-10T10:16:20","slug":"certifikaty","status":"publish","type":"page","link":"https:\/\/www.3dflex.sk\/web\/index.php\/certifikaty\/","title":{"rendered":"Certifik\u00e1ty"},"content":{"rendered":"\n<h1 class=\"wp-block-heading\">Certifik\u00e1ty a schv\u00e1lenia dokazuj\u00fa najvy\u0161\u0161iu kvalitu na\u0161ich produktov!<\/h1>\n\n\n\n<h4 class=\"wp-block-heading\">V\u0161etky na\u0161e produkty maj\u00fa certifik\u00e1ty a schv\u00e1lenia, ktor\u00e9 potvrdzuj\u00fa bezpe\u010dnos\u0165 ich pou\u017e\u00edvania.<\/h4>\n\n\n\n<div class=\"wp-block-media-text is-stacked-on-mobile\"><figure class=\"wp-block-media-text__media\"><img fetchpriority=\"high\" decoding=\"async\" width=\"540\" height=\"359\" src=\"https:\/\/www.3dflex.sk\/web\/wp-content\/uploads\/2024\/02\/certyfikaty-e1504097312303.jpg\" alt=\"\" class=\"wp-image-975 size-full\" srcset=\"https:\/\/www.3dflex.sk\/web\/wp-content\/uploads\/2024\/02\/certyfikaty-e1504097312303.jpg 540w, https:\/\/www.3dflex.sk\/web\/wp-content\/uploads\/2024\/02\/certyfikaty-e1504097312303-300x199.jpg 300w, https:\/\/www.3dflex.sk\/web\/wp-content\/uploads\/2024\/02\/certyfikaty-e1504097312303-272x182.jpg 272w\" sizes=\"(max-width: 540px) 100vw, 540px\" \/><\/figure><div class=\"wp-block-media-text__content\">\n<h2 class=\"wp-block-heading\">\u010co \u0161pecifikuj\u00fa certifik\u00e1ty?<\/h2>\n\n\n\n<p>Certifik\u00e1ty jasne uv\u00e1dzaj\u00fa, \u017ee v\u0161etky na\u0161e produkty:<\/p>\n\n\n\n<ul class=\"wp-block-list\">\n<li class=\"has-small-font-size\">bezpe\u010dn\u00e9 povrchy pre detsk\u00e9 ihrisk\u00e1 (SBR a EPDM dosky, bezpe\u010dn\u00e9 gumen\u00e9 hrany, flexibiln\u00e9 gumen\u00e9 podlo\u017eky na bet\u00f3nov\u00e9 hrany, rohov\u00e9 n\u00e1razn\u00edky (gumen\u00e9 n\u00e1razn\u00edky), obrubn\u00edkov\u00e9 n\u00e1jazdy, gumen\u00e9 povrchy na terasy a balk\u00f3ny),<\/li>\n\n\n\n<li class=\"has-small-font-size\">\u0161portov\u00e9 povrchy pre multifunk\u010dn\u00e9 ihrisk\u00e1 (gumen\u00e9 kocky), stabilizovan\u00e9 \u0161portov\u00e9 dosky,<\/li>\n\n\n\n<li class=\"has-small-font-size\">povrchy telocvi\u010dne, vr\u00e1tane: puzzle, nehor\u013eav\u00fdch gumen\u00fdch roho\u017e\u00ed Cfl-s1 na vn\u00fatorn\u00e9 pou\u017eitie,<\/li>\n\n\n\n<li class=\"has-small-font-size\">proti\u0161mykov\u00e9 povrchy s vlastnos\u0165ami proti plesniam a plesniam na pou\u017eitie v baz\u00e9noch a aquaparkoch,<\/li>\n\n\n\n<li class=\"has-small-font-size\">stabilizovan\u00e9 dosky pre z\u00e1hradn\u00e9 baz\u00e9ny<\/li>\n\n\n\n<li class=\"has-small-font-size\">povrchy vyroben\u00e9 z pru\u017en\u00fdch behatonov\u00fdch kociek na pou\u017eitie ako povrchy pre jazdeck\u00e9 ar\u00e9ny, chodby stajn\u00ed a pre koloto\u010de a v\u00fdbehy pre kone<\/li>\n<\/ul>\n\n\n\n<p class=\"has-small-font-size\">vyroben\u00e9 v s\u00falade s normami platn\u00fdmi v Eur\u00f3pskej \u00fanii a poskytuj\u00fa ochranu pred zraneniami a alergiami.<\/p>\n<\/div><\/div>\n\n\n\n<p><strong>Certifik\u00e1ty a schv\u00e1lenia potvrdzuj\u00fa:<\/strong><\/p>\n\n\n\n<ul class=\"wp-block-list\">\n<li>mechanick\u00e1 a tepeln\u00e1 odolnos\u0165<\/li>\n\n\n\n<li>proti\u0161mykov\u00e9 vlastnosti<\/li>\n\n\n\n<li>splnenie hygienick\u00fdch podmienok<\/li>\n\n\n\n<li>tlmenie n\u00e1razov pri p\u00e1doch<\/li>\n\n\n\n<li>splnenie podmienok t\u00fdkaj\u00facich sa bezpe\u010dnosti det\u00ed na ihrisk\u00e1ch<\/li>\n\n\n\n<li>sp\u013a\u0148aj\u00face po\u017eiadavky na v\u00fd\u0161ku, z ktorej bude p\u00e1d dostato\u010dne tlmen\u00fd povrchom.<\/li>\n<\/ul>\n\n\n\n<p class=\"has-large-font-size\">Bezpe\u010dnos\u0165 a komfort pou\u017e\u00edvania<\/p>\n\n\n\n<figure class=\"wp-block-table is-style-regular\"><table class=\"has-white-background-color has-background\"><tbody><tr><td class=\"has-text-align-center\" data-align=\"center\"><img decoding=\"async\" src=\"https:\/\/www.3dflex.sk\/web\/wp-content\/uploads\/2024\/02\/certyfikat.png\" alt=\"\" style=\"width: 161px;\"><\/td><td class=\"has-text-align-center\" data-align=\"center\"><img decoding=\"async\" src=\"https:\/\/www.3dflex.sk\/web\/wp-content\/uploads\/2024\/02\/pzh_logo_pl-300x300-1.jpg\" alt=\"\" style=\"width: 161px;\"><\/td><td class=\"has-text-align-center\" data-align=\"center\"> <img decoding=\"async\" width=\"161\" height=\"161\" class=\"wp-image-978\" style=\"width: 161px;\" src=\"https:\/\/www.3dflex.sk\/web\/wp-content\/uploads\/2024\/02\/PHOTO-2020-10-26-13-34-36-300x300-1.jpg\" alt=\"\" srcset=\"https:\/\/www.3dflex.sk\/web\/wp-content\/uploads\/2024\/02\/PHOTO-2020-10-26-13-34-36-300x300-1.jpg 300w, https:\/\/www.3dflex.sk\/web\/wp-content\/uploads\/2024\/02\/PHOTO-2020-10-26-13-34-36-300x300-1-150x150.jpg 150w, https:\/\/www.3dflex.sk\/web\/wp-content\/uploads\/2024\/02\/PHOTO-2020-10-26-13-34-36-300x300-1-100x100.jpg 100w\" sizes=\"(max-width: 161px) 100vw, 161px\" \/> <\/td><td class=\"has-text-align-center\" data-align=\"center\"><img decoding=\"async\" src=\"https:\/\/www.3dflex.sk\/web\/wp-content\/uploads\/2024\/02\/TUV-logo-okragle.png\" alt=\"\" style=\"width: 161px;\"><\/td><\/tr><tr><td class=\"has-text-align-center\" data-align=\"center\"><strong>Certifik\u00e1t HIC 1,0 \u00f7 3,0 m<\/strong><\/td><td class=\"has-text-align-center\" data-align=\"center\"><strong>certifik\u00e1t PZH<\/strong><\/td><td class=\"has-text-align-center\" data-align=\"center\"><strong>BS 7188<\/strong><\/td><td class=\"has-text-align-center\" data-align=\"center\"><strong>CERTIFIK\u00c1T TUV<\/strong><\/td><\/tr><tr><td class=\"has-text-align-center\" data-align=\"center\">V\u00fdrobok sp\u013a\u0148a normu EN 1177:2019<\/td><td class=\"has-text-align-center\" data-align=\"center\">V\u00fdrobok sp\u013a\u0148a aktu\u00e1lne bezpe\u010dnostn\u00e9 normy<\/td><td class=\"has-text-align-center\" data-align=\"center\">Zhoda s BS 7188. Bezpe\u010dn\u00e9 v\u00fdrobky pre pou\u017eitie na ihrisk\u00e1ch<br><\/td><td class=\"has-text-align-center\" data-align=\"center\">V\u00fdrobok je vyroben\u00fd pod\u013ea schv\u00e1len\u00fdch postupov<\/td><\/tr><\/tbody><\/table><\/figure>\n\n\n\n<div class=\"wp-block-media-text is-stacked-on-mobile\"><figure class=\"wp-block-media-text__media\"><img decoding=\"async\" width=\"540\" height=\"360\" src=\"https:\/\/www.3dflex.sk\/web\/wp-content\/uploads\/2024\/02\/certyfikat1-e1504097524384.jpg\" alt=\"\" class=\"wp-image-980 size-full\" srcset=\"https:\/\/www.3dflex.sk\/web\/wp-content\/uploads\/2024\/02\/certyfikat1-e1504097524384.jpg 540w, https:\/\/www.3dflex.sk\/web\/wp-content\/uploads\/2024\/02\/certyfikat1-e1504097524384-300x200.jpg 300w, https:\/\/www.3dflex.sk\/web\/wp-content\/uploads\/2024\/02\/certyfikat1-e1504097524384-272x182.jpg 272w\" sizes=\"(max-width: 540px) 100vw, 540px\" \/><\/figure><div class=\"wp-block-media-text__content\">\n<p><\/p>\n\n\n\n<figure class=\"wp-block-table is-style-regular has-small-font-size\"><table class=\"has-black-color has-white-background-color has-text-color has-background has-link-color has-fixed-layout\"><tbody><tr><td><br><mark style=\"background-color:#000000\" class=\"has-inline-color has-white-color\"><strong>Potvrdzuje certifik\u00e1t N\u00e1rodn\u00e9ho hygienick\u00e9ho \u00fastavu, \u017ee dan\u00e9 ihrisko je hygienicky bezpe\u010dn\u00e9?<\/strong><\/mark><\/td><\/tr><tr><td>Schv\u00e1lenie a certifik\u00e1t N\u00e1rodn\u00e9ho hygienick\u00e9ho \u00fastavu je udelen\u00fd v\u00fdrobkom, ktor\u00e9 sp\u013a\u0148aj\u00fa po\u017eiadavky na ochranu zdravia \u013eud\u00ed a \u017eivotn\u00e9ho prostredia pred \u0161kodliv\u00fdmi \u00fa\u010dinkami l\u00e1tok obsiahnut\u00fdch v danom v\u00fdrobku. Z\u00edskanie certifik\u00e1tu je povinn\u00e9 a potvrdzuje hygienick\u00fa nez\u00e1vadnos\u0165.<\/td><\/tr><tr><td><strong><mark style=\"background-color:#000000\" class=\"has-inline-color has-white-color\">Ako sa kontroluje povrch ihriska ?<\/mark><\/strong><\/td><\/tr><tr><td>Parametre povrchu sa kontroluj\u00fa pomocou \u0161pecializovan\u00e9ho zariadenia. T\u00fato kontrolu je potrebn\u00e9 vykon\u00e1va\u0165 pravidelne, preto\u017ee len tak bude spo\u013eahliv\u00e1 a vyroben\u00e9 rie\u0161enia zaistia bezpe\u010dn\u00e9 detsk\u00e9 ihrisk\u00e1.<\/td><\/tr><tr><td><mark style=\"background-color:#000000\" class=\"has-inline-color has-white-color\"><strong>\u010co dokazuje certifik\u00e1t bezpe\u010dn\u00e9ho p\u00e1du HIC ?<\/strong><\/mark><\/td><\/tr><tr><td><span style=\"color: rgb(33, 37, 41); font-family: system-ui, -apple-system, &quot;Segoe UI&quot;, Roboto, &quot;Helvetica Neue&quot;, Arial, &quot;Noto Sans&quot;, sans-serif, &quot;Apple Color Emoji&quot;, &quot;Segoe UI Emoji&quot;, &quot;Segoe UI Symbol&quot;, &quot;Noto Color Emoji&quot;; font-size: 16px; font-style: normal; font-variant-ligatures: normal; font-variant-caps: normal; font-weight: 400; letter-spacing: normal; orphans: 2; text-align: start; text-indent: 0px; text-transform: none; widows: 2; word-spacing: 0px; -webkit-text-stroke-width: 0px; white-space: normal; background-color: rgb(255, 255, 255); text-decoration-thickness: initial; text-decoration-style: initial; text-decoration-color: initial; display: inline !important; float: none;\">Certifik\u00e1t bezpe\u010dn\u00e9ho p\u00e1du HIC (Head Injury Criterion) dokazuje kritick\u00fa v\u00fd\u0161ku p\u00e1du a ur\u010duje moment, v ktorom p\u00e1d nesp\u00f4sob\u00ed zranenie.<\/span><\/td><\/tr><tr><td><mark style=\"background-color:#000000\" class=\"has-inline-color has-white-color\"><strong>Vz\u0165ahuje sa certifik\u00e1t na v\u0161etky produkty vyroben\u00e9 z SBR a EPDM gran\u00fal?<\/strong><\/mark><\/td><\/tr><tr><td>\u00c1no, na v\u0161etky produkty pon\u00fakan\u00e9 Flexizone sa vz\u0165ahuj\u00fa vy\u0161\u0161ie uveden\u00e9 certifik\u00e1ty a sp\u013a\u0148aj\u00fa po\u017eadovan\u00e9 normy.<\/td><\/tr><tr><td><mark style=\"background-color:#000000\" class=\"has-inline-color has-white-color\">Kedy je detsk\u00e9 ihrisko 100% bezpe\u010dn\u00e9 ?<\/mark><\/td><\/tr><tr><td>Bezpe\u010dn\u00e9 ihrisk\u00e1 s\u00fa tak\u00e9, ktor\u00e9 maj\u00fa v\u0161etky povrchov\u00e9 a v\u00fdbavov\u00e9 certifik\u00e1ty a s\u00fa pravidelne kontrolovan\u00e9. Stoj\u00ed za to sa uisti\u0165, \u017ee majite\u013e ihriska m\u00e1 implementovan\u00fd ovl\u00e1dac\u00ed syst\u00e9m Plaza alebo Playroom a \u017ee v\u0161etky zariadenia maj\u00fa vyhl\u00e1senie o zhode.<\/td><\/tr><\/tbody><\/table><\/figure>\n<\/div><\/div>\n","protected":false},"excerpt":{"rendered":"<p>Certifik\u00e1ty a schv\u00e1lenia dokazuj\u00fa najvy\u0161\u0161iu kvalitu na\u0161ich produktov! V\u0161etky na\u0161e produkty maj\u00fa certifik\u00e1ty a schv\u00e1lenia, ktor\u00e9 potvrdzuj\u00fa bezpe\u010dnos\u0165 ich pou\u017e\u00edvania. Certifik\u00e1ty a schv\u00e1lenia potvrdzuj\u00fa: Bezpe\u010dnos\u0165 a komfort pou\u017e\u00edvania Certifik\u00e1t HIC 1,0 \u00f7 3,0 m certifik\u00e1t PZH BS 7188 CERTIFIK\u00c1T TUV V\u00fdrobok sp\u013a\u0148a normu EN 1177:2019 V\u00fdrobok sp\u013a\u0148a aktu\u00e1lne bezpe\u010dnostn\u00e9 normy Zhoda s BS 7188. Bezpe\u010dn\u00e9 [&hellip;]<\/p>\n","protected":false},"author":1,"featured_media":0,"parent":0,"menu_order":0,"comment_status":"closed","ping_status":"closed","template":"","meta":{"ngg_post_thumbnail":0,"footnotes":""},"class_list":["post-974","page","type-page","status-publish","hentry","post"],"_links":{"self":[{"href":"https:\/\/www.3dflex.sk\/web\/index.php\/wp-json\/wp\/v2\/pages\/974","targetHints":{"allow":["GET"]}}],"collection":[{"href":"https:\/\/www.3dflex.sk\/web\/index.php\/wp-json\/wp\/v2\/pages"}],"about":[{"href":"https:\/\/www.3dflex.sk\/web\/index.php\/wp-json\/wp\/v2\/types\/page"}],"author":[{"embeddable":true,"href":"https:\/\/www.3dflex.sk\/web\/index.php\/wp-json\/wp\/v2\/users\/1"}],"replies":[{"embeddable":true,"href":"https:\/\/www.3dflex.sk\/web\/index.php\/wp-json\/wp\/v2\/comments?post=974"}],"version-history":[{"count":5,"href":"https:\/\/www.3dflex.sk\/web\/index.php\/wp-json\/wp\/v2\/pages\/974\/revisions"}],"predecessor-version":[{"id":1005,"href":"https:\/\/www.3dflex.sk\/web\/index.php\/wp-json\/wp\/v2\/pages\/974\/revisions\/1005"}],"wp:attachment":[{"href":"https:\/\/www.3dflex.sk\/web\/index.php\/wp-json\/wp\/v2\/media?parent=974"}],"curies":[{"name":"wp","href":"https:\/\/api.w.org\/{rel}","templated":true}]}}