{"id":983,"date":"2024-02-21T19:15:36","date_gmt":"2024-02-21T18:15:36","guid":{"rendered":"https:\/\/www.3dflex.sk\/web\/?page_id=983"},"modified":"2024-03-10T11:28:33","modified_gmt":"2024-03-10T10:28:33","slug":"katalogy","status":"publish","type":"page","link":"https:\/\/www.3dflex.sk\/web\/index.php\/katalogy\/","title":{"rendered":"Katal\u00f3gy"},"content":{"rendered":"\n<h2 class=\"wp-block-heading\">Bezpe\u010dn\u00e9 povrchy FLEXIZONE \u2013 katal\u00f3gy<\/h2>\n\n\n\n<p>S rados\u0165ou V\u00e1m predstavujeme na\u0161e katal\u00f3gy bezpe\u010dn\u00fdch povrchov v DE a EN verzii. Publik\u00e1cie obsahuj\u00fa inform\u00e1cie o na\u0161ich produktoch vr\u00e1tane povrchov ihr\u00edsk, \u0161portov\u00edsk, ter\u00e1s, telocvi\u010dn\u00ed, uli\u010diek a in\u00fdch rekrea\u010dn\u00fdch oblast\u00ed. V katal\u00f3goch n\u00e1jdete popis hlavn\u00fdch vlastnost\u00ed, v\u00fdhod a technick\u00fdch \u0161pecifik\u00e1ci\u00ed povrchov FLEXIZONE.<\/p>\n\n\n\n<p>Na\u0161e katal\u00f3gy s\u00fa v\u00fdborn\u00fdm zdrojom inform\u00e1ci\u00ed pre architektov, projektantov, investorov a v\u0161etk\u00fdch, ktor\u00ed h\u013eadaj\u00fa bezpe\u010dn\u00e9 a odoln\u00e9 povrchy pre svoje projekty. V\u010faka nim m\u00f4\u017eete spozna\u0165 na\u0161e produkty a vybra\u0165 si to najlep\u0161ie rie\u0161enie pre v\u00e1\u0161 projekt.<\/p>\n\n\n\n<p>Ak m\u00e1te nejak\u00e9 ot\u00e1zky alebo obavy, kontaktujte n\u00e1\u0161 t\u00edm. Sme pripraven\u00ed pom\u00f4c\u0165 a odpoveda\u0165 na v\u0161etky va\u0161e ot\u00e1zky.<\/p>\n\n\n\n<div class=\"wp-block-columns is-layout-flex wp-container-core-columns-is-layout-9d6595d7 wp-block-columns-is-layout-flex\">\n<div class=\"wp-block-column is-layout-flow wp-block-column-is-layout-flow\">\n<figure class=\"wp-block-image size-full\"><a href=\"https:\/\/www.3dflex.sk\/web\/wp-content\/uploads\/2024\/02\/Katalog_FLEXIzone_EN_2023.pdf\" target=\"_blank\" rel=\"noreferrer noopener\"><img fetchpriority=\"high\" decoding=\"async\" width=\"300\" height=\"428\" src=\"https:\/\/www.3dflex.sk\/web\/wp-content\/uploads\/2024\/02\/EN-Katalog-Flexizone-300-1.jpg\" alt=\"\" class=\"wp-image-986\" srcset=\"https:\/\/www.3dflex.sk\/web\/wp-content\/uploads\/2024\/02\/EN-Katalog-Flexizone-300-1.jpg 300w, https:\/\/www.3dflex.sk\/web\/wp-content\/uploads\/2024\/02\/EN-Katalog-Flexizone-300-1-210x300.jpg 210w\" sizes=\"(max-width: 300px) 100vw, 300px\" \/><\/a><\/figure>\n<\/div>\n\n\n\n<div class=\"wp-block-column is-layout-flow wp-block-column-is-layout-flow\">\n<figure class=\"wp-block-image size-full\"><a href=\"https:\/\/www.3dflex.sk\/web\/wp-content\/uploads\/2024\/02\/Katalog-FLEXIzone_DE_2023-small.pdf\" target=\"_blank\" rel=\"noreferrer noopener\"><img decoding=\"async\" width=\"300\" height=\"428\" src=\"https:\/\/www.3dflex.sk\/web\/wp-content\/uploads\/2024\/02\/DE-Katalog-Flexizone-300-v2-1-1.jpg\" alt=\"\" class=\"wp-image-987\" srcset=\"https:\/\/www.3dflex.sk\/web\/wp-content\/uploads\/2024\/02\/DE-Katalog-Flexizone-300-v2-1-1.jpg 300w, https:\/\/www.3dflex.sk\/web\/wp-content\/uploads\/2024\/02\/DE-Katalog-Flexizone-300-v2-1-1-210x300.jpg 210w\" sizes=\"(max-width: 300px) 100vw, 300px\" \/><\/a><\/figure>\n<\/div>\n<\/div>\n\n\n\n<div class=\"wp-block-columns is-layout-flex wp-container-core-columns-is-layout-9d6595d7 wp-block-columns-is-layout-flex\">\n<div class=\"wp-block-column is-layout-flow wp-block-column-is-layout-flow\" style=\"flex-basis:100%\"><\/div>\n<\/div>\n","protected":false},"excerpt":{"rendered":"<p>Bezpe\u010dn\u00e9 povrchy FLEXIZONE \u2013 katal\u00f3gy S rados\u0165ou V\u00e1m predstavujeme na\u0161e katal\u00f3gy bezpe\u010dn\u00fdch povrchov v DE a EN verzii. Publik\u00e1cie obsahuj\u00fa inform\u00e1cie o na\u0161ich produktoch vr\u00e1tane povrchov ihr\u00edsk, \u0161portov\u00edsk, ter\u00e1s, telocvi\u010dn\u00ed, uli\u010diek a in\u00fdch rekrea\u010dn\u00fdch oblast\u00ed. V katal\u00f3goch n\u00e1jdete popis hlavn\u00fdch vlastnost\u00ed, v\u00fdhod a technick\u00fdch \u0161pecifik\u00e1ci\u00ed povrchov FLEXIZONE. Na\u0161e katal\u00f3gy s\u00fa v\u00fdborn\u00fdm zdrojom inform\u00e1ci\u00ed pre architektov, [&hellip;]<\/p>\n","protected":false},"author":1,"featured_media":0,"parent":0,"menu_order":0,"comment_status":"closed","ping_status":"closed","template":"","meta":{"ngg_post_thumbnail":0,"footnotes":""},"class_list":["post-983","page","type-page","status-publish","hentry","post"],"_links":{"self":[{"href":"https:\/\/www.3dflex.sk\/web\/index.php\/wp-json\/wp\/v2\/pages\/983","targetHints":{"allow":["GET"]}}],"collection":[{"href":"https:\/\/www.3dflex.sk\/web\/index.php\/wp-json\/wp\/v2\/pages"}],"about":[{"href":"https:\/\/www.3dflex.sk\/web\/index.php\/wp-json\/wp\/v2\/types\/page"}],"author":[{"embeddable":true,"href":"https:\/\/www.3dflex.sk\/web\/index.php\/wp-json\/wp\/v2\/users\/1"}],"replies":[{"embeddable":true,"href":"https:\/\/www.3dflex.sk\/web\/index.php\/wp-json\/wp\/v2\/comments?post=983"}],"version-history":[{"count":1,"href":"https:\/\/www.3dflex.sk\/web\/index.php\/wp-json\/wp\/v2\/pages\/983\/revisions"}],"predecessor-version":[{"id":990,"href":"https:\/\/www.3dflex.sk\/web\/index.php\/wp-json\/wp\/v2\/pages\/983\/revisions\/990"}],"wp:attachment":[{"href":"https:\/\/www.3dflex.sk\/web\/index.php\/wp-json\/wp\/v2\/media?parent=983"}],"curies":[{"name":"wp","href":"https:\/\/api.w.org\/{rel}","templated":true}]}}