{"id":356,"date":"2024-02-17T22:22:48","date_gmt":"2024-02-17T21:22:48","guid":{"rendered":"https:\/\/www.3dflex.sk\/web\/?post_type=product&#038;p=356"},"modified":"2025-01-08T18:10:19","modified_gmt":"2025-01-08T17:10:19","slug":"gumova-doska-sbr-45-mm","status":"publish","type":"product","link":"https:\/\/www.3dflex.sk\/web\/index.php\/produkt\/gumova-doska-sbr-45-mm\/","title":{"rendered":"Gumov\u00e1 doska SBR 45 mm"},"content":{"rendered":"<p><strong>Pru\u017en\u00e9 gumov\u00e9 dosky SBR<\/strong> sa vyr\u00e1baj\u00fa pod\u013ea schv\u00e1len\u00fdch postupov, pod pr\u00edsnou <strong>kontrolou kvality T\u00dcV. <\/strong>Ka\u017ed\u00e1 vyroben\u00e1 \u0161ar\u017ea je navy\u0161e vo vlastnom laborat\u00f3riu testovan\u00e1 na amortiz\u00e1ciu a koeficient <strong>Gmax<\/strong> , v\u010faka \u010domu produkty z\u00edskavaj\u00fa certifik\u00e1t s garantovan\u00fdm koeficientom <strong>HIC<\/strong> pod\u013ea najnov\u0161ej normy <strong>PN-EN 1177:2019<\/strong> .<\/p>\n<p><strong>Ve\u013ekos\u0165 dosky: 500 mm x 500 mm<\/strong><\/p>\n<p><strong>HIC: 1,4 m<\/strong><\/p>\n","protected":false},"excerpt":{"rendered":"<p><strong><span class=\"\">Gumov\u00e9 platne SBR<\/span><\/strong><span class=\"\"> s\u00fa farebn\u00e9 v celej kon\u0161trukcii (jednofarebn\u00e9), tak\u017ee ich \u0161trukt\u00fara je v celom priereze rovnak\u00e1. <\/span>T\u00e1to stabiliz\u00e1cia zabra\u0148uje vod\u00e1ckemu efektu a zvlneniu rohov dosiek. Jednosmern\u00fd sp\u00f4sob napojenia bezpe\u010dnej plochy z gumov\u00fdch dla\u017ed\u00edc FLEXIzone pre detsk\u00e9 ihrisk\u00e1 zvy\u0161uje ich stabilitu a z\u00e1rove\u0148 ur\u00fdch\u013euje proces mont\u00e1\u017ee. Mno\u017estvo \u00faprav a testov starnutia viedlo k z\u00edskaniu produktu odoln\u00e9ho vo\u010di UV \u017eiareniu.<\/p>\n<p>Pri in\u0161tal\u00e1cii flexibiln\u00fdch gumen\u00fdch dosiek FLEXIZONE na existuj\u00face podlahy sa odpor\u00fa\u010da pou\u017ei\u0165 \u0161ikm\u00e9 a rohov\u00e9 dosky &#8211; tzv. pr\u00edjazdov\u00e9 cesty. V pr\u00edpade in\u0161tal\u00e1cie na kamenivo je potrebn\u00e9 pou\u017ei\u0165 GUMOV\u00c9 HRANY A HRANY. Na ochranu bet\u00f3nov\u00fdch prvkov, vr\u00e1tane pieskov\u00edsk, stien, palis\u00e1d, schodov a rohov budov, sa odpor\u00fa\u010da pou\u017ei\u0165 BEZPE\u010cN\u00c9 GUMOV\u00c9 ROHY.<\/p>\n<p>Z\u00f3ny ihr\u00edsk z gumov\u00fdch dla\u017ed\u00edc FLEXIZONE je mo\u017en\u00e9 spestri\u0165 prvkami 2D FLAT SENSORY, ako s\u00fa \u010d\u00edsla (hopsl\u00edk), abeceda, farebn\u00e9 kruhy, mot\u00edvy, hry na dvore: twister, \u0161ach, \u010d\u00edn\u0161tina. Ihrisk\u00e1 m\u00f4\u017eu by\u0165 navy\u0161e vybaven\u00e9 TROJROZMERN\u00ddMI ZMYSLOV\u00ddMI PRVKMI ako s\u00fa farebn\u00e9 gumen\u00e9 zvieratk\u00e1, zmyslov\u00e9 hemisf\u00e9ry, huby, kocky, ktor\u00e9 stimuluj\u00fa zmyslov\u00e9 podnety a zlep\u0161uj\u00fa rovnov\u00e1hu. Ich p\u00f3rovit\u00e1 \u0161trukt\u00fara rozv\u00edja hmatov\u00e9 podnety a je v\u00fdborn\u00fdm sp\u00f4sobom, ako akt\u00edvne tr\u00e1vi\u0165 \u010das vonku.<\/p>\n<p><strong>Vlastnosti gumen\u00fdch dosiek FLEXIZONE:<\/strong><br \/>\n\u2022 vysok\u00e1 tlmivos\u0165 n\u00e1razov &#8211; ka\u017ed\u00e1 \u0161ar\u017ea je testovan\u00e1 vo vlastnom laborat\u00f3riu na tlmenie a tlmenie n\u00e1razov &#8211; ZARU\u010cEN\u00c1 HIC<br \/>\n\u2022 odoln\u00e1 vo\u010di UV \u017eiareniu &#8211; plat\u00ed pre DOSKY SBR a EPDM<br \/>\n\u2022 jednosmern\u00fd sp\u00f4sob sp\u00e1jania dosiek zvy\u0161uje ich stabilitu<br \/>\n\u2022 proti\u0161mykov\u00e9, mrazuvzdorn\u00e9 a vodopriepustn\u00e9<br \/>\n\u2022 maj\u00fa hygienick\u00fd certifik\u00e1t N\u00e1rodn\u00e9ho hygienick\u00e9ho \u00fastavu<br \/>\n\u2022 sp\u013a\u0148aj\u00fa najnov\u0161iu normu pre detsk\u00e9 ihrisk\u00e1 PN-EN 1177:2019.<br \/>\n\u2022 vylep\u0161en\u00fd proti starnutiu<br \/>\n\u2022 v\u00fdrobok vyroben\u00fd pod\u013ea schv\u00e1len\u00fdch postupov pod pr\u00edsnou kontrolou kvality T\u00dcV<\/p>\n<p><strong>Z\u00e1ruka: 24 mesiacov<\/strong><\/p>\n","protected":false},"featured_media":361,"comment_status":"open","ping_status":"closed","template":"","meta":{"ngg_post_thumbnail":0},"product_brand":[],"product_cat":[38,40],"product_tag":[],"class_list":{"0":"post-356","1":"product","2":"type-product","3":"status-publish","4":"has-post-thumbnail","6":"product_cat-povrchy-ihrisk","7":"product_cat-sbr-dosky","8":"post","9":"post-with-thumbnail","10":"post-with-thumbnail-large","12":"first","13":"instock","14":"taxable","15":"shipping-taxable","16":"purchasable","17":"product-type-variable","18":"has-default-attributes"},"_links":{"self":[{"href":"https:\/\/www.3dflex.sk\/web\/index.php\/wp-json\/wp\/v2\/product\/356","targetHints":{"allow":["GET"]}}],"collection":[{"href":"https:\/\/www.3dflex.sk\/web\/index.php\/wp-json\/wp\/v2\/product"}],"about":[{"href":"https:\/\/www.3dflex.sk\/web\/index.php\/wp-json\/wp\/v2\/types\/product"}],"replies":[{"embeddable":true,"href":"https:\/\/www.3dflex.sk\/web\/index.php\/wp-json\/wp\/v2\/comments?post=356"}],"version-history":[{"count":2,"href":"https:\/\/www.3dflex.sk\/web\/index.php\/wp-json\/wp\/v2\/product\/356\/revisions"}],"predecessor-version":[{"id":387,"href":"https:\/\/www.3dflex.sk\/web\/index.php\/wp-json\/wp\/v2\/product\/356\/revisions\/387"}],"wp:featuredmedia":[{"embeddable":true,"href":"https:\/\/www.3dflex.sk\/web\/index.php\/wp-json\/wp\/v2\/media\/361"}],"wp:attachment":[{"href":"https:\/\/www.3dflex.sk\/web\/index.php\/wp-json\/wp\/v2\/media?parent=356"}],"wp:term":[{"taxonomy":"product_brand","embeddable":true,"href":"https:\/\/www.3dflex.sk\/web\/index.php\/wp-json\/wp\/v2\/product_brand?post=356"},{"taxonomy":"product_cat","embeddable":true,"href":"https:\/\/www.3dflex.sk\/web\/index.php\/wp-json\/wp\/v2\/product_cat?post=356"},{"taxonomy":"product_tag","embeddable":true,"href":"https:\/\/www.3dflex.sk\/web\/index.php\/wp-json\/wp\/v2\/product_tag?post=356"}],"curies":[{"name":"wp","href":"https:\/\/api.w.org\/{rel}","templated":true}]}}