{"id":370,"date":"2024-02-17T22:34:09","date_gmt":"2024-02-17T21:34:09","guid":{"rendered":"https:\/\/www.3dflex.sk\/web\/?post_type=product&#038;p=370"},"modified":"2025-01-08T18:16:13","modified_gmt":"2025-01-08T17:16:13","slug":"sbr-gumova-doska-70-mm","status":"publish","type":"product","link":"https:\/\/www.3dflex.sk\/web\/index.php\/produkt\/sbr-gumova-doska-70-mm\/","title":{"rendered":"SBR gumov\u00e1 doska 70 mm"},"content":{"rendered":"<div id=\"product-description-short-11\" class=\"description-short\">\n<p><strong><span><span class=\"\">Flexibiln\u00fd povrch ihriska vyroben\u00fd z SBR gumov\u00fdch dosiek<\/span><\/span><\/strong><span><span class=\"\"> . Bezpe\u010dn\u00e9 povrchy s\u00fa vyr\u00e1ban\u00e9 pod\u013ea schv\u00e1len\u00fdch postupov, pod pr\u00edsnou\u00a0 <\/span><\/span><strong><span><span class=\"\">kontrolou kvality T\u00dcV.<\/span><\/span><\/strong><span><span class=\"\"> \u00a0Ka\u017ed\u00e1 vyroben\u00e1 \u0161ar\u017ea je navy\u0161e vo vlastnom laborat\u00f3riu testovan\u00e1 na amortiz\u00e1ciu a\u00a0 koeficient <\/span><\/span><strong><span><span class=\"\">Gmax<\/span><\/span><\/strong><span><span class=\"\"> , v\u010faka \u010domu produkty z\u00edskavaj\u00fa certifik\u00e1t s garantovan\u00fdm\u00a0 koeficientom <\/span><\/span><strong><span><span class=\"\">HIC<\/span><\/span><\/strong><span><span class=\"\"> \u00a0pod\u013ea najnov\u0161ej normy <\/span><\/span><strong><span><span class=\"\">\u00a0PN-EN 1177:2019<\/span><\/span><\/strong><span><span class=\"\"> .<\/span><\/span><\/p>\n<p><strong><span>Ve\u013ekos\u0165 dosky: 500 mm x 500 mm<\/span><\/strong><\/p>\n<p><strong><span>HIC: 1,9 m<\/span><\/strong><\/p>\n<\/div>\n","protected":false},"excerpt":{"rendered":"<p><strong><span><span class=\"\">Gumov\u00e1 plat\u0148a s hr\u00fabkou mm70 a p\u00e1dov\u00fdm faktorom 2m je ur\u010den\u00e1 do vonkaj\u0161\u00edch priestorov\u00a0<\/span><\/span><\/strong><\/p>\n<ul>\n<li><span>ihrisk\u00e1\u00a0<\/span><\/li>\n<li><span>hra\u0165 rohy<\/span><\/li>\n<\/ul>\n<p>&nbsp;<\/p>\n<p><strong><span>Vlastnosti gumen\u00fdch dosiek FLEXIZONE:<\/span><\/strong><\/p>\n<ul>\n<li><span>HIC certifik\u00e1t<\/span><\/li>\n<li><span>hygienick\u00fd certifik\u00e1t<\/span><\/li>\n<li><span>UV odoln\u00fd<\/span><\/li>\n<li><span>testovan\u00e9 starnut\u00edm<\/span><\/li>\n<li><span>Schv\u00e1lenie T\u00dcV<\/span><\/li>\n<li><span>EN 1177:2019<\/span><\/li>\n<li><span>mrazuvzdorn\u00fd,<\/span><\/li>\n<li><span>proti\u0161mykov\u00e1,<\/span><\/li>\n<li><span>vodopriepustn\u00fd,<\/span><\/li>\n<\/ul>\n<p><strong><span>Z\u00e1ruka: 24 mesiacov<\/span><\/strong><\/p>\n","protected":false},"featured_media":375,"comment_status":"open","ping_status":"closed","template":"","meta":{"ngg_post_thumbnail":0},"product_brand":[],"product_cat":[38,40],"product_tag":[],"class_list":{"0":"post-370","1":"product","2":"type-product","3":"status-publish","4":"has-post-thumbnail","6":"product_cat-povrchy-ihrisk","7":"product_cat-sbr-dosky","8":"post","9":"post-with-thumbnail","10":"post-with-thumbnail-large","12":"first","13":"instock","14":"taxable","15":"shipping-taxable","16":"purchasable","17":"product-type-variable","18":"has-default-attributes"},"_links":{"self":[{"href":"https:\/\/www.3dflex.sk\/web\/index.php\/wp-json\/wp\/v2\/product\/370","targetHints":{"allow":["GET"]}}],"collection":[{"href":"https:\/\/www.3dflex.sk\/web\/index.php\/wp-json\/wp\/v2\/product"}],"about":[{"href":"https:\/\/www.3dflex.sk\/web\/index.php\/wp-json\/wp\/v2\/types\/product"}],"replies":[{"embeddable":true,"href":"https:\/\/www.3dflex.sk\/web\/index.php\/wp-json\/wp\/v2\/comments?post=370"}],"version-history":[{"count":1,"href":"https:\/\/www.3dflex.sk\/web\/index.php\/wp-json\/wp\/v2\/product\/370\/revisions"}],"predecessor-version":[{"id":376,"href":"https:\/\/www.3dflex.sk\/web\/index.php\/wp-json\/wp\/v2\/product\/370\/revisions\/376"}],"wp:featuredmedia":[{"embeddable":true,"href":"https:\/\/www.3dflex.sk\/web\/index.php\/wp-json\/wp\/v2\/media\/375"}],"wp:attachment":[{"href":"https:\/\/www.3dflex.sk\/web\/index.php\/wp-json\/wp\/v2\/media?parent=370"}],"wp:term":[{"taxonomy":"product_brand","embeddable":true,"href":"https:\/\/www.3dflex.sk\/web\/index.php\/wp-json\/wp\/v2\/product_brand?post=370"},{"taxonomy":"product_cat","embeddable":true,"href":"https:\/\/www.3dflex.sk\/web\/index.php\/wp-json\/wp\/v2\/product_cat?post=370"},{"taxonomy":"product_tag","embeddable":true,"href":"https:\/\/www.3dflex.sk\/web\/index.php\/wp-json\/wp\/v2\/product_tag?post=370"}],"curies":[{"name":"wp","href":"https:\/\/api.w.org\/{rel}","templated":true}]}}