{"id":390,"date":"2024-02-17T23:22:52","date_gmt":"2024-02-17T22:22:52","guid":{"rendered":"https:\/\/www.3dflex.sk\/web\/?post_type=product&#038;p=390"},"modified":"2025-01-08T18:29:21","modified_gmt":"2025-01-08T17:29:21","slug":"sbr-gumova-doska-90-mm","status":"publish","type":"product","link":"https:\/\/www.3dflex.sk\/web\/index.php\/produkt\/sbr-gumova-doska-90-mm\/","title":{"rendered":"SBR gumov\u00e1 doska 90 mm"},"content":{"rendered":"<div id=\"product-description-short-12\" class=\"description-short\">\n<p><strong>Flexibiln\u00fd povrch ihriska vyroben\u00fd z SBR gumov\u00fdch dosiek<\/strong> . Bezpe\u010dn\u00e9 povrchy s\u00fa vyr\u00e1ban\u00e9 pod\u013ea schv\u00e1len\u00fdch postupov, pod pr\u00edsnou\u00a0 <strong>kontrolou kvality T\u00dcV.<\/strong> \u00a0Ka\u017ed\u00e1 vyroben\u00e1 \u0161ar\u017ea je navy\u0161e vo vlastnom laborat\u00f3riu testovan\u00e1 na amortiz\u00e1ciu a\u00a0 koeficient <strong>Gmax<\/strong> , v\u010faka \u010domu produkty z\u00edskavaj\u00fa certifik\u00e1t s garantovan\u00fdm\u00a0 koeficientom <strong>HIC<\/strong> \u00a0pod\u013ea najnov\u0161ej normy <strong>\u00a0PN-EN 1177:2019<\/strong> .<\/p>\n<p><strong>Ve\u013ekos\u0165 dosky: 500 mm x 500 mm<\/strong><\/p>\n<p><strong>HIC: 2,5 m<\/strong><\/p>\n<\/div>\n","protected":false},"excerpt":{"rendered":"<p><strong><span class=\"\">Gumen\u00e1 plat\u0148a s hr\u00fabkou 90 mm s p\u00e1dov\u00fdm faktorom 2,5 m je ur\u010den\u00e1 do vonkaj\u0161\u00edch priestorov ako s\u00fa:<\/span><\/strong><\/p>\n<ul>\n<li>ihrisk\u00e1<\/li>\n<li>hra\u0165 rohy<\/li>\n<\/ul>\n<p>&nbsp;<\/p>\n<p><strong>Vlastnosti gumen\u00fdch dosiek FLEXIZONE:<\/strong><\/p>\n<ul>\n<li>HIC certifik\u00e1t<\/li>\n<li>hygienick\u00fd certifik\u00e1t<\/li>\n<li>UV odoln\u00fd<\/li>\n<li>testovan\u00e9 starnut\u00edm<\/li>\n<li>Schv\u00e1lenie T\u00dcV<\/li>\n<li>EN 1177:2019<\/li>\n<li>mrazuvzdorn\u00fd,<\/li>\n<li>proti\u0161mykov\u00e1,<\/li>\n<li>vodopriepustn\u00fd,<\/li>\n<\/ul>\n<p><strong>Z\u00e1ruka: 24 mesiacov<\/strong><\/p>\n","protected":false},"featured_media":382,"comment_status":"open","ping_status":"closed","template":"","meta":{"ngg_post_thumbnail":0},"product_brand":[],"product_cat":[38,40],"product_tag":[],"class_list":{"0":"post-390","1":"product","2":"type-product","3":"status-publish","4":"has-post-thumbnail","6":"product_cat-povrchy-ihrisk","7":"product_cat-sbr-dosky","8":"post","9":"post-with-thumbnail","10":"post-with-thumbnail-large","12":"first","13":"instock","14":"taxable","15":"shipping-taxable","16":"purchasable","17":"product-type-variable","18":"has-default-attributes"},"_links":{"self":[{"href":"https:\/\/www.3dflex.sk\/web\/index.php\/wp-json\/wp\/v2\/product\/390","targetHints":{"allow":["GET"]}}],"collection":[{"href":"https:\/\/www.3dflex.sk\/web\/index.php\/wp-json\/wp\/v2\/product"}],"about":[{"href":"https:\/\/www.3dflex.sk\/web\/index.php\/wp-json\/wp\/v2\/types\/product"}],"replies":[{"embeddable":true,"href":"https:\/\/www.3dflex.sk\/web\/index.php\/wp-json\/wp\/v2\/comments?post=390"}],"version-history":[{"count":2,"href":"https:\/\/www.3dflex.sk\/web\/index.php\/wp-json\/wp\/v2\/product\/390\/revisions"}],"predecessor-version":[{"id":396,"href":"https:\/\/www.3dflex.sk\/web\/index.php\/wp-json\/wp\/v2\/product\/390\/revisions\/396"}],"wp:featuredmedia":[{"embeddable":true,"href":"https:\/\/www.3dflex.sk\/web\/index.php\/wp-json\/wp\/v2\/media\/382"}],"wp:attachment":[{"href":"https:\/\/www.3dflex.sk\/web\/index.php\/wp-json\/wp\/v2\/media?parent=390"}],"wp:term":[{"taxonomy":"product_brand","embeddable":true,"href":"https:\/\/www.3dflex.sk\/web\/index.php\/wp-json\/wp\/v2\/product_brand?post=390"},{"taxonomy":"product_cat","embeddable":true,"href":"https:\/\/www.3dflex.sk\/web\/index.php\/wp-json\/wp\/v2\/product_cat?post=390"},{"taxonomy":"product_tag","embeddable":true,"href":"https:\/\/www.3dflex.sk\/web\/index.php\/wp-json\/wp\/v2\/product_tag?post=390"}],"curies":[{"name":"wp","href":"https:\/\/api.w.org\/{rel}","templated":true}]}}