{"id":397,"date":"2024-02-17T23:43:12","date_gmt":"2024-02-17T22:43:12","guid":{"rendered":"https:\/\/www.3dflex.sk\/web\/?post_type=product&#038;p=397"},"modified":"2024-02-24T18:40:23","modified_gmt":"2024-02-24T17:40:23","slug":"gumova-doska-epdm-45-mm","status":"publish","type":"product","link":"https:\/\/www.3dflex.sk\/web\/index.php\/produkt\/gumova-doska-epdm-45-mm\/","title":{"rendered":"Gumov\u00e1 doska EPDM 45 mm"},"content":{"rendered":"<div id=\"product-description-short-5\" class=\"description-short\">\n<p><strong><span>Gumov\u00e1 doska EPDM Flexizone<\/span><\/strong><span> \u00a0, ktor\u00e1 sa pou\u017e\u00edva najm\u00e4 na\u00a0 <\/span><strong><span>ihrisk\u00e1ch a v rekrea\u010dn\u00fdch oblastiach,<\/span><\/strong><span> \u00a0m\u00e1 dvojvrstvov\u00fa \u0161trukt\u00faru. Sklad\u00e1 sa z jadra vyroben\u00e9ho z SBR gran\u00fal, ktor\u00e9 poskytuj\u00fa ve\u013emi dobr\u00e9 tlmiace vlastnosti, a vrchnej vrstvy z vysoko flexibilnej, hromadne farbenej, syntetickej EPDM gumy. Charakteristick\u00fdm znakom gumy pou\u017e\u00edvanej na v\u00fdrobu je okrem in\u00e9ho: zv\u00fd\u0161en\u00e1 odolnos\u0165 vo\u010di tzv tepeln\u00e9 starnutie.<\/span><\/p>\n<p><span>Materi\u00e1l EPDM je odoln\u00fd vo\u010di extr\u00e9mnym poveternostn\u00fdm vplyvom, v\u010faka \u010domu si zachov\u00e1va svoje vlastnosti a estetick\u00fd vzh\u013ead aj nieko\u013eko rokov. V\u0161etky dosky s EPDM prekryt\u00edm s\u00fa odoln\u00e9 vo\u010di UV \u017eiareniu a sp\u013a\u0148aj\u00fa v\u0161etky bezpe\u010dnostn\u00e9 normy vr\u00e1tane <\/span><strong><span>\u00a0Certifik\u00e1tu TUV.<\/span><\/strong><\/p>\n<p><strong><span>Ve\u013ekos\u0165 dosky: 500 mm x 500 mm<\/span><\/strong><\/p>\n<p><strong><span>HIC: 1,4 m<\/span><\/strong><\/p>\n<\/div>\n","protected":false},"excerpt":{"rendered":"<p><strong><span><span class=\"\">Gumov\u00e9 dla\u017edice na ihrisko s<\/span><\/span><\/strong><span><span class=\"\"> hr\u00fabkou 45 mm a p\u00e1dov\u00fdm koeficientom 1,4 m. <\/span><\/span><strong><span><span class=\"\">24 farieb EPDM<\/span><\/span><\/strong><\/p>\n<p><strong><span>Vlastnosti gumen\u00fdch dosiek FLEXIZONE:<\/span><\/strong><\/p>\n<ul>\n<li><span>vysok\u00e9 vlastnosti tlmenia n\u00e1razov &#8211; ka\u017ed\u00e1 s\u00e9ria je testovan\u00e1 v na\u0161om vlastnom laborat\u00f3riu na tlmenie a tlmenie n\u00e1razov &#8211; ZARU\u010cEN\u00dd HIC KOEFICIENT<\/span><\/li>\n<li><span>farebn\u00fd v celej \u0161trukt\u00fare (jednofarebn\u00fd) \u2013 zabra\u0148uje lodi\u010dkov\u00e9mu efektu a zvlneniu rohov dosiek<\/span><\/li>\n<li><span>odoln\u00fd vo\u010di UV \u017eiareniu &#8211;<\/span><\/li>\n<li><span>jednosmern\u00fd sp\u00f4sob sp\u00e1jania dosiek zvy\u0161uje ich stabilitu<\/span><\/li>\n<li><span>proti\u0161mykov\u00e9, mrazuvzdorn\u00e9 a vodopriepustn\u00e9<\/span><\/li>\n<li><span>ma\u0165 hygienick\u00fd preukaz N\u00e1rodn\u00e9ho hygienick\u00e9ho \u00fastavu<\/span><\/li>\n<li><span>sp\u013a\u0148aj\u00fa najnov\u0161iu normu pre detsk\u00e9 ihrisk\u00e1 PN-EN 1177:2019. \u00a0<\/span><\/li>\n<li><span>vylep\u0161en\u00e9 pre starnutie<\/span><\/li>\n<li><span>produkt vyroben\u00fd pod\u013ea schv\u00e1len\u00fdch postupov pod pr\u00edsnou kontrolou kvality T\u00dcV<\/span><\/li>\n<\/ul>\n<p><strong><span>Z\u00e1ruka: 24 mesiacov<\/span><\/strong><\/p>\n","protected":false},"featured_media":402,"comment_status":"open","ping_status":"closed","template":"","meta":{"ngg_post_thumbnail":0},"product_brand":[],"product_cat":[41,38],"product_tag":[],"class_list":{"0":"post-397","1":"product","2":"type-product","3":"status-publish","4":"has-post-thumbnail","6":"product_cat-epdm-dosky","7":"product_cat-povrchy-ihrisk","8":"post","9":"post-with-thumbnail","10":"post-with-thumbnail-large","12":"first","13":"instock","14":"taxable","15":"shipping-taxable","16":"product-type-variable","17":"has-default-attributes"},"_links":{"self":[{"href":"https:\/\/www.3dflex.sk\/web\/index.php\/wp-json\/wp\/v2\/product\/397","targetHints":{"allow":["GET"]}}],"collection":[{"href":"https:\/\/www.3dflex.sk\/web\/index.php\/wp-json\/wp\/v2\/product"}],"about":[{"href":"https:\/\/www.3dflex.sk\/web\/index.php\/wp-json\/wp\/v2\/types\/product"}],"replies":[{"embeddable":true,"href":"https:\/\/www.3dflex.sk\/web\/index.php\/wp-json\/wp\/v2\/comments?post=397"}],"version-history":[{"count":1,"href":"https:\/\/www.3dflex.sk\/web\/index.php\/wp-json\/wp\/v2\/product\/397\/revisions"}],"predecessor-version":[{"id":413,"href":"https:\/\/www.3dflex.sk\/web\/index.php\/wp-json\/wp\/v2\/product\/397\/revisions\/413"}],"wp:featuredmedia":[{"embeddable":true,"href":"https:\/\/www.3dflex.sk\/web\/index.php\/wp-json\/wp\/v2\/media\/402"}],"wp:attachment":[{"href":"https:\/\/www.3dflex.sk\/web\/index.php\/wp-json\/wp\/v2\/media?parent=397"}],"wp:term":[{"taxonomy":"product_brand","embeddable":true,"href":"https:\/\/www.3dflex.sk\/web\/index.php\/wp-json\/wp\/v2\/product_brand?post=397"},{"taxonomy":"product_cat","embeddable":true,"href":"https:\/\/www.3dflex.sk\/web\/index.php\/wp-json\/wp\/v2\/product_cat?post=397"},{"taxonomy":"product_tag","embeddable":true,"href":"https:\/\/www.3dflex.sk\/web\/index.php\/wp-json\/wp\/v2\/product_tag?post=397"}],"curies":[{"name":"wp","href":"https:\/\/api.w.org\/{rel}","templated":true}]}}