{"id":421,"date":"2024-02-17T23:58:52","date_gmt":"2024-02-17T22:58:52","guid":{"rendered":"https:\/\/www.3dflex.sk\/web\/?post_type=product&#038;p=421"},"modified":"2024-02-24T18:40:56","modified_gmt":"2024-02-24T17:40:56","slug":"gumova-doska-epdm-70-mm","status":"publish","type":"product","link":"https:\/\/www.3dflex.sk\/web\/index.php\/produkt\/gumova-doska-epdm-70-mm\/","title":{"rendered":"Gumov\u00e1 doska  EPDM 70 mm"},"content":{"rendered":"<div id=\"product-description-short-7\" class=\"description-short\">\n<p><strong><span class=\"\">Gumov\u00e1 doska EPDM Flexizone<\/span><\/strong><span class=\"\"> \u00a0, ktor\u00e1 sa pou\u017e\u00edva najm\u00e4 na\u00a0 <\/span><strong><span class=\"\">ihrisk\u00e1ch a v rekrea\u010dn\u00fdch oblastiach,<\/span><\/strong><span class=\"\"> \u00a0m\u00e1 dvojvrstvov\u00fa \u0161trukt\u00faru. <\/span>Sklad\u00e1 sa z jadra vyroben\u00e9ho z SBR gran\u00fal, ktor\u00e9 poskytuj\u00fa ve\u013emi dobr\u00e9 tlmiace vlastnosti, a vrchnej vrstvy z vysoko flexibilnej, hromadne farbenej, syntetickej EPDM gumy. Charakteristick\u00fdm znakom gumy pou\u017e\u00edvanej na v\u00fdrobu je okrem in\u00e9ho: zv\u00fd\u0161en\u00e1 odolnos\u0165 vo\u010di tzv tepeln\u00e9 starnutie.<\/p>\n<p>Materi\u00e1l EPDM je odoln\u00fd vo\u010di extr\u00e9mnym poveternostn\u00fdm vplyvom, v\u010faka \u010domu si zachov\u00e1va svoje vlastnosti a estetick\u00fd vzh\u013ead aj nieko\u013eko rokov. V\u0161etky dosky s EPDM prekryt\u00edm s\u00fa odoln\u00e9 vo\u010di UV \u017eiareniu a sp\u013a\u0148aj\u00fa v\u0161etky bezpe\u010dnostn\u00e9 normy vr\u00e1tane <strong>\u00a0Certifik\u00e1tu TUV.<\/strong><\/p>\n<p><strong>Ve\u013ekos\u0165 dosky: 500 mm x 500 mm<\/strong><\/p>\n<p><strong>HIC: 2 m<\/strong><\/p>\n<\/div>\n","protected":false},"excerpt":{"rendered":"<p><strong>Pre vonkaj\u0161ie ihrisk\u00e1 je ur\u010den\u00fd bezpe\u010dn\u00fd povrch<\/strong> z EPDM gumov\u00fdch dosiek.<\/p>\n<p><strong>Vlastnosti gumov\u00fdch platni\u010diek FLEXIZONE:<\/strong><br \/>\n\u2022 vysok\u00e1 tlmivos\u0165 n\u00e1razov &#8211; ka\u017ed\u00e1 \u0161ar\u017ea je testovan\u00e1 vo vlastnom laborat\u00f3riu na tlmenie a tlmenie n\u00e1razov &#8211; ZARU\u010cEN\u00dd HIC KOEFICIENT<br \/>\n\u2022 farben\u00e9 v celej \u0161trukt\u00fare (jednofarebn\u00e9) &#8211; zabra\u0148uje vod\u00e1ckemu efektu a kr\u010deniu rohov dosiek<br \/>\n\u2022 odoln\u00e9 vo\u010di UV \u017eiareniu &#8211; plat\u00ed pre EPDM DOSKY<br \/>\n\u2022 jednosmern\u00e9 spojenie dosiek zvy\u0161uje ich stabilitu<br \/>\n\u2022 proti\u0161mykov\u00e9, mrazuvzdorn\u00e9 a vodopriepustn\u00e9<br \/>\n\u2022 m\u00e1 hygienick\u00fd certifik\u00e1t \u0160t\u00e1tneho hygienick\u00e9ho \u00fastavu<br \/>\n\u2022 sp\u013a\u0148a najnov\u0161ia norma pre detsk\u00e9 ihrisk\u00e1 PN-EN 1177:2019.<br \/>\n\u2022 vylep\u0161en\u00fd proti starnutiu<br \/>\n\u2022 v\u00fdrobok vyroben\u00fd pod\u013ea schv\u00e1len\u00fdch postupov pod pr\u00edsnou kontrolou kvality T\u00dcV<\/p>\n<p><strong>Z\u00e1ruka: 24 mesiacov<\/strong><\/p>\n","protected":false},"featured_media":1037,"comment_status":"open","ping_status":"closed","template":"","meta":{"ngg_post_thumbnail":0},"product_brand":[],"product_cat":[41,38],"product_tag":[],"class_list":{"0":"post-421","1":"product","2":"type-product","3":"status-publish","4":"has-post-thumbnail","6":"product_cat-epdm-dosky","7":"product_cat-povrchy-ihrisk","8":"post","9":"post-with-thumbnail","10":"post-with-thumbnail-large","12":"first","13":"instock","14":"taxable","15":"shipping-taxable","16":"product-type-variable","17":"has-default-attributes"},"_links":{"self":[{"href":"https:\/\/www.3dflex.sk\/web\/index.php\/wp-json\/wp\/v2\/product\/421","targetHints":{"allow":["GET"]}}],"collection":[{"href":"https:\/\/www.3dflex.sk\/web\/index.php\/wp-json\/wp\/v2\/product"}],"about":[{"href":"https:\/\/www.3dflex.sk\/web\/index.php\/wp-json\/wp\/v2\/types\/product"}],"replies":[{"embeddable":true,"href":"https:\/\/www.3dflex.sk\/web\/index.php\/wp-json\/wp\/v2\/comments?post=421"}],"version-history":[{"count":2,"href":"https:\/\/www.3dflex.sk\/web\/index.php\/wp-json\/wp\/v2\/product\/421\/revisions"}],"predecessor-version":[{"id":1038,"href":"https:\/\/www.3dflex.sk\/web\/index.php\/wp-json\/wp\/v2\/product\/421\/revisions\/1038"}],"wp:featuredmedia":[{"embeddable":true,"href":"https:\/\/www.3dflex.sk\/web\/index.php\/wp-json\/wp\/v2\/media\/1037"}],"wp:attachment":[{"href":"https:\/\/www.3dflex.sk\/web\/index.php\/wp-json\/wp\/v2\/media?parent=421"}],"wp:term":[{"taxonomy":"product_brand","embeddable":true,"href":"https:\/\/www.3dflex.sk\/web\/index.php\/wp-json\/wp\/v2\/product_brand?post=421"},{"taxonomy":"product_cat","embeddable":true,"href":"https:\/\/www.3dflex.sk\/web\/index.php\/wp-json\/wp\/v2\/product_cat?post=421"},{"taxonomy":"product_tag","embeddable":true,"href":"https:\/\/www.3dflex.sk\/web\/index.php\/wp-json\/wp\/v2\/product_tag?post=421"}],"curies":[{"name":"wp","href":"https:\/\/api.w.org\/{rel}","templated":true}]}}