{"id":443,"date":"2024-02-18T00:19:54","date_gmt":"2024-02-17T23:19:54","guid":{"rendered":"https:\/\/www.3dflex.sk\/web\/?post_type=product&#038;p=443"},"modified":"2024-02-24T18:41:48","modified_gmt":"2024-02-24T17:41:48","slug":"gumova-doska-epdm-110-mm","status":"publish","type":"product","link":"https:\/\/www.3dflex.sk\/web\/index.php\/produkt\/gumova-doska-epdm-110-mm\/","title":{"rendered":"Gumov\u00e1 doska  EPDM 110 mm"},"content":{"rendered":"<div id=\"product-description-short-9\" class=\"description-short\">\n<p><strong><span><span class=\"\">Gumov\u00e1 doska EPDM Flexizone<\/span><\/span><\/strong><span><span class=\"\"> \u00a0, ktor\u00e1 sa pou\u017e\u00edva najm\u00e4 na\u00a0 <\/span><\/span><strong><span><span class=\"\">ihrisk\u00e1ch a v rekrea\u010dn\u00fdch oblastiach,<\/span><\/span><\/strong><span><span class=\"\"> \u00a0m\u00e1 dvojvrstvov\u00fa \u0161trukt\u00faru. <\/span>Sklad\u00e1 sa z jadra vyroben\u00e9ho z SBR gran\u00fal, ktor\u00e9 poskytuj\u00fa ve\u013emi dobr\u00e9 tlmiace vlastnosti, a vrchnej vrstvy z vysoko flexibilnej, hromadne farbenej, syntetickej EPDM gumy. Charakteristick\u00fdm znakom gumy pou\u017e\u00edvanej na v\u00fdrobu je okrem in\u00e9ho: zv\u00fd\u0161en\u00e1 odolnos\u0165 vo\u010di tzv tepeln\u00e9 starnutie.<\/span><\/p>\n<p><span>Materi\u00e1l EPDM je odoln\u00fd vo\u010di extr\u00e9mnym poveternostn\u00fdm vplyvom, v\u010faka \u010domu si zachov\u00e1va svoje vlastnosti a estetick\u00fd vzh\u013ead aj nieko\u013eko rokov. V\u0161etky dosky s EPDM prekryt\u00edm s\u00fa odoln\u00e9 vo\u010di UV \u017eiareniu a sp\u013a\u0148aj\u00fa v\u0161etky bezpe\u010dnostn\u00e9 normy vr\u00e1tane <\/span><strong><span>\u00a0Certifik\u00e1tu TUV.<\/span><\/strong><\/p>\n<p><strong><span>Ve\u013ekos\u0165 dosky: 500 mm x 500 mm<\/span><\/strong><\/p>\n<p><strong><span>HIC: 3 m<\/span><\/strong><\/p>\n<\/div>\n","protected":false},"excerpt":{"rendered":"<p><strong><span><span class=\"\">Dosky z EPDM gumy<\/span><\/span><\/strong><span><span class=\"\"> \u00a0s\u00fa v celej kon\u0161trukcii farebn\u00e9 (jednofarebn\u00e9), tak\u017ee ich \u0161trukt\u00fara je v celom priereze rovnak\u00e1. <\/span>T\u00e1to stabiliz\u00e1cia zabra\u0148uje vod\u00e1ckemu efektu a zvlneniu rohov dosiek. <\/span><br \/>\n<span> Jednosmern\u00fd sp\u00f4sob napojenia bezpe\u010dnej plochy z gumov\u00fdch dla\u017ed\u00edc FLEXIzone pre detsk\u00e9 ihrisk\u00e1 zvy\u0161uje ich stabilitu a z\u00e1rove\u0148 ur\u00fdch\u013euje proces mont\u00e1\u017ee. Mno\u017estvo \u00faprav a testov starnutia viedlo k z\u00edskaniu produktu odoln\u00e9ho vo\u010di UV \u017eiareniu.<\/span><\/p>\n<p><strong><span>Vlastnosti gumov\u00fdch platni\u010diek FLEXIZONE:<\/span><\/strong><br \/>\n<span> \u2022 vysok\u00e1 tlmivos\u0165 n\u00e1razov &#8211; ka\u017ed\u00e1 \u0161ar\u017ea je testovan\u00e1 vo vlastnom laborat\u00f3riu na tlmenie a tlmenie n\u00e1razov &#8211; ZARU\u010cEN\u00dd HIC KOEFICIENT <\/span><br \/>\n<span> \u2022 farben\u00e9 v celej \u0161trukt\u00fare (jednofarebn\u00e9) &#8211; zabra\u0148uje vod\u00e1ckemu efektu a kr\u010deniu rohov dosiek <\/span><br \/>\n<span> \u2022 odoln\u00e9 vo\u010di UV \u017eiareniu &#8211;\u00a0 <\/span><br \/>\n<span> \u2022 jednosmern\u00e9 spojenie dosiek zvy\u0161uje ich stabilitu <\/span><br \/>\n<span> \u2022 s\u00fa proti\u0161mykov\u00e9, mrazuvzdorn\u00e9 a vodopriepustn\u00e9 <\/span><br \/>\n<span> \u2022 maj\u00fa hygienick\u00fd certifik\u00e1t PZH <\/span><br \/>\n<span> \u2022 sp\u013a\u0148aj\u00fa najnov\u0161iu normu pre detsk\u00e9 ihrisk\u00e1 PN-EN 1177:2019. \u00a0<\/span><br \/>\n<span> \u2022 vylep\u0161en\u00fd proti starnutiu <\/span><br \/>\n<span> \u2022 v\u00fdrobok vyroben\u00fd pod\u013ea schv\u00e1len\u00fdch postupov pod pr\u00edsnou kontrolou kvality T\u00dcV <\/span><\/p>\n<p><strong><span>Z\u00e1ruka: 24 mesiacov<\/span><\/strong><\/p>\n","protected":false},"featured_media":408,"comment_status":"open","ping_status":"closed","template":"","meta":{"ngg_post_thumbnail":0},"product_brand":[],"product_cat":[41,38],"product_tag":[],"class_list":{"0":"post-443","1":"product","2":"type-product","3":"status-publish","4":"has-post-thumbnail","6":"product_cat-epdm-dosky","7":"product_cat-povrchy-ihrisk","8":"post","9":"post-with-thumbnail","10":"post-with-thumbnail-large","12":"first","13":"instock","14":"taxable","15":"shipping-taxable","16":"product-type-variable","17":"has-default-attributes"},"_links":{"self":[{"href":"https:\/\/www.3dflex.sk\/web\/index.php\/wp-json\/wp\/v2\/product\/443","targetHints":{"allow":["GET"]}}],"collection":[{"href":"https:\/\/www.3dflex.sk\/web\/index.php\/wp-json\/wp\/v2\/product"}],"about":[{"href":"https:\/\/www.3dflex.sk\/web\/index.php\/wp-json\/wp\/v2\/types\/product"}],"replies":[{"embeddable":true,"href":"https:\/\/www.3dflex.sk\/web\/index.php\/wp-json\/wp\/v2\/comments?post=443"}],"version-history":[{"count":1,"href":"https:\/\/www.3dflex.sk\/web\/index.php\/wp-json\/wp\/v2\/product\/443\/revisions"}],"predecessor-version":[{"id":449,"href":"https:\/\/www.3dflex.sk\/web\/index.php\/wp-json\/wp\/v2\/product\/443\/revisions\/449"}],"wp:featuredmedia":[{"embeddable":true,"href":"https:\/\/www.3dflex.sk\/web\/index.php\/wp-json\/wp\/v2\/media\/408"}],"wp:attachment":[{"href":"https:\/\/www.3dflex.sk\/web\/index.php\/wp-json\/wp\/v2\/media?parent=443"}],"wp:term":[{"taxonomy":"product_brand","embeddable":true,"href":"https:\/\/www.3dflex.sk\/web\/index.php\/wp-json\/wp\/v2\/product_brand?post=443"},{"taxonomy":"product_cat","embeddable":true,"href":"https:\/\/www.3dflex.sk\/web\/index.php\/wp-json\/wp\/v2\/product_cat?post=443"},{"taxonomy":"product_tag","embeddable":true,"href":"https:\/\/www.3dflex.sk\/web\/index.php\/wp-json\/wp\/v2\/product_tag?post=443"}],"curies":[{"name":"wp","href":"https:\/\/api.w.org\/{rel}","templated":true}]}}