{"id":491,"date":"2024-02-18T12:33:06","date_gmt":"2024-02-18T11:33:06","guid":{"rendered":"https:\/\/www.3dflex.sk\/web\/?post_type=product&#038;p=491"},"modified":"2025-01-08T17:52:02","modified_gmt":"2025-01-08T16:52:02","slug":"hypertroficka-podlozka-na-ihrisko-23-mm","status":"publish","type":"product","link":"https:\/\/www.3dflex.sk\/web\/index.php\/produkt\/hypertroficka-podlozka-na-ihrisko-23-mm\/","title":{"rendered":"Hypertrofick\u00e1 podlo\u017eka na ihrisko 22 mm"},"content":{"rendered":"<p>Roho\u017e na prerastanie m\u00e1 hygienick\u00fd atest a atest HIC do 3,0 m.<\/p>\n<p>Cena je za kus. Minim\u00e1lna objedn\u00e1vka je 15 m2, t.j. 10 kusov hypertrofickej roho\u017ee.<\/p>\n<p>&nbsp;<\/p>\n<p><strong>Rozmery roho\u017ee: 1000 mm x 1500 mm<\/strong><\/p>\n<p><strong>Hr\u00fabka: 22 mm<\/strong><\/p>\n<p><strong>Hmotnos\u0165: 11 kg<\/strong><\/p>\n","protected":false},"excerpt":{"rendered":"<p><b>Gumov\u00e1 hypertrofick\u00e1 podlo\u017eka je ur\u010den\u00e1 pre:<\/b><\/p>\n<ul>\n<li>vonkaj\u0161ie ihrisk\u00e1<\/li>\n<li>rekrea\u010dn\u00e9 oblasti&nbsp;<\/li>\n<li>vonkaj\u0161ie telocvi\u010dne<\/li>\n<\/ul>\n<p>&nbsp;<\/p>\n<p><b>Vyzna\u010duje sa okrem in\u00e9ho vysok\u00fdmi vlastnos\u0165ami tlmenia n\u00e1razov, odolnos\u0165ou vo\u010di UV \u017eiareniu a vysokou bezpe\u010dnos\u0165ou pou\u017e\u00edvania.&nbsp;<\/b><\/p>\n<p><strong>Z\u00e1ruka: 24 mesiacov<\/strong><\/p>\n","protected":false},"featured_media":492,"comment_status":"open","ping_status":"closed","template":"","meta":{"ngg_post_thumbnail":0},"product_brand":[],"product_cat":[42,38],"product_tag":[],"class_list":{"0":"post-491","1":"product","2":"type-product","3":"status-publish","4":"has-post-thumbnail","6":"product_cat-hypertroficke-rohoze","7":"product_cat-povrchy-ihrisk","8":"post","9":"post-with-thumbnail","10":"post-with-thumbnail-large","12":"first","13":"instock","14":"taxable","15":"shipping-taxable","16":"purchasable","17":"product-type-simple"},"_links":{"self":[{"href":"https:\/\/www.3dflex.sk\/web\/index.php\/wp-json\/wp\/v2\/product\/491","targetHints":{"allow":["GET"]}}],"collection":[{"href":"https:\/\/www.3dflex.sk\/web\/index.php\/wp-json\/wp\/v2\/product"}],"about":[{"href":"https:\/\/www.3dflex.sk\/web\/index.php\/wp-json\/wp\/v2\/types\/product"}],"replies":[{"embeddable":true,"href":"https:\/\/www.3dflex.sk\/web\/index.php\/wp-json\/wp\/v2\/comments?post=491"}],"version-history":[{"count":4,"href":"https:\/\/www.3dflex.sk\/web\/index.php\/wp-json\/wp\/v2\/product\/491\/revisions"}],"predecessor-version":[{"id":1486,"href":"https:\/\/www.3dflex.sk\/web\/index.php\/wp-json\/wp\/v2\/product\/491\/revisions\/1486"}],"wp:featuredmedia":[{"embeddable":true,"href":"https:\/\/www.3dflex.sk\/web\/index.php\/wp-json\/wp\/v2\/media\/492"}],"wp:attachment":[{"href":"https:\/\/www.3dflex.sk\/web\/index.php\/wp-json\/wp\/v2\/media?parent=491"}],"wp:term":[{"taxonomy":"product_brand","embeddable":true,"href":"https:\/\/www.3dflex.sk\/web\/index.php\/wp-json\/wp\/v2\/product_brand?post=491"},{"taxonomy":"product_cat","embeddable":true,"href":"https:\/\/www.3dflex.sk\/web\/index.php\/wp-json\/wp\/v2\/product_cat?post=491"},{"taxonomy":"product_tag","embeddable":true,"href":"https:\/\/www.3dflex.sk\/web\/index.php\/wp-json\/wp\/v2\/product_tag?post=491"}],"curies":[{"name":"wp","href":"https:\/\/api.w.org\/{rel}","templated":true}]}}