{"id":526,"date":"2024-02-18T12:53:28","date_gmt":"2024-02-18T11:53:28","guid":{"rendered":"https:\/\/www.3dflex.sk\/web\/?post_type=product&#038;p=526"},"modified":"2025-01-08T18:42:25","modified_gmt":"2025-01-08T17:42:25","slug":"sbr-gumove-lemovanie-80mm","status":"publish","type":"product","link":"https:\/\/www.3dflex.sk\/web\/index.php\/produkt\/sbr-gumove-lemovanie-80mm\/","title":{"rendered":"SBR gumov\u00e9 lemovanie 80mm"},"content":{"rendered":"<p>Pru\u017en\u00e9 a z\u00e1rove\u0148 vystu\u017een\u00e9 gumov\u00e9 lemovanie SBR Flexizone sa vyr\u00e1ba v 4 farb\u00e1ch.<\/p>\n<p>S\u00fa ide\u00e1lnym doplnkom k bezpe\u010dn\u00e9mu povrchu ihr\u00edsk a rekrea\u010dn\u00fdch pl\u00f4ch.<\/p>\n<p>&nbsp;<\/p>\n<p><strong>Rozmery obruby: 1000 mm x 250 mm x 80 mm<\/strong><\/p>\n","protected":false},"excerpt":{"rendered":"<div id=\"description\" class=\"tab-pane fade in active\" role=\"tabpanel\">\n<div class=\"product-description\">\n<p><b><span class=\"\">Pru\u017en\u00e9 gumov\u00e9 lemovanie je ur\u010den\u00e9 pre:<\/span><\/b><\/p>\n<ul>\n<li>hranice z\u00f3ny ihriska,<\/li>\n<li>viac\u00fa\u010delov\u00e9 \u0161portov\u00e9 ihrisk\u00e1,<\/li>\n<li>ihrisk\u00e1 na pl\u00e1\u017eov\u00fd volejbal.<\/li>\n<\/ul>\n<p><b>Vlastnosti gumov\u00fdch lemov FLEXIZONE:<\/b><\/p>\n<ul>\n<li>Maj\u00fa vlastnosti tlmiace n\u00e1razy<\/li>\n<li>proti\u0161mykov\u00e9, mrazuvzdorn\u00e9 a vodopriepustn\u00e9<\/li>\n<li>ma\u0165 hygienick\u00fd preukaz N\u00e1rodn\u00e9ho hygienick\u00e9ho \u00fastavu<\/li>\n<li>sp\u013a\u0148aj\u00fa najnov\u0161iu normu pre detsk\u00e9 ihrisk\u00e1 PN-EN 1177:2019<\/li>\n<li>dvojit\u00e9 skosenie, zosilnen\u00e1 kon\u0161trukcia zvy\u0161uje odolnos\u0165 proti mechanick\u00e9mu po\u0161kodeniu.<\/li>\n<li>Dr\u00e1\u017ekovan\u00e9 v\u00fdstupky na oboch stran\u00e1ch zlep\u0161uj\u00fa stabilitu ukotvenia v zemi.<\/li>\n<li>produkt vyroben\u00fd pod\u013ea schv\u00e1len\u00fdch postupov pod pr\u00edsnou kontrolou kvality T\u00dcV<\/li>\n<\/ul>\n<p><strong>Z\u00e1ruka: 24 mesiacov<\/strong><\/p>\n<\/div>\n<\/div>\n","protected":false},"featured_media":502,"comment_status":"open","ping_status":"closed","template":"","meta":{"ngg_post_thumbnail":0},"product_brand":[],"product_cat":[43],"product_tag":[],"class_list":{"0":"post-526","1":"product","2":"type-product","3":"status-publish","4":"has-post-thumbnail","6":"product_cat-gumove-lemovanie","7":"post","8":"post-with-thumbnail","9":"post-with-thumbnail-large","11":"first","12":"instock","13":"taxable","14":"shipping-taxable","15":"purchasable","16":"product-type-variable","17":"has-default-attributes"},"_links":{"self":[{"href":"https:\/\/www.3dflex.sk\/web\/index.php\/wp-json\/wp\/v2\/product\/526","targetHints":{"allow":["GET"]}}],"collection":[{"href":"https:\/\/www.3dflex.sk\/web\/index.php\/wp-json\/wp\/v2\/product"}],"about":[{"href":"https:\/\/www.3dflex.sk\/web\/index.php\/wp-json\/wp\/v2\/types\/product"}],"replies":[{"embeddable":true,"href":"https:\/\/www.3dflex.sk\/web\/index.php\/wp-json\/wp\/v2\/comments?post=526"}],"version-history":[{"count":1,"href":"https:\/\/www.3dflex.sk\/web\/index.php\/wp-json\/wp\/v2\/product\/526\/revisions"}],"predecessor-version":[{"id":531,"href":"https:\/\/www.3dflex.sk\/web\/index.php\/wp-json\/wp\/v2\/product\/526\/revisions\/531"}],"wp:featuredmedia":[{"embeddable":true,"href":"https:\/\/www.3dflex.sk\/web\/index.php\/wp-json\/wp\/v2\/media\/502"}],"wp:attachment":[{"href":"https:\/\/www.3dflex.sk\/web\/index.php\/wp-json\/wp\/v2\/media?parent=526"}],"wp:term":[{"taxonomy":"product_brand","embeddable":true,"href":"https:\/\/www.3dflex.sk\/web\/index.php\/wp-json\/wp\/v2\/product_brand?post=526"},{"taxonomy":"product_cat","embeddable":true,"href":"https:\/\/www.3dflex.sk\/web\/index.php\/wp-json\/wp\/v2\/product_cat?post=526"},{"taxonomy":"product_tag","embeddable":true,"href":"https:\/\/www.3dflex.sk\/web\/index.php\/wp-json\/wp\/v2\/product_tag?post=526"}],"curies":[{"name":"wp","href":"https:\/\/api.w.org\/{rel}","templated":true}]}}