{"id":600,"date":"2024-02-18T21:27:54","date_gmt":"2024-02-18T20:27:54","guid":{"rendered":"https:\/\/www.3dflex.sk\/web\/?post_type=product&#038;p=600"},"modified":"2024-02-24T18:36:03","modified_gmt":"2024-02-24T17:36:03","slug":"protismykova-gumova-doska-35-mm","status":"publish","type":"product","link":"https:\/\/www.3dflex.sk\/web\/index.php\/produkt\/protismykova-gumova-doska-35-mm\/","title":{"rendered":"Proti\u0161mykov\u00e1 gumov\u00e1 doska 35 mm"},"content":{"rendered":"<div id=\"product-description-short-14\" class=\"description-short\">\n<p><b><span class=\"\">Proti\u0161mykov\u00e1, protiples\u0148ov\u00e1, antibakteri\u00e1lna gumen\u00e1 doska na baz\u00e9n.\u00a0<\/span><\/b><\/p>\n<p><b>Ve\u013ekos\u0165 dosky: 500 mm x 500 mm<\/b><\/p>\n<p><b>HIC: 1,1 m<\/b><\/p>\n<\/div>\n","protected":false},"excerpt":{"rendered":"<p><strong>Baz\u00e9nov\u00e1 gumov\u00e1 plat\u0148a s hr\u00fabkou 35 mm a p\u00e1dov\u00fdm faktorom 1,1 m je ur\u010den\u00e1 pre<\/strong><\/p>\n<ul>\n<li>baz\u00e9nov\u00e9 priestory<\/li>\n<li>hracie k\u00fatiky pri baz\u00e9noch<\/li>\n<li>sprchy<\/li>\n<\/ul>\n<p>&nbsp;<\/p>\n<p><strong>Vlastnosti gumov\u00fdch dla\u017ed\u00edc pre baz\u00e9n Poolzone:<\/strong><\/p>\n<ul>\n<li>m\u00e1 certifik\u00e1t spoma\u013eovania horenia<\/li>\n<li>hygienick\u00fd preukaz PZH<\/li>\n<li>proti\u0161mykov\u00e9, mrazuvzdorn\u00e9, vodopriepustn\u00e9<\/li>\n<li>vylep\u0161en\u00e9 pre starnutie<\/li>\n<li>odoln\u00fd vo\u010di UV \u017eiareniu<\/li>\n<li>garantovan\u00e1 HIC nad 1,1 m<\/li>\n<li>Schv\u00e1lenie TUV<\/li>\n<\/ul>\n<p><strong>Z\u00e1ruka: 24 mesiacov<\/strong><\/p>\n","protected":false},"featured_media":601,"comment_status":"open","ping_status":"closed","template":"","meta":{"ngg_post_thumbnail":0},"product_brand":[],"product_cat":[49],"product_tag":[],"class_list":{"0":"post-600","1":"product","2":"type-product","3":"status-publish","4":"has-post-thumbnail","6":"product_cat-gumove-dlazdice-pre-bazeny","7":"post","8":"post-with-thumbnail","9":"post-with-thumbnail-large","11":"first","12":"instock","13":"taxable","14":"shipping-taxable","15":"product-type-variable"},"_links":{"self":[{"href":"https:\/\/www.3dflex.sk\/web\/index.php\/wp-json\/wp\/v2\/product\/600","targetHints":{"allow":["GET"]}}],"collection":[{"href":"https:\/\/www.3dflex.sk\/web\/index.php\/wp-json\/wp\/v2\/product"}],"about":[{"href":"https:\/\/www.3dflex.sk\/web\/index.php\/wp-json\/wp\/v2\/types\/product"}],"replies":[{"embeddable":true,"href":"https:\/\/www.3dflex.sk\/web\/index.php\/wp-json\/wp\/v2\/comments?post=600"}],"version-history":[{"count":2,"href":"https:\/\/www.3dflex.sk\/web\/index.php\/wp-json\/wp\/v2\/product\/600\/revisions"}],"predecessor-version":[{"id":603,"href":"https:\/\/www.3dflex.sk\/web\/index.php\/wp-json\/wp\/v2\/product\/600\/revisions\/603"}],"wp:featuredmedia":[{"embeddable":true,"href":"https:\/\/www.3dflex.sk\/web\/index.php\/wp-json\/wp\/v2\/media\/601"}],"wp:attachment":[{"href":"https:\/\/www.3dflex.sk\/web\/index.php\/wp-json\/wp\/v2\/media?parent=600"}],"wp:term":[{"taxonomy":"product_brand","embeddable":true,"href":"https:\/\/www.3dflex.sk\/web\/index.php\/wp-json\/wp\/v2\/product_brand?post=600"},{"taxonomy":"product_cat","embeddable":true,"href":"https:\/\/www.3dflex.sk\/web\/index.php\/wp-json\/wp\/v2\/product_cat?post=600"},{"taxonomy":"product_tag","embeddable":true,"href":"https:\/\/www.3dflex.sk\/web\/index.php\/wp-json\/wp\/v2\/product_tag?post=600"}],"curies":[{"name":"wp","href":"https:\/\/api.w.org\/{rel}","templated":true}]}}