{"id":607,"date":"2024-02-19T11:20:25","date_gmt":"2024-02-19T10:20:25","guid":{"rendered":"https:\/\/www.3dflex.sk\/web\/?post_type=product&#038;p=607"},"modified":"2024-02-24T18:34:25","modified_gmt":"2024-02-24T17:34:25","slug":"rampa-gumovy-najazd-50-mm","status":"publish","type":"product","link":"https:\/\/www.3dflex.sk\/web\/index.php\/produkt\/rampa-gumovy-najazd-50-mm\/","title":{"rendered":"Rampa gumov\u00fd n\u00e1jazd 50 mm"},"content":{"rendered":"<p class=\"Textbody\"><strong><span>Gumov\u00e9 n\u00e1jazdy<\/span><\/strong><span>, vystu\u017een\u00e9 a nek\u013azav\u00e9 s mo\u017enos\u0165ou ukotvenia na asfalt a bet\u00f3n.<\/span><\/p>\n<p class=\"Textbody\"><span>Dia\u013eni\u010dn\u00e9 rampy prich\u00e1dzaj\u00fa v r\u00f4znych v\u00fd\u0161kach od 5 do 10 cm.<\/span><\/p>\n","protected":false},"excerpt":{"rendered":"<p><b><span>VLASTNOSTI MATERI\u00c1LU:<\/span><\/b><\/p>\n<ul>\n<li><span lang=\"en-us\" xml:lang=\"en-us\"><span>vysok\u00e1 tvrdos\u0165<\/span><\/span><\/li>\n<li><span lang=\"en-us\" xml:lang=\"en-us\"><span>vysok\u00e1 hustota<\/span><\/span><\/li>\n<li><span lang=\"en-us\" xml:lang=\"en-us\"><span>Po\u017eiarna odolnos\u0165: trieda spoma\u013eovania horenia Cfl-s1 pod\u013ea EN 13501 (volite\u013en\u00e9)<\/span><\/span><\/li>\n<li><span lang=\"en-us\" xml:lang=\"en-us\"><span>Odolnos\u0165 proti rozbitiu pri n\u00edzkych teplot\u00e1ch &#8211; 40\u00a0<\/span><\/span><span lang=\"en-us\" xml:lang=\"en-us\"><span>\u00ba\u00a0<\/span><\/span><span lang=\"en-us\" xml:lang=\"en-us\"><span>C \/ 24 h &#8211; bez poru\u0161enia<\/span><\/span><\/li>\n<li><span lang=\"en-us\" xml:lang=\"en-us\"><span>Odolnos\u0165 proti vtla\u010deniu v s\u00falade s BS7188 &#8211; po 15 min\u00fatach aj 90 sekund\u00e1ch sa vzorky vr\u00e1tia do p\u00f4vodn\u00e9ho tvaru v s\u00falade s normou BS7188<\/span><\/span><\/li>\n<\/ul>\n<p>&nbsp;<\/p>\n<p class=\"Standard\"><b><span lang=\"en-us\" xml:lang=\"en-us\"><span>ROZMERY V Z\u00c1VISLOSTI OD VERZIE:<\/span><\/span><\/b><\/p>\n<ul>\n<li><span lang=\"en-us\" xml:lang=\"en-us\"><span>d\u013a\u017eka: 1000 mm \/ 500 mm \/ 250 mm\u00a0<\/span><\/span><span lang=\"en-us\" xml:lang=\"en-us\"><span>tolerancia \u00b1 2%<\/span><\/span><\/li>\n<li><span lang=\"en-us\" xml:lang=\"en-us\"><span>\u0161\u00edrka: 250 mm\u00a0<\/span><\/span><span><span lang=\"en-us\" xml:lang=\"en-us\">tolerancia \u00b1 2%<\/span><\/span><\/li>\n<li><span lang=\"en-us\" xml:lang=\"en-us\"><span>v\u00fd\u0161ka: 50 mm \/ 60 mm \/ 80 mm \/ 100 mm\u00a0<\/span><\/span><span><span lang=\"en-us\" xml:lang=\"en-us\">tolerancia \u00b1 5 mm<\/span><\/span><\/li>\n<li><span lang=\"en-us\" xml:lang=\"en-us\"><span>spodok rampy \u2013 rovn\u00fd<\/span><\/span><\/li>\n<li><span lang=\"en-us\" xml:lang=\"en-us\"><span>kotvenie do zeme \u2013 pomocou 4 kotiev<\/span><\/span><\/li>\n<\/ul>\n<p>&nbsp;<\/p>\n<p class=\"Textbody\"><b><span>SCHV\u00c1LENIE:<\/span><\/b><\/p>\n<ul>\n<li><span>Produkt PZH vyroben\u00fd z materi\u00e1lov bezpe\u010dn\u00fdch pri kontakte s poko\u017ekou<\/span><\/li>\n<li><span lang=\"en-us\" xml:lang=\"en-us\"><span>trieda spoma\u013eovania horenia pre vn\u00fatorn\u00e9 pou\u017eitie: Cfl-s1 alebo Bfl-s1 (volite\u013en\u00e9)<\/span><\/span><\/li>\n<\/ul>\n<p>&nbsp;<\/p>\n<p class=\"Textbody\"><b><span lang=\"en-us\" xml:lang=\"en-us\"><span>APLIK\u00c1CIA:<\/span><\/span><\/b><\/p>\n<ul>\n<li><span lang=\"en-us\" xml:lang=\"en-us\"><span>osobn\u00e9 a n\u00e1kladn\u00e9 aut\u00e1<\/span><\/span><\/li>\n<li><span lang=\"en-us\" xml:lang=\"en-us\"><span>vysokozdvi\u017en\u00e9 voz\u00edky, invalidn\u00e9 voz\u00edky<\/span><\/span><\/li>\n<li><span lang=\"en-us\" xml:lang=\"en-us\"><span>obrubn\u00edkov\u00e9 rampy<\/span><\/span><\/li>\n<li><span lang=\"en-us\" xml:lang=\"en-us\"><span>n\u00e1razn\u00edky na parkovisk\u00e1ch<\/span><\/span><\/li>\n<\/ul>\n<p><strong><span>Z\u00e1ruka: 24 mesiacov<\/span><\/strong><\/p>\n","protected":false},"featured_media":616,"comment_status":"open","ping_status":"closed","template":"","meta":{"ngg_post_thumbnail":0},"product_brand":[],"product_cat":[50],"product_tag":[],"class_list":{"0":"post-607","1":"product","2":"type-product","3":"status-publish","4":"has-post-thumbnail","6":"product_cat-gumove-najazdy","7":"post","8":"post-with-thumbnail","9":"post-with-thumbnail-large","11":"first","12":"instock","13":"taxable","14":"shipping-taxable","15":"product-type-variable","16":"has-default-attributes"},"_links":{"self":[{"href":"https:\/\/www.3dflex.sk\/web\/index.php\/wp-json\/wp\/v2\/product\/607","targetHints":{"allow":["GET"]}}],"collection":[{"href":"https:\/\/www.3dflex.sk\/web\/index.php\/wp-json\/wp\/v2\/product"}],"about":[{"href":"https:\/\/www.3dflex.sk\/web\/index.php\/wp-json\/wp\/v2\/types\/product"}],"replies":[{"embeddable":true,"href":"https:\/\/www.3dflex.sk\/web\/index.php\/wp-json\/wp\/v2\/comments?post=607"}],"version-history":[{"count":1,"href":"https:\/\/www.3dflex.sk\/web\/index.php\/wp-json\/wp\/v2\/product\/607\/revisions"}],"predecessor-version":[{"id":620,"href":"https:\/\/www.3dflex.sk\/web\/index.php\/wp-json\/wp\/v2\/product\/607\/revisions\/620"}],"wp:featuredmedia":[{"embeddable":true,"href":"https:\/\/www.3dflex.sk\/web\/index.php\/wp-json\/wp\/v2\/media\/616"}],"wp:attachment":[{"href":"https:\/\/www.3dflex.sk\/web\/index.php\/wp-json\/wp\/v2\/media?parent=607"}],"wp:term":[{"taxonomy":"product_brand","embeddable":true,"href":"https:\/\/www.3dflex.sk\/web\/index.php\/wp-json\/wp\/v2\/product_brand?post=607"},{"taxonomy":"product_cat","embeddable":true,"href":"https:\/\/www.3dflex.sk\/web\/index.php\/wp-json\/wp\/v2\/product_cat?post=607"},{"taxonomy":"product_tag","embeddable":true,"href":"https:\/\/www.3dflex.sk\/web\/index.php\/wp-json\/wp\/v2\/product_tag?post=607"}],"curies":[{"name":"wp","href":"https:\/\/api.w.org\/{rel}","templated":true}]}}