{"id":659,"date":"2024-02-19T12:07:31","date_gmt":"2024-02-19T11:07:31","guid":{"rendered":"https:\/\/www.3dflex.sk\/web\/?post_type=product&#038;p=659"},"modified":"2024-02-24T18:32:34","modified_gmt":"2024-02-24T17:32:34","slug":"sbr-gumova-platna-na-balkon-20-mm","status":"publish","type":"product","link":"https:\/\/www.3dflex.sk\/web\/index.php\/produkt\/sbr-gumova-platna-na-balkon-20-mm\/","title":{"rendered":"SBR gumov\u00e1 plat\u0148a na balk\u00f3n 20 mm"},"content":{"rendered":"<p>S\u00e9ria gumov\u00fdch terasov\u00fdch dla\u017ed\u00edc DECKzone, vyzna\u010duj\u00faca sa mrazuvzdornos\u0165ou, vodopriepustnos\u0165ou a proti\u0161mykov\u00fdmi vlastnos\u0165ami.<\/p>\n<p>Sp\u00f4sob in\u0161tal\u00e1cie &#8211; lepen\u00e9 na podklad.<\/p>\n<p>Bezpe\u010dn\u00fd povrch pre cel\u00fa rodinu.<\/p>\n<p>&nbsp;<\/p>\n<p><strong>Ve\u013ekos\u0165 dosky: 500 mm x 500 mm<\/strong><\/p>\n<p><strong>Hr\u00fabka: 20 mm<\/strong><\/p>\n","protected":false},"excerpt":{"rendered":"<p><strong>Gumen\u00e1 doska s hr\u00fabkou 20 mm je ur\u010den\u00e1 na vonkaj\u0161ie pou\u017eitie.\u00a0<\/strong><\/p>\n<p><b>Vlastnosti gumov\u00fdch terasov\u00fdch dla\u017ed\u00edc DECKZONE:<\/b><\/p>\n<ul>\n<li>mrazuvzdorn\u00fd, vodopriepustn\u00fd a proti\u0161mykov\u00fd v\u00fdrobok,<\/li>\n<li><span><span class=\"\">vylep\u0161en\u00fd proti starnutiu <\/span><\/span><\/li>\n<li>stabilizovan\u00fd a odoln\u00fd vo\u010di UV \u017eiareniu<\/li>\n<li>bezpe\u010dn\u00fd pri kontakte s poko\u017ekou \u2013 certifik\u00e1t PZH<\/li>\n<li>certifik\u00e1t nehor\u013eavosti &#8211; NEHOR\u013dAV\u00c9 prevedenie dosiek spoma\u013euj\u00facich horenie<\/li>\n<li>ka\u017ed\u00e1 \u0161ar\u017ea testovan\u00e1 v na\u0161om vlastnom laborat\u00f3riu na tlmenie n\u00e1razov &#8211; umo\u017e\u0148uje pou\u017eitie ako hracia z\u00f3na pre deti<\/li>\n<li>produkt vyroben\u00fd pod\u013ea schv\u00e1len\u00fdch postupov pod pr\u00edsnou kontrolou kvality T\u00dcV<\/li>\n<li>Doplnkov\u00e9 prvky, ktor\u00e9 obohatia ihrisko<\/li>\n<\/ul>\n<p><strong>Z\u00e1ruka: 24 mesiacov<\/strong><\/p>\n","protected":false},"featured_media":664,"comment_status":"open","ping_status":"closed","template":"","meta":{"ngg_post_thumbnail":0},"product_brand":[],"product_cat":[51],"product_tag":[],"class_list":{"0":"post-659","1":"product","2":"type-product","3":"status-publish","4":"has-post-thumbnail","6":"product_cat-lepene-gumove-dosky","7":"post","8":"post-with-thumbnail","9":"post-with-thumbnail-large","11":"first","12":"instock","13":"taxable","14":"shipping-taxable","15":"product-type-variable"},"_links":{"self":[{"href":"https:\/\/www.3dflex.sk\/web\/index.php\/wp-json\/wp\/v2\/product\/659","targetHints":{"allow":["GET"]}}],"collection":[{"href":"https:\/\/www.3dflex.sk\/web\/index.php\/wp-json\/wp\/v2\/product"}],"about":[{"href":"https:\/\/www.3dflex.sk\/web\/index.php\/wp-json\/wp\/v2\/types\/product"}],"replies":[{"embeddable":true,"href":"https:\/\/www.3dflex.sk\/web\/index.php\/wp-json\/wp\/v2\/comments?post=659"}],"version-history":[{"count":3,"href":"https:\/\/www.3dflex.sk\/web\/index.php\/wp-json\/wp\/v2\/product\/659\/revisions"}],"predecessor-version":[{"id":1096,"href":"https:\/\/www.3dflex.sk\/web\/index.php\/wp-json\/wp\/v2\/product\/659\/revisions\/1096"}],"wp:featuredmedia":[{"embeddable":true,"href":"https:\/\/www.3dflex.sk\/web\/index.php\/wp-json\/wp\/v2\/media\/664"}],"wp:attachment":[{"href":"https:\/\/www.3dflex.sk\/web\/index.php\/wp-json\/wp\/v2\/media?parent=659"}],"wp:term":[{"taxonomy":"product_brand","embeddable":true,"href":"https:\/\/www.3dflex.sk\/web\/index.php\/wp-json\/wp\/v2\/product_brand?post=659"},{"taxonomy":"product_cat","embeddable":true,"href":"https:\/\/www.3dflex.sk\/web\/index.php\/wp-json\/wp\/v2\/product_cat?post=659"},{"taxonomy":"product_tag","embeddable":true,"href":"https:\/\/www.3dflex.sk\/web\/index.php\/wp-json\/wp\/v2\/product_tag?post=659"}],"curies":[{"name":"wp","href":"https:\/\/api.w.org\/{rel}","templated":true}]}}