{"id":670,"date":"2024-02-19T12:09:46","date_gmt":"2024-02-19T11:09:46","guid":{"rendered":"https:\/\/www.3dflex.sk\/web\/?post_type=product&#038;p=670"},"modified":"2025-01-08T18:33:17","modified_gmt":"2025-01-08T17:33:17","slug":"gumovy-terasovy-tanier-sbr-20-mm","status":"publish","type":"product","link":"https:\/\/www.3dflex.sk\/web\/index.php\/produkt\/gumovy-terasovy-tanier-sbr-20-mm\/","title":{"rendered":"Gumov\u00fd terasov\u00fd tanier SBR 20 mm"},"content":{"rendered":"<p><b>SBR gumov\u00e1 doska (roho\u017e) na terasu s\u00a0<\/b><b>proti\u0161mykov\u00fdmi, mrazuvzdorn\u00fdmi a vodopriepustn\u00fdmi vlastnos\u0165ami.\u00a0<\/b><\/p>\n<p>Sp\u00f4sob in\u0161tal\u00e1cie &#8211; lepen\u00e9 na podklad.<\/p>\n<p><b>Rozmery dosky: 1000 mm x 1000 mm<\/b><\/p>\n<p><b>Hr\u00fabka: 20 mm<\/b><\/p>\n","protected":false},"excerpt":{"rendered":"<p><strong>Gumov\u00e1 terasov\u00e1 doska (roho\u017e) 20 mm je ur\u010den\u00e1 do vonkaj\u0161\u00edch priestorov.\u00a0<\/strong><\/p>\n<ul>\n<li>terasy<\/li>\n<li>balk\u00f3ny<\/li>\n<\/ul>\n<p><strong>Vlastnosti terasov\u00fdch dosiek DECKZONE:<\/strong><\/p>\n<ul>\n<li>mrazuvzdorn\u00fd, vodopriepustn\u00fd a proti\u0161mykov\u00fd v\u00fdrobok,<\/li>\n<li><span><span class=\"\">vylep\u0161en\u00fd proti starnutiu <\/span><\/span><\/li>\n<li>stabilizovan\u00fd a odoln\u00fd vo\u010di UV \u017eiareniu<\/li>\n<li>bezpe\u010dn\u00fd pri kontakte s poko\u017ekou \u2013 certifik\u00e1t PZH<\/li>\n<li>certifik\u00e1t nehor\u013eavosti &#8211; NEHOR\u013dAV\u00c9 prevedenie dosiek spoma\u013euj\u00facich horenie<\/li>\n<li>ka\u017ed\u00e1 \u0161ar\u017ea testovan\u00e1 v na\u0161om vlastnom laborat\u00f3riu na tlmenie n\u00e1razov &#8211; umo\u017e\u0148uje pou\u017eitie ako hracia z\u00f3na pre deti<\/li>\n<li>produkt vyroben\u00fd pod\u013ea schv\u00e1len\u00fdch postupov pod pr\u00edsnou kontrolou kvality T\u00dcV<\/li>\n<\/ul>\n<p><strong>Z\u00e1ruka: 24 mesiacov<\/strong><\/p>\n","protected":false},"featured_media":667,"comment_status":"open","ping_status":"closed","template":"","meta":{"ngg_post_thumbnail":0},"product_brand":[],"product_cat":[51],"product_tag":[],"class_list":{"0":"post-670","1":"product","2":"type-product","3":"status-publish","4":"has-post-thumbnail","6":"product_cat-lepene-gumove-dosky","7":"post","8":"post-with-thumbnail","9":"post-with-thumbnail-large","11":"first","12":"instock","13":"taxable","14":"shipping-taxable","15":"purchasable","16":"product-type-variable","17":"has-default-attributes"},"_links":{"self":[{"href":"https:\/\/www.3dflex.sk\/web\/index.php\/wp-json\/wp\/v2\/product\/670","targetHints":{"allow":["GET"]}}],"collection":[{"href":"https:\/\/www.3dflex.sk\/web\/index.php\/wp-json\/wp\/v2\/product"}],"about":[{"href":"https:\/\/www.3dflex.sk\/web\/index.php\/wp-json\/wp\/v2\/types\/product"}],"replies":[{"embeddable":true,"href":"https:\/\/www.3dflex.sk\/web\/index.php\/wp-json\/wp\/v2\/comments?post=670"}],"version-history":[{"count":3,"href":"https:\/\/www.3dflex.sk\/web\/index.php\/wp-json\/wp\/v2\/product\/670\/revisions"}],"predecessor-version":[{"id":1488,"href":"https:\/\/www.3dflex.sk\/web\/index.php\/wp-json\/wp\/v2\/product\/670\/revisions\/1488"}],"wp:featuredmedia":[{"embeddable":true,"href":"https:\/\/www.3dflex.sk\/web\/index.php\/wp-json\/wp\/v2\/media\/667"}],"wp:attachment":[{"href":"https:\/\/www.3dflex.sk\/web\/index.php\/wp-json\/wp\/v2\/media?parent=670"}],"wp:term":[{"taxonomy":"product_brand","embeddable":true,"href":"https:\/\/www.3dflex.sk\/web\/index.php\/wp-json\/wp\/v2\/product_brand?post=670"},{"taxonomy":"product_cat","embeddable":true,"href":"https:\/\/www.3dflex.sk\/web\/index.php\/wp-json\/wp\/v2\/product_cat?post=670"},{"taxonomy":"product_tag","embeddable":true,"href":"https:\/\/www.3dflex.sk\/web\/index.php\/wp-json\/wp\/v2\/product_tag?post=670"}],"curies":[{"name":"wp","href":"https:\/\/api.w.org\/{rel}","templated":true}]}}