{"id":679,"date":"2024-02-19T12:21:56","date_gmt":"2024-02-19T11:21:56","guid":{"rendered":"https:\/\/www.3dflex.sk\/web\/?post_type=product&#038;p=679"},"modified":"2025-01-08T18:34:29","modified_gmt":"2025-01-08T17:34:29","slug":"sbr-gumova-platna-na-terasu-30-mm","status":"publish","type":"product","link":"https:\/\/www.3dflex.sk\/web\/index.php\/produkt\/sbr-gumova-platna-na-terasu-30-mm\/","title":{"rendered":"SBR gumov\u00e1 plat\u0148a na terasu 30 mm"},"content":{"rendered":"<p><strong>Gumen\u00e1 doska SBR<\/strong><\/p>\n<p>Sp\u00f4sob mont\u00e1\u017ee pomocou hmo\u017ediniek. Vodopriepustn\u00e1, mrazuvzdorn\u00e1, proti\u0161mykov\u00e1\u00a0<b>.<\/b><\/p>\n<p>Povrch ur\u010den\u00fd na terasy a balk\u00f3ny.<\/p>\n<p>&nbsp;<\/p>\n<p><b>Ve\u013ekos\u0165 dosky: 500 mm x 500 mm<\/b><\/p>\n<p><b>Hr\u00fabka: 30 mm<\/b><\/p>\n","protected":false},"excerpt":{"rendered":"<p><strong>Gumov\u00e1 podlaha je ur\u010den\u00e1 na<br \/>\n<\/strong><\/p>\n<p><strong>&#8211; terasy<\/strong><\/p>\n<p><strong>&#8211; balk\u00f3ny<\/strong><\/p>\n<p>&nbsp;<\/p>\n<p><strong>Gumov\u00e1 podlaha DECKZONE (tartanov\u00fd povrch):<\/strong><\/p>\n<ul>\n<li>mrazuvzdorn\u00fd, vodopriepustn\u00fd a proti\u0161mykov\u00fd v\u00fdrobok,<\/li>\n<li><span class=\"\">vylep\u0161en\u00fd proti starnutiu <\/span><\/li>\n<li>stabilizovan\u00fd a odoln\u00fd vo\u010di UV \u017eiareniu<\/li>\n<li>bezpe\u010dn\u00fd pri kontakte s poko\u017ekou \u2013 certifik\u00e1t PZH<\/li>\n<li>certifik\u00e1t nehor\u013eavosti &#8211; NEHOR\u013dAV\u00c9 prevedenie dosiek spoma\u013euj\u00facich horenie<\/li>\n<li>ka\u017ed\u00e1 \u0161ar\u017ea testovan\u00e1 v na\u0161om vlastnom laborat\u00f3riu na tlmenie n\u00e1razov &#8211; umo\u017e\u0148uje pou\u017eitie ako hracia z\u00f3na pre deti<\/li>\n<li>produkt vyroben\u00fd pod\u013ea schv\u00e1len\u00fdch postupov pod pr\u00edsnou kontrolou kvality T\u00dcV<\/li>\n<\/ul>\n<p><strong>Z\u00e1ruka: 24 mesiacov<\/strong><\/p>\n","protected":false},"featured_media":685,"comment_status":"open","ping_status":"closed","template":"","meta":{"ngg_post_thumbnail":0},"product_brand":[],"product_cat":[52],"product_tag":[],"class_list":{"0":"post-679","1":"product","2":"type-product","3":"status-publish","4":"has-post-thumbnail","6":"product_cat-prichytene-gumove-platne","7":"post","8":"post-with-thumbnail","9":"post-with-thumbnail-large","11":"first","12":"instock","13":"taxable","14":"shipping-taxable","15":"purchasable","16":"product-type-variable","17":"has-default-attributes"},"_links":{"self":[{"href":"https:\/\/www.3dflex.sk\/web\/index.php\/wp-json\/wp\/v2\/product\/679","targetHints":{"allow":["GET"]}}],"collection":[{"href":"https:\/\/www.3dflex.sk\/web\/index.php\/wp-json\/wp\/v2\/product"}],"about":[{"href":"https:\/\/www.3dflex.sk\/web\/index.php\/wp-json\/wp\/v2\/types\/product"}],"replies":[{"embeddable":true,"href":"https:\/\/www.3dflex.sk\/web\/index.php\/wp-json\/wp\/v2\/comments?post=679"}],"version-history":[{"count":4,"href":"https:\/\/www.3dflex.sk\/web\/index.php\/wp-json\/wp\/v2\/product\/679\/revisions"}],"predecessor-version":[{"id":1098,"href":"https:\/\/www.3dflex.sk\/web\/index.php\/wp-json\/wp\/v2\/product\/679\/revisions\/1098"}],"wp:featuredmedia":[{"embeddable":true,"href":"https:\/\/www.3dflex.sk\/web\/index.php\/wp-json\/wp\/v2\/media\/685"}],"wp:attachment":[{"href":"https:\/\/www.3dflex.sk\/web\/index.php\/wp-json\/wp\/v2\/media?parent=679"}],"wp:term":[{"taxonomy":"product_brand","embeddable":true,"href":"https:\/\/www.3dflex.sk\/web\/index.php\/wp-json\/wp\/v2\/product_brand?post=679"},{"taxonomy":"product_cat","embeddable":true,"href":"https:\/\/www.3dflex.sk\/web\/index.php\/wp-json\/wp\/v2\/product_cat?post=679"},{"taxonomy":"product_tag","embeddable":true,"href":"https:\/\/www.3dflex.sk\/web\/index.php\/wp-json\/wp\/v2\/product_tag?post=679"}],"curies":[{"name":"wp","href":"https:\/\/api.w.org\/{rel}","templated":true}]}}