{"id":690,"date":"2024-02-19T12:22:51","date_gmt":"2024-02-19T11:22:51","guid":{"rendered":"https:\/\/www.3dflex.sk\/web\/?post_type=product&#038;p=690"},"modified":"2024-02-24T18:33:45","modified_gmt":"2024-02-24T17:33:45","slug":"sbr-gumova-platna-na-terasu-40-mm","status":"publish","type":"product","link":"https:\/\/www.3dflex.sk\/web\/index.php\/produkt\/sbr-gumova-platna-na-terasu-40-mm\/","title":{"rendered":"SBR gumov\u00e1 plat\u0148a na terasu 40 mm"},"content":{"rendered":"<p><b>SBR gumov\u00e1 plat\u0148a na terasu.<\/b><\/p>\n<p>Sp\u00f4sob in\u0161tal\u00e1cie &#8211; pomocou hmo\u017ediniek.<\/p>\n<p>Proti\u0161mykov\u00e9, mrazuvzdorn\u00e9, vodopriepustn\u00e9.<b>\u00a0<\/b><\/p>\n<p>&nbsp;<\/p>\n<p><b>Ve\u013ekos\u0165 dosky: 500 mm x 500 mm<\/b><\/p>\n<p><b>Hr\u00fabka: 40 mm<\/b><\/p>\n","protected":false},"excerpt":{"rendered":"<p><strong>Gumen\u00e1 terasov\u00e1 dla\u017eba hr\u00fabky 40 mm je ur\u010den\u00e1 do vonkaj\u0161\u00edch priestorov\u00a0<\/strong><\/p>\n<ul>\n<li>Terasy<\/li>\n<li>balk\u00f3ny<\/li>\n<li>patio<\/li>\n<li>substr\u00e1t pre z\u00e1hradn\u00fd baz\u00e9n<\/li>\n<\/ul>\n<p>&nbsp;<\/p>\n<p><strong>Vlastnosti gumov\u00fdch terasov\u00fdch dla\u017ed\u00edc DECKZONE:<\/strong><\/p>\n<ul>\n<li>mrazuvzdorn\u00fd, vodopriepustn\u00fd a proti\u0161mykov\u00fd v\u00fdrobok,<\/li>\n<li><span><span class=\"\">vylep\u0161en\u00fd proti starnutiu <\/span><\/span><\/li>\n<li>stabilizovan\u00fd a odoln\u00fd vo\u010di UV \u017eiareniu<\/li>\n<li>bezpe\u010dn\u00fd pri kontakte s poko\u017ekou \u2013 certifik\u00e1t PZH<\/li>\n<li>certifik\u00e1t nehor\u013eavosti &#8211; NEHOR\u013dAV\u00c9 prevedenie dosiek spoma\u013euj\u00facich horenie<\/li>\n<li>ka\u017ed\u00e1 \u0161ar\u017ea testovan\u00e1 v na\u0161om vlastnom laborat\u00f3riu na tlmenie n\u00e1razov &#8211; umo\u017e\u0148uje pou\u017eitie ako hracia z\u00f3na pre deti<\/li>\n<li>produkt vyroben\u00fd pod\u013ea schv\u00e1len\u00fdch postupov pod pr\u00edsnou kontrolou kvality T\u00dcV<\/li>\n<\/ul>\n<p><strong>Z\u00e1ruka: 24 mesiacov<\/strong><\/p>\n<p>&nbsp;<\/p>\n<p><strong>Gumov\u00e1 podlaha DECKZONE (tartanov\u00fd povrch):<\/strong><\/p>\n<ul>\n<li>mrazuvzdorn\u00fd, vodopriepustn\u00fd a proti\u0161mykov\u00fd v\u00fdrobok,<\/li>\n<li>vylep\u0161en\u00e9 pre starnutie<\/li>\n<li>stabilizovan\u00fd a odoln\u00fd vo\u010di UV \u017eiareniu<\/li>\n<li>bezpe\u010dn\u00fd pri kontakte s poko\u017ekou \u2013 certifik\u00e1t PZH<\/li>\n<li>certifik\u00e1t nehor\u013eavosti &#8211; NEHOR\u013dAV\u00c9 prevedenie dosiek spoma\u013euj\u00facich horenie<\/li>\n<li>ka\u017ed\u00e1 \u0161ar\u017ea testovan\u00e1 v na\u0161om vlastnom laborat\u00f3riu na tlmenie n\u00e1razov &#8211; umo\u017e\u0148uje pou\u017eitie ako hracia z\u00f3na pre deti<\/li>\n<li>produkt vyroben\u00fd pod\u013ea schv\u00e1len\u00fdch postupov pod pr\u00edsnou kontrolou kvality T\u00dcV<\/li>\n<\/ul>\n<p><strong>Z\u00e1ruka: 24 mesiacov<\/strong><\/p>\n","protected":false},"featured_media":684,"comment_status":"open","ping_status":"closed","template":"","meta":{"ngg_post_thumbnail":0},"product_brand":[],"product_cat":[52],"product_tag":[],"class_list":{"0":"post-690","1":"product","2":"type-product","3":"status-publish","4":"has-post-thumbnail","6":"product_cat-prichytene-gumove-platne","7":"post","8":"post-with-thumbnail","9":"post-with-thumbnail-large","11":"first","12":"instock","13":"taxable","14":"shipping-taxable","15":"product-type-variable","16":"has-default-attributes"},"_links":{"self":[{"href":"https:\/\/www.3dflex.sk\/web\/index.php\/wp-json\/wp\/v2\/product\/690","targetHints":{"allow":["GET"]}}],"collection":[{"href":"https:\/\/www.3dflex.sk\/web\/index.php\/wp-json\/wp\/v2\/product"}],"about":[{"href":"https:\/\/www.3dflex.sk\/web\/index.php\/wp-json\/wp\/v2\/types\/product"}],"replies":[{"embeddable":true,"href":"https:\/\/www.3dflex.sk\/web\/index.php\/wp-json\/wp\/v2\/comments?post=690"}],"version-history":[{"count":2,"href":"https:\/\/www.3dflex.sk\/web\/index.php\/wp-json\/wp\/v2\/product\/690\/revisions"}],"predecessor-version":[{"id":1092,"href":"https:\/\/www.3dflex.sk\/web\/index.php\/wp-json\/wp\/v2\/product\/690\/revisions\/1092"}],"wp:featuredmedia":[{"embeddable":true,"href":"https:\/\/www.3dflex.sk\/web\/index.php\/wp-json\/wp\/v2\/media\/684"}],"wp:attachment":[{"href":"https:\/\/www.3dflex.sk\/web\/index.php\/wp-json\/wp\/v2\/media?parent=690"}],"wp:term":[{"taxonomy":"product_brand","embeddable":true,"href":"https:\/\/www.3dflex.sk\/web\/index.php\/wp-json\/wp\/v2\/product_brand?post=690"},{"taxonomy":"product_cat","embeddable":true,"href":"https:\/\/www.3dflex.sk\/web\/index.php\/wp-json\/wp\/v2\/product_cat?post=690"},{"taxonomy":"product_tag","embeddable":true,"href":"https:\/\/www.3dflex.sk\/web\/index.php\/wp-json\/wp\/v2\/product_tag?post=690"}],"curies":[{"name":"wp","href":"https:\/\/api.w.org\/{rel}","templated":true}]}}