{"id":720,"date":"2024-02-19T13:09:07","date_gmt":"2024-02-19T12:09:07","guid":{"rendered":"https:\/\/www.3dflex.sk\/web\/?post_type=product&#038;p=720"},"modified":"2025-01-08T18:57:13","modified_gmt":"2025-01-08T17:57:13","slug":"sbr-gumova-doska-pre-telocvicnu-30-mm","status":"publish","type":"product","link":"https:\/\/www.3dflex.sk\/web\/index.php\/produkt\/sbr-gumova-doska-pre-telocvicnu-30-mm\/","title":{"rendered":"SBR gumov\u00e1 doska pre telocvi\u010d\u0148u 30 mm"},"content":{"rendered":"<p>Gumen\u00fd tanier do telocvi\u010dne.<\/p>\n<p>Sp\u00f4sob in\u0161tal\u00e1cie &#8211; pomocou hmo\u017ediniek.<\/p>\n<p>Navrhnut\u00e9 pre vo\u013en\u00e9 ulo\u017een\u00e9 z\u00e1va\u017eia a CrossFit z\u00f3ny.<\/p>\n<p>&nbsp;<\/p>\n<p><b>Ve\u013ekos\u0165 dosky: 500 mm x 500 mm<\/b><\/p>\n<p><b>Hr\u00fabka: 30 mm<\/b><\/p>\n","protected":false},"excerpt":{"rendered":"<p style=\"font-weight: 300;\"><strong style=\"font-weight: 600;\">Gumov\u00e1 doska pre telocvi\u010dne 30 mm a ur\u010den\u00e1 pre z\u00f3ny ako:<br \/>\n<\/strong><\/p>\n<ul style=\"font-weight: 300;\">\n<li>telocvi\u010dne<\/li>\n<li>crossfitov\u00e9 z\u00f3ny<\/li>\n<li>\u0161portov\u00e9 zariadenia<\/li>\n<\/ul>\n<p style=\"font-weight: 300;\"><strong style=\"font-weight: 600;\">Vlastnosti gumov\u00fdch podlo\u017eiek do telocvi\u010dn\u00ed:<\/strong><\/p>\n<ul>\n<li style=\"font-weight: 300;\">proti\u0161mykov\u00e1<\/li>\n<li style=\"font-weight: 300;\"><span class=\"\">vylep\u0161en\u00fd proti starnutiu <\/span><\/li>\n<li style=\"font-weight: 300;\">stabilizovan\u00fd a odoln\u00fd vo\u010di UV \u017eiareniu<\/li>\n<li style=\"font-weight: 300;\">ka\u017ed\u00e1 \u0161ar\u017ea testovan\u00e1 v na\u0161om vlastnom laborat\u00f3riu na absorpciu a tlmenie n\u00e1razov<\/li>\n<li style=\"font-weight: 300;\">produkt vyroben\u00fd pod\u013ea schv\u00e1len\u00fdch postupov pod pr\u00edsnou kontrolou kvality T\u00dcV<\/li>\n<\/ul>\n<p style=\"font-weight: 300;\"><strong style=\"font-weight: 600;\">VOLITE\u013dN\u00c9<\/strong>\u00a0(pred zadan\u00edm objedn\u00e1vky kontaktujte n\u00e1\u0161ho predajcu):<\/p>\n<ul style=\"font-weight: 300;\">\n<li>mo\u017enos\u0165 v\u00fdroby telocvi\u010dn\u00fdch povrchov v nehor\u013eavej verzii, certifikovanej pre vn\u00fatorn\u00e9 pou\u017eitie &#8211; trieda nehor\u013eavosti Cfl-s1 alebo Bfl-s1.<\/li>\n<li>Mo\u017enos\u0165 doobjedna\u0165 povrchy s inovat\u00edvnou akt\u00edvnou \u0161trukt\u00farou ACTIVEFRESH, ktor\u00e1 m\u00e1 protiples\u0148ov\u00e9, antibakteri\u00e1lne a protiples\u0148ov\u00e9 vlastnosti. Akt\u00edvna \u0161trukt\u00fara gumov\u00fdch dosiek eliminuje 99,99% usadzovania bakt\u00e9ri\u00ed a plesn\u00ed na povrchu dosiek. Produkt testovan\u00fd v Kanade spolo\u010dnos\u0165ou Thomson Research Associates Inc. &#8211; tento typ povrchov odpor\u00fa\u010dame pou\u017e\u00edva\u0165 v \u0161atniach, \u0161atniach a na miestach, kde s\u00fa pou\u017e\u00edvatelia vystaven\u00ed kontaktu s patog\u00e9nnymi bakt\u00e9riami a ples\u0148ami, \u010d\u00edm sa minimalizuje mo\u017enos\u0165 prenosu na in\u00e9 osoby.<\/li>\n<\/ul>\n<p style=\"font-weight: 300;\"><strong style=\"font-weight: 600;\">MO\u017dNOSTI ROZ\u0160\u00cdRENIA SYST\u00c9MU:<\/strong><\/p>\n<ul style=\"font-weight: 300;\">\n<li>gumov\u00e9 dosky s rozmermi 500x500mm a hr\u00fabkou 30mm a 50mm je mo\u017en\u00e9 vybavi\u0165 rampami a rohov\u00fdmi doskami pre plynul\u00fd a bezpe\u010dn\u00fd prechod podlahy do z\u00f3ny so zv\u00fd\u0161enou mechanickou odolnos\u0165ou a lep\u0161\u00edmi parametrami tlmenia n\u00e1razov.<\/li>\n<\/ul>\n<p style=\"font-weight: 300;\"><strong style=\"font-weight: 600;\">Z\u00e1ruka: 24 mesiacov<\/strong><\/p>\n","protected":false},"featured_media":685,"comment_status":"open","ping_status":"closed","template":"","meta":{"ngg_post_thumbnail":0},"product_brand":[],"product_cat":[56],"product_tag":[],"class_list":{"0":"post-720","1":"product","2":"type-product","3":"status-publish","4":"has-post-thumbnail","6":"product_cat-prichytene-gumove-platne-telocvicne","7":"post","8":"post-with-thumbnail","9":"post-with-thumbnail-large","11":"first","12":"instock","13":"taxable","14":"shipping-taxable","15":"purchasable","16":"product-type-variable","17":"has-default-attributes"},"_links":{"self":[{"href":"https:\/\/www.3dflex.sk\/web\/index.php\/wp-json\/wp\/v2\/product\/720","targetHints":{"allow":["GET"]}}],"collection":[{"href":"https:\/\/www.3dflex.sk\/web\/index.php\/wp-json\/wp\/v2\/product"}],"about":[{"href":"https:\/\/www.3dflex.sk\/web\/index.php\/wp-json\/wp\/v2\/types\/product"}],"replies":[{"embeddable":true,"href":"https:\/\/www.3dflex.sk\/web\/index.php\/wp-json\/wp\/v2\/comments?post=720"}],"version-history":[{"count":4,"href":"https:\/\/www.3dflex.sk\/web\/index.php\/wp-json\/wp\/v2\/product\/720\/revisions"}],"predecessor-version":[{"id":1101,"href":"https:\/\/www.3dflex.sk\/web\/index.php\/wp-json\/wp\/v2\/product\/720\/revisions\/1101"}],"wp:featuredmedia":[{"embeddable":true,"href":"https:\/\/www.3dflex.sk\/web\/index.php\/wp-json\/wp\/v2\/media\/685"}],"wp:attachment":[{"href":"https:\/\/www.3dflex.sk\/web\/index.php\/wp-json\/wp\/v2\/media?parent=720"}],"wp:term":[{"taxonomy":"product_brand","embeddable":true,"href":"https:\/\/www.3dflex.sk\/web\/index.php\/wp-json\/wp\/v2\/product_brand?post=720"},{"taxonomy":"product_cat","embeddable":true,"href":"https:\/\/www.3dflex.sk\/web\/index.php\/wp-json\/wp\/v2\/product_cat?post=720"},{"taxonomy":"product_tag","embeddable":true,"href":"https:\/\/www.3dflex.sk\/web\/index.php\/wp-json\/wp\/v2\/product_tag?post=720"}],"curies":[{"name":"wp","href":"https:\/\/api.w.org\/{rel}","templated":true}]}}