{"id":751,"date":"2024-02-19T17:19:28","date_gmt":"2024-02-19T16:19:28","guid":{"rendered":"https:\/\/www.3dflex.sk\/web\/?post_type=product&#038;p=751"},"modified":"2025-01-08T18:59:02","modified_gmt":"2025-01-08T17:59:02","slug":"gumova-podlozka-na-puzzle-15-mm","status":"publish","type":"product","link":"https:\/\/www.3dflex.sk\/web\/index.php\/produkt\/gumova-podlozka-na-puzzle-15-mm\/","title":{"rendered":"Gumov\u00e1 podlo\u017eka na puzzle 15 mm"},"content":{"rendered":"<p><strong><span class=\"\">Gumov\u00e1 podlo\u017eka puzzle<\/span><\/strong><span class=\"\"> \u00a0je ur\u010den\u00e1 hlavne do vn\u00fatorn\u00fdch telocvi\u010dn\u00ed, fitness a CrossFit klubov, gar\u00e1\u017e\u00ed a technick\u00fdch miestnost\u00ed.<\/span><\/p>\n<p>Volite\u013ene s\u00fa roho\u017ee dostupn\u00e9 v nehor\u013eavej verzii s certifik\u00e1tom Cfl-s1.<\/p>\n<p>&nbsp;<\/p>\n<p><strong>Rozmery roho\u017ee: 1000 mm x 1000 mm<\/strong><\/p>\n<p><strong>Hr\u00fabka: 15 mm<\/strong><\/p>\n","protected":false},"excerpt":{"rendered":"<p class=\"Textbody\"><b><span class=\"\">Vlastnosti gumov\u00fdch podlo\u017eiek do telocvi\u010dn\u00ed:<\/span><\/b><\/p>\n<p class=\"Textbody\">\u2022\u00a0\u00a0\u00a0 proti\u0161mykov\u00e1<\/p>\n<p class=\"Textbody\">\u2022\u00a0\u00a0\u00a0 <span class=\"\">vylep\u0161en\u00fd proti starnutiu <\/span><\/p>\n<p class=\"Textbody\">\u2022\u00a0\u00a0\u00a0 stabilizovan\u00fd a odoln\u00fd vo\u010di UV \u017eiareniu<\/p>\n<p class=\"Textbody\">\u2022\u00a0\u00a0\u00a0 ka\u017ed\u00e1 \u0161ar\u017ea testovan\u00e1 v na\u0161om vlastnom laborat\u00f3riu na absorpciu a tlmenie n\u00e1razov<\/p>\n<p class=\"Textbody\">\u2022\u00a0\u00a0\u00a0 produkt vyroben\u00fd pod\u013ea schv\u00e1len\u00fdch postupov pod pr\u00edsnou kontrolou kvality T\u00dcV<\/p>\n<p><strong>Z\u00e1ruka: 24 mesiacov<\/strong><\/p>\n","protected":false},"featured_media":760,"comment_status":"open","ping_status":"closed","template":"","meta":{"ngg_post_thumbnail":0},"product_brand":[],"product_cat":[57],"product_tag":[],"class_list":{"0":"post-751","1":"product","2":"type-product","3":"status-publish","4":"has-post-thumbnail","6":"product_cat-puzzle-podlozky","7":"post","8":"post-with-thumbnail","9":"post-with-thumbnail-large","11":"first","12":"instock","13":"taxable","14":"shipping-taxable","15":"purchasable","16":"product-type-variable","17":"has-default-attributes"},"_links":{"self":[{"href":"https:\/\/www.3dflex.sk\/web\/index.php\/wp-json\/wp\/v2\/product\/751","targetHints":{"allow":["GET"]}}],"collection":[{"href":"https:\/\/www.3dflex.sk\/web\/index.php\/wp-json\/wp\/v2\/product"}],"about":[{"href":"https:\/\/www.3dflex.sk\/web\/index.php\/wp-json\/wp\/v2\/types\/product"}],"replies":[{"embeddable":true,"href":"https:\/\/www.3dflex.sk\/web\/index.php\/wp-json\/wp\/v2\/comments?post=751"}],"version-history":[{"count":3,"href":"https:\/\/www.3dflex.sk\/web\/index.php\/wp-json\/wp\/v2\/product\/751\/revisions"}],"predecessor-version":[{"id":1084,"href":"https:\/\/www.3dflex.sk\/web\/index.php\/wp-json\/wp\/v2\/product\/751\/revisions\/1084"}],"wp:featuredmedia":[{"embeddable":true,"href":"https:\/\/www.3dflex.sk\/web\/index.php\/wp-json\/wp\/v2\/media\/760"}],"wp:attachment":[{"href":"https:\/\/www.3dflex.sk\/web\/index.php\/wp-json\/wp\/v2\/media?parent=751"}],"wp:term":[{"taxonomy":"product_brand","embeddable":true,"href":"https:\/\/www.3dflex.sk\/web\/index.php\/wp-json\/wp\/v2\/product_brand?post=751"},{"taxonomy":"product_cat","embeddable":true,"href":"https:\/\/www.3dflex.sk\/web\/index.php\/wp-json\/wp\/v2\/product_cat?post=751"},{"taxonomy":"product_tag","embeddable":true,"href":"https:\/\/www.3dflex.sk\/web\/index.php\/wp-json\/wp\/v2\/product_tag?post=751"}],"curies":[{"name":"wp","href":"https:\/\/api.w.org\/{rel}","templated":true}]}}