{"id":797,"date":"2024-02-19T17:59:14","date_gmt":"2024-02-19T16:59:14","guid":{"rendered":"https:\/\/www.3dflex.sk\/web\/?post_type=product&#038;p=797"},"modified":"2024-02-24T18:23:26","modified_gmt":"2024-02-24T17:23:26","slug":"sbr-gumova-doska-pre-sportove-ihriska-40-mm-siva","status":"publish","type":"product","link":"https:\/\/www.3dflex.sk\/web\/index.php\/produkt\/sbr-gumova-doska-pre-sportove-ihriska-40-mm-siva\/","title":{"rendered":"SBR gumov\u00e1 doska pre \u0161portov\u00e9 ihrisk\u00e1 40 mm (siv\u00e1)"},"content":{"rendered":"<div id=\"product-description-short-16\" class=\"description-short\">\n<p><span class=\"\">Gumov\u00e9 dosky SBR ur\u010den\u00e9 do rekrea\u010dn\u00fdch a \u0161portov\u00fdch oblast\u00ed.\u00a0<\/span><strong>Odoln\u00e9 vo\u010di UV \u017eiareniu.<\/strong><\/p>\n<p><strong>Ve\u013ekos\u0165 dosky: 500 mm x 500 mm<\/strong><\/p>\n<p><strong>Hr\u00fabka: 40 mm<\/strong><\/p>\n<\/div>\n","protected":false},"excerpt":{"rendered":"<p><b>Vlastnosti \u0161portov\u00fdch dosiek\u00a0<\/b><\/p>\n<ul>\n<li>\u0160portov\u00e9 dosky s\u00fa stabilizovan\u00e9, aby sa zabr\u00e1nilo zvlneniu a rohov\u00e9mu kr\u010deniu.<\/li>\n<li>mrazuvzdorn\u00e1, vodopriepustn\u00e1 a proti\u0161mykov\u00e1<\/li>\n<li><span class=\"\">vylep\u0161en\u00fd proti starnutiu <\/span><\/li>\n<li>stabilizovan\u00fd a odoln\u00fd vo\u010di UV \u017eiareniu<\/li>\n<li>bezpe\u010dn\u00fd pri kontakte s poko\u017ekou &#8211; certifikovan\u00fd \u0160t\u00e1tnym hygienick\u00fdm \u00fastavom PZH<\/li>\n<li>mo\u017enos\u0165 \u013eubovo\u013enej personaliz\u00e1cie \u0161portovej z\u00f3ny z gumov\u00fdch dla\u017ed\u00edc aplik\u00e1ciou grafiky, n\u00e1pisov alebo loga<\/li>\n<li>ka\u017ed\u00e1 \u0161ar\u017ea testovan\u00e1 v na\u0161om vlastnom laborat\u00f3riu na spr\u00e1vne odpru\u017eenie a elastick\u00e9 vlastnosti<\/li>\n<li>produkt vyroben\u00fd pod\u013ea schv\u00e1len\u00fdch postupov pod pr\u00edsnou kontrolou kvality T\u00dcV<\/li>\n<\/ul>\n<p><strong>Z\u00e1ruka: 24 mesiacov<\/strong><\/p>\n","protected":false},"featured_media":686,"comment_status":"open","ping_status":"closed","template":"","meta":{"ngg_post_thumbnail":0},"product_brand":[],"product_cat":[58],"product_tag":[],"class_list":{"0":"post-797","1":"product","2":"type-product","3":"status-publish","4":"has-post-thumbnail","6":"product_cat-dosky-na-ihrisko","7":"post","8":"post-with-thumbnail","9":"post-with-thumbnail-large","11":"first","12":"instock","13":"taxable","14":"shipping-taxable","15":"product-type-simple"},"_links":{"self":[{"href":"https:\/\/www.3dflex.sk\/web\/index.php\/wp-json\/wp\/v2\/product\/797","targetHints":{"allow":["GET"]}}],"collection":[{"href":"https:\/\/www.3dflex.sk\/web\/index.php\/wp-json\/wp\/v2\/product"}],"about":[{"href":"https:\/\/www.3dflex.sk\/web\/index.php\/wp-json\/wp\/v2\/types\/product"}],"replies":[{"embeddable":true,"href":"https:\/\/www.3dflex.sk\/web\/index.php\/wp-json\/wp\/v2\/comments?post=797"}],"version-history":[{"count":3,"href":"https:\/\/www.3dflex.sk\/web\/index.php\/wp-json\/wp\/v2\/product\/797\/revisions"}],"predecessor-version":[{"id":1106,"href":"https:\/\/www.3dflex.sk\/web\/index.php\/wp-json\/wp\/v2\/product\/797\/revisions\/1106"}],"wp:featuredmedia":[{"embeddable":true,"href":"https:\/\/www.3dflex.sk\/web\/index.php\/wp-json\/wp\/v2\/media\/686"}],"wp:attachment":[{"href":"https:\/\/www.3dflex.sk\/web\/index.php\/wp-json\/wp\/v2\/media?parent=797"}],"wp:term":[{"taxonomy":"product_brand","embeddable":true,"href":"https:\/\/www.3dflex.sk\/web\/index.php\/wp-json\/wp\/v2\/product_brand?post=797"},{"taxonomy":"product_cat","embeddable":true,"href":"https:\/\/www.3dflex.sk\/web\/index.php\/wp-json\/wp\/v2\/product_cat?post=797"},{"taxonomy":"product_tag","embeddable":true,"href":"https:\/\/www.3dflex.sk\/web\/index.php\/wp-json\/wp\/v2\/product_tag?post=797"}],"curies":[{"name":"wp","href":"https:\/\/api.w.org\/{rel}","templated":true}]}}