{"id":835,"date":"2024-02-20T13:56:16","date_gmt":"2024-02-20T12:56:16","guid":{"rendered":"https:\/\/www.3dflex.sk\/web\/?post_type=product&#038;p=835"},"modified":"2024-03-13T18:34:47","modified_gmt":"2024-03-13T17:34:47","slug":"gumova-kocka-epdm-behaton-7-farieb","status":"publish","type":"product","link":"https:\/\/www.3dflex.sk\/web\/index.php\/produkt\/gumova-kocka-epdm-behaton-7-farieb\/","title":{"rendered":"Gumov\u00e1 kocka EPDM (7 FARIEB)"},"content":{"rendered":"<p><strong>Gumov\u00e1 kocka <\/strong>pln\u00ed tlmiacu a izola\u010dn\u00fa \u00falohu a jej povrch je pevn\u00fd, odol\u00e1 dynamick\u00e9mu za\u0165a\u017eeniu.<\/p>\n<p>Je k dispoz\u00edcii v 24 farb\u00e1ch.<\/p>\n<p>Z\u00e1kladn\u00fdch farieb je 7 a ostatn\u00e9 farby s\u00fa na <strong>objedn\u00e1vku<\/strong> po telefonickom dohovore.<\/p>\n<p>&nbsp;<\/p>\n<p class=\"Textbody\"><strong>Po\u010det kociek na m2 \u2013 36 ks<\/strong><\/p>\n<p class=\"Textbody\"><strong>&nbsp;<\/strong><\/p>\n","protected":false},"excerpt":{"rendered":"<p><strong>Vlastnosti gumenn\u00fdch kociek<br \/>\n<\/strong><\/p>\n<p>\u25cf tlmiace vlastnosti \u2013 zaru\u010den\u00e1 miera p\u00e1du 1,1 m<\/p>\n<p>\u25cf vysok\u00e1 mechanick\u00e1 pevnos\u0165 ( zosilnen\u00e1 \u0161trukt\u00fara )<\/p>\n<p>\u25cf proti\u0161mykov\u00fd<\/p>\n<p>\u25cf odoln\u00fd vo\u010di mrazu a priepustn\u00fd pre vodu<\/p>\n<p>\u25cf vysok\u00e1 odolnos\u0165 vo\u010di poveternostn\u00fdm vplyvom<\/p>\n<p>\u25cf star\u00fd testovan\u00fd a odoln\u00fd vo\u010di UV \u017eiareniu<\/p>\n<p>\u25cf vynikaj\u00faca izola\u010dn\u00e1, tlmiaca a tlmiaca vrstva.<\/p>\n<p>\u25cf r\u00fdchla mont\u00e1\u017e a \u013eahk\u00e9 \u010distenie<\/p>\n<p>\u25cf bezpe\u010dn\u00fd pri kontakte s poko\u017ekou &#8211; mus\u00ed ma\u0165 hygienick\u00e9 osved\u010denie PZH<\/p>\n<p>\u25cf sp\u013a\u0148aj\u00fa najnov\u0161\u00ed \u0161tandard pre detsk\u00e9 ihrisk\u00e1 PN-EN 1177: 2019.<\/p>\n<p>&nbsp;<\/p>\n<p><strong>Z\u00e1ruka: 24 mesiacov<\/strong><\/p>\n","protected":false},"featured_media":837,"comment_status":"open","ping_status":"closed","template":"","meta":{"ngg_post_thumbnail":0},"product_brand":[],"product_cat":[59],"product_tag":[],"class_list":{"0":"post-835","1":"product","2":"type-product","3":"status-publish","4":"has-post-thumbnail","6":"product_cat-gumova-kocka","7":"post","8":"post-with-thumbnail","9":"post-with-thumbnail-large","11":"first","12":"instock","13":"taxable","14":"shipping-taxable","15":"product-type-variable"},"_links":{"self":[{"href":"https:\/\/www.3dflex.sk\/web\/index.php\/wp-json\/wp\/v2\/product\/835","targetHints":{"allow":["GET"]}}],"collection":[{"href":"https:\/\/www.3dflex.sk\/web\/index.php\/wp-json\/wp\/v2\/product"}],"about":[{"href":"https:\/\/www.3dflex.sk\/web\/index.php\/wp-json\/wp\/v2\/types\/product"}],"replies":[{"embeddable":true,"href":"https:\/\/www.3dflex.sk\/web\/index.php\/wp-json\/wp\/v2\/comments?post=835"}],"version-history":[{"count":2,"href":"https:\/\/www.3dflex.sk\/web\/index.php\/wp-json\/wp\/v2\/product\/835\/revisions"}],"predecessor-version":[{"id":1366,"href":"https:\/\/www.3dflex.sk\/web\/index.php\/wp-json\/wp\/v2\/product\/835\/revisions\/1366"}],"wp:featuredmedia":[{"embeddable":true,"href":"https:\/\/www.3dflex.sk\/web\/index.php\/wp-json\/wp\/v2\/media\/837"}],"wp:attachment":[{"href":"https:\/\/www.3dflex.sk\/web\/index.php\/wp-json\/wp\/v2\/media?parent=835"}],"wp:term":[{"taxonomy":"product_brand","embeddable":true,"href":"https:\/\/www.3dflex.sk\/web\/index.php\/wp-json\/wp\/v2\/product_brand?post=835"},{"taxonomy":"product_cat","embeddable":true,"href":"https:\/\/www.3dflex.sk\/web\/index.php\/wp-json\/wp\/v2\/product_cat?post=835"},{"taxonomy":"product_tag","embeddable":true,"href":"https:\/\/www.3dflex.sk\/web\/index.php\/wp-json\/wp\/v2\/product_tag?post=835"}],"curies":[{"name":"wp","href":"https:\/\/api.w.org\/{rel}","templated":true}]}}