{"id":872,"date":"2024-02-20T17:54:11","date_gmt":"2024-02-20T16:54:11","guid":{"rendered":"https:\/\/www.3dflex.sk\/web\/?post_type=product&#038;p=872"},"modified":"2024-02-24T18:52:58","modified_gmt":"2024-02-24T17:52:58","slug":"vonkajsia-hra-abeceda-a-triedna-hra-2v1","status":"publish","type":"product","link":"https:\/\/www.3dflex.sk\/web\/index.php\/produkt\/vonkajsia-hra-abeceda-a-triedna-hra-2v1\/","title":{"rendered":"Vonkaj\u0161ia hra &#8211; ABECEDA A TRIEDNA HRA 2V1"},"content":{"rendered":"<p><strong><span>Outdoorov\u00e9 hry FLEXIZONE vytv\u00e1raj\u00fa priestor pre akt\u00edvne tr\u00e1venie \u010dasu vonku. Vyroben\u00e9 z flexibiln\u00fdch, atestovan\u00fdch a certifikovan\u00fdch bezpe\u010dn\u00fdch povrchov, sp\u00e1jaj\u00fa gymnastiku so skvelou z\u00e1bavou. M\u00f4\u017eu by\u0165 in\u0161talovan\u00e9 v dom\u00e1cich z\u00e1hrad\u00e1ch, ako aj na \u0161kolsk\u00fdch ihrisk\u00e1ch a ihrisk\u00e1ch.<\/span><\/strong><\/p>\n","protected":false},"excerpt":{"rendered":"<p><strong>Kompletn\u00e1 sada ALPHABET + HOLDSIDE GAME obsahuje: modul\u00e1rne gumen\u00e9 lemovanie, pln\u00e9 a polovi\u010dn\u00e9 dosky s vlo\u017een\u00fdmi farebn\u00fdmi p\u00edsmenami od AZ a \u010d\u00edslicami od 1 do 10 a potrebn\u00e9 mont\u00e1\u017ene kol\u00edky. Podkladom z\u00e1kladov\u00fdch dosiek je \u010dierny SBR granul\u00e1t, ktor\u00fd m\u00f4\u017ee by\u0165 zafarben\u00fd na \u010derven\u00fa, zelen\u00fa alebo siv\u00fa farbu (\u00a0\u00a0\u00a0konkr\u00e9tnu farbu uve\u010fte pri objedn\u00e1vke). Zost\u00e1vaj\u00face jednotliv\u00e9 dosky EPDM sa dod\u00e1vaj\u00fa v \u013eubovo\u013en\u00fdch n\u00e1hodn\u00fdch farb\u00e1ch. V\u0161etky prvky s\u00fapravy s\u00fa vyr\u00e1ban\u00e9 pod\u013ea schv\u00e1len\u00fdch postupov, pod pr\u00edsnou kontrolou kvality T\u00dcV.<\/strong>\u00a0\u00a0Ka\u017ed\u00e1 vyroben\u00e1 \u0161ar\u017ea je navy\u0161e vo vlastnom laborat\u00f3riu testovan\u00e1 na amortiz\u00e1ciu a\u00a0 koeficient\u00a0<strong>Gmax<\/strong>\u00a0, v\u010faka \u010domu produkty z\u00edskavaj\u00fa certifik\u00e1t s garantovan\u00fdm\u00a0 koeficientom\u00a0<strong>HIC<\/strong>\u00a0\u00a0pod\u013ea najnov\u0161ej normy\u00a0<strong>\u00a0PN-EN 1177:2019<\/strong>\u00a0.<\/p>\n<p>&nbsp;<\/p>\n<p>Ve\u013ekos\u0165 modulu: 4,6m x 2,6m. Modulov\u00e9 prvky sa in\u0161taluj\u00fa na stabiln\u00fd podklad, t.j. kamenivo alebo bet\u00f3n &#8211; v pr\u00edpade in\u0161tal\u00e1cie na existuj\u00face podlahy odpor\u00fa\u010dame namiesto gumov\u00e9ho lemovania pou\u017ei\u0165 modul so \u0161ikm\u00fdmi rampov\u00fdmi doskami (rovn\u00e9 a rohov\u00e9).<\/p>\n<p>&nbsp;<\/p>\n<p>Garantovan\u00fd HIC \u2013 minim\u00e1lne 1,0 m<\/p>\n<p>&nbsp;<\/p>\n<p><strong>Vlastnosti gumov\u00fdch prvkov pou\u017eit\u00fdch v module:<\/strong><\/p>\n<p>&#8211;\u00a0\u00a0\u00a0\u00a0\u00a0\u00a0bezpe\u010dnos\u0165 &#8211; v\u0161etky prvky vyroben\u00e9 z gumy; ma\u0165 schv\u00e1lenia a certifik\u00e1ty. Garantovan\u00fd bezpe\u010dn\u00fd p\u00e1dov\u00fd faktor HIC min. 1,0 m<\/p>\n<p>&#8211;\u00a0\u00a0\u00a0\u00a0\u00a0\u00a0vysok\u00e1 stabilita rohov &#8211; technol\u00f3gia stabiliz\u00e1cie dosky eliminuje efekt \u010dlnkovania rohov dosky<\/p>\n<p>&#8211;\u00a0\u00a0\u00a0\u00a0\u00a0\u00a0proti\u0161mykov\u00e1, mrazuvzdorn\u00e1, vodopriepustn\u00e1<\/p>\n<p>&#8211;\u00a0\u00a0\u00a0\u00a0\u00a0\u00a0ma\u0165 certifik\u00e1t PZH<\/p>\n<p>&#8211;\u00a0\u00a0\u00a0\u00a0\u00a0\u00a0sp\u013a\u0148aj\u00fa najnov\u0161iu normu pre bezpe\u010dn\u00e9 povrchy detsk\u00fdch ihr\u00edsk PN-EN 1177:2019<\/p>\n<p>&#8211;\u00a0\u00a0\u00a0\u00a0\u00a0\u00a0vylep\u0161en\u00e9 pre starnutie<\/p>\n<p>&#8211;\u00a0\u00a0\u00a0\u00a0\u00a0\u00a0produkt vyroben\u00fd pod\u013ea schv\u00e1len\u00fdch postupov pod pr\u00edsnou kontrolou kvality T\u00dcV<\/p>\n","protected":false},"featured_media":876,"comment_status":"open","ping_status":"closed","template":"","meta":{"ngg_post_thumbnail":0},"product_brand":[],"product_cat":[60],"product_tag":[],"class_list":{"0":"post-872","1":"product","2":"type-product","3":"status-publish","4":"has-post-thumbnail","6":"product_cat-vonkajsie-hry","7":"post","8":"post-with-thumbnail","9":"post-with-thumbnail-large","11":"first","12":"instock","13":"taxable","14":"shipping-taxable","15":"product-type-variable","16":"has-default-attributes"},"_links":{"self":[{"href":"https:\/\/www.3dflex.sk\/web\/index.php\/wp-json\/wp\/v2\/product\/872","targetHints":{"allow":["GET"]}}],"collection":[{"href":"https:\/\/www.3dflex.sk\/web\/index.php\/wp-json\/wp\/v2\/product"}],"about":[{"href":"https:\/\/www.3dflex.sk\/web\/index.php\/wp-json\/wp\/v2\/types\/product"}],"replies":[{"embeddable":true,"href":"https:\/\/www.3dflex.sk\/web\/index.php\/wp-json\/wp\/v2\/comments?post=872"}],"version-history":[{"count":1,"href":"https:\/\/www.3dflex.sk\/web\/index.php\/wp-json\/wp\/v2\/product\/872\/revisions"}],"predecessor-version":[{"id":877,"href":"https:\/\/www.3dflex.sk\/web\/index.php\/wp-json\/wp\/v2\/product\/872\/revisions\/877"}],"wp:featuredmedia":[{"embeddable":true,"href":"https:\/\/www.3dflex.sk\/web\/index.php\/wp-json\/wp\/v2\/media\/876"}],"wp:attachment":[{"href":"https:\/\/www.3dflex.sk\/web\/index.php\/wp-json\/wp\/v2\/media?parent=872"}],"wp:term":[{"taxonomy":"product_brand","embeddable":true,"href":"https:\/\/www.3dflex.sk\/web\/index.php\/wp-json\/wp\/v2\/product_brand?post=872"},{"taxonomy":"product_cat","embeddable":true,"href":"https:\/\/www.3dflex.sk\/web\/index.php\/wp-json\/wp\/v2\/product_cat?post=872"},{"taxonomy":"product_tag","embeddable":true,"href":"https:\/\/www.3dflex.sk\/web\/index.php\/wp-json\/wp\/v2\/product_tag?post=872"}],"curies":[{"name":"wp","href":"https:\/\/api.w.org\/{rel}","templated":true}]}}