{"id":950,"date":"2024-02-20T19:08:09","date_gmt":"2024-02-20T18:08:09","guid":{"rendered":"https:\/\/www.3dflex.sk\/web\/?post_type=product&#038;p=950"},"modified":"2026-04-09T14:09:40","modified_gmt":"2026-04-09T12:09:40","slug":"3d-krokodyl-s-cislami-od-1-do-10","status":"publish","type":"product","link":"https:\/\/www.3dflex.sk\/web\/index.php\/produkt\/3d-krokodyl-s-cislami-od-1-do-10\/","title":{"rendered":"3D KROKOD\u00ddL S \u010c\u00cdSLAMI OD 1 DO 10"},"content":{"rendered":"<h2><span style=\"color: #0000ff;\"><strong>Na\u0161a spolo\u010dnos\u0165 spolupracujeme s firmou 4soft s.r.o&nbsp;<\/strong><\/span><\/h2>\n<p><strong>Senzorick\u00fd gumen\u00fd krokod\u00edl pozost\u00e1vaj\u00faci z 10 polog\u00fa\u013e s vlo\u017een\u00fdmi \u010d\u00edslami od 1 do 10. Cel\u00fd je vyroben\u00fd z gran\u00fal odoln\u00fdch vo\u010di UV \u017eiareniu.<\/strong><\/p>\n<p><strong>Navrhnut\u00e9 pre zmyslov\u00e9, bezpe\u010dn\u00e9 ihrisk\u00e1.<\/strong><\/p>\n<p>FARBA: mix sign\u00e1lnej zelenej a m\u00e1jovej zelenej<\/p>\n<p>ROZMERY: d\u013a\u017eka 600cm; \u0161\u00edrka 260cm; priemer 50 cm; \u010d\u00edsla 21 cm<\/p>\n<p>HMOTNOS\u0164: 325 kg<\/p>\n","protected":false},"excerpt":{"rendered":"<p><strong>Trojrozmern\u00e9 gumen\u00e9 prvky pre pou\u017eitie na ihrisk\u00e1ch. Gumov\u00e9 fig\u00farky s\u00fa pr\u00edjemn\u00e9 pre chodidl\u00e1, stimuluj\u00fa reflexn\u00e9, kognit\u00edvne a zmyslov\u00e9 z\u00f3ny &#8211; r\u00f4zne \u0161trukt\u00fary materi\u00e1lov, tvarov a farieb.<\/strong><\/p>\n<p><strong>Je mo\u017en\u00e9 ich lepi\u0165 na existuj\u00face bezpe\u010dn\u00e9 povrchy z gumen\u00fdch dosiek SBR alebo EPDM, ako aj na bez\u0161k\u00e1rov\u00e9 bezpe\u010dn\u00e9 liate povrchy.<\/strong><\/p>\n<p><strong>Priestorov\u00e9, trojrozmern\u00e9 prvky&nbsp;<\/strong><strong>&nbsp;ako farebn\u00e9 gumen\u00e9 zvieratk\u00e1, zmyslov\u00e9 hemisf\u00e9ry, huby, kocky a mnoh\u00e9 in\u00e9 stimuluj\u00fa zmyslov\u00e9 podnety a tr\u00e9nuj\u00fa rovnov\u00e1hu. Ich p\u00f3rovit\u00e1 \u0161trukt\u00fara rozv\u00edja hmatov\u00e9 podnety a z\u00e1rove\u0148 s\u00fa v\u00fdbornou formou akt\u00edvneho tr\u00e1venia \u010dasu vonku.<\/strong><\/p>\n<p>V\u0161etky senzorick\u00e9 gumen\u00e9 prvky&nbsp;&nbsp;&nbsp;boli vyroben\u00e9 v s\u00falade s najnov\u0161ou normou pre detsk\u00e9 ihrisko&nbsp;<strong>PN-EN 1177:2019<\/strong>&nbsp;. Materi\u00e1ly pou\u017eit\u00e9 pri v\u00fdrobe 3D postavi\u010diek maj\u00fa hygienick\u00fd certifik\u00e1t&nbsp;&nbsp;<strong>N\u00e1rodn\u00e9ho hygienick\u00e9ho \u00fastavu&nbsp;<\/strong>&nbsp;a s\u00fa bezpe\u010dn\u00e9 pri kontakte s poko\u017ekou. Farby vrchn\u00fdch vrstiev s\u00fa stabilizovan\u00e9 a odoln\u00e9 vo\u010di&nbsp;&nbsp;<strong>UV \u017eiareniu.<\/strong><\/p>\n<h2><span style=\"color: #0000ff;\"><strong>Na\u0161a spolo\u010dnos\u0165 spolupracujeme s firmou 4soft s.r.o&nbsp;<\/strong><\/span><\/h2>\n<p>&nbsp;<\/p>\n","protected":false},"featured_media":951,"comment_status":"open","ping_status":"closed","template":"","meta":{"ngg_post_thumbnail":0},"product_brand":[],"product_cat":[61],"product_tag":[],"class_list":{"0":"post-950","1":"product","2":"type-product","3":"status-publish","4":"has-post-thumbnail","6":"product_cat-figurky-na-detske-ihrisko","7":"post","8":"post-with-thumbnail","9":"post-with-thumbnail-large","11":"first","12":"instock","13":"taxable","14":"shipping-taxable","15":"product-type-simple"},"_links":{"self":[{"href":"https:\/\/www.3dflex.sk\/web\/index.php\/wp-json\/wp\/v2\/product\/950","targetHints":{"allow":["GET"]}}],"collection":[{"href":"https:\/\/www.3dflex.sk\/web\/index.php\/wp-json\/wp\/v2\/product"}],"about":[{"href":"https:\/\/www.3dflex.sk\/web\/index.php\/wp-json\/wp\/v2\/types\/product"}],"replies":[{"embeddable":true,"href":"https:\/\/www.3dflex.sk\/web\/index.php\/wp-json\/wp\/v2\/comments?post=950"}],"version-history":[{"count":5,"href":"https:\/\/www.3dflex.sk\/web\/index.php\/wp-json\/wp\/v2\/product\/950\/revisions"}],"predecessor-version":[{"id":1506,"href":"https:\/\/www.3dflex.sk\/web\/index.php\/wp-json\/wp\/v2\/product\/950\/revisions\/1506"}],"wp:featuredmedia":[{"embeddable":true,"href":"https:\/\/www.3dflex.sk\/web\/index.php\/wp-json\/wp\/v2\/media\/951"}],"wp:attachment":[{"href":"https:\/\/www.3dflex.sk\/web\/index.php\/wp-json\/wp\/v2\/media?parent=950"}],"wp:term":[{"taxonomy":"product_brand","embeddable":true,"href":"https:\/\/www.3dflex.sk\/web\/index.php\/wp-json\/wp\/v2\/product_brand?post=950"},{"taxonomy":"product_cat","embeddable":true,"href":"https:\/\/www.3dflex.sk\/web\/index.php\/wp-json\/wp\/v2\/product_cat?post=950"},{"taxonomy":"product_tag","embeddable":true,"href":"https:\/\/www.3dflex.sk\/web\/index.php\/wp-json\/wp\/v2\/product_tag?post=950"}],"curies":[{"name":"wp","href":"https:\/\/api.w.org\/{rel}","templated":true}]}}